{"id":153,"date":"2015-03-17T07:48:56","date_gmt":"2015-03-17T07:48:56","guid":{"rendered":"http:\/\/blogsaverroes.juntadeandalucia.es\/pre\/ceip\/?page_id=153"},"modified":"2023-11-06T18:05:23","modified_gmt":"2023-11-06T18:05:23","slug":"geografia-e-historia","status":"publish","type":"page","link":"https:\/\/blogsaverroes.juntadeandalucia.es\/iesseneca\/geografia-e-historia\/","title":{"rendered":"Geograf\u00eda e Historia"},"content":{"rendered":"<p><a href=\"https:\/\/blogsaverroes.juntadeandalucia.es\/iesseneca\/files\/2021\/01\/Geograf\u00eda-e-Historia-color-escalado.png\"><img loading=\"lazy\" decoding=\"async\" class=\"wp-image-3199 alignleft\" src=\"https:\/\/blogsaverroes.juntadeandalucia.es\/iesseneca\/files\/2021\/01\/Geograf\u00eda-e-Historia-color-escalado.png\" alt=\"\" width=\"450\" height=\"100\" srcset=\"https:\/\/blogsaverroes.juntadeandalucia.es\/iesseneca\/files\/2021\/01\/Geograf\u00eda-e-Historia-color-escalado.png 1000w, https:\/\/blogsaverroes.juntadeandalucia.es\/iesseneca\/files\/2021\/01\/Geograf\u00eda-e-Historia-color-escalado-300x67.png 300w, https:\/\/blogsaverroes.juntadeandalucia.es\/iesseneca\/files\/2021\/01\/Geograf\u00eda-e-Historia-color-escalado-768x170.png 768w, https:\/\/blogsaverroes.juntadeandalucia.es\/iesseneca\/files\/2021\/01\/Geograf\u00eda-e-Historia-color-escalado-24x5.png 24w, https:\/\/blogsaverroes.juntadeandalucia.es\/iesseneca\/files\/2021\/01\/Geograf\u00eda-e-Historia-color-escalado-36x8.png 36w, https:\/\/blogsaverroes.juntadeandalucia.es\/iesseneca\/files\/2021\/01\/Geograf\u00eda-e-Historia-color-escalado-48x11.png 48w\" sizes=\"(max-width: 450px) 100vw, 450px\" \/><\/a><\/p>\n<p align=\"justify\">&nbsp;<\/p>\n<p align=\"justify\">&nbsp;<\/p>\n<p align=\"justify\">&nbsp;<\/p>\n<p>&nbsp;<\/p>\n<p style=\"text-align: justify\"><span style=\"color: #000000\">En este Instituto heredero de sangre del centenario Colegio de la Asunci\u00f3n (creado en 1569), y del <\/span><span style=\"color: #000000\">Instituto Provincial (desde 1847), \u00fanico existente en C\u00f3rdoba durante cierto tiempo, es l\u00f3gico que hayan <\/span><span style=\"color: #000000\">pasado por sus aulas ilustres compa\u00f1eros de Departamento como Luis Mar\u00eda Ram\u00edrez de las Casas-Deza, el <\/span><span style=\"color: #000000\">historiador m\u00e1s importante de la ciudad de C\u00f3rdoba en el siglo XIX, y miembro de la Real Academia de la <\/span><span style=\"color: #000000\">Historia; Antonio Ja\u00e9n Morente, destacado pol\u00edtico y autor de una Historia de C\u00f3rdoba; y Jos\u00e9 Mar\u00eda D\u00edaz, <\/span><span style=\"color: #000000\">cronista oficial de la ciudad. Esto es solo una muestra de la implicaci\u00f3n que los miembros del Departamento <\/span><span style=\"color: #000000\">han tenido en la vida cultural de la ciudad, asesorando en cuantas actividades se ha necesitado una voz que <\/span><span style=\"color: #000000\">aludiera a la Historia, adem\u00e1s de la formaci\u00f3n de los alumnos.<\/span><br \/>\n<span style=\"color: #000000\">Entre estos alumnos, en distintos \u00e1mbitos, un nutrido grupo forman ya parte de la historia de la <\/span><span style=\"color: #000000\">ciudad, y aun de Espa\u00f1a, como Julio Romero de Torres, el cient\u00edfico L\u00f3pez Neyra, el historiador D\u00edaz del <\/span><span style=\"color: #000000\">Moral, los miembros del grupo C\u00e1ntico (Pablo Garc\u00eda Baena, Ricardo Molina, Juan Bernier y Gin\u00e9s Li\u00e9bana), <\/span><span style=\"color: #000000\">Antonio Gala, Julio Anguita, o el autor, entre otras obras, de la estatua del Gran Capit\u00e1n, en las Tendillas, <\/span><span style=\"color: #000000\">Mateo Inurria. Solo por nombrar algunos de los m\u00e1s conocidos o relevantes. De muchos de ellos podemos <\/span><span style=\"color: #000000\">encontrar su expediente en los archivos del Instituto, que de esta forma se constituye en un verdadero <\/span><span style=\"color: #000000\">archivo hist\u00f3rico.<\/span><\/p>\n<p align=\"justify\"><span style=\"color: #000000\">En el presente curso 2023-24, el Departamento est\u00e1 constituido por el siguiente profesorado:<\/span><\/p>\n<ul style=\"list-style-type: circle\">\n<li>\n<p align=\"justify\"><span style=\"color: #000000\">AUMENTE GONZ\u00c1LEZ, Sonia<\/span><\/p>\n<\/li>\n<li>\n<p align=\"justify\"><span style=\"color: #000000\">BLANCO JURADO, Miguel<\/span><\/p>\n<\/li>\n<li>\n<p align=\"justify\"><span style=\"color: #000000\">ENTRENAS MART\u00cdNEZ, L\u00e1zaro (biling\u00fce de alem\u00e1n)<\/span><\/p>\n<\/li>\n<li>\n<p align=\"justify\"><span style=\"color: #000000\">MORIEL G\u00d3MEZ, Andr\u00e9s<\/span><\/p>\n<\/li>\n<li><span style=\"color: #000000\">P\u00c9REZ MU\u00d1OZ, Rafael<\/span><\/li>\n<li>\n<blockquote>\n<div dir=\"ltr\">&nbsp;<\/div>\n<\/blockquote>\n<\/li>\n<li>\n<p align=\"justify\"><span style=\"color: #000000\">OSADO ALAMINOS, Concepci\u00f3n<\/span><\/p>\n<\/li>\n<li>\n<p align=\"justify\"><span style=\"color: #000000\">TER\u00c9 P\u00c9REZ, Ignacio<\/span><\/p>\n<\/li>\n<li>\n<p align=\"justify\"><span style=\"color: #000000\">RUIZ SERRANO, \u00c1ngel Ram\u00f3n<\/span><\/p>\n<\/li>\n<li>\n<p align=\"justify\"><span style=\"color: #000000\">MOTA ESPINA, Pilar (Jefe de Departamento)<\/span><\/p>\n<\/li>\n<\/ul>\n<p>&nbsp;<\/p>\n<div class=\"pt-cv-wrapper\"><div class=\"pt-cv-view pt-cv-grid pt-cv-colsys\" id=\"pt-cv-view-bce9f89t7g\"><div data-id=\"pt-cv-page-1\" class=\"pt-cv-page\" data-cvc=\"2\"><div class=\"col-md-6 col-sm-6 col-xs-12 pt-cv-content-item pt-cv-1-col\" ><div class='pt-cv-ifield'><a href=\"https:\/\/blogsaverroes.juntadeandalucia.es\/iesseneca\/6013-2\/\" class=\"_self pt-cv-href-thumbnail pt-cv-thumb-default\" target=\"_self\" ><img loading=\"lazy\" decoding=\"async\" width=\"300\" height=\"169\" src=\"https:\/\/blogsaverroes.juntadeandalucia.es\/iesseneca\/files\/2024\/03\/IMG_0277-300x169.jpeg\" class=\"pt-cv-thumbnail\" alt=\"\" srcset=\"https:\/\/blogsaverroes.juntadeandalucia.es\/iesseneca\/files\/2024\/03\/IMG_0277-300x169.jpeg 300w, https:\/\/blogsaverroes.juntadeandalucia.es\/iesseneca\/files\/2024\/03\/IMG_0277-1024x576.jpeg 1024w, https:\/\/blogsaverroes.juntadeandalucia.es\/iesseneca\/files\/2024\/03\/IMG_0277-768x432.jpeg 768w, https:\/\/blogsaverroes.juntadeandalucia.es\/iesseneca\/files\/2024\/03\/IMG_0277-1536x864.jpeg 1536w, https:\/\/blogsaverroes.juntadeandalucia.es\/iesseneca\/files\/2024\/03\/IMG_0277.jpeg 1600w\" sizes=\"(max-width: 300px) 100vw, 300px\" \/><\/a>\n<h4 class=\"pt-cv-title\"><a href=\"https:\/\/blogsaverroes.juntadeandalucia.es\/iesseneca\/6013-2\/\" class=\"_self\" target=\"_self\" >D\u00eda de Andaluc\u00eda<\/a><\/h4>\n<div class=\"pt-cv-content\">El d\u00eda 21 de febrero, mi\u00e9rcoles, tuvimos el placer de contar en nuestro centro con don Adolfo Molina, delegado del ...<br \/><div class=\"pt-cv-rmwrap\"><a href=\"https:\/\/blogsaverroes.juntadeandalucia.es\/iesseneca\/6013-2\/\" class=\"_self pt-cv-readmore btn btn-success\" target=\"_self\">Leer M\u00e1s<\/a><\/div><\/div><\/div><\/div>\n<div class=\"col-md-6 col-sm-6 col-xs-12 pt-cv-content-item pt-cv-1-col\" ><div class='pt-cv-ifield'><a href=\"https:\/\/blogsaverroes.juntadeandalucia.es\/iesseneca\/concurso-dia-de-andalucia-2\/\" class=\"_self pt-cv-href-thumbnail pt-cv-thumb-default\" target=\"_self\" ><img loading=\"lazy\" decoding=\"async\" width=\"300\" height=\"139\" src=\"https:\/\/blogsaverroes.juntadeandalucia.es\/iesseneca\/files\/2023\/02\/Captura-de-pantalla-2023-02-24-a-las-11.47.40-300x139.png\" class=\"pt-cv-thumbnail\" alt=\"\" srcset=\"https:\/\/blogsaverroes.juntadeandalucia.es\/iesseneca\/files\/2023\/02\/Captura-de-pantalla-2023-02-24-a-las-11.47.40-300x139.png 300w, https:\/\/blogsaverroes.juntadeandalucia.es\/iesseneca\/files\/2023\/02\/Captura-de-pantalla-2023-02-24-a-las-11.47.40-768x357.png 768w, https:\/\/blogsaverroes.juntadeandalucia.es\/iesseneca\/files\/2023\/02\/Captura-de-pantalla-2023-02-24-a-las-11.47.40.png 932w\" sizes=\"(max-width: 300px) 100vw, 300px\" \/><\/a>\n<h4 class=\"pt-cv-title\"><a href=\"https:\/\/blogsaverroes.juntadeandalucia.es\/iesseneca\/concurso-dia-de-andalucia-2\/\" class=\"_self\" target=\"_self\" >Concurso d\u00eda de Andaluc\u00eda<\/a><\/h4>\n<div class=\"pt-cv-content\">Desde el Departamento de Geograf\u00eda e Historia se propone un concurso para conmemorar el D\u00eda de Andaluc\u00eda, destinado a todo ...<br \/><div class=\"pt-cv-rmwrap\"><a href=\"https:\/\/blogsaverroes.juntadeandalucia.es\/iesseneca\/concurso-dia-de-andalucia-2\/\" class=\"_self pt-cv-readmore btn btn-success\" target=\"_self\">Leer M\u00e1s<\/a><\/div><\/div><\/div><\/div>\n<div class=\"col-md-6 col-sm-6 col-xs-12 pt-cv-content-item pt-cv-1-col\" ><div class='pt-cv-ifield'><a href=\"https:\/\/blogsaverroes.juntadeandalucia.es\/iesseneca\/concurso-dia-de-andalucia-entrega-de-diploma-a-los-ganadores\/\" class=\"_self pt-cv-href-thumbnail pt-cv-thumb-default\" target=\"_self\" ><img loading=\"lazy\" decoding=\"async\" width=\"300\" height=\"225\" src=\"https:\/\/blogsaverroes.juntadeandalucia.es\/iesseneca\/files\/2021\/03\/IMG_20210324_113051-300x225.jpg\" class=\"pt-cv-thumbnail\" alt=\"\" srcset=\"https:\/\/blogsaverroes.juntadeandalucia.es\/iesseneca\/files\/2021\/03\/IMG_20210324_113051-300x225.jpg 300w, https:\/\/blogsaverroes.juntadeandalucia.es\/iesseneca\/files\/2021\/03\/IMG_20210324_113051-1024x768.jpg 1024w, https:\/\/blogsaverroes.juntadeandalucia.es\/iesseneca\/files\/2021\/03\/IMG_20210324_113051-768x576.jpg 768w, https:\/\/blogsaverroes.juntadeandalucia.es\/iesseneca\/files\/2021\/03\/IMG_20210324_113051-1536x1152.jpg 1536w, https:\/\/blogsaverroes.juntadeandalucia.es\/iesseneca\/files\/2021\/03\/IMG_20210324_113051-2048x1536.jpg 2048w, https:\/\/blogsaverroes.juntadeandalucia.es\/iesseneca\/files\/2021\/03\/IMG_20210324_113051-scaled.jpg 1600w\" sizes=\"(max-width: 300px) 100vw, 300px\" \/><\/a>\n<h4 class=\"pt-cv-title\"><a href=\"https:\/\/blogsaverroes.juntadeandalucia.es\/iesseneca\/concurso-dia-de-andalucia-entrega-de-diploma-a-los-ganadores\/\" class=\"_self\" target=\"_self\" >CONCURSO D\u00cdA DE ANDALUC\u00cdA. Entrega de diploma a los GANADORES<\/a><\/h4>\n<div class=\"pt-cv-content\">A continuaci\u00f3n se expone la relaci\u00f3n del alumnado que ha resultado ganador del concurso, con la puntuaci\u00f3n obtenida en el ...<br \/><div class=\"pt-cv-rmwrap\"><a href=\"https:\/\/blogsaverroes.juntadeandalucia.es\/iesseneca\/concurso-dia-de-andalucia-entrega-de-diploma-a-los-ganadores\/\" class=\"_self pt-cv-readmore btn btn-success\" target=\"_self\">Leer M\u00e1s<\/a><\/div><\/div><\/div><\/div>\n<div class=\"col-md-6 col-sm-6 col-xs-12 pt-cv-content-item pt-cv-1-col\" ><div class='pt-cv-ifield'><a href=\"https:\/\/blogsaverroes.juntadeandalucia.es\/iesseneca\/concurso-dia-de-andalucia\/\" class=\"_self pt-cv-href-thumbnail pt-cv-thumb-default\" target=\"_self\" ><img loading=\"lazy\" decoding=\"async\" width=\"200\" height=\"93\" src=\"https:\/\/blogsaverroes.juntadeandalucia.es\/iesseneca\/files\/2021\/02\/Escudo-Andaluci\u0301a-para-web2-1.jpg\" class=\"pt-cv-thumbnail\" alt=\"\" \/><\/a>\n<h4 class=\"pt-cv-title\"><a href=\"https:\/\/blogsaverroes.juntadeandalucia.es\/iesseneca\/concurso-dia-de-andalucia\/\" class=\"_self\" target=\"_self\" >Concurso D\u00eda de Andaluc\u00eda<\/a><\/h4>\n<div class=\"pt-cv-content\">Desde el Departamento de Geograf\u00eda e Historia se propone un concurso para conmemorar el D\u00eda de Andaluc\u00eda, destinado a todo ...<br \/><div class=\"pt-cv-rmwrap\"><a href=\"https:\/\/blogsaverroes.juntadeandalucia.es\/iesseneca\/concurso-dia-de-andalucia\/\" class=\"_self pt-cv-readmore btn btn-success\" target=\"_self\">Leer M\u00e1s<\/a><\/div><\/div><\/div><\/div><\/div><\/div><\/div>\n","protected":false},"excerpt":{"rendered":"<p>&nbsp; &nbsp; &nbsp; &nbsp; En este Instituto heredero de sangre del centenario Colegio de la Asunci\u00f3n (creado en 1569), y del Instituto Provincial (desde 1847), \u00fanico existente en C\u00f3rdoba durante cierto tiempo, es l\u00f3gico&#46;&#46;&#46;<\/p>\n","protected":false},"author":1,"featured_media":0,"parent":0,"menu_order":0,"comment_status":"open","ping_status":"open","template":"page-templates\/child-menu.php","meta":{"ngg_post_thumbnail":0,"footnotes":"","_mc_calendar":[]},"aioseo_notices":[],"_links":{"self":[{"href":"https:\/\/blogsaverroes.juntadeandalucia.es\/iesseneca\/wp-json\/wp\/v2\/pages\/153"}],"collection":[{"href":"https:\/\/blogsaverroes.juntadeandalucia.es\/iesseneca\/wp-json\/wp\/v2\/pages"}],"about":[{"href":"https:\/\/blogsaverroes.juntadeandalucia.es\/iesseneca\/wp-json\/wp\/v2\/types\/page"}],"author":[{"embeddable":true,"href":"https:\/\/blogsaverroes.juntadeandalucia.es\/iesseneca\/wp-json\/wp\/v2\/users\/1"}],"replies":[{"embeddable":true,"href":"https:\/\/blogsaverroes.juntadeandalucia.es\/iesseneca\/wp-json\/wp\/v2\/comments?post=153"}],"version-history":[{"count":15,"href":"https:\/\/blogsaverroes.juntadeandalucia.es\/iesseneca\/wp-json\/wp\/v2\/pages\/153\/revisions"}],"predecessor-version":[{"id":5943,"href":"https:\/\/blogsaverroes.juntadeandalucia.es\/iesseneca\/wp-json\/wp\/v2\/pages\/153\/revisions\/5943"}],"wp:attachment":[{"href":"https:\/\/blogsaverroes.juntadeandalucia.es\/iesseneca\/wp-json\/wp\/v2\/media?parent=153"}],"curies":[{"name":"wp","href":"https:\/\/api.w.org\/{rel}","templated":true}]}}