{"id":155,"date":"2015-03-17T07:49:21","date_gmt":"2015-03-17T07:49:21","guid":{"rendered":"http:\/\/blogsaverroes.juntadeandalucia.es\/pre\/ceip\/?page_id=155"},"modified":"2025-09-29T18:29:50","modified_gmt":"2025-09-29T18:29:50","slug":"lenguacastellana","status":"publish","type":"page","link":"https:\/\/blogsaverroes.juntadeandalucia.es\/iesseneca\/lenguacastellana\/","title":{"rendered":"Lengua Castellana y Literatura y Lenguas Cl\u00e1sicas"},"content":{"rendered":"<table style=\"border-collapse: collapse;width: 100%\">\n<tbody>\n<tr>\n<td style=\"width: 40%\"><img loading=\"lazy\" decoding=\"async\" class=\"aligncenter wp-image-3171\" src=\"https:\/\/blogsaverroes.juntadeandalucia.es\/iesseneca\/files\/2021\/01\/lengua-color-escalado.png\" alt=\"\" width=\"384\" height=\"86\"><\/td>\n<td style=\"width: 40%\"><img loading=\"lazy\" decoding=\"async\" class=\"aligncenter wp-image-3171\" src=\"https:\/\/blogsaverroes.juntadeandalucia.es\/iesseneca\/files\/2021\/01\/cultura-cl\u00e1sica-color-escalado.png\" alt=\"\" width=\"384\" height=\"86\"><\/td>\n<\/tr>\n<\/tbody>\n<\/table>\n<p><strong><span style=\"color: #000000\">PROFESORADO<\/span><\/strong><\/p>\n<p><span style=\"color: #000000\">El Departamento de Lengua Castellana y Literatura y Lenguas Cl\u00e1sicas est\u00e1 formado en el curso 2025\/26 por:<\/span><span style=\"color: #000000\">&nbsp; &nbsp; &nbsp; &nbsp; &nbsp; &nbsp; &nbsp; &nbsp; &nbsp; &nbsp;<\/span><\/p>\n<div><span style=\"color: #000000\">D. Fernando \u00c1lvarez Jurado<\/span><\/div>\n<div><span style=\"color: #000000\">D\u00aa. Nuria Blasco Escribano (Lenguas Cl\u00e1sicas)<\/span><\/div>\n<div><span style=\"color: #000000\">D\u00aa. Maria Luisa Fern\u00e1ndez Ortiz<br \/>\nD\u00aa. Antonia Gavil\u00e1n Siles<\/span><\/div>\n<div><span style=\"color: #000000\">D\u00aa.&nbsp;M\u00aa&nbsp;de&nbsp;las&nbsp;Nieves&nbsp;Garc\u00eda&nbsp;Pareja&nbsp;<br \/>\nD.\u00aa Carmen M\u00aa Jim\u00e9nez Uceda (jefa de Departamento)<br \/>\nD\u00aa Beatriz L\u00f3pez Pastor<\/span><\/div>\n<div><span style=\"color: #000000\">D\u00aa Matilde Moreno Rubio<br \/>\nD\u00aa. Mar\u00eda de Gu\u00eda Penco Valenzuela<br \/>\nD. Luis Manuel Regal\u00f3n Aguilar&nbsp;<\/span><\/div>\n<p>&nbsp;<\/p>\n<p><strong><span style=\"color: #000000\">ACTIVIDADES DE LENGUA CASTELLANA Y LITERATURA<\/span><\/strong><\/p>\n<p><span style=\"color: #000000\"><strong>ENCUENTROS CON AUTOR,&nbsp;<\/strong> aunque desde su creaci\u00f3n siempre ha habido en el IES S\u00e9neca actividades literarias, desde 2009 y con el patrocinio del Ministerio de Cultura y de la Manzana Po\u00e9tica hemos contado con la presencia de significativos poetas de las generaciones de los a\u00f1os 50, 60, 70\u2026Pablo Garc\u00eda Baena, Antonio Colinas, Antonio Carvajal, Luis Garc\u00eda Montero,<\/span><br \/>\n<span style=\"color: #000000\">Chantal Maillard, \u00c1ngeles Mora\u2026<\/span><br \/>\n<span style=\"color: #000000\"><a href=\"http:\/\/www.iesseneca.net\/revista\/\"><strong>SENECADIGITAL<\/strong><\/a>, revista electr\u00f3nica que se inici\u00f3 en 2007 y que ha ido publicando sin una periodicidad fija los n\u00fameros. A\u00fana las colaboraciones de alumnos y profesores del centro con entrevistas a escritores y art\u00edculos de firmas invitadas.<\/span><br \/>\n<span style=\"color: #000000\"><a href=\"https:\/\/www.youtube.com\/channel\/UCe3tWm7I13wCVt1gEVsZ8bw\"><strong>SENETECA<\/strong><\/a>, canal de Booktubers para el fomento de la lectura que contiene v\u00eddeos con rese\u00f1as de libros y bibliotr\u00e1iler, es decir, tr\u00e1iler sobre el contenido de un libro, adem\u00e1s de recitaciones, entrevistas a personajes literarios, representaciones teatrales\u2026 Est\u00e1 abierto a todo el Claustro porque la lectura es un hecho interdisciplinar.<\/span><br \/>\n<span style=\"color: #000000\"><strong>LAGAR DE SANDUA<\/strong>. El departamento, en colaboraci\u00f3n con el Centro y el AMPA, convoca desde el curso 2018\/19 el CONCURSO LITERARIO \u201cLAGAR DE SANDUA\u201d DE NARRATIVA Y POES\u00cdA como homenaje al que fuera poeta y profesor del centro, Ricardo Molina y en recuerdo de los poetas de C\u00e1ntico. En sus bases se establece que podr\u00e1 participar todo el alumnado del centro, distribuido en dos modalidades: A, para 1\u00ba, 2\u00ba y 3\u00ba de la ESO y B, para 4\u00ba, Bachillerato, Adultos y Ciclos Formativos. El jurado estar\u00e1 compuesto por profesorado de distintos departamentos.<\/span><\/p>\n<p><strong><a href=\"https:\/\/blogsaverroes.juntadeandalucia.es\/iesseneca\/files\/2025\/09\/LECTURAS_CURSO25.26.pdf\">Lecturas recomendadas para el curso 25-26<\/a><\/strong><\/p>\n<p>&nbsp;<\/p>\n<p style=\"font-weight: 400;text-align: justify\"><strong><span style=\"color: #000000\">DEPARTAMENTO DE LENGUAS CL\u00c1SICAS<\/span><\/strong><br \/>\n<a href=\"https:\/\/blogsaverroes.juntadeandalucia.es\/iesseneca\/files\/2021\/12\/IMG-20201128-WA0003-1-1.jpg\"><img loading=\"lazy\" decoding=\"async\" class=\" wp-image-4706 alignright\" src=\"https:\/\/blogsaverroes.juntadeandalucia.es\/iesseneca\/files\/2021\/12\/IMG-20201128-WA0003-1-1.jpg\" alt=\"\" width=\"188\" height=\"250\" srcset=\"https:\/\/blogsaverroes.juntadeandalucia.es\/iesseneca\/files\/2021\/12\/IMG-20201128-WA0003-1-1.jpg 1200w, https:\/\/blogsaverroes.juntadeandalucia.es\/iesseneca\/files\/2021\/12\/IMG-20201128-WA0003-1-1-225x300.jpg 225w, https:\/\/blogsaverroes.juntadeandalucia.es\/iesseneca\/files\/2021\/12\/IMG-20201128-WA0003-1-1-768x1024.jpg 768w, https:\/\/blogsaverroes.juntadeandalucia.es\/iesseneca\/files\/2021\/12\/IMG-20201128-WA0003-1-1-1152x1536.jpg 1152w\" sizes=\"(max-width: 188px) 100vw, 188px\" \/><\/a><\/p>\n<p style=\"font-weight: 400;text-align: justify\"><span style=\"color: #000000\">Departamento de Cl\u00e1sicas (Lat\u00edn, Griego y Cultura Cl\u00e1sica). Imparte las clases en este curso 2023\/24 la Jefe de Departamento, Amparo Ruedas Capilla . El Departamento de Lenguas Cl\u00e1sicas incluye cada a\u00f1o:<br \/>\n&#8211; Cultura Cl\u00e1sica de 4\u00ba ESO<br \/>\n&#8211; 4\u00ba ESO de Lat\u00edn<br \/>\n&#8211; 1\u00ba y 2\u00ba de Bachillerato de Lat\u00edn y Griego de Humanidades.<br \/>\nEste Departamento lleva el \u00e1rea de Humanidades, encargada de la formaci\u00f3n del alumno interesado en Idiomas, Gesti\u00f3n cultural, Derecho, Periodismo, Turismo, Traducci\u00f3n e interpretaci\u00f3n, Relaciones internacionales, Historia, Arte, Filosof\u00eda y toda la gama que las carreras dobles de hoy d\u00eda ofrecen:<br \/>\nEstudios de Lenguas combinados con Infantil, Primaria, Turismo o Traducci\u00f3n , para las cuales las Lenguas Cl\u00e1sicas y la cultura que nos han dejado son la base fundamental. Les facilita a los alumnos el acceso a lenguas nuevas, abri\u00e9ndoles la mente a otras estructuras sint\u00e1cticas de lenguas como el chino, japon\u00e9s, ruso, etc.<br \/>\nLas asignaturas de los 3 niveles, lat\u00edn, griego y cultura cl\u00e1sica, a\u00fanan conocimientos morfosint\u00e1cticos, etimol\u00f3gicos, de traducci\u00f3n y culturales en el m\u00e1s amplio sentido: historia y mitolog\u00eda, recintos arqueol\u00f3gicos, arte y literatura.<br \/>\nEste curso, al igual que en a\u00f1os anteriores, intentaremos llevar a cabo la actividad tradicional de ir al Festival Juvenil de Teatro de primavera, en M\u00e9rida o It\u00e1lica, a ver una tragedia o comedia griega o latina. M\u00e1s probablemente ser\u00e1 It\u00e1lica, pues el curso pasado fue M\u00e9rida. La actividad se completar\u00eda con la visita al recinto arqueol\u00f3gico de la \u201cNova urbs\u201d y \u201cVetus urbs\u201d.<br \/>\nSe ver\u00e1 en clase en todos los niveles la obra de teatro seleccionada con una lectura dramatizada de la obra elegida. Igualmente, se proyectar\u00e1 a los alumnos fragmentos de obras teatrales de festivales de otros a\u00f1os y se les mostrar\u00e1n im\u00e1genes de algunos de los muchos teatros romanos que tiene Espa\u00f1a, la antigua Hispania romana, as\u00ed como de teatros romanos y griegos de Europa, Asia y \u00c1frica, adem\u00e1s de fotos de los viajes de otros a\u00f1os .<br \/>\nEl departamento organiza otras actividades, como exposici\u00f3n en el aula de carteles mitol\u00f3gicos en 4\u00ba de ESO. En a\u00f1os anteriores los alumnos de 1\u00ba y 2\u00ba de Bachillerato han colaborado en hacer en el aula igualmente un homenaje a la poetisa griega Safo con alumnas vestidas de griegas que declamaron poemas suyos; un mercado romano, que visitaron otros alumnos del centro , con una muestra de joyas, estolas, calzado, panes, frutas, hortalizas, frutos secos y legumbres aportados por los alumnos de 1\u00ba de Bachillerato, con los precios y nombres en lat\u00edn, as\u00ed como la exposici\u00f3n de mosaicos romanos elaborados por ellos mismos; una exposici\u00f3n en la propia aula de libros antiguos para acompa\u00f1ar una lectura de poemas l\u00edricos grecolatinos, ambientando en todos los casos las clases con elementos romanos y con la indumentaria romana por parte de la profesora y los alumnos. Este curso se quiere llevar a los alumnos de Cultura Cl\u00e1sica de 4o de ESO a efectuar un recorrido por la biblioteca del centro para ver los libros que forman parte de la riqueza bibliogr\u00e1fica del centro. Con ellos tambi\u00e9n se quiere hacer este curso una exposici\u00f3n de dibujos, carteles y trabajos de arcilla y plastilina sobre el origen y evoluci\u00f3n de la escritura, que pueda ser visitable por otros grupos del centro.El \u00e1rea de cl\u00e1sicas se encarga&nbsp;de la formaci\u00f3n del alumno interesado en Idiomas, Derecho, Periodismo, Turismo, Traducci\u00f3n e Interpretaci\u00f3n, Relaciones Internacionales, Historia, Arte, Filosof\u00eda, Geograf\u00eda, y toda la gama que las carreras dobles de hoy d\u00eda ofrecen , para las cuales las lenguas cl\u00e1sicas y la cultura que nos han dejado, son la base fundamental.<\/span><\/p>\n<p>&nbsp;<\/p>\n<p>&nbsp;<\/p>\n<p>&nbsp;<\/p>\n<div class=\"pt-cv-wrapper\"><div class=\"pt-cv-view pt-cv-grid pt-cv-colsys\" id=\"pt-cv-view-464ea1epbn\"><div data-id=\"pt-cv-page-1\" class=\"pt-cv-page\" data-cvc=\"2\"><div class=\"col-md-6 col-sm-6 col-xs-12 pt-cv-content-item pt-cv-1-col\" ><div class='pt-cv-ifield'><a href=\"https:\/\/blogsaverroes.juntadeandalucia.es\/iesseneca\/jornada-literaria-de-terror\/\" class=\"_self pt-cv-href-thumbnail pt-cv-thumb-default\" target=\"_self\" ><img loading=\"lazy\" decoding=\"async\" width=\"300\" height=\"225\" src=\"https:\/\/blogsaverroes.juntadeandalucia.es\/iesseneca\/files\/2022\/11\/Image-2-300x225.jpeg\" class=\"pt-cv-thumbnail\" alt=\"\" srcset=\"https:\/\/blogsaverroes.juntadeandalucia.es\/iesseneca\/files\/2022\/11\/Image-2-300x225.jpeg 300w, https:\/\/blogsaverroes.juntadeandalucia.es\/iesseneca\/files\/2022\/11\/Image-2-1024x768.jpeg 1024w, https:\/\/blogsaverroes.juntadeandalucia.es\/iesseneca\/files\/2022\/11\/Image-2-768x576.jpeg 768w, https:\/\/blogsaverroes.juntadeandalucia.es\/iesseneca\/files\/2022\/11\/Image-2-1536x1152.jpeg 1536w, https:\/\/blogsaverroes.juntadeandalucia.es\/iesseneca\/files\/2022\/11\/Image-2-2048x1536.jpeg 2048w, https:\/\/blogsaverroes.juntadeandalucia.es\/iesseneca\/files\/2022\/11\/Image-2-scaled.jpeg 1600w\" sizes=\"(max-width: 300px) 100vw, 300px\" \/><\/a>\n<h4 class=\"pt-cv-title\"><a href=\"https:\/\/blogsaverroes.juntadeandalucia.es\/iesseneca\/jornada-literaria-de-terror\/\" class=\"_self\" target=\"_self\" >Jornada Literaria de Terror<\/a><\/h4>\n<div class=\"pt-cv-content\">El pasado lunes 31 de octubre, los alumnos de 1 ESO A disfrutaron de una jornada literaria muy especial en ...<br \/><div class=\"pt-cv-rmwrap\"><a href=\"https:\/\/blogsaverroes.juntadeandalucia.es\/iesseneca\/jornada-literaria-de-terror\/\" class=\"_self pt-cv-readmore btn btn-success\" target=\"_self\">Leer M\u00e1s<\/a><\/div><\/div><\/div><\/div>\n<div class=\"col-md-6 col-sm-6 col-xs-12 pt-cv-content-item pt-cv-1-col\" ><div class='pt-cv-ifield'><a href=\"https:\/\/blogsaverroes.juntadeandalucia.es\/iesseneca\/vii-dia-de-las-escritoras\/\" class=\"_self pt-cv-href-thumbnail pt-cv-thumb-default\" target=\"_self\" ><img loading=\"lazy\" decoding=\"async\" width=\"300\" height=\"143\" src=\"https:\/\/blogsaverroes.juntadeandalucia.es\/iesseneca\/files\/2022\/10\/Imagen-de-cabecera2-300x143.png\" class=\"pt-cv-thumbnail\" alt=\"\" srcset=\"https:\/\/blogsaverroes.juntadeandalucia.es\/iesseneca\/files\/2022\/10\/Imagen-de-cabecera2-300x143.png 300w, https:\/\/blogsaverroes.juntadeandalucia.es\/iesseneca\/files\/2022\/10\/Imagen-de-cabecera2-768x366.png 768w, https:\/\/blogsaverroes.juntadeandalucia.es\/iesseneca\/files\/2022\/10\/Imagen-de-cabecera2-720x340.png 720w, https:\/\/blogsaverroes.juntadeandalucia.es\/iesseneca\/files\/2022\/10\/Imagen-de-cabecera2.png 926w\" sizes=\"(max-width: 300px) 100vw, 300px\" \/><\/a>\n<h4 class=\"pt-cv-title\"><a href=\"https:\/\/blogsaverroes.juntadeandalucia.es\/iesseneca\/vii-dia-de-las-escritoras\/\" class=\"_self\" target=\"_self\" >VII D\u00eda de las Escritoras<\/a><\/h4>\n<div class=\"pt-cv-content\">Como todos los a\u00f1os, hoy lunes 17 de octubre ( el m\u00e1s cercano al 15 de octubre, festividad de santa ...<br \/><div class=\"pt-cv-rmwrap\"><a href=\"https:\/\/blogsaverroes.juntadeandalucia.es\/iesseneca\/vii-dia-de-las-escritoras\/\" class=\"_self pt-cv-readmore btn btn-success\" target=\"_self\">Leer M\u00e1s<\/a><\/div><\/div><\/div><\/div>\n<div class=\"col-md-6 col-sm-6 col-xs-12 pt-cv-content-item pt-cv-1-col\" ><div class='pt-cv-ifield'><a href=\"https:\/\/blogsaverroes.juntadeandalucia.es\/iesseneca\/homenaje-a-antonio-gala\/\" class=\"_self pt-cv-href-thumbnail pt-cv-thumb-default\" target=\"_self\" ><img loading=\"lazy\" decoding=\"async\" width=\"300\" height=\"191\" src=\"https:\/\/blogsaverroes.juntadeandalucia.es\/iesseneca\/files\/2022\/10\/Captura-de-Pantalla-2022-10-10-a-las-20.27.50-300x191.png\" class=\"pt-cv-thumbnail\" alt=\"\" srcset=\"https:\/\/blogsaverroes.juntadeandalucia.es\/iesseneca\/files\/2022\/10\/Captura-de-Pantalla-2022-10-10-a-las-20.27.50-300x191.png 300w, https:\/\/blogsaverroes.juntadeandalucia.es\/iesseneca\/files\/2022\/10\/Captura-de-Pantalla-2022-10-10-a-las-20.27.50-1024x653.png 1024w, https:\/\/blogsaverroes.juntadeandalucia.es\/iesseneca\/files\/2022\/10\/Captura-de-Pantalla-2022-10-10-a-las-20.27.50-768x490.png 768w, https:\/\/blogsaverroes.juntadeandalucia.es\/iesseneca\/files\/2022\/10\/Captura-de-Pantalla-2022-10-10-a-las-20.27.50.png 1086w\" sizes=\"(max-width: 300px) 100vw, 300px\" \/><\/a>\n<h4 class=\"pt-cv-title\"><a href=\"https:\/\/blogsaverroes.juntadeandalucia.es\/iesseneca\/homenaje-a-antonio-gala\/\" class=\"_self\" target=\"_self\" >Homenaje a Antonio Gala<\/a><\/h4>\n<div class=\"pt-cv-content\">La pasada semana se ha celebrado en nuestra ciudad el programa cultural C\u00f3rdoba de Gala, homenaje al escritor con el ...<br \/><div class=\"pt-cv-rmwrap\"><a href=\"https:\/\/blogsaverroes.juntadeandalucia.es\/iesseneca\/homenaje-a-antonio-gala\/\" class=\"_self pt-cv-readmore btn btn-success\" target=\"_self\">Leer M\u00e1s<\/a><\/div><\/div><\/div><\/div>\n<div class=\"col-md-6 col-sm-6 col-xs-12 pt-cv-content-item pt-cv-1-col\" ><div class='pt-cv-ifield'><a href=\"https:\/\/blogsaverroes.juntadeandalucia.es\/iesseneca\/entrega-de-los-premios-del-ii-concurso-lagar-de-sandua\/\" class=\"_self pt-cv-href-thumbnail pt-cv-thumb-default\" target=\"_self\" ><img loading=\"lazy\" decoding=\"async\" width=\"300\" height=\"157\" src=\"https:\/\/blogsaverroes.juntadeandalucia.es\/iesseneca\/files\/2022\/03\/Captura-de-pantalla-2022-03-08-a-las-18.15.32-300x157.png\" class=\"pt-cv-thumbnail\" alt=\"\" srcset=\"https:\/\/blogsaverroes.juntadeandalucia.es\/iesseneca\/files\/2022\/03\/Captura-de-pantalla-2022-03-08-a-las-18.15.32-300x157.png 300w, https:\/\/blogsaverroes.juntadeandalucia.es\/iesseneca\/files\/2022\/03\/Captura-de-pantalla-2022-03-08-a-las-18.15.32-1024x537.png 1024w, https:\/\/blogsaverroes.juntadeandalucia.es\/iesseneca\/files\/2022\/03\/Captura-de-pantalla-2022-03-08-a-las-18.15.32-768x403.png 768w, https:\/\/blogsaverroes.juntadeandalucia.es\/iesseneca\/files\/2022\/03\/Captura-de-pantalla-2022-03-08-a-las-18.15.32-1536x806.png 1536w, https:\/\/blogsaverroes.juntadeandalucia.es\/iesseneca\/files\/2022\/03\/Captura-de-pantalla-2022-03-08-a-las-18.15.32-2048x1074.png 2048w, https:\/\/blogsaverroes.juntadeandalucia.es\/iesseneca\/files\/2022\/03\/Captura-de-pantalla-2022-03-08-a-las-18.15.32.png 1600w\" sizes=\"(max-width: 300px) 100vw, 300px\" \/><\/a>\n<h4 class=\"pt-cv-title\"><a href=\"https:\/\/blogsaverroes.juntadeandalucia.es\/iesseneca\/entrega-de-los-premios-del-ii-concurso-lagar-de-sandua\/\" class=\"_self\" target=\"_self\" >Entrega de los premios del II concurso \u00abLagar de Sandua\u00bb<\/a><\/h4>\n<div class=\"pt-cv-content\">El viernes 10 de junio, a las 10.15 se celebrar\u00e1 en el Sal\u00f3n de Actos la entrega de premios a ...<br \/><div class=\"pt-cv-rmwrap\"><a href=\"https:\/\/blogsaverroes.juntadeandalucia.es\/iesseneca\/entrega-de-los-premios-del-ii-concurso-lagar-de-sandua\/\" class=\"_self pt-cv-readmore btn btn-success\" target=\"_self\">Leer M\u00e1s<\/a><\/div><\/div><\/div><\/div>\n<div class=\"col-md-6 col-sm-6 col-xs-12 pt-cv-content-item pt-cv-1-col\" ><div class='pt-cv-ifield'><a href=\"https:\/\/blogsaverroes.juntadeandalucia.es\/iesseneca\/premio-concurso-literario-lagar-de-sandua\/\" class=\"_self pt-cv-href-thumbnail pt-cv-thumb-default\" target=\"_self\" ><img loading=\"lazy\" decoding=\"async\" width=\"300\" height=\"157\" src=\"https:\/\/blogsaverroes.juntadeandalucia.es\/iesseneca\/files\/2022\/03\/Captura-de-pantalla-2022-03-08-a-las-18.15.32-300x157.png\" class=\"pt-cv-thumbnail\" alt=\"\" srcset=\"https:\/\/blogsaverroes.juntadeandalucia.es\/iesseneca\/files\/2022\/03\/Captura-de-pantalla-2022-03-08-a-las-18.15.32-300x157.png 300w, https:\/\/blogsaverroes.juntadeandalucia.es\/iesseneca\/files\/2022\/03\/Captura-de-pantalla-2022-03-08-a-las-18.15.32-1024x537.png 1024w, https:\/\/blogsaverroes.juntadeandalucia.es\/iesseneca\/files\/2022\/03\/Captura-de-pantalla-2022-03-08-a-las-18.15.32-768x403.png 768w, https:\/\/blogsaverroes.juntadeandalucia.es\/iesseneca\/files\/2022\/03\/Captura-de-pantalla-2022-03-08-a-las-18.15.32-1536x806.png 1536w, https:\/\/blogsaverroes.juntadeandalucia.es\/iesseneca\/files\/2022\/03\/Captura-de-pantalla-2022-03-08-a-las-18.15.32-2048x1074.png 2048w, https:\/\/blogsaverroes.juntadeandalucia.es\/iesseneca\/files\/2022\/03\/Captura-de-pantalla-2022-03-08-a-las-18.15.32.png 1600w\" sizes=\"(max-width: 300px) 100vw, 300px\" \/><\/a>\n<h4 class=\"pt-cv-title\"><a href=\"https:\/\/blogsaverroes.juntadeandalucia.es\/iesseneca\/premio-concurso-literario-lagar-de-sandua\/\" class=\"_self\" target=\"_self\" >Premio concurso literario \u201cLagar de Sandua\u201d<\/a><\/h4>\n<div class=\"pt-cv-content\">A continuaci\u00f3n os dejamos el acta con los ganadores del concurso literario \"Lagar de Sandua\": Acta Premio El acto de ...<br \/><div class=\"pt-cv-rmwrap\"><a href=\"https:\/\/blogsaverroes.juntadeandalucia.es\/iesseneca\/premio-concurso-literario-lagar-de-sandua\/\" class=\"_self pt-cv-readmore btn btn-success\" target=\"_self\">Leer M\u00e1s<\/a><\/div><\/div><\/div><\/div>\n<div class=\"col-md-6 col-sm-6 col-xs-12 pt-cv-content-item pt-cv-1-col\" ><div class='pt-cv-ifield'><a href=\"https:\/\/blogsaverroes.juntadeandalucia.es\/iesseneca\/finalistas-del-premio-literario-lagar-de-sandua\/\" class=\"_self pt-cv-href-thumbnail pt-cv-thumb-default\" target=\"_self\" ><img loading=\"lazy\" decoding=\"async\" width=\"300\" height=\"157\" src=\"https:\/\/blogsaverroes.juntadeandalucia.es\/iesseneca\/files\/2022\/03\/Captura-de-pantalla-2022-03-08-a-las-18.15.32-300x157.png\" class=\"pt-cv-thumbnail\" alt=\"\" srcset=\"https:\/\/blogsaverroes.juntadeandalucia.es\/iesseneca\/files\/2022\/03\/Captura-de-pantalla-2022-03-08-a-las-18.15.32-300x157.png 300w, https:\/\/blogsaverroes.juntadeandalucia.es\/iesseneca\/files\/2022\/03\/Captura-de-pantalla-2022-03-08-a-las-18.15.32-1024x537.png 1024w, https:\/\/blogsaverroes.juntadeandalucia.es\/iesseneca\/files\/2022\/03\/Captura-de-pantalla-2022-03-08-a-las-18.15.32-768x403.png 768w, https:\/\/blogsaverroes.juntadeandalucia.es\/iesseneca\/files\/2022\/03\/Captura-de-pantalla-2022-03-08-a-las-18.15.32-1536x806.png 1536w, https:\/\/blogsaverroes.juntadeandalucia.es\/iesseneca\/files\/2022\/03\/Captura-de-pantalla-2022-03-08-a-las-18.15.32-2048x1074.png 2048w, https:\/\/blogsaverroes.juntadeandalucia.es\/iesseneca\/files\/2022\/03\/Captura-de-pantalla-2022-03-08-a-las-18.15.32.png 1600w\" sizes=\"(max-width: 300px) 100vw, 300px\" \/><\/a>\n<h4 class=\"pt-cv-title\"><a href=\"https:\/\/blogsaverroes.juntadeandalucia.es\/iesseneca\/finalistas-del-premio-literario-lagar-de-sandua\/\" class=\"_self\" target=\"_self\" >Finalistas del Premio literario \u00abLagar de Sandua\u00bb<\/a><\/h4>\n<div class=\"pt-cv-content\">Tras la lectura y votaci\u00f3n de los trabajos presentados al Premio Literario \"Lagar de Sandua\", se ha decidido que pasen ...<br \/><div class=\"pt-cv-rmwrap\"><a href=\"https:\/\/blogsaverroes.juntadeandalucia.es\/iesseneca\/finalistas-del-premio-literario-lagar-de-sandua\/\" class=\"_self pt-cv-readmore btn btn-success\" target=\"_self\">Leer M\u00e1s<\/a><\/div><\/div><\/div><\/div><\/div><\/div><\/div>\n","protected":false},"excerpt":{"rendered":"<p>PROFESORADO El Departamento de Lengua Castellana y Literatura y Lenguas Cl\u00e1sicas est\u00e1 formado en el curso 2025\/26 por:&nbsp; &nbsp; &nbsp; &nbsp; &nbsp; &nbsp; &nbsp; &nbsp; &nbsp; &nbsp; D. Fernando \u00c1lvarez Jurado D\u00aa. Nuria Blasco&#46;&#46;&#46;<\/p>\n","protected":false},"author":1,"featured_media":0,"parent":0,"menu_order":0,"comment_status":"open","ping_status":"open","template":"page-templates\/child-menu.php","meta":{"ngg_post_thumbnail":0,"footnotes":"","_mc_calendar":[]},"aioseo_notices":[],"_links":{"self":[{"href":"https:\/\/blogsaverroes.juntadeandalucia.es\/iesseneca\/wp-json\/wp\/v2\/pages\/155"}],"collection":[{"href":"https:\/\/blogsaverroes.juntadeandalucia.es\/iesseneca\/wp-json\/wp\/v2\/pages"}],"about":[{"href":"https:\/\/blogsaverroes.juntadeandalucia.es\/iesseneca\/wp-json\/wp\/v2\/types\/page"}],"author":[{"embeddable":true,"href":"https:\/\/blogsaverroes.juntadeandalucia.es\/iesseneca\/wp-json\/wp\/v2\/users\/1"}],"replies":[{"embeddable":true,"href":"https:\/\/blogsaverroes.juntadeandalucia.es\/iesseneca\/wp-json\/wp\/v2\/comments?post=155"}],"version-history":[{"count":32,"href":"https:\/\/blogsaverroes.juntadeandalucia.es\/iesseneca\/wp-json\/wp\/v2\/pages\/155\/revisions"}],"predecessor-version":[{"id":6555,"href":"https:\/\/blogsaverroes.juntadeandalucia.es\/iesseneca\/wp-json\/wp\/v2\/pages\/155\/revisions\/6555"}],"wp:attachment":[{"href":"https:\/\/blogsaverroes.juntadeandalucia.es\/iesseneca\/wp-json\/wp\/v2\/media?parent=155"}],"curies":[{"name":"wp","href":"https:\/\/api.w.org\/{rel}","templated":true}]}}