{"id":158,"date":"2015-03-17T07:50:33","date_gmt":"2015-03-17T07:50:33","guid":{"rendered":"http:\/\/blogsaverroes.juntadeandalucia.es\/pre\/ceip\/?page_id=158"},"modified":"2025-09-21T19:25:15","modified_gmt":"2025-09-21T19:25:15","slug":"matematicas","status":"publish","type":"page","link":"https:\/\/blogsaverroes.juntadeandalucia.es\/iesseneca\/matematicas\/","title":{"rendered":"Matem\u00e1ticas"},"content":{"rendered":"<table style=\"border-collapse: collapse;width: 100%\">\n<tbody>\n<tr>\n<td style=\"width: 40%\"><img loading=\"lazy\" decoding=\"async\" class=\"aligncenter wp-image-3171\" src=\"https:\/\/blogsaverroes.juntadeandalucia.es\/iesseneca\/files\/2021\/01\/Matem\u00e1ticas-color-escalado.png\" alt=\"\" width=\"384\" height=\"86\"><\/td>\n<td style=\"width: 40%\">&nbsp;<\/td>\n<\/tr>\n<\/tbody>\n<\/table>\n<p>&nbsp;<\/p>\n<p style=\"text-align: justify\"><span style=\"color: #0000ff\"><strong>LAS MATEM\u00c1TICAS EN EL D\u00cdA A D\u00cdA, PARA COMPRENDER EL MUNDO Y EN TUS ESTUDIOS ACTUALES Y POSTERIORES<\/strong><\/span><\/p>\n<p style=\"text-align: justify\">La presencia, influencia e importancia de las Matem\u00e1ticas en la vida cotidiana es un hecho incuestionable. Son indispensables para el desarrollo de las ciencias de la naturaleza, las ciencias sociales, las ingenier\u00edas, las nuevas tecnolog\u00edas, las distintas ramas del saber y los distintos tipos de actividad humana. Adem\u00e1s, constituyen una herramienta b\u00e1sica para comprender la informaci\u00f3n que nos llega a trav\u00e9s de los medios, en la que cada vez aparecen con m\u00e1s frecuencia tablas, gr\u00e1ficos y f\u00f3rmulas que requieren de conocimientos matem\u00e1ticos para su interpretaci\u00f3n. Su utilidad y empleo se extienden a casi todas las actividades humanas.<\/p>\n<p><span style=\"color: #0000ff\"><strong>DESARROLL\u00c1NDOTE COMO PERSONA<\/strong><\/span><\/p>\n<p style=\"text-align: justify\">La materia de Matem\u00e1ticas contribuye especialmente al desarrollo de la competencia matem\u00e1tica, reconocida y considerada clave por la Uni\u00f3n Europea, as\u00ed como a la formaci\u00f3n intelectual del alumnado, lo que le permitir\u00e1 desenvolverse mejor tanto en el \u00e1mbito personal como social.<\/p>\n<p><span style=\"color: #0000ff\"><strong>EN EL INSTITUTO<\/strong><\/span><\/p>\n<p style=\"text-align: justify\">El Departamento de Matem\u00e1ticas e Inform\u00e1tica imparte las siguientes materias:<\/p>\n<ul>\n<li style=\"text-align: justify\">Matem\u00e1ticas en 1\u00ba, 2\u00ba y 3\u00ba de la E.S.O.<\/li>\n<li style=\"text-align: justify\">Matem\u00e1ticas B en 4\u00ba de la E.S.O., materia que prepara al alumnado para Bachillerato.<\/li>\n<li style=\"text-align: justify\">Matem\u00e1ticas A en 4\u00ba de la E.S.O., materia que prepara al alumnado para la iniciaci\u00f3n a la Formaci\u00f3n Profesional.<\/li>\n<li style=\"text-align: justify\">Matem\u00e1ticas I y II, materias que se imparten en 1\u00ba y 2\u00ba de Bachillerato en la modalidad de Ciencias y Tecnolog\u00eda.<\/li>\n<li style=\"text-align: justify\">Matem\u00e1ticas Aplicadas a las Ciencias Sociales I y II, materias que se imparten en 1\u00ba y 2\u00ba de Bachillerato en la modalidad de Humanidades y Ciencias Sociales.<\/li>\n<li style=\"text-align: justify\">Matem\u00e1ticas Aplicadas a las Ciencias Sociales II, materia que se imparte en la modalidad de Ciencias y Tecnolog\u00eda.<\/li>\n<li style=\"text-align: justify\">Matem\u00e1ticas Generales, materia obligatoria en 1\u00ba de Bachillerato en la modalidad General.<\/li>\n<li style=\"text-align: justify\">Estad\u00edstica, optativa de 2\u00ba de Bachillerato que brinda a nuestros alumnos la posibilidad de estudiar los fundamentos de la Estad\u00edstica Descriptiva y la Inferencia Estad\u00edstica. Esta materia aparece en multitud de grados tanto de Ciencias como de Ciencias Sociales.<\/li>\n<\/ul>\n<p><span style=\"color: #0000ff\"><strong>EN LAS ACTIVIDADES EXTRAESCOLARES<\/strong><\/span><\/p>\n<p>El Departamento de Matem\u00e1ticas participa en las siguientes actividades que se desarrollan<br \/>\nanualmente:<\/p>\n<ul>\n<li>Gymkhana Matem\u00e1tica por C\u00f3rdoba, para alumnos de 4\u00ba de ESO y Bachillerato.<\/li>\n<li>Olimpiada Matem\u00e1tica Nacional, para los alumnos de Bachillerato.<\/li>\n<li>Olimpiada Matem\u00e1ticas Thales, para los alumnos de 2\u00ba y 4\u00ba de la E.S.O.<\/li>\n<li>Concurso Canguro matem\u00e1tico: para todos los cursos de la ESO y Bachillerato.<\/li>\n<\/ul>\n<p><span style=\"color: #0000ff\"><strong>EN EL PROFESORADO DEL INSTITUTO<\/strong><\/span><\/p>\n<p>Los componentes del Departamento de Matem\u00e1ticas e Inform\u00e1tica son:<\/p>\n<ul>\n<li style=\"text-align: justify\">D\u00aa Raquel Carbonero Ruiz, Jefa de estudios del Centro.<\/li>\n<li style=\"text-align: justify\">D\u00aa Eulalia Haro Mu\u00f1oz, profesora biling\u00fce y tutora de 2\u00ba E.S.O.<\/li>\n<li style=\"text-align: justify\">D\u00aa Ana Jim\u00e9nez Ruiz, coordinadora de STEAM.<\/li>\n<li style=\"text-align: justify\">D\u00aa Mar\u00eda Esther Madera Lastra, Jefa de estudios adjunta del Centro.<\/li>\n<li style=\"text-align: justify\">D\u00aa Mar\u00eda Fernanda Mart\u00ednez Postigo, tutora de 3\u00baE.S.O.<\/li>\n<li style=\"text-align: justify\">D. Rafael Molina Valiente, Director del Centro.<\/li>\n<li style=\"text-align: justify\">D\u00aa. Mar\u00eda Luisa Mora Espejo.<\/li>\n<li style=\"text-align: justify\">D\u00aa Laura P\u00e9rez-Cacho Francisco, Jefa del Departamento de Matem\u00e1ticas.<\/li>\n<li>D. Antonio del Pino Cepedello, tutor de 2\u00ba ESO.<\/li>\n<li>D. Francisco Manuel Vidal Baena, tutor de 3\u00baE.S.O.<\/li>\n<li>D Javier Z\u00fa\u00f1iga de Mora-Figueroa tutor de 4\u00baE.S.O.<\/li>\n<\/ul>\n<p><span style=\"color: #0000ff\"><strong>Y EN ESTE APARTADO DE ESTA WEB &#8230;<\/strong><\/span><\/p>\n<p style=\"text-align: justify\">\u00a1Esto solo es el comienzo! Queremos que poco a poco que este sitio sea un lugar de encuentro entre el profesorado del Departamento y nuestro alumnado. Un lugar con informaci\u00f3n relevante para \u00e9stos en el que tambi\u00e9n se reflejen las actividades realizadas por el Departamento.<\/p>\n<p>&nbsp;<\/p>\n<table style=\"border-collapse: collapse;width: 100%\">\n<tbody>\n<tr>\n<td style=\"width: 22.532752%\"><a href=\"https:\/\/blogsaverroes.juntadeandalucia.es\/iesseneca\/files\/2024\/12\/d70b8046-573d-4926-a47f-db63477727cc.jpg\"><img loading=\"lazy\" decoding=\"async\" class=\"wp-image-6334 aligncenter\" src=\"https:\/\/blogsaverroes.juntadeandalucia.es\/iesseneca\/files\/2024\/12\/d70b8046-573d-4926-a47f-db63477727cc.jpg\" alt=\"\" width=\"171\" height=\"246\" srcset=\"https:\/\/blogsaverroes.juntadeandalucia.es\/iesseneca\/files\/2024\/12\/d70b8046-573d-4926-a47f-db63477727cc.jpg 639w, https:\/\/blogsaverroes.juntadeandalucia.es\/iesseneca\/files\/2024\/12\/d70b8046-573d-4926-a47f-db63477727cc-209x300.jpg 209w\" sizes=\"(max-width: 171px) 100vw, 171px\" \/><\/a><\/td>\n<td style=\"width: 57.467248%\">\n<p style=\"text-align: left\">El pr\u00f3ximo 20 de marzo nuestro instituto participar\u00e1 en el prestigioso concurso internacional Canguro matem\u00e1tico.<\/p>\n<p>\u00a1Suerte a todos los participantes!<\/p>\n<p>Aqu\u00ed pod\u00e9is consultar m\u00e1s informaci\u00f3n:<\/p>\n<p style=\"text-align: center\">\n<blockquote class=\"wp-embedded-content\" data-secret=\"pyE2j3DHu5\"><p><a href=\"https:\/\/canguromat.es\/que-es-canguro\/\">\u00bfQu\u00e9 es Canguro?<\/a><\/p><\/blockquote>\n<p><iframe class=\"wp-embedded-content\" sandbox=\"allow-scripts\" security=\"restricted\" style=\"position: absolute; clip: rect(1px, 1px, 1px, 1px);\" title=\"\u00ab\u00bfQu\u00e9 es Canguro?\u00bb \u2014 Canguro\" src=\"https:\/\/canguromat.es\/que-es-canguro\/embed\/#?secret=pyE2j3DHu5\" data-secret=\"pyE2j3DHu5\" width=\"500\" height=\"282\" frameborder=\"0\" marginwidth=\"0\" marginheight=\"0\" scrolling=\"no\"><\/iframe><\/p>\n<\/td>\n<\/tr>\n<\/tbody>\n<\/table>\n<div class=\"pt-cv-wrapper\"><div class=\"pt-cv-view pt-cv-grid pt-cv-colsys\" id=\"pt-cv-view-d44b058q2u\"><div data-id=\"pt-cv-page-1\" class=\"pt-cv-page\" data-cvc=\"2\"><div class=\"col-md-6 col-sm-6 col-xs-12 pt-cv-content-item pt-cv-1-col\" ><div class='pt-cv-ifield'><a href=\"https:\/\/blogsaverroes.juntadeandalucia.es\/iesseneca\/xxx-concurso-canguro-matematico\/\" class=\"_self pt-cv-href-thumbnail pt-cv-thumb-default\" target=\"_self\" ><img loading=\"lazy\" decoding=\"async\" width=\"300\" height=\"226\" src=\"https:\/\/blogsaverroes.juntadeandalucia.es\/iesseneca\/files\/2025\/03\/2-300x226.jpg\" class=\"pt-cv-thumbnail\" alt=\"\" srcset=\"https:\/\/blogsaverroes.juntadeandalucia.es\/iesseneca\/files\/2025\/03\/2-300x226.jpg 300w, https:\/\/blogsaverroes.juntadeandalucia.es\/iesseneca\/files\/2025\/03\/2-1024x771.jpg 1024w, https:\/\/blogsaverroes.juntadeandalucia.es\/iesseneca\/files\/2025\/03\/2-768x578.jpg 768w, https:\/\/blogsaverroes.juntadeandalucia.es\/iesseneca\/files\/2025\/03\/2-1536x1157.jpg 1536w, https:\/\/blogsaverroes.juntadeandalucia.es\/iesseneca\/files\/2025\/03\/2.jpg 1600w\" sizes=\"(max-width: 300px) 100vw, 300px\" \/><\/a>\n<h4 class=\"pt-cv-title\"><a href=\"https:\/\/blogsaverroes.juntadeandalucia.es\/iesseneca\/xxx-concurso-canguro-matematico\/\" class=\"_self\" target=\"_self\" >XXX Concurso Canguro Matem\u00e1tico<\/a><\/h4>\n<div class=\"pt-cv-content\">Hoy hemos celebrado en nuestro instituto el XXX Concurso Canguro Matem\u00e1tico organizado por La Asociaci\u00f3n Kangourou Sans Fronti\u00e8res y la ...<br \/><div class=\"pt-cv-rmwrap\"><a href=\"https:\/\/blogsaverroes.juntadeandalucia.es\/iesseneca\/xxx-concurso-canguro-matematico\/\" class=\"_self pt-cv-readmore btn btn-success\" target=\"_self\">Leer M\u00e1s<\/a><\/div><\/div><\/div><\/div>\n<div class=\"col-md-6 col-sm-6 col-xs-12 pt-cv-content-item pt-cv-1-col\" ><div class='pt-cv-ifield'><a href=\"https:\/\/blogsaverroes.juntadeandalucia.es\/iesseneca\/olimpiada-matematica-thales-2021\/\" class=\"_self pt-cv-href-thumbnail pt-cv-thumb-default\" target=\"_self\" ><img loading=\"lazy\" decoding=\"async\" width=\"300\" height=\"225\" src=\"https:\/\/blogsaverroes.juntadeandalucia.es\/iesseneca\/files\/2021\/03\/IMG_20210319_112850-300x225.jpg\" class=\"pt-cv-thumbnail\" alt=\"\" srcset=\"https:\/\/blogsaverroes.juntadeandalucia.es\/iesseneca\/files\/2021\/03\/IMG_20210319_112850-300x225.jpg 300w, https:\/\/blogsaverroes.juntadeandalucia.es\/iesseneca\/files\/2021\/03\/IMG_20210319_112850-1024x768.jpg 1024w, https:\/\/blogsaverroes.juntadeandalucia.es\/iesseneca\/files\/2021\/03\/IMG_20210319_112850-768x576.jpg 768w, https:\/\/blogsaverroes.juntadeandalucia.es\/iesseneca\/files\/2021\/03\/IMG_20210319_112850-1536x1152.jpg 1536w, https:\/\/blogsaverroes.juntadeandalucia.es\/iesseneca\/files\/2021\/03\/IMG_20210319_112850-2048x1536.jpg 2048w, https:\/\/blogsaverroes.juntadeandalucia.es\/iesseneca\/files\/2021\/03\/IMG_20210319_112850-scaled.jpg 1600w\" sizes=\"(max-width: 300px) 100vw, 300px\" \/><\/a>\n<h4 class=\"pt-cv-title\"><a href=\"https:\/\/blogsaverroes.juntadeandalucia.es\/iesseneca\/olimpiada-matematica-thales-2021\/\" class=\"_self\" target=\"_self\" >Olimpiada matem\u00e1tica Thales 2021<\/a><\/h4>\n<div class=\"pt-cv-content\">El pr\u00f3ximo 20 de marzo, s\u00e1bado, tendr\u00e1 lugar la fase provincial de la Olimpiada matem\u00e1ticas Thales 2021. Con motivo de ...<br \/><div class=\"pt-cv-rmwrap\"><a href=\"https:\/\/blogsaverroes.juntadeandalucia.es\/iesseneca\/olimpiada-matematica-thales-2021\/\" class=\"_self pt-cv-readmore btn btn-success\" target=\"_self\">Leer M\u00e1s<\/a><\/div><\/div><\/div><\/div>\n<div class=\"col-md-6 col-sm-6 col-xs-12 pt-cv-content-item pt-cv-1-col\" ><div class='pt-cv-ifield'><a href=\"https:\/\/blogsaverroes.juntadeandalucia.es\/iesseneca\/ganadores-del-concurso-matematicas-para-un-mundo-mejor\/\" class=\"_self pt-cv-href-thumbnail pt-cv-thumb-default\" target=\"_self\" ><img loading=\"lazy\" decoding=\"async\" width=\"300\" height=\"225\" src=\"https:\/\/blogsaverroes.juntadeandalucia.es\/iesseneca\/files\/2021\/03\/IMG_20210317_113125-300x225.jpg\" class=\"pt-cv-thumbnail\" alt=\"\" srcset=\"https:\/\/blogsaverroes.juntadeandalucia.es\/iesseneca\/files\/2021\/03\/IMG_20210317_113125-300x225.jpg 300w, https:\/\/blogsaverroes.juntadeandalucia.es\/iesseneca\/files\/2021\/03\/IMG_20210317_113125-1024x768.jpg 1024w, https:\/\/blogsaverroes.juntadeandalucia.es\/iesseneca\/files\/2021\/03\/IMG_20210317_113125-768x576.jpg 768w, https:\/\/blogsaverroes.juntadeandalucia.es\/iesseneca\/files\/2021\/03\/IMG_20210317_113125-1536x1152.jpg 1536w, https:\/\/blogsaverroes.juntadeandalucia.es\/iesseneca\/files\/2021\/03\/IMG_20210317_113125-2048x1536.jpg 2048w, https:\/\/blogsaverroes.juntadeandalucia.es\/iesseneca\/files\/2021\/03\/IMG_20210317_113125-scaled.jpg 1600w\" sizes=\"(max-width: 300px) 100vw, 300px\" \/><\/a>\n<h4 class=\"pt-cv-title\"><a href=\"https:\/\/blogsaverroes.juntadeandalucia.es\/iesseneca\/ganadores-del-concurso-matematicas-para-un-mundo-mejor\/\" class=\"_self\" target=\"_self\" >Ganadores del concurso \u00abMatem\u00e1ticas para un mundo mejor\u00bb<\/a><\/h4>\n<div class=\"pt-cv-content\">El mi\u00e9rcoles 17 de marzo se realiz\u00f3 la entrega de premios del concurso \"Matem\u00e1ticas para un mundo mejor\", convocado por ...<br \/><div class=\"pt-cv-rmwrap\"><a href=\"https:\/\/blogsaverroes.juntadeandalucia.es\/iesseneca\/ganadores-del-concurso-matematicas-para-un-mundo-mejor\/\" class=\"_self pt-cv-readmore btn btn-success\" target=\"_self\">Leer M\u00e1s<\/a><\/div><\/div><\/div><\/div>\n<div class=\"col-md-6 col-sm-6 col-xs-12 pt-cv-content-item pt-cv-1-col\" ><div class='pt-cv-ifield'><a href=\"https:\/\/blogsaverroes.juntadeandalucia.es\/iesseneca\/14-de-marzo-dia-internacional-de-las-matematicas\/\" class=\"_self pt-cv-href-thumbnail pt-cv-thumb-default\" target=\"_self\" ><img loading=\"lazy\" decoding=\"async\" width=\"300\" height=\"225\" src=\"https:\/\/blogsaverroes.juntadeandalucia.es\/iesseneca\/files\/2021\/03\/IMG-20210312-WA0023-300x225.jpg\" class=\"pt-cv-thumbnail\" alt=\"\" srcset=\"https:\/\/blogsaverroes.juntadeandalucia.es\/iesseneca\/files\/2021\/03\/IMG-20210312-WA0023-300x225.jpg 300w, https:\/\/blogsaverroes.juntadeandalucia.es\/iesseneca\/files\/2021\/03\/IMG-20210312-WA0023-768x576.jpg 768w, https:\/\/blogsaverroes.juntadeandalucia.es\/iesseneca\/files\/2021\/03\/IMG-20210312-WA0023.jpg 800w\" sizes=\"(max-width: 300px) 100vw, 300px\" \/><\/a>\n<h4 class=\"pt-cv-title\"><a href=\"https:\/\/blogsaverroes.juntadeandalucia.es\/iesseneca\/14-de-marzo-dia-internacional-de-las-matematicas\/\" class=\"_self\" target=\"_self\" >14 de marzo,  d\u00eda Internacional de las Matem\u00e1ticas<\/a><\/h4>\n<div class=\"pt-cv-content\">\"Matem\u00e1ticas para un mundo mejor\" Esta ha sido una semana donde las matem\u00e1ticas han estado muy presentes, repaso del tema, ...<br \/><div class=\"pt-cv-rmwrap\"><a href=\"https:\/\/blogsaverroes.juntadeandalucia.es\/iesseneca\/14-de-marzo-dia-internacional-de-las-matematicas\/\" class=\"_self pt-cv-readmore btn btn-success\" target=\"_self\">Leer M\u00e1s<\/a><\/div><\/div><\/div><\/div>\n<div class=\"col-md-6 col-sm-6 col-xs-12 pt-cv-content-item pt-cv-1-col\" ><div class='pt-cv-ifield'><a href=\"https:\/\/blogsaverroes.juntadeandalucia.es\/iesseneca\/3779-2\/\" class=\"_self pt-cv-href-thumbnail pt-cv-thumb-default\" target=\"_self\" ><img loading=\"lazy\" decoding=\"async\" width=\"300\" height=\"187\" src=\"https:\/\/blogsaverroes.juntadeandalucia.es\/iesseneca\/files\/2021\/02\/matematicasparaunmundomejor-1-300x187.png\" class=\"pt-cv-thumbnail\" alt=\"\" srcset=\"https:\/\/blogsaverroes.juntadeandalucia.es\/iesseneca\/files\/2021\/02\/matematicasparaunmundomejor-1-300x187.png 300w, https:\/\/blogsaverroes.juntadeandalucia.es\/iesseneca\/files\/2021\/02\/matematicasparaunmundomejor-1-1024x640.png 1024w, https:\/\/blogsaverroes.juntadeandalucia.es\/iesseneca\/files\/2021\/02\/matematicasparaunmundomejor-1-768x480.png 768w, https:\/\/blogsaverroes.juntadeandalucia.es\/iesseneca\/files\/2021\/02\/matematicasparaunmundomejor-1.png 1156w\" sizes=\"(max-width: 300px) 100vw, 300px\" \/><\/a>\n<h4 class=\"pt-cv-title\"><a href=\"https:\/\/blogsaverroes.juntadeandalucia.es\/iesseneca\/3779-2\/\" class=\"_self\" target=\"_self\" >Concurso Matem\u00e1ticas para un mundo mejor<\/a><\/h4>\n<div class=\"pt-cv-content\">El Departamento de Matem\u00e1ticas del IES S\u00e9neca, con motivo de la celebraci\u00f3n del D\u00eda Internacional de las Matem\u00e1ticas, celebrado el ...<br \/><div class=\"pt-cv-rmwrap\"><a href=\"https:\/\/blogsaverroes.juntadeandalucia.es\/iesseneca\/3779-2\/\" class=\"_self pt-cv-readmore btn btn-success\" target=\"_self\">Leer M\u00e1s<\/a><\/div><\/div><\/div><\/div><\/div><\/div><\/div>\n","protected":false},"excerpt":{"rendered":"<p>&nbsp; &nbsp; LAS MATEM\u00c1TICAS EN EL D\u00cdA A D\u00cdA, PARA COMPRENDER EL MUNDO Y EN TUS ESTUDIOS ACTUALES Y POSTERIORES La presencia, influencia e importancia de las Matem\u00e1ticas en la vida cotidiana es un&#46;&#46;&#46;<\/p>\n","protected":false},"author":1,"featured_media":0,"parent":0,"menu_order":0,"comment_status":"open","ping_status":"open","template":"page-templates\/child-menu.php","meta":{"ngg_post_thumbnail":0,"footnotes":"","_mc_calendar":[]},"aioseo_notices":[],"_links":{"self":[{"href":"https:\/\/blogsaverroes.juntadeandalucia.es\/iesseneca\/wp-json\/wp\/v2\/pages\/158"}],"collection":[{"href":"https:\/\/blogsaverroes.juntadeandalucia.es\/iesseneca\/wp-json\/wp\/v2\/pages"}],"about":[{"href":"https:\/\/blogsaverroes.juntadeandalucia.es\/iesseneca\/wp-json\/wp\/v2\/types\/page"}],"author":[{"embeddable":true,"href":"https:\/\/blogsaverroes.juntadeandalucia.es\/iesseneca\/wp-json\/wp\/v2\/users\/1"}],"replies":[{"embeddable":true,"href":"https:\/\/blogsaverroes.juntadeandalucia.es\/iesseneca\/wp-json\/wp\/v2\/comments?post=158"}],"version-history":[{"count":24,"href":"https:\/\/blogsaverroes.juntadeandalucia.es\/iesseneca\/wp-json\/wp\/v2\/pages\/158\/revisions"}],"predecessor-version":[{"id":6536,"href":"https:\/\/blogsaverroes.juntadeandalucia.es\/iesseneca\/wp-json\/wp\/v2\/pages\/158\/revisions\/6536"}],"wp:attachment":[{"href":"https:\/\/blogsaverroes.juntadeandalucia.es\/iesseneca\/wp-json\/wp\/v2\/media?parent=158"}],"curies":[{"name":"wp","href":"https:\/\/api.w.org\/{rel}","templated":true}]}}