{"id":162,"date":"2015-03-17T07:51:10","date_gmt":"2015-03-17T07:51:10","guid":{"rendered":"http:\/\/blogsaverroes.juntadeandalucia.es\/pre\/ceip\/?page_id=162"},"modified":"2022-06-30T07:38:34","modified_gmt":"2022-06-30T07:38:34","slug":"tecnologia","status":"publish","type":"page","link":"https:\/\/blogsaverroes.juntadeandalucia.es\/iesseneca\/tecnologia\/","title":{"rendered":"Tecnolog\u00eda"},"content":{"rendered":"<p><a href=\"https:\/\/blogsaverroes.juntadeandalucia.es\/iesseneca\/files\/2021\/01\/Tecnolog\u00eda-escalado.png\"><img loading=\"lazy\" decoding=\"async\" class=\"wp-image-3190 alignleft\" src=\"https:\/\/blogsaverroes.juntadeandalucia.es\/iesseneca\/files\/2021\/01\/Tecnolog\u00eda-escalado.png\" alt=\"\" width=\"450\" height=\"100\" srcset=\"https:\/\/blogsaverroes.juntadeandalucia.es\/iesseneca\/files\/2021\/01\/Tecnolog\u00eda-escalado.png 1000w, https:\/\/blogsaverroes.juntadeandalucia.es\/iesseneca\/files\/2021\/01\/Tecnolog\u00eda-escalado-300x67.png 300w, https:\/\/blogsaverroes.juntadeandalucia.es\/iesseneca\/files\/2021\/01\/Tecnolog\u00eda-escalado-768x170.png 768w, https:\/\/blogsaverroes.juntadeandalucia.es\/iesseneca\/files\/2021\/01\/Tecnolog\u00eda-escalado-24x5.png 24w, https:\/\/blogsaverroes.juntadeandalucia.es\/iesseneca\/files\/2021\/01\/Tecnolog\u00eda-escalado-36x8.png 36w, https:\/\/blogsaverroes.juntadeandalucia.es\/iesseneca\/files\/2021\/01\/Tecnolog\u00eda-escalado-48x11.png 48w\" sizes=\"(max-width: 450px) 100vw, 450px\" \/><\/a><\/p>\n<p>&nbsp;<\/p>\n<p>&nbsp;<\/p>\n<p>&nbsp;<\/p>\n<p>&nbsp;<\/p>\n<div><span style=\"color: #000000\">En Tecnolog\u00eda podr\u00e1s adquirir conocimientos relacionados con: <\/span><\/div>\n<ul>\n<li><span style=\"color: #000000\">El funcionamiento del Mundo que nos rodea, aprendiendo sobre mecanismos, estructuras, materiales, energ\u00edas, circuitos el\u00e9ctricos y electr\u00f3nicos, neum\u00e1ticos e hidr\u00e1ulicos&#8230;<\/span><\/li>\n<li><span style=\"color: #000000\">Inform\u00e1tica, dise\u00f1o e impresi\u00f3n 3D.<\/span><\/li>\n<li><span style=\"color: #000000\">Programaci\u00f3n y Rob\u00f3tica.<\/span><\/li>\n<\/ul>\n<div><span style=\"color: #000000\">Y todo ello desarrollando proyectos innovadores, trabajando de forma individual y en grupo bajo la filosof\u00eda de PROYECTOS STEAM, <\/span><span style=\"color: #000000\">siempre desde la perspectiva de respeto al medio ambiente.<\/span><\/div>\n<div>&nbsp;<\/div>\n<div style=\"text-align: justify\"><span style=\"color: #000000\">Nuestro Objetivo:&nbsp; <strong>\u00abDespertar vocaciones y preparar a nuestr@s alumn@s hacia Estudios T\u00e9cnicos y de ingenier\u00edas\u00bb<\/strong><\/span><span style=\"color: #888888\"><br \/>\n<\/span><\/div>\n<div>&nbsp;<\/div>\n<div>\n<div class=\"gmail_quote\">\n<div dir=\"ltr\">\n<div style=\"text-align: justify\">\n<div class=\"gs\">\n<div class=\"gE iv gt\">\n<p><a href=\"https:\/\/sites.google.com\/g.educaand.es\/tecnologiaseneca\/inicio\">Enlace a la p\u00e1gina web del Departamento<\/a><\/p>\n<p><a href=\"https:\/\/sites.google.com\/d\/1QBQa52EaXAnNxlZ3O0-o8OG3qLTgu3Oq\/p\/1M7t5tiHb05hjoVMV070ueyC7fNu8lWTX\/edit\">Enlace a los trabajos de los proyectos STEAM<\/a><\/p>\n<\/div>\n<\/div>\n<div class=\"\">\n<div class=\"aHl\">&nbsp;<\/div>\n<div id=\":ld\" class=\"ii gt\">\n<div id=\":lc\" class=\"a3s aiL \">\n<div dir=\"ltr\">\n<div>\n<div class=\"gmail_quote\">\n<div class=\"gmail_attr\" dir=\"ltr\">&nbsp;<\/div>\n<\/div>\n<\/div>\n<\/div>\n<\/div>\n<\/div>\n<\/div>\n<\/div>\n<\/div>\n<\/div>\n<\/div>\n<div class=\"pt-cv-wrapper\"><div class=\"pt-cv-view pt-cv-grid pt-cv-colsys\" id=\"pt-cv-view-cf4df65ezv\"><div data-id=\"pt-cv-page-1\" class=\"pt-cv-page cv-npf\" data-cvc=\"2\"><div class=\"col-md-6 col-sm-6 col-xs-12 pt-cv-content-item pt-cv-1-col\" ><div class='pt-cv-ifield'><div class=\"pt-cv-no-post\">No se han encontrado entradas.<\/div><\/div><\/div><\/div><\/div><\/div>\n","protected":false},"excerpt":{"rendered":"<p>&nbsp; &nbsp; &nbsp; &nbsp; En Tecnolog\u00eda podr\u00e1s adquirir conocimientos relacionados con: El funcionamiento del Mundo que nos rodea, aprendiendo sobre mecanismos, estructuras, materiales, energ\u00edas, circuitos el\u00e9ctricos y electr\u00f3nicos, neum\u00e1ticos e hidr\u00e1ulicos&#8230; Inform\u00e1tica, dise\u00f1o e&#46;&#46;&#46;<\/p>\n","protected":false},"author":1,"featured_media":0,"parent":0,"menu_order":0,"comment_status":"open","ping_status":"open","template":"page-templates\/child-menu.php","meta":{"ngg_post_thumbnail":0,"footnotes":"","_mc_calendar":[]},"aioseo_notices":[],"_links":{"self":[{"href":"https:\/\/blogsaverroes.juntadeandalucia.es\/iesseneca\/wp-json\/wp\/v2\/pages\/162"}],"collection":[{"href":"https:\/\/blogsaverroes.juntadeandalucia.es\/iesseneca\/wp-json\/wp\/v2\/pages"}],"about":[{"href":"https:\/\/blogsaverroes.juntadeandalucia.es\/iesseneca\/wp-json\/wp\/v2\/types\/page"}],"author":[{"embeddable":true,"href":"https:\/\/blogsaverroes.juntadeandalucia.es\/iesseneca\/wp-json\/wp\/v2\/users\/1"}],"replies":[{"embeddable":true,"href":"https:\/\/blogsaverroes.juntadeandalucia.es\/iesseneca\/wp-json\/wp\/v2\/comments?post=162"}],"version-history":[{"count":12,"href":"https:\/\/blogsaverroes.juntadeandalucia.es\/iesseneca\/wp-json\/wp\/v2\/pages\/162\/revisions"}],"predecessor-version":[{"id":5180,"href":"https:\/\/blogsaverroes.juntadeandalucia.es\/iesseneca\/wp-json\/wp\/v2\/pages\/162\/revisions\/5180"}],"wp:attachment":[{"href":"https:\/\/blogsaverroes.juntadeandalucia.es\/iesseneca\/wp-json\/wp\/v2\/media?parent=162"}],"curies":[{"name":"wp","href":"https:\/\/api.w.org\/{rel}","templated":true}]}}