{"id":166,"date":"2015-03-17T07:53:12","date_gmt":"2015-03-17T07:53:12","guid":{"rendered":"http:\/\/blogsaverroes.juntadeandalucia.es\/pre\/ceip\/?page_id=166"},"modified":"2022-09-30T14:31:47","modified_gmt":"2022-09-30T14:31:47","slug":"clasicas-2","status":"publish","type":"page","link":"https:\/\/blogsaverroes.juntadeandalucia.es\/iesseneca\/clasicas-2\/","title":{"rendered":"Cl\u00e1sicas"},"content":{"rendered":"<p style=\"text-align: justify\" align=\"justify\"><a href=\"https:\/\/blogsaverroes.juntadeandalucia.es\/iesseneca\/files\/2021\/01\/cultura-cl\u00e1sica-color-escalado.png\"><img loading=\"lazy\" decoding=\"async\" class=\"wp-image-3192 alignleft\" src=\"https:\/\/blogsaverroes.juntadeandalucia.es\/iesseneca\/files\/2021\/01\/cultura-cl\u00e1sica-color-escalado.png\" alt=\"\" width=\"450\" height=\"100\" srcset=\"https:\/\/blogsaverroes.juntadeandalucia.es\/iesseneca\/files\/2021\/01\/cultura-cl\u00e1sica-color-escalado.png 1000w, https:\/\/blogsaverroes.juntadeandalucia.es\/iesseneca\/files\/2021\/01\/cultura-cl\u00e1sica-color-escalado-300x67.png 300w, https:\/\/blogsaverroes.juntadeandalucia.es\/iesseneca\/files\/2021\/01\/cultura-cl\u00e1sica-color-escalado-768x170.png 768w, https:\/\/blogsaverroes.juntadeandalucia.es\/iesseneca\/files\/2021\/01\/cultura-cl\u00e1sica-color-escalado-24x5.png 24w, https:\/\/blogsaverroes.juntadeandalucia.es\/iesseneca\/files\/2021\/01\/cultura-cl\u00e1sica-color-escalado-36x8.png 36w, https:\/\/blogsaverroes.juntadeandalucia.es\/iesseneca\/files\/2021\/01\/cultura-cl\u00e1sica-color-escalado-48x11.png 48w\" sizes=\"(max-width: 450px) 100vw, 450px\" \/><\/a><\/p>\n<p>&nbsp;<\/p>\n<p>&nbsp;<\/p>\n<p>&nbsp;<\/p>\n<p>&nbsp;<\/p>\n<p style=\"font-weight: 400;text-align: justify\">Departamento de Cl\u00e1sicas (Lat\u00edn, Griego y Cultura Cl\u00e1sica). Lo forman en este curso 2022\/23<a href=\"https:\/\/blogsaverroes.juntadeandalucia.es\/iesseneca\/files\/2021\/12\/IMG-20201128-WA0003-1-1.jpg\"><img loading=\"lazy\" decoding=\"async\" class=\" wp-image-4706 alignright\" src=\"https:\/\/blogsaverroes.juntadeandalucia.es\/iesseneca\/files\/2021\/12\/IMG-20201128-WA0003-1-1.jpg\" alt=\"\" width=\"188\" height=\"250\" srcset=\"https:\/\/blogsaverroes.juntadeandalucia.es\/iesseneca\/files\/2021\/12\/IMG-20201128-WA0003-1-1.jpg 1200w, https:\/\/blogsaverroes.juntadeandalucia.es\/iesseneca\/files\/2021\/12\/IMG-20201128-WA0003-1-1-225x300.jpg 225w, https:\/\/blogsaverroes.juntadeandalucia.es\/iesseneca\/files\/2021\/12\/IMG-20201128-WA0003-1-1-768x1024.jpg 768w, https:\/\/blogsaverroes.juntadeandalucia.es\/iesseneca\/files\/2021\/12\/IMG-20201128-WA0003-1-1-1152x1536.jpg 1152w\" sizes=\"(max-width: 188px) 100vw, 188px\" \/><\/a><\/p>\n<p style=\"font-weight: 400;text-align: justify\">&#8211; Mar\u00eda de Gu\u00eda Penco Valenzuela,&nbsp; Cultura Cl\u00e1sica de 4\u00ba ESO.<\/p>\n<p style=\"font-weight: 400;text-align: justify\">&#8211; Amparo Ruedas Capilla, Jefe de Departamento, 4\u00ba ESO de Lat\u00edn, 1\u00ba y 2\u00ba de Bachillerato de Lat\u00edn y Griego de Humanidades.<\/p>\n<p style=\"font-weight: 400;text-align: justify\">Este Departamento lleva el \u00e1rea de Humanidades, encargada de la formaci\u00f3n del alumno interesado en Idiomas, Derecho, Periodismo, Turismo, Traducci\u00f3n e Interpretaci\u00f3n, Relaciones Internacionales, Historia, Arte, Filosof\u00eda, Geograf\u00eda, y toda la gama que las carreras dobles de hoy d\u00eda ofrecen , para las cuales las lenguas cl\u00e1sicas y la cultura que nos han dejado, son la base fundamental.<\/p>\n<p style=\"font-weight: 400;text-align: justify\">Las asignaturas&nbsp;de los 3 niveles, lat\u00edn, griego y cultura cl\u00e1sica,&nbsp; a\u00fanan conocimientos morfosint\u00e1cticos, etimol\u00f3gicos y culturales en el m\u00e1s amplio sentido: historia&nbsp;y mitolog\u00eda, recintos arqueol\u00f3gicos, arte&#8230;<\/p>\n<p style=\"font-weight: 400;text-align: justify\">Este curso, al igual que el a\u00f1o anterior, intentaremos&nbsp; llevar a cabo la actividad tradicional de ir a M\u00e9rida o It\u00e1lica, a ver una tragedia o comedia griega o latina. M\u00e1s probablemente ser\u00e1 M\u00e9rida, pues el curso pasado fue It\u00e1lica, ya que M\u00e9rida, por las dudas motivadas por la situaci\u00f3n sanitaria, no organiz\u00f3 finalmente el Festival Juvenil de primavera. Los Festivales de teatro han estado estos tres \u00faltimos cursos muy pendientes de las directrices sanitarias. La actividad se completar\u00eda con la visita al recinto arqueol\u00f3gico y al Museo Nacional de Arte Romano.&nbsp; Se ver\u00e1 en clase en todos los niveles la obra seleccionada con una lectura dramatizada de la obra elegida. Igualmente, se proyectar\u00e1 a los alumnos fragmentos de obras teatrales de festivales de otros a\u00f1os y se les mostrar\u00e1n im\u00e1genes de algunos de los muchos teatros romanos que tiene Espa\u00f1a, la antigua Hispania romana, as\u00ed como de teatros romanos y griegos de Europa, Asia y \u00c1frica, adem\u00e1s de fotos de los viajes de otros a\u00f1os .<\/p>\n<p style=\"font-weight: 400;text-align: justify\">El departamento organiza otras actividades, como exposici\u00f3n en el aula de carteles mitol\u00f3gicos, un mercado romano el curso anterior, participaci\u00f3n en una exposici\u00f3n este curso sobre libros en griego bizantino, que forman parte de la riqueza bibliogr\u00e1fica del centro, en uni\u00f3n con otros departamentos, posiblemente el de lengua y arte.<\/p>\n<p>&nbsp;<\/p>\n<div class=\"pt-cv-wrapper\"><div class=\"pt-cv-view pt-cv-grid pt-cv-colsys\" id=\"pt-cv-view-ce1bd1e41f\"><div data-id=\"pt-cv-page-1\" class=\"pt-cv-page\" data-cvc=\"2\"><div class=\"col-md-6 col-sm-6 col-xs-12 pt-cv-content-item pt-cv-1-col\" ><div class='pt-cv-ifield'><a href=\"https:\/\/blogsaverroes.juntadeandalucia.es\/iesseneca\/reviviendo-a-safo-la-decima-musa\/\" class=\"_self pt-cv-href-thumbnail pt-cv-thumb-default\" target=\"_self\" ><img loading=\"lazy\" decoding=\"async\" width=\"300\" height=\"225\" src=\"https:\/\/blogsaverroes.juntadeandalucia.es\/iesseneca\/files\/2021\/03\/safo4-300x225.jpg\" class=\"pt-cv-thumbnail\" alt=\"\" srcset=\"https:\/\/blogsaverroes.juntadeandalucia.es\/iesseneca\/files\/2021\/03\/safo4-300x225.jpg 300w, https:\/\/blogsaverroes.juntadeandalucia.es\/iesseneca\/files\/2021\/03\/safo4.jpg 709w\" sizes=\"(max-width: 300px) 100vw, 300px\" \/><\/a>\n<h4 class=\"pt-cv-title\"><a href=\"https:\/\/blogsaverroes.juntadeandalucia.es\/iesseneca\/reviviendo-a-safo-la-decima-musa\/\" class=\"_self\" target=\"_self\" >Reviviendo a Safo, la d\u00e9cima musa<\/a><\/h4>\n<div class=\"pt-cv-content\">Los alumnos de Humanidades de 1\u00ba y 2\u00ba de Bachillerato han rememorado a la poetisa griega SAFO de LESBOS, o ...<br \/><div class=\"pt-cv-rmwrap\"><a href=\"https:\/\/blogsaverroes.juntadeandalucia.es\/iesseneca\/reviviendo-a-safo-la-decima-musa\/\" class=\"_self pt-cv-readmore btn btn-success\" target=\"_self\">Leer M\u00e1s<\/a><\/div><\/div><\/div><\/div><\/div><\/div><\/div>\n<p>&nbsp;<\/p>\n<p>&nbsp;<\/p>\n","protected":false},"excerpt":{"rendered":"<p>&nbsp; &nbsp; &nbsp; &nbsp; Departamento de Cl\u00e1sicas (Lat\u00edn, Griego y Cultura Cl\u00e1sica). Lo forman en este curso 2022\/23 &#8211; Mar\u00eda de Gu\u00eda Penco Valenzuela,&nbsp; Cultura Cl\u00e1sica de 4\u00ba ESO. &#8211; Amparo Ruedas Capilla, Jefe&#46;&#46;&#46;<\/p>\n","protected":false},"author":1,"featured_media":0,"parent":0,"menu_order":0,"comment_status":"open","ping_status":"open","template":"page-templates\/child-menu.php","meta":{"ngg_post_thumbnail":0,"footnotes":"","_mc_calendar":[]},"aioseo_notices":[],"_links":{"self":[{"href":"https:\/\/blogsaverroes.juntadeandalucia.es\/iesseneca\/wp-json\/wp\/v2\/pages\/166"}],"collection":[{"href":"https:\/\/blogsaverroes.juntadeandalucia.es\/iesseneca\/wp-json\/wp\/v2\/pages"}],"about":[{"href":"https:\/\/blogsaverroes.juntadeandalucia.es\/iesseneca\/wp-json\/wp\/v2\/types\/page"}],"author":[{"embeddable":true,"href":"https:\/\/blogsaverroes.juntadeandalucia.es\/iesseneca\/wp-json\/wp\/v2\/users\/1"}],"replies":[{"embeddable":true,"href":"https:\/\/blogsaverroes.juntadeandalucia.es\/iesseneca\/wp-json\/wp\/v2\/comments?post=166"}],"version-history":[{"count":18,"href":"https:\/\/blogsaverroes.juntadeandalucia.es\/iesseneca\/wp-json\/wp\/v2\/pages\/166\/revisions"}],"predecessor-version":[{"id":5247,"href":"https:\/\/blogsaverroes.juntadeandalucia.es\/iesseneca\/wp-json\/wp\/v2\/pages\/166\/revisions\/5247"}],"wp:attachment":[{"href":"https:\/\/blogsaverroes.juntadeandalucia.es\/iesseneca\/wp-json\/wp\/v2\/media?parent=166"}],"curies":[{"name":"wp","href":"https:\/\/api.w.org\/{rel}","templated":true}]}}