{"id":168,"date":"2015-03-17T07:54:01","date_gmt":"2015-03-17T07:54:01","guid":{"rendered":"http:\/\/blogsaverroes.juntadeandalucia.es\/pre\/ceip\/?page_id=168"},"modified":"2025-10-14T19:19:09","modified_gmt":"2025-10-14T19:19:09","slug":"filosofia-2","status":"publish","type":"page","link":"https:\/\/blogsaverroes.juntadeandalucia.es\/iesseneca\/filosofia-2\/","title":{"rendered":"Filosof\u00eda"},"content":{"rendered":"<p><a href=\"https:\/\/blogsaverroes.juntadeandalucia.es\/iesseneca\/files\/2021\/01\/filosof\u00eda-color-escalado.png\"><img loading=\"lazy\" decoding=\"async\" class=\"wp-image-3195 alignleft\" src=\"https:\/\/blogsaverroes.juntadeandalucia.es\/iesseneca\/files\/2021\/01\/filosof\u00eda-color-escalado.png\" alt=\"\" width=\"450\" height=\"100\" srcset=\"https:\/\/blogsaverroes.juntadeandalucia.es\/iesseneca\/files\/2021\/01\/filosof\u00eda-color-escalado.png 1000w, https:\/\/blogsaverroes.juntadeandalucia.es\/iesseneca\/files\/2021\/01\/filosof\u00eda-color-escalado-300x67.png 300w, https:\/\/blogsaverroes.juntadeandalucia.es\/iesseneca\/files\/2021\/01\/filosof\u00eda-color-escalado-768x170.png 768w, https:\/\/blogsaverroes.juntadeandalucia.es\/iesseneca\/files\/2021\/01\/filosof\u00eda-color-escalado-24x5.png 24w, https:\/\/blogsaverroes.juntadeandalucia.es\/iesseneca\/files\/2021\/01\/filosof\u00eda-color-escalado-36x8.png 36w, https:\/\/blogsaverroes.juntadeandalucia.es\/iesseneca\/files\/2021\/01\/filosof\u00eda-color-escalado-48x11.png 48w\" sizes=\"(max-width: 450px) 100vw, 450px\" \/><\/a><\/p>\n<p>&nbsp;<\/p>\n<p>&nbsp;<\/p>\n<p>&nbsp;<\/p>\n<p>&nbsp;<\/p>\n<p><span style=\"color: #000000\"><strong>Docentes<\/strong><\/span><\/p>\n<div>\n<div>Concepci\u00f3n Gallego Aguaron<\/div>\n<div>Miguel \u00c1ngel L\u00f3pez Mu\u00f1oz<\/div>\n<div>Beatriz Minaya Mart\u00ednez<\/div>\n<\/div>\n<div>&nbsp;<\/div>\n<p><span style=\"color: #000000\"><strong>Materias<\/strong><\/span><\/p>\n<p><span style=\"text-decoration: underline\">ESO<\/span><br \/>\nFilosof\u00eda 4\u00ba<br \/>\nAprendizaje Social y Emocional 4\u00ba<br \/>\nFilosof\u00eda y Argumentaci\u00f3n 3\u00ba<br \/>\nOratoria y Debate 1\u00ba, 2\u00ba y 3\u00ba<br \/>\nValores \u00c9ticos 2\u00ba<\/p>\n<p><span style=\"text-decoration: underline\">BACHILLERATO<\/span><br \/>\nFilosof\u00eda 1\u00ba<br \/>\nConvivencia democr\u00e1tica I y II, 1\u00ba y 2\u00ba<br \/>\nHistoria de la Filosof\u00eda 2\u00ba<br \/>\nPsicolog\u00eda 2\u00ba<\/p>\n<div class=\"pt-cv-wrapper\"><div class=\"pt-cv-view pt-cv-grid pt-cv-colsys\" id=\"pt-cv-view-8bbece67ds\"><div data-id=\"pt-cv-page-1\" class=\"pt-cv-page cv-npf\" data-cvc=\"2\"><div class=\"col-md-6 col-sm-6 col-xs-12 pt-cv-content-item pt-cv-1-col\" ><div class='pt-cv-ifield'><div class=\"pt-cv-no-post\">No se han encontrado entradas.<\/div><\/div><\/div><\/div><\/div><\/div>\n","protected":false},"excerpt":{"rendered":"<p>&nbsp; &nbsp; &nbsp; &nbsp; Docentes Concepci\u00f3n Gallego Aguaron Miguel \u00c1ngel L\u00f3pez Mu\u00f1oz Beatriz Minaya Mart\u00ednez &nbsp; Materias ESO Filosof\u00eda 4\u00ba Aprendizaje Social y Emocional 4\u00ba Filosof\u00eda y Argumentaci\u00f3n 3\u00ba Oratoria y Debate 1\u00ba, 2\u00ba&#46;&#46;&#46;<\/p>\n","protected":false},"author":1,"featured_media":0,"parent":0,"menu_order":0,"comment_status":"open","ping_status":"open","template":"page-templates\/child-menu.php","meta":{"ngg_post_thumbnail":0,"footnotes":"","_mc_calendar":[]},"aioseo_notices":[],"_links":{"self":[{"href":"https:\/\/blogsaverroes.juntadeandalucia.es\/iesseneca\/wp-json\/wp\/v2\/pages\/168"}],"collection":[{"href":"https:\/\/blogsaverroes.juntadeandalucia.es\/iesseneca\/wp-json\/wp\/v2\/pages"}],"about":[{"href":"https:\/\/blogsaverroes.juntadeandalucia.es\/iesseneca\/wp-json\/wp\/v2\/types\/page"}],"author":[{"embeddable":true,"href":"https:\/\/blogsaverroes.juntadeandalucia.es\/iesseneca\/wp-json\/wp\/v2\/users\/1"}],"replies":[{"embeddable":true,"href":"https:\/\/blogsaverroes.juntadeandalucia.es\/iesseneca\/wp-json\/wp\/v2\/comments?post=168"}],"version-history":[{"count":16,"href":"https:\/\/blogsaverroes.juntadeandalucia.es\/iesseneca\/wp-json\/wp\/v2\/pages\/168\/revisions"}],"predecessor-version":[{"id":6616,"href":"https:\/\/blogsaverroes.juntadeandalucia.es\/iesseneca\/wp-json\/wp\/v2\/pages\/168\/revisions\/6616"}],"wp:attachment":[{"href":"https:\/\/blogsaverroes.juntadeandalucia.es\/iesseneca\/wp-json\/wp\/v2\/media?parent=168"}],"curies":[{"name":"wp","href":"https:\/\/api.w.org\/{rel}","templated":true}]}}