{"id":174,"date":"2015-03-17T07:56:14","date_gmt":"2015-03-17T07:56:14","guid":{"rendered":"http:\/\/blogsaverroes.juntadeandalucia.es\/pre\/ceip\/?page_id=174"},"modified":"2025-10-15T19:38:45","modified_gmt":"2025-10-15T19:38:45","slug":"dibujo","status":"publish","type":"page","link":"https:\/\/blogsaverroes.juntadeandalucia.es\/iesseneca\/dibujo\/","title":{"rendered":"Dibujo y M\u00fasica"},"content":{"rendered":"<table style=\"border-collapse: collapse;width: 100%\">\n<tbody>\n<tr>\n<td style=\"width: 40%\"><img loading=\"lazy\" decoding=\"async\" class=\"aligncenter wp-image-3171\" src=\"https:\/\/blogsaverroes.juntadeandalucia.es\/iesseneca\/files\/2021\/01\/dibujo-color-escalado.png\" alt=\"\" width=\"384\" height=\"86\"><\/td>\n<td style=\"width: 40%\"><img loading=\"lazy\" decoding=\"async\" class=\"aligncenter wp-image-3171\" src=\"https:\/\/blogsaverroes.juntadeandalucia.es\/iesseneca\/files\/2021\/01\/m\u00fasica-color-escalado.png\" alt=\"\" width=\"384\" height=\"86\"><\/td>\n<\/tr>\n<\/tbody>\n<\/table>\n<p>&nbsp;<\/p>\n<p style=\"text-align: justify\">\u00c1mbito acad\u00e9mico, en el <strong>Departamento de Dibujo y M\u00fasica<\/strong> se aglutinan las Ense\u00f1anzas Art\u00edsticas. Dibujo se estructura en dos niveles educativos, de un lado se encuentra La Educaci\u00f3n Pl\u00e1stica, Visual y Audiovisual perteneciente a la materia del bloque de asignaturas espec\u00edficas para primer y segundo ciclo de la Educaci\u00f3n Secundaria Obligatoria, y de otro, impartimos Dibujo T\u00e9cnico, materia de opci\u00f3n del bloque de asignaturas troncales de primero y segundo curso para la modalidad de Ciencias de Bachillerato. Respecto a la asignatura de M\u00fasica, se imparte como materia espec\u00edfica en la Educaci\u00f3n Secundaria Obligatoria en los cursos de 1\u00ba y 2\u00ba.<\/p>\n<p style=\"text-align: justify\">La <strong>Educaci\u00f3n Pl\u00e1stica, Visual y Audiovisual<\/strong> tiene como finalidad desarrollar en el alumnado capacidades perceptivas, expresivas y est\u00e9ticas a partir del conocimiento te\u00f3rico y pr\u00e1ctico de los lenguajes visuales, al mismo tiempo que busca potenciar el desarrollo de la imaginaci\u00f3n, la creatividad y la inteligencia. Tambi\u00e9n contribuye a la formaci\u00f3n cultural y art\u00edstica del alumnado permiti\u00e9ndole acceder a la comprensi\u00f3n, valoraci\u00f3n y disfrute del mundo en el que se encuentra.<\/p>\n<p style=\"text-align: justify\">El <strong>Dibujo T\u00e9cnico<\/strong> es una materia que se organiza en dos cursos. En el primero se desarrollan aspectos relacionados con la comunicaci\u00f3n y la representaci\u00f3n gr\u00e1fica de la realidad, analiz\u00e1ndose secuencialmente los bloques de geometr\u00eda plana, geometr\u00eda descriptiva, sistemas de representaci\u00f3n y normalizaci\u00f3n. Se trata de que el alumnado adquiera una visi\u00f3n global de los fundamentos del dibujo t\u00e9cnico que le permita en el siguiente curso profundizar en sus contenidos y aplicaciones. En el segundo curso aparece un nuevo bloque de contenidos donde habr\u00e1 que demostrar las destrezas adquiridas durante la etapa y comprender su conexi\u00f3n con el mundo laboral y real.<\/p>\n<p style=\"text-align: justify\">La asignatura de <strong>M\u00fasica<\/strong> se imparte en los cursos primero y segundo de E.S.O. En ella se pretende que de manera progresiva los alumnos conozcan la evoluci\u00f3n de la m\u00fasica en el tiempo junto a unos conocimientos elementales de lenguaje musical y pr\u00e1ctica instrumental.<\/p>\n<p style=\"text-align: justify\">Miembros del departamento:<\/p>\n<div>Mar\u00eda Blanca Garc\u00eda Ortega:<\/div>\n<div>&#8211; Jefa Departamento<\/div>\n<div>&#8211; Educaci\u00f3n Pl\u00e1stica visual y Audiovisual 1\u00ba ESO<\/div>\n<div>&#8211; Dibujo T\u00e9cnico 1\u00ba y 2\u00ba BACHILLERATO<\/div>\n<div>&nbsp;<\/div>\n<div>Francisco Javier Pulido Carretero:&nbsp;<\/div>\n<div>&#8211; Educaci\u00f3n pl\u00e1stica visual y audiovisual 3\u00ba ESO<\/div>\n<div>&#8211; Dibujo T\u00e9cnico 4\u00ba ESO<\/div>\n<div>&nbsp;<\/div>\n<div>Rafael Quero Pe\u00f1a:<\/div>\n<div>&#8211; M\u00fasica 1\u00ba y 2\u00ba ESO<\/div>\n<div>&nbsp;<\/div>\n<div>Olga Ruiz Degayon:<\/div>\n<div>&#8211; M\u00fasica 2\u00ba ESO<\/div>\n<div>&nbsp;<\/div>\n<p style=\"text-align: justify\">Las ense\u00f1anzas art\u00edsticas forman parte de una educaci\u00f3n integral, potenciando la madurez, razonamiento y creatividad de los alumnos y alumnas, es por ello que el Departamento de Dibujo y M\u00fasica se muestra abierto a la colaboraci\u00f3n, tanto a las propuestas t\u00e9cnico- pl\u00e1sticas y musicales provenientes del alumnado, como a las solicitadas por el centro. Entre las m\u00e1s significativas podemos enumerar actividades como: la celebraci\u00f3n del d\u00eda Internacional del Flamenco, d\u00eda contra el c\u00e1ncer de mama, d\u00eda contra la violencia de g\u00e9nero o el d\u00eda internacional de la mujer y la ni\u00f1a en la ciencia entre otras propuestas.<\/p>\n<p>&nbsp;<\/p>\n<div class=\"pt-cv-wrapper\"><div class=\"pt-cv-view pt-cv-grid pt-cv-colsys\" id=\"pt-cv-view-e0db37f38c\"><div data-id=\"pt-cv-page-1\" class=\"pt-cv-page\" data-cvc=\"2\"><div class=\"col-md-6 col-sm-6 col-xs-12 pt-cv-content-item pt-cv-1-col\" ><div class='pt-cv-ifield'><a href=\"https:\/\/blogsaverroes.juntadeandalucia.es\/iesseneca\/exposicion-mujeres-artistas\/\" class=\"_self pt-cv-href-thumbnail pt-cv-thumb-default\" target=\"_self\" ><img loading=\"lazy\" decoding=\"async\" width=\"300\" height=\"187\" src=\"https:\/\/blogsaverroes.juntadeandalucia.es\/iesseneca\/files\/2024\/04\/Captura-de-pantalla-2024-04-16-a-las-17.32.14-300x187.png\" class=\"pt-cv-thumbnail\" alt=\"\" srcset=\"https:\/\/blogsaverroes.juntadeandalucia.es\/iesseneca\/files\/2024\/04\/Captura-de-pantalla-2024-04-16-a-las-17.32.14-300x187.png 300w, https:\/\/blogsaverroes.juntadeandalucia.es\/iesseneca\/files\/2024\/04\/Captura-de-pantalla-2024-04-16-a-las-17.32.14-1024x638.png 1024w, https:\/\/blogsaverroes.juntadeandalucia.es\/iesseneca\/files\/2024\/04\/Captura-de-pantalla-2024-04-16-a-las-17.32.14-768x479.png 768w, https:\/\/blogsaverroes.juntadeandalucia.es\/iesseneca\/files\/2024\/04\/Captura-de-pantalla-2024-04-16-a-las-17.32.14-1536x958.png 1536w, https:\/\/blogsaverroes.juntadeandalucia.es\/iesseneca\/files\/2024\/04\/Captura-de-pantalla-2024-04-16-a-las-17.32.14.png 1600w\" sizes=\"(max-width: 300px) 100vw, 300px\" \/><\/a>\n<h4 class=\"pt-cv-title\"><a href=\"https:\/\/blogsaverroes.juntadeandalucia.es\/iesseneca\/exposicion-mujeres-artistas\/\" class=\"_self\" target=\"_self\" >Exposici\u00f3n \u201cMujeres artistas\u201d<\/a><\/h4>\n<div class=\"pt-cv-content\">Con motivo del D\u00eda Mundial del Arte (15 de abril) en el hall de nuestro centro se ha instalado la ...<br \/><div class=\"pt-cv-rmwrap\"><a href=\"https:\/\/blogsaverroes.juntadeandalucia.es\/iesseneca\/exposicion-mujeres-artistas\/\" class=\"_self pt-cv-readmore btn btn-success\" target=\"_self\">Leer M\u00e1s<\/a><\/div><\/div><\/div><\/div>\n<div class=\"col-md-6 col-sm-6 col-xs-12 pt-cv-content-item pt-cv-1-col\" ><div class='pt-cv-ifield'><a href=\"https:\/\/blogsaverroes.juntadeandalucia.es\/iesseneca\/4278-2\/\" class=\"_self pt-cv-href-thumbnail pt-cv-thumb-default\" target=\"_self\" ><img loading=\"lazy\" decoding=\"async\" width=\"300\" height=\"300\" src=\"https:\/\/blogsaverroes.juntadeandalucia.es\/iesseneca\/files\/2021\/06\/01-300x300.jpg\" class=\"pt-cv-thumbnail\" alt=\"\" srcset=\"https:\/\/blogsaverroes.juntadeandalucia.es\/iesseneca\/files\/2021\/06\/01-300x300.jpg 300w, https:\/\/blogsaverroes.juntadeandalucia.es\/iesseneca\/files\/2021\/06\/01.jpg 1024w, https:\/\/blogsaverroes.juntadeandalucia.es\/iesseneca\/files\/2021\/06\/01-150x150.jpg 150w, https:\/\/blogsaverroes.juntadeandalucia.es\/iesseneca\/files\/2021\/06\/01-768x768.jpg 768w, https:\/\/blogsaverroes.juntadeandalucia.es\/iesseneca\/files\/2021\/06\/01-80x80.jpg 80w, https:\/\/blogsaverroes.juntadeandalucia.es\/iesseneca\/files\/2021\/06\/01-320x320.jpg 320w\" sizes=\"(max-width: 300px) 100vw, 300px\" \/><\/a>\n<h4 class=\"pt-cv-title\"><a href=\"https:\/\/blogsaverroes.juntadeandalucia.es\/iesseneca\/4278-2\/\" class=\"_self\" target=\"_self\" >\u00abLA ESCUELA DE TETU\u00c1N\u00bb  de M\u00aa Dolores Jim\u00e9nez Valiente<\/a><\/h4>\n<div class=\"pt-cv-content\">Nuestra compa\u00f1era, M\u00aa Dolores Jim\u00e9nez Valiente, acaba de publicar el libro LA ESCUELA DE TETU\u00c1N: EL ORIGEN DE LA PINTURA ...<br \/><div class=\"pt-cv-rmwrap\"><a href=\"https:\/\/blogsaverroes.juntadeandalucia.es\/iesseneca\/4278-2\/\" class=\"_self pt-cv-readmore btn btn-success\" target=\"_self\">Leer M\u00e1s<\/a><\/div><\/div><\/div><\/div>\n<div class=\"col-md-6 col-sm-6 col-xs-12 pt-cv-content-item pt-cv-1-col\" ><div class='pt-cv-ifield'><a href=\"https:\/\/blogsaverroes.juntadeandalucia.es\/iesseneca\/dia-de-la-mujer-y-la-nina-en-la-ciencia\/\" class=\"_self pt-cv-href-thumbnail pt-cv-thumb-default\" target=\"_self\" ><img loading=\"lazy\" decoding=\"async\" width=\"300\" height=\"200\" src=\"https:\/\/blogsaverroes.juntadeandalucia.es\/iesseneca\/files\/2021\/02\/muralmujerescientificas-300x200.jpg\" class=\"pt-cv-thumbnail\" alt=\"\" srcset=\"https:\/\/blogsaverroes.juntadeandalucia.es\/iesseneca\/files\/2021\/02\/muralmujerescientificas-300x200.jpg 300w, https:\/\/blogsaverroes.juntadeandalucia.es\/iesseneca\/files\/2021\/02\/muralmujerescientificas-768x511.jpg 768w, https:\/\/blogsaverroes.juntadeandalucia.es\/iesseneca\/files\/2021\/02\/muralmujerescientificas.jpg 909w\" sizes=\"(max-width: 300px) 100vw, 300px\" \/><\/a>\n<h4 class=\"pt-cv-title\"><a href=\"https:\/\/blogsaverroes.juntadeandalucia.es\/iesseneca\/dia-de-la-mujer-y-la-nina-en-la-ciencia\/\" class=\"_self\" target=\"_self\" >D\u00eda Internacional de la Mujer y la Ni\u00f1a en la Ciencia<\/a><\/h4>\n<div class=\"pt-cv-content\">El 11 de febrero, con motivo de la celebraci\u00f3n del d\u00eda Internacional de la Mujer y la Ni\u00f1a en la ...<br \/><div class=\"pt-cv-rmwrap\"><a href=\"https:\/\/blogsaverroes.juntadeandalucia.es\/iesseneca\/dia-de-la-mujer-y-la-nina-en-la-ciencia\/\" class=\"_self pt-cv-readmore btn btn-success\" target=\"_self\">Leer M\u00e1s<\/a><\/div><\/div><\/div><\/div><\/div><\/div><\/div>\n","protected":false},"excerpt":{"rendered":"<p>&nbsp; \u00c1mbito acad\u00e9mico, en el Departamento de Dibujo y M\u00fasica se aglutinan las Ense\u00f1anzas Art\u00edsticas. Dibujo se estructura en dos niveles educativos, de un lado se encuentra La Educaci\u00f3n Pl\u00e1stica, Visual y Audiovisual perteneciente&#46;&#46;&#46;<\/p>\n","protected":false},"author":1,"featured_media":0,"parent":0,"menu_order":0,"comment_status":"open","ping_status":"open","template":"page-templates\/child-menu.php","meta":{"ngg_post_thumbnail":0,"footnotes":"","_mc_calendar":[]},"aioseo_notices":[],"_links":{"self":[{"href":"https:\/\/blogsaverroes.juntadeandalucia.es\/iesseneca\/wp-json\/wp\/v2\/pages\/174"}],"collection":[{"href":"https:\/\/blogsaverroes.juntadeandalucia.es\/iesseneca\/wp-json\/wp\/v2\/pages"}],"about":[{"href":"https:\/\/blogsaverroes.juntadeandalucia.es\/iesseneca\/wp-json\/wp\/v2\/types\/page"}],"author":[{"embeddable":true,"href":"https:\/\/blogsaverroes.juntadeandalucia.es\/iesseneca\/wp-json\/wp\/v2\/users\/1"}],"replies":[{"embeddable":true,"href":"https:\/\/blogsaverroes.juntadeandalucia.es\/iesseneca\/wp-json\/wp\/v2\/comments?post=174"}],"version-history":[{"count":15,"href":"https:\/\/blogsaverroes.juntadeandalucia.es\/iesseneca\/wp-json\/wp\/v2\/pages\/174\/revisions"}],"predecessor-version":[{"id":6625,"href":"https:\/\/blogsaverroes.juntadeandalucia.es\/iesseneca\/wp-json\/wp\/v2\/pages\/174\/revisions\/6625"}],"wp:attachment":[{"href":"https:\/\/blogsaverroes.juntadeandalucia.es\/iesseneca\/wp-json\/wp\/v2\/media?parent=174"}],"curies":[{"name":"wp","href":"https:\/\/api.w.org\/{rel}","templated":true}]}}