{"id":1806,"date":"2015-03-17T07:46:28","date_gmt":"2015-03-17T07:46:28","guid":{"rendered":"http:\/\/blogsaverroes.juntadeandalucia.es\/pre\/ceip\/?page_id=144"},"modified":"2025-12-10T16:17:37","modified_gmt":"2025-12-10T16:17:37","slug":"orientacion-2","status":"publish","type":"page","link":"https:\/\/blogsaverroes.juntadeandalucia.es\/iesseneca\/orientacion-2\/","title":{"rendered":"Orientaci\u00f3n"},"content":{"rendered":"<p lang=\"es-ES-u-co-trad\" align=\"justify\"><a href=\"https:\/\/blogsaverroes.juntadeandalucia.es\/iesseneca\/files\/2021\/01\/Orientaci\u00f3n-color-escalado.png\"><img loading=\"lazy\" decoding=\"async\" class=\"wp-image-3215 alignleft\" src=\"https:\/\/blogsaverroes.juntadeandalucia.es\/iesseneca\/files\/2021\/01\/Orientaci\u00f3n-color-escalado.png\" alt=\"\" width=\"450\" height=\"100\" srcset=\"https:\/\/blogsaverroes.juntadeandalucia.es\/iesseneca\/files\/2021\/01\/Orientaci\u00f3n-color-escalado.png 1000w, https:\/\/blogsaverroes.juntadeandalucia.es\/iesseneca\/files\/2021\/01\/Orientaci\u00f3n-color-escalado-300x67.png 300w, https:\/\/blogsaverroes.juntadeandalucia.es\/iesseneca\/files\/2021\/01\/Orientaci\u00f3n-color-escalado-768x170.png 768w, https:\/\/blogsaverroes.juntadeandalucia.es\/iesseneca\/files\/2021\/01\/Orientaci\u00f3n-color-escalado-24x5.png 24w, https:\/\/blogsaverroes.juntadeandalucia.es\/iesseneca\/files\/2021\/01\/Orientaci\u00f3n-color-escalado-36x8.png 36w, https:\/\/blogsaverroes.juntadeandalucia.es\/iesseneca\/files\/2021\/01\/Orientaci\u00f3n-color-escalado-48x11.png 48w\" sizes=\"(max-width: 450px) 100vw, 450px\" \/><\/a><\/p>\n<p lang=\"es-ES-u-co-trad\" align=\"justify\">&nbsp;<\/p>\n<p lang=\"es-ES-u-co-trad\" align=\"justify\">&nbsp;<\/p>\n<p lang=\"es-ES-u-co-trad\" align=\"justify\">&nbsp;<\/p>\n<p lang=\"es-ES-u-co-trad\">&nbsp;<\/p>\n<p lang=\"es-ES-u-co-trad\" style=\"text-align: justify\"><span style=\"color: #000000\">El Departamento de Orientaci\u00f3n es un \u00f3rgano especializado dentro de los Institutos de Educaci\u00f3n Secundaria en Andaluc\u00eda. Su labor se centra en apoyar al conjunto del profesorado y \u00f3rganos de coordinaci\u00f3n docente en todas aquellas actuaciones encaminadas a asegurar una formaci\u00f3n integral del alumnado, la adaptaci\u00f3n de los procesos de ense\u00f1anza a las caracter\u00edsticas del alumnado y el asesoramiento a las familias en su labor educativa.<\/span><\/p>\n<p lang=\"es-ES-u-co-trad\" style=\"text-align: justify\"><span style=\"color: #000000\">Plan de Orientaci\u00f3n y Acci\u00f3n Tutorial<\/span><\/p>\n<p lang=\"es-ES-u-co-trad\" style=\"text-align: justify\"><span style=\"color: #000000\">El POAT es el documento que gu\u00eda la actividad del departamento. Tiene tres grandes l\u00edneas de actuaci\u00f3n: Acci\u00f3n Tutorial, Orientaci\u00f3n Acad\u00e9mica y Atenci\u00f3n a la Diversidad; dentro de esta \u00faltima l\u00ednea de actuaci\u00f3n se enmarcan las actividades del Aula de Pedagog\u00eda Terap\u00e9utica. Todo el trabajo est\u00e1 basado en los principios de globalidad, prevenci\u00f3n, inclusi\u00f3n y personalizaci\u00f3n.<\/span><\/p>\n<table width=\"566\" cellspacing=\"0\" cellpadding=\"7\">\n<colgroup>\n<col width=\"550\"> <\/colgroup>\n<tbody>\n<tr>\n<td valign=\"top\" bgcolor=\"#a8d08d\">\n<h4 style=\"text-align: center\"><strong><a href=\"https:\/\/blogsaverroes.juntadeandalucia.es\/iesseneca\/files\/2025\/12\/POAT-2025-26.pdf\">POAT 2025-26<\/a><\/strong><\/h4>\n<\/td>\n<\/tr>\n<\/tbody>\n<\/table>\n<p lang=\"es-ES-u-co-trad\">&nbsp;<\/p>\n<p lang=\"es-ES-u-co-trad\" style=\"text-align: justify\"><span style=\"color: #000000\">COMPONENTES<\/span><\/p>\n<p lang=\"es-ES-u-co-trad\" style=\"text-align: justify\"><span style=\"color: #000000\">Montserrat Marabotto Agudo, Orientadora<\/span><\/p>\n<p lang=\"es-ES-u-co-trad\" style=\"text-align: justify\"><span style=\"color: #000000\">Encarnaci\u00f3n Fern\u00e1ndez L\u00f3pez, Maestra de P.T.<\/span><\/p>\n<p>&nbsp;<\/p>\n","protected":false},"excerpt":{"rendered":"<p>&nbsp; &nbsp; &nbsp; &nbsp; El Departamento de Orientaci\u00f3n es un \u00f3rgano especializado dentro de los Institutos de Educaci\u00f3n Secundaria en Andaluc\u00eda. Su labor se centra en apoyar al conjunto del profesorado y \u00f3rganos de&#46;&#46;&#46;<\/p>\n","protected":false},"author":1,"featured_media":0,"parent":0,"menu_order":0,"comment_status":"open","ping_status":"open","template":"page-templates\/child-menu.php","meta":{"ngg_post_thumbnail":0,"footnotes":"","_mc_calendar":[]},"aioseo_notices":[],"_links":{"self":[{"href":"https:\/\/blogsaverroes.juntadeandalucia.es\/iesseneca\/wp-json\/wp\/v2\/pages\/1806"}],"collection":[{"href":"https:\/\/blogsaverroes.juntadeandalucia.es\/iesseneca\/wp-json\/wp\/v2\/pages"}],"about":[{"href":"https:\/\/blogsaverroes.juntadeandalucia.es\/iesseneca\/wp-json\/wp\/v2\/types\/page"}],"author":[{"embeddable":true,"href":"https:\/\/blogsaverroes.juntadeandalucia.es\/iesseneca\/wp-json\/wp\/v2\/users\/1"}],"replies":[{"embeddable":true,"href":"https:\/\/blogsaverroes.juntadeandalucia.es\/iesseneca\/wp-json\/wp\/v2\/comments?post=1806"}],"version-history":[{"count":19,"href":"https:\/\/blogsaverroes.juntadeandalucia.es\/iesseneca\/wp-json\/wp\/v2\/pages\/1806\/revisions"}],"predecessor-version":[{"id":6753,"href":"https:\/\/blogsaverroes.juntadeandalucia.es\/iesseneca\/wp-json\/wp\/v2\/pages\/1806\/revisions\/6753"}],"wp:attachment":[{"href":"https:\/\/blogsaverroes.juntadeandalucia.es\/iesseneca\/wp-json\/wp\/v2\/media?parent=1806"}],"curies":[{"name":"wp","href":"https:\/\/api.w.org\/{rel}","templated":true}]}}