{"id":200,"date":"2015-03-17T10:04:24","date_gmt":"2015-03-17T10:04:24","guid":{"rendered":"http:\/\/blogsaverroes.juntadeandalucia.es\/pre\/ceip\/?page_id=200"},"modified":"2021-02-10T11:16:48","modified_gmt":"2021-02-10T11:16:48","slug":"quienes-formamos-el-ampa","status":"publish","type":"page","link":"https:\/\/blogsaverroes.juntadeandalucia.es\/iesseneca\/quienes-formamos-el-ampa\/","title":{"rendered":"\u00bfQui\u00e9nes formamos el AMPA?"},"content":{"rendered":"<p><span style=\"color: #000000\">Junta Directiva de la Asociaci\u00f3n de Madres y Padres del IES S\u00e9neca:<\/span><\/p>\n<p><span style=\"color: #000000\"><strong>Presidenta<\/strong>:&nbsp;Roc\u00edo Almagro&nbsp;<\/span><\/p>\n<p><span style=\"color: #000000\"><strong>Vicepresidenta<\/strong>:&nbsp;M Carmen Jim\u00e9nez&nbsp;<\/span><\/p>\n<p><span style=\"color: #000000\"><strong>Secretaria<\/strong>:&nbsp;Ana M Escudero&nbsp;<\/span><\/p>\n<p><span style=\"color: #000000\"><strong>Tesorera<\/strong>:&nbsp;M Mar Mendoza&nbsp;<\/span><\/p>\n<p><span style=\"color: #000000\"><strong>Vocales<\/strong>: Bel\u00e9n Requena, Mar\u00eda Jim\u00e9nez, Rosa Fern\u00e1ndez y&nbsp; \u00c1ngela Carrillo<\/span><\/p>\n<p><span style=\"color: #000000\">Puedes ponerte en contacto con nosotros\/as en el correo electr\u00f3nico: <strong><a href=\"mailto:ampasenecacordoba@gmail.com\">ampasenecacordoba@gmail.com<\/a><\/strong><\/span><\/p>\n","protected":false},"excerpt":{"rendered":"<p>Junta Directiva de la Asociaci\u00f3n de Madres y Padres del IES S\u00e9neca: Presidenta:&nbsp;Roc\u00edo Almagro&nbsp; Vicepresidenta:&nbsp;M Carmen Jim\u00e9nez&nbsp; Secretaria:&nbsp;Ana M Escudero&nbsp; Tesorera:&nbsp;M Mar Mendoza&nbsp; Vocales: Bel\u00e9n Requena, Mar\u00eda Jim\u00e9nez, Rosa Fern\u00e1ndez y&nbsp; \u00c1ngela Carrillo Puedes&#46;&#46;&#46;<\/p>\n","protected":false},"author":1,"featured_media":0,"parent":0,"menu_order":0,"comment_status":"open","ping_status":"open","template":"","meta":{"ngg_post_thumbnail":0,"footnotes":"","_mc_calendar":[]},"aioseo_notices":[],"_links":{"self":[{"href":"https:\/\/blogsaverroes.juntadeandalucia.es\/iesseneca\/wp-json\/wp\/v2\/pages\/200"}],"collection":[{"href":"https:\/\/blogsaverroes.juntadeandalucia.es\/iesseneca\/wp-json\/wp\/v2\/pages"}],"about":[{"href":"https:\/\/blogsaverroes.juntadeandalucia.es\/iesseneca\/wp-json\/wp\/v2\/types\/page"}],"author":[{"embeddable":true,"href":"https:\/\/blogsaverroes.juntadeandalucia.es\/iesseneca\/wp-json\/wp\/v2\/users\/1"}],"replies":[{"embeddable":true,"href":"https:\/\/blogsaverroes.juntadeandalucia.es\/iesseneca\/wp-json\/wp\/v2\/comments?post=200"}],"version-history":[{"count":7,"href":"https:\/\/blogsaverroes.juntadeandalucia.es\/iesseneca\/wp-json\/wp\/v2\/pages\/200\/revisions"}],"predecessor-version":[{"id":3596,"href":"https:\/\/blogsaverroes.juntadeandalucia.es\/iesseneca\/wp-json\/wp\/v2\/pages\/200\/revisions\/3596"}],"wp:attachment":[{"href":"https:\/\/blogsaverroes.juntadeandalucia.es\/iesseneca\/wp-json\/wp\/v2\/media?parent=200"}],"curies":[{"name":"wp","href":"https:\/\/api.w.org\/{rel}","templated":true}]}}