{"id":2453,"date":"2020-11-17T17:26:33","date_gmt":"2020-11-17T17:26:33","guid":{"rendered":"https:\/\/blogsaverroes.juntadeandalucia.es\/iesseneca\/?page_id=2453"},"modified":"2026-05-05T05:25:20","modified_gmt":"2026-05-05T05:25:20","slug":"selectividad","status":"publish","type":"page","link":"https:\/\/blogsaverroes.juntadeandalucia.es\/iesseneca\/secretaria\/selectividad\/","title":{"rendered":"PEvAU"},"content":{"rendered":"<p style=\"text-align: justify\">El calendario y horario de la Prueba de Acceso a la Universidad y Pruebas de Admisi\u00f3n, convocatoria ordinaria de junio 2026, podr\u00e1 consultarse en:&nbsp;<strong><a href=\"http:\/\/www.uco.es\/pie\/acceso-pau\" target=\"_blank\" rel=\"noopener\" data-saferedirecturl=\"https:\/\/www.google.com\/url?q=http:\/\/www.uco.es\/pie\/acceso-pau&amp;source=gmail&amp;ust=1777976689726000&amp;usg=AOvVaw3NhOIbZ6F2BmvGDAylF2U4\">http:\/\/www.uco.es\/pie\/acceso-pau<\/a><\/strong>, junto con m\u00e1s informaci\u00f3n de inter\u00e9s relativa a la prueba.<\/p>\n<p style=\"text-align: justify\">Nuestra sede para realizar la prueba es la n\u00ba 6 Facultad de Medicina y Enfermer\u00eda, Edificio Sur, situada en Avenida Men\u00e9ndez Pidal s\/n C\u00f3rdoba.<\/p>\n<p style=\"text-align: justify\">Para la realizaci\u00f3n de las pruebas es necesario primero registrarse y luego matricularse, todo el proceso es telem\u00e1tico y el procedimiento se explica en el enlace anterior de la Pau.<\/p>\n<p style=\"text-align: justify\">Pero les recordamos los plazos.<\/p>\n<p style=\"text-align: justify\">Plazo de registro:<br \/>\nConvocatoria ordinaria: del 4 al 22 de mayo de 2026<\/p>\n<p style=\"text-align: justify\">Plazo de matr\u00edcula:<\/p>\n<p style=\"text-align: justify\">Convocatoria ordinaria: del 19 al 27 de mayo de 2026.<\/p>\n<p style=\"text-align: justify\">Adjuntamos la informaci\u00f3n del proceso general y las instrucciones de la delegaci\u00f3n para el registro en la misma..&nbsp;<\/p>\n<p><strong><a href=\"https:\/\/blogsaverroes.juntadeandalucia.es\/iesseneca\/files\/2026\/05\/Registro_y_Matriculacion_PAU.pdf\">Registro_y_Matriculacio\u0301n_PAU<\/a> <\/strong><\/p>\n<p><strong><a href=\"https:\/\/blogsaverroes.juntadeandalucia.es\/iesseneca\/files\/2026\/05\/Instrucciones_de_registro_PAU-2025_2026-1.pdf\">Instrucciones_de_registro_PAU-2025_2026<\/a><\/strong><\/p>\n","protected":false},"excerpt":{"rendered":"<p>El calendario y horario de la Prueba de Acceso a la Universidad y Pruebas de Admisi\u00f3n, convocatoria ordinaria de junio 2026, podr\u00e1 consultarse en:&nbsp;http:\/\/www.uco.es\/pie\/acceso-pau, junto con m\u00e1s informaci\u00f3n de inter\u00e9s relativa a la prueba.&#46;&#46;&#46;<\/p>\n","protected":false},"author":11434,"featured_media":0,"parent":77,"menu_order":0,"comment_status":"closed","ping_status":"closed","template":"page-templates\/child-menu.php","meta":{"ngg_post_thumbnail":0,"footnotes":"","_mc_calendar":[]},"aioseo_notices":[],"_links":{"self":[{"href":"https:\/\/blogsaverroes.juntadeandalucia.es\/iesseneca\/wp-json\/wp\/v2\/pages\/2453"}],"collection":[{"href":"https:\/\/blogsaverroes.juntadeandalucia.es\/iesseneca\/wp-json\/wp\/v2\/pages"}],"about":[{"href":"https:\/\/blogsaverroes.juntadeandalucia.es\/iesseneca\/wp-json\/wp\/v2\/types\/page"}],"author":[{"embeddable":true,"href":"https:\/\/blogsaverroes.juntadeandalucia.es\/iesseneca\/wp-json\/wp\/v2\/users\/11434"}],"replies":[{"embeddable":true,"href":"https:\/\/blogsaverroes.juntadeandalucia.es\/iesseneca\/wp-json\/wp\/v2\/comments?post=2453"}],"version-history":[{"count":62,"href":"https:\/\/blogsaverroes.juntadeandalucia.es\/iesseneca\/wp-json\/wp\/v2\/pages\/2453\/revisions"}],"predecessor-version":[{"id":6812,"href":"https:\/\/blogsaverroes.juntadeandalucia.es\/iesseneca\/wp-json\/wp\/v2\/pages\/2453\/revisions\/6812"}],"up":[{"embeddable":true,"href":"https:\/\/blogsaverroes.juntadeandalucia.es\/iesseneca\/wp-json\/wp\/v2\/pages\/77"}],"wp:attachment":[{"href":"https:\/\/blogsaverroes.juntadeandalucia.es\/iesseneca\/wp-json\/wp\/v2\/media?parent=2453"}],"curies":[{"name":"wp","href":"https:\/\/api.w.org\/{rel}","templated":true}]}}