{"id":2481,"date":"2020-11-17T18:49:15","date_gmt":"2020-11-17T18:49:15","guid":{"rendered":"https:\/\/blogsaverroes.juntadeandalucia.es\/iesseneca\/?page_id=2481"},"modified":"2021-01-23T19:13:01","modified_gmt":"2021-01-23T19:13:01","slug":"historia","status":"publish","type":"page","link":"https:\/\/blogsaverroes.juntadeandalucia.es\/iesseneca\/historia\/","title":{"rendered":"Historia"},"content":{"rendered":"<p><span style=\"color: #000000\"><strong>HISTORIA<a style=\"color: #000000\" href=\"https:\/\/blogsaverroes.juntadeandalucia.es\/iesseneca\/files\/2020\/11\/historia.jpg\"><img loading=\"lazy\" decoding=\"async\" class=\"alignleft size-medium wp-image-2482\" src=\"https:\/\/blogsaverroes.juntadeandalucia.es\/iesseneca\/files\/2020\/11\/historia-300x173.jpg\" alt=\"Instituto nacional de ense\u00f1anza media masculino\" width=\"300\" height=\"173\" srcset=\"https:\/\/blogsaverroes.juntadeandalucia.es\/iesseneca\/files\/2020\/11\/historia-300x173.jpg 300w, https:\/\/blogsaverroes.juntadeandalucia.es\/iesseneca\/files\/2020\/11\/historia-24x14.jpg 24w, https:\/\/blogsaverroes.juntadeandalucia.es\/iesseneca\/files\/2020\/11\/historia-36x21.jpg 36w, https:\/\/blogsaverroes.juntadeandalucia.es\/iesseneca\/files\/2020\/11\/historia-48x28.jpg 48w, https:\/\/blogsaverroes.juntadeandalucia.es\/iesseneca\/files\/2020\/11\/historia.jpg 500w\" sizes=\"(max-width: 300px) 100vw, 300px\" \/><\/a><\/strong><\/span><\/p>\n<p style=\"text-align: justify\"><span style=\"color: #000000\">En el 2018 el IES S\u00e9neca fue nombrado Instituto Hist\u00f3rico Educativo de Andaluc\u00eda. Su rica memoria depositada en la trayectoria pedag\u00f3gica o personal de quienes formaron parte de su comunidad educativa, los fondos y recursos vinculados a su historia como instituci\u00f3n docente, contribuyen a forjar una parte de la historia de Andaluc\u00eda.<\/span><\/p>\n<p style=\"text-align: justify\"><span style=\"color: #000000\">El Instituto \u201cS\u00e9neca\u201d, como Instituci\u00f3n, es el heredero y depositario del antiguo Colegio de la Asunci\u00f3n, fundado por Pedro L\u00f3pez de Alba, m\u00e9dico de Carlos V, a requerimiento de San Juan de \u00c1vila, como prueba la documentaci\u00f3n custodiada en los archivos del Centro.<\/span><\/p>\n<p style=\"text-align: justify\"><span style=\"color: #000000\">El Colegio de la Asunci\u00f3n funcionaba ya desde 1569, aunque fue erigido el 15 de agosto de 1577 por bula del papa Gregorio XIII. El fin de su fundaci\u00f3n fue la de acoger a los estudiantes pobres que pensaban dedicarse al sacerdocio. En 1584 es declarado \u201cSeminario\u201d<b>&nbsp;<\/b><\/span><\/p>\n<p style=\"text-align: justify\"><span style=\"color: #000000\">Poco despu\u00e9s, el colegio pas\u00f3 a manos de los jesuitas, que lo regentaron espiritual, acad\u00e9mica y econ\u00f3micamente, recibiendo los estudiantes clases en el colegio de Santa Catalina o Colegio de la Compa\u00f1\u00eda.&nbsp;<\/span><\/p>\n<p style=\"text-align: justify\"><span style=\"color: #000000\">Tras la expulsi\u00f3n de los jesuitas de Espa\u00f1a, en 1767, el Colegio de la Asunci\u00f3n pas\u00f3 a depender del Patronato Real, denomin\u00e1ndose desde entonces Real Colegio Seminario de Te\u00f3logos de Nuestra Se\u00f1ora de la Asunci\u00f3n de C\u00f3rdoba.<\/span><\/p>\n<p style=\"text-align: justify\"><span style=\"color: #000000\">Por una Real Orden de Isabel II, el 29 de abril de 1847 se constituye como Instituto Provincial de ense\u00f1anza, situ\u00e1ndose en el Real Colegio de la Asunci\u00f3n el Instituto Provincial de C\u00f3rdoba.<\/span><\/p>\n<p style=\"text-align: justify\"><span style=\"color: #000000\">En 1887 el Instituto deja de ser Instituto Provincial y pasa a ser Nacional.<\/span><\/p>\n<p style=\"text-align: justify\"><span style=\"color: #000000\">Tras la guerra Civil, en 1940, siendo director don Perfecto Garc\u00eda Conejero el Estado hab\u00eda comprado 38.000 metros cuadrados en los Jardines y Huerta del Alc\u00e1zar de los Califas, para campos de Deportes. Estos se truecan por otros situados cerca del r\u00edo, los que ahora son la ubicaci\u00f3n actual del centro.&nbsp;<\/span><\/p>\n<p style=\"text-align: justify\"><span style=\"color: #000000\">A\u00f1os despu\u00e9s, en los 60, siendo Director del Instituto don Rogelio Fortea, por un Decreto de 12 de abril de 1962, se establece la creaci\u00f3n de un Instituto femenino, indicando que \u201cel actual Instituto mixto de C\u00f3rdoba quedar\u00e1 transformado en Instituto masculino\u201d (Bolet\u00edn-Gaceta 5 mayo 1962, n\u00ba 108). Don Rogelio Fortea tiene opci\u00f3n para decidir y resuelve trasladar el Instituto masculino (el antiguo) a este edificio, a esta ubicaci\u00f3n actual, por disponer terrenos para campos de deportes. Se trae todo el material, biblioteca, laboratorios y la documentaci\u00f3n de todos los a\u00f1os de su existencia. Se inaugura el nuevo edificio, seg\u00fan consta en el Libro de Actas del Claustro del Centro, el d\u00eda 23 de mayo de 1966. Queda, pues, el viejo edificio como Instituto de nueva creaci\u00f3n, el femenino, que \u201cdeber\u00e1 iniciar sus actividades en el a\u00f1o acad\u00e9mico 1962-63\u201d&nbsp;&nbsp;<\/span><\/p>\n<p style=\"text-align: justify\"><span style=\"color: #000000\">En el curso 1977-78 el Instituto masculino pasar\u00e1, al igual que el nuevo femenino, a ser \u201cmixto\u201d.<\/span><\/p>\n<p style=\"text-align: justify\"><span style=\"color: #000000\">Numerosas personalidades han estado vinculadas al Instituto \u201cS\u00e9neca\u201d, entre otras: Luis Ram\u00edrez de las Casas Deza, Antonio Ja\u00e9n Morente, Jos\u00e9 de la Torre y del Cerro, Jos\u00e9 Mar\u00eda Rey D\u00edaz, Juan G\u00f3mez Crespo, Manuel de Sandoval, Mateo Inurria, Luisa Revuelta, Julio Romero de Torres, Rafael V\u00e1zquez Aroca, Pablo Garc\u00eda Baena, Ricardo Molina, Antonio Gala, Julio Anguita.&nbsp;<\/span><\/p>\n<p style=\"text-align: justify\"><span style=\"color: #000000\">La historia de la ense\u00f1anza en C\u00f3rdoba, el nervio de la historia, sus ra\u00edces, los libros, el material cient\u00edfico, como testimonio del tiempo y la continuidad, no se puede entender sin el Instituto \u201cS\u00e9neca\u201d, que es un referente de calidad en la educaci\u00f3n p\u00fablica de nuestra Comunidad aut\u00f3noma.<\/span><\/p>\n","protected":false},"excerpt":{"rendered":"<p>HISTORIA En el 2018 el IES S\u00e9neca fue nombrado Instituto Hist\u00f3rico Educativo de Andaluc\u00eda. Su rica memoria depositada en la trayectoria pedag\u00f3gica o personal de quienes formaron parte de su comunidad educativa, los fondos&#46;&#46;&#46;<\/p>\n","protected":false},"author":11434,"featured_media":0,"parent":0,"menu_order":0,"comment_status":"closed","ping_status":"closed","template":"","meta":{"ngg_post_thumbnail":0,"footnotes":"","_mc_calendar":[]},"aioseo_notices":[],"_links":{"self":[{"href":"https:\/\/blogsaverroes.juntadeandalucia.es\/iesseneca\/wp-json\/wp\/v2\/pages\/2481"}],"collection":[{"href":"https:\/\/blogsaverroes.juntadeandalucia.es\/iesseneca\/wp-json\/wp\/v2\/pages"}],"about":[{"href":"https:\/\/blogsaverroes.juntadeandalucia.es\/iesseneca\/wp-json\/wp\/v2\/types\/page"}],"author":[{"embeddable":true,"href":"https:\/\/blogsaverroes.juntadeandalucia.es\/iesseneca\/wp-json\/wp\/v2\/users\/11434"}],"replies":[{"embeddable":true,"href":"https:\/\/blogsaverroes.juntadeandalucia.es\/iesseneca\/wp-json\/wp\/v2\/comments?post=2481"}],"version-history":[{"count":7,"href":"https:\/\/blogsaverroes.juntadeandalucia.es\/iesseneca\/wp-json\/wp\/v2\/pages\/2481\/revisions"}],"predecessor-version":[{"id":3221,"href":"https:\/\/blogsaverroes.juntadeandalucia.es\/iesseneca\/wp-json\/wp\/v2\/pages\/2481\/revisions\/3221"}],"wp:attachment":[{"href":"https:\/\/blogsaverroes.juntadeandalucia.es\/iesseneca\/wp-json\/wp\/v2\/media?parent=2481"}],"curies":[{"name":"wp","href":"https:\/\/api.w.org\/{rel}","templated":true}]}}