{"id":2535,"date":"2020-11-22T10:25:53","date_gmt":"2020-11-22T10:25:53","guid":{"rendered":"https:\/\/blogsaverroes.juntadeandalucia.es\/iesseneca\/?page_id=2535"},"modified":"2024-10-09T11:38:01","modified_gmt":"2024-10-09T11:38:01","slug":"criterios-de-evaluacion-y-calificacion","status":"publish","type":"page","link":"https:\/\/blogsaverroes.juntadeandalucia.es\/iesseneca\/educacion-fisica\/criterios-de-evaluacion-y-calificacion\/","title":{"rendered":"Criterios de Evaluaci\u00f3n y Calificaci\u00f3n"},"content":{"rendered":"<p><span style=\"color: #000000\">Criterios de evaluaci\u00f3n para Educaci\u00f3n F\u00edsica, curso 2024-2025:<\/span><\/p>\n<p><strong><a href=\"https:\/\/blogsaverroes.juntadeandalucia.es\/iesseneca\/files\/2023\/10\/Criterios-de-evaluaci\u00f3n-1\u00ba-y-2\u00ba-ESO.docx\">Criterios de evaluaci\u00f3n 1\u00ba y 2\u00ba ESO<\/a><\/strong><\/p>\n<p><strong><a href=\"https:\/\/blogsaverroes.juntadeandalucia.es\/iesseneca\/files\/2023\/10\/Criterios-de-evaluaci\u00f3n-3\u00ba-y-4\u00ba.docx\">Criterios de evaluaci\u00f3n 3\u00ba y 4\u00ba ESO<\/a><\/strong><\/p>\n<p><strong><a href=\"https:\/\/blogsaverroes.juntadeandalucia.es\/iesseneca\/files\/2023\/10\/BACHILLERATO.docx\">Criterios de evaluaci\u00f3n BACHILLERATO<\/a><\/strong><\/p>\n<p><strong><a href=\"https:\/\/blogsaverroes.juntadeandalucia.es\/iesseneca\/files\/2024\/10\/ACTIVIDAD-FISICA-SALUD-y-SOCIEDAD.pdf\">Criterios de evaluaci\u00f3n de Actividad F\u00edsica, Salud y Sociedad<\/a><\/strong><\/p>\n","protected":false},"excerpt":{"rendered":"<p>Criterios de evaluaci\u00f3n para Educaci\u00f3n F\u00edsica, curso 2024-2025: Criterios de evaluaci\u00f3n 1\u00ba y 2\u00ba ESO Criterios de evaluaci\u00f3n 3\u00ba y 4\u00ba ESO Criterios de evaluaci\u00f3n BACHILLERATO Criterios de evaluaci\u00f3n de Actividad F\u00edsica, Salud y&#46;&#46;&#46;<\/p>\n","protected":false},"author":11434,"featured_media":0,"parent":176,"menu_order":0,"comment_status":"closed","ping_status":"closed","template":"","meta":{"ngg_post_thumbnail":0,"footnotes":"","_mc_calendar":[]},"aioseo_notices":[],"_links":{"self":[{"href":"https:\/\/blogsaverroes.juntadeandalucia.es\/iesseneca\/wp-json\/wp\/v2\/pages\/2535"}],"collection":[{"href":"https:\/\/blogsaverroes.juntadeandalucia.es\/iesseneca\/wp-json\/wp\/v2\/pages"}],"about":[{"href":"https:\/\/blogsaverroes.juntadeandalucia.es\/iesseneca\/wp-json\/wp\/v2\/types\/page"}],"author":[{"embeddable":true,"href":"https:\/\/blogsaverroes.juntadeandalucia.es\/iesseneca\/wp-json\/wp\/v2\/users\/11434"}],"replies":[{"embeddable":true,"href":"https:\/\/blogsaverroes.juntadeandalucia.es\/iesseneca\/wp-json\/wp\/v2\/comments?post=2535"}],"version-history":[{"count":9,"href":"https:\/\/blogsaverroes.juntadeandalucia.es\/iesseneca\/wp-json\/wp\/v2\/pages\/2535\/revisions"}],"predecessor-version":[{"id":6232,"href":"https:\/\/blogsaverroes.juntadeandalucia.es\/iesseneca\/wp-json\/wp\/v2\/pages\/2535\/revisions\/6232"}],"up":[{"embeddable":true,"href":"https:\/\/blogsaverroes.juntadeandalucia.es\/iesseneca\/wp-json\/wp\/v2\/pages\/176"}],"wp:attachment":[{"href":"https:\/\/blogsaverroes.juntadeandalucia.es\/iesseneca\/wp-json\/wp\/v2\/media?parent=2535"}],"curies":[{"name":"wp","href":"https:\/\/api.w.org\/{rel}","templated":true}]}}