{"id":2591,"date":"2020-11-22T10:58:34","date_gmt":"2020-11-22T10:58:34","guid":{"rendered":"https:\/\/blogsaverroes.juntadeandalucia.es\/iesseneca\/?page_id=2591"},"modified":"2025-10-05T17:54:09","modified_gmt":"2025-10-05T17:54:09","slug":"criterios-de-evaluacion-y-calificacion","status":"publish","type":"page","link":"https:\/\/blogsaverroes.juntadeandalucia.es\/iesseneca\/frances\/criterios-de-evaluacion-y-calificacion\/","title":{"rendered":"Criterios de Evaluaci\u00f3n y Calificaci\u00f3n"},"content":{"rendered":"<p style=\"text-align: justify\"><span style=\"color: #000000\">Criterios de evaluaci\u00f3n para Franc\u00e9s, curso 2025-2026:<\/span><\/p>\n<p style=\"text-align: justify\"><strong><a href=\"https:\/\/blogsaverroes.juntadeandalucia.es\/iesseneca\/files\/2024\/09\/FRANCES-Criterios-de-evaluacion-1eso-para-web.pdf\">FRANC\u00c9S Criterios de evaluaci\u00f3n 1 ESO<\/a><\/strong><\/p>\n<p style=\"text-align: justify\"><strong><a href=\"https:\/\/blogsaverroes.juntadeandalucia.es\/iesseneca\/files\/2024\/09\/FRANCES-Criterios-de-evaluacion-2eso-para-web.pdf\">FRANC\u00c9S Criterios de evaluaci\u00f3n 2 ESO<\/a><\/strong><\/p>\n<p style=\"text-align: justify\"><strong><a href=\"https:\/\/blogsaverroes.juntadeandalucia.es\/iesseneca\/files\/2024\/09\/FRANCES-Criterios-de-evaluacion-3eso-para-web.pdf\">FRANC\u00c9S Criterios de evaluaci\u00f3n 3 ESO<\/a><\/strong><\/p>\n<p style=\"text-align: justify\"><strong><a href=\"https:\/\/blogsaverroes.juntadeandalucia.es\/iesseneca\/files\/2024\/09\/FRANCES-Criterios-de-evaluacion-4eso-para-web.pdf\">FRANC\u00c9S Criterios de evaluaci\u00f3n 4 ESO<\/a><\/strong><\/p>\n<p style=\"text-align: justify\"><strong><a href=\"https:\/\/blogsaverroes.juntadeandalucia.es\/iesseneca\/files\/2024\/09\/FRANCES-Criterios-de-evaluacion-1bach-para-web.pdf\">FRANC\u00c9S Criterios de evaluaci\u00f3n 1 Bachillerato<\/a><\/strong><\/p>\n<p style=\"text-align: justify\"><strong><a href=\"https:\/\/blogsaverroes.juntadeandalucia.es\/iesseneca\/files\/2024\/09\/FRANCES-Criterios-de-evaluacion-2bach-para-web.pdf\">FRANC\u00c9S Criterios de evaluaci\u00f3n 2 Bachillerato<\/a><\/strong><\/p>\n<p>&nbsp;<\/p>\n","protected":false},"excerpt":{"rendered":"<p>Criterios de evaluaci\u00f3n para Franc\u00e9s, curso 2025-2026: FRANC\u00c9S Criterios de evaluaci\u00f3n 1 ESO FRANC\u00c9S Criterios de evaluaci\u00f3n 2 ESO FRANC\u00c9S Criterios de evaluaci\u00f3n 3 ESO FRANC\u00c9S Criterios de evaluaci\u00f3n 4 ESO FRANC\u00c9S Criterios de&#46;&#46;&#46;<\/p>\n","protected":false},"author":11434,"featured_media":0,"parent":150,"menu_order":0,"comment_status":"closed","ping_status":"closed","template":"","meta":{"ngg_post_thumbnail":0,"footnotes":"","_mc_calendar":[]},"aioseo_notices":[],"_links":{"self":[{"href":"https:\/\/blogsaverroes.juntadeandalucia.es\/iesseneca\/wp-json\/wp\/v2\/pages\/2591"}],"collection":[{"href":"https:\/\/blogsaverroes.juntadeandalucia.es\/iesseneca\/wp-json\/wp\/v2\/pages"}],"about":[{"href":"https:\/\/blogsaverroes.juntadeandalucia.es\/iesseneca\/wp-json\/wp\/v2\/types\/page"}],"author":[{"embeddable":true,"href":"https:\/\/blogsaverroes.juntadeandalucia.es\/iesseneca\/wp-json\/wp\/v2\/users\/11434"}],"replies":[{"embeddable":true,"href":"https:\/\/blogsaverroes.juntadeandalucia.es\/iesseneca\/wp-json\/wp\/v2\/comments?post=2591"}],"version-history":[{"count":12,"href":"https:\/\/blogsaverroes.juntadeandalucia.es\/iesseneca\/wp-json\/wp\/v2\/pages\/2591\/revisions"}],"predecessor-version":[{"id":6603,"href":"https:\/\/blogsaverroes.juntadeandalucia.es\/iesseneca\/wp-json\/wp\/v2\/pages\/2591\/revisions\/6603"}],"up":[{"embeddable":true,"href":"https:\/\/blogsaverroes.juntadeandalucia.es\/iesseneca\/wp-json\/wp\/v2\/pages\/150"}],"wp:attachment":[{"href":"https:\/\/blogsaverroes.juntadeandalucia.es\/iesseneca\/wp-json\/wp\/v2\/media?parent=2591"}],"curies":[{"name":"wp","href":"https:\/\/api.w.org\/{rel}","templated":true}]}}