{"id":2755,"date":"2020-11-22T18:52:29","date_gmt":"2020-11-22T18:52:29","guid":{"rendered":"https:\/\/blogsaverroes.juntadeandalucia.es\/iesseneca\/?page_id=2755"},"modified":"2023-03-20T11:33:19","modified_gmt":"2023-03-20T11:33:19","slug":"oferta-educativa","status":"publish","type":"page","link":"https:\/\/blogsaverroes.juntadeandalucia.es\/iesseneca\/oferta-educativa\/","title":{"rendered":"Oferta Educativa"},"content":{"rendered":"<p><span style=\"color: #000000\"><strong>EDUCACI\u00d3N SECUNDARIA<\/strong><\/span><\/p>\n<p><span style=\"color: #000000\"><strong>Primer y Segundo Cursos de Educaci\u00f3n Secundaria Obligatoria<\/strong><\/span><\/p>\n<ul class=\"spip\">\n<li><span style=\"color: #000000\">1\u00ba de E.S.O.<\/span><\/li>\n<li><span style=\"color: #000000\">2\u00ba de E.S.O.<\/span><\/li>\n<\/ul>\n<p><span style=\"color: #000000\"><strong>Tercer y Cuarto Cursos de Educaci\u00f3n Secundaria Obligatoria<\/strong><\/span><\/p>\n<ul class=\"spip\">\n<li><span style=\"color: #000000\">3\u00ba de E.S.O.<\/span><\/li>\n<li><span style=\"color: #000000\">4\u00ba de E.S.O.<\/span><\/li>\n<\/ul>\n<p><span style=\"color: #000000\"><strong>Bachillerato<\/strong><\/span><\/p>\n<ul class=\"spip\">\n<li><span style=\"color: #000000\">1\u00ba de Bachillerato (Ciencias)<\/span><\/li>\n<li><span style=\"color: #000000\">1\u00ba de Bachillerato (Humanidades y Ciencias Sociales (Lomce))<\/span><\/li>\n<li><span style=\"color: #000000\">2\u00ba de Bachillerato (Ciencias)<\/span><\/li>\n<li><span style=\"color: #000000\">2\u00ba de Bachillerato (Humanidades y Ciencias Sociales (Lomce))<\/span><\/li>\n<\/ul>\n<div class=\"gmail_default\"><strong>Formaci\u00f3n Profesional Inicial de Grado Medio<\/strong><\/div>\n<ul>\n<li class=\"gmail_default\">1\u00ba F.P.I.G.M. T\u00e9cnico en Obras de Interior, Decoraci\u00f3n y Rehabilitaci\u00f3n.<\/li>\n<li class=\"gmail_default\">2\u00ba F.P.I.G.M. T\u00e9cnico en Obras de Interior, Decoraci\u00f3n y Rehabilitaci\u00f3n.<\/li>\n<\/ul>\n<p><span style=\"color: #000000\"><strong>Formaci\u00f3n Profesional Inicial de Grado Superior<\/strong><\/span><\/p>\n<ul class=\"spip\">\n<li><span style=\"color: #000000\">1\u00ba F.P.I.G.S. (Proyectos de Edificaci\u00f3n)<\/span><\/li>\n<li><span style=\"color: #000000\">1\u00ba F.P.I.G.S. (Proyectos de Obra Civil)<\/span><\/li>\n<li><span style=\"color: #000000\">2\u00ba F.P.I.G.S. (Proyectos de Edificaci\u00f3n)<\/span><\/li>\n<li><span style=\"color: #000000\">2\u00ba F.P.I.G.S. (Proyectos de Obra Civil)<\/span><\/li>\n<\/ul>\n<p><span style=\"color: #000000\"><strong>EDUCACI\u00d3N SECUNDARIA PARA ADULTOS<\/strong><\/span><\/p>\n<p><span style=\"color: #000000\"><strong>Educaci\u00f3n Secundaria Obligatoria para Personas Adultas<br class=\"autobr\">E.S.O. Para Personas Adultas: Modalidad Presencial<\/strong><\/span><\/p>\n<ul class=\"spip\">\n<li><span style=\"color: #000000\">Nivel II Esa Presencial<\/span><\/li>\n<\/ul>\n<p><span style=\"color: #000000\"><strong>Bachillerato para Personas Adultas: Presencial<\/strong><\/span><\/p>\n<ul class=\"spip\">\n<li><span style=\"color: #000000\">1\u00ba Bach.Pers.Adul. (Pres.) (Ciencias)<\/span><\/li>\n<li><span style=\"color: #000000\">1\u00ba Bach.Pers.Adul. (Pres.) (Humanidades y Ciencias Sociales (Lomce))<\/span><\/li>\n<li><span style=\"color: #000000\">2\u00ba Bach.Pers.Adul. (Pres.) (Ciencias)<\/span><\/li>\n<li><span style=\"color: #000000\">2\u00ba Bach.Pers.Adul. (Pres.) (Humanidades y Ciencias Sociales (Lomce))<\/span><\/li>\n<\/ul>\n","protected":false},"excerpt":{"rendered":"<p>EDUCACI\u00d3N SECUNDARIA Primer y Segundo Cursos de Educaci\u00f3n Secundaria Obligatoria 1\u00ba de E.S.O. 2\u00ba de E.S.O. Tercer y Cuarto Cursos de Educaci\u00f3n Secundaria Obligatoria 3\u00ba de E.S.O. 4\u00ba de E.S.O. Bachillerato 1\u00ba de Bachillerato&#46;&#46;&#46;<\/p>\n","protected":false},"author":11434,"featured_media":0,"parent":0,"menu_order":0,"comment_status":"closed","ping_status":"closed","template":"page-templates\/child-menu.php","meta":{"ngg_post_thumbnail":0,"footnotes":"","_mc_calendar":[]},"aioseo_notices":[],"_links":{"self":[{"href":"https:\/\/blogsaverroes.juntadeandalucia.es\/iesseneca\/wp-json\/wp\/v2\/pages\/2755"}],"collection":[{"href":"https:\/\/blogsaverroes.juntadeandalucia.es\/iesseneca\/wp-json\/wp\/v2\/pages"}],"about":[{"href":"https:\/\/blogsaverroes.juntadeandalucia.es\/iesseneca\/wp-json\/wp\/v2\/types\/page"}],"author":[{"embeddable":true,"href":"https:\/\/blogsaverroes.juntadeandalucia.es\/iesseneca\/wp-json\/wp\/v2\/users\/11434"}],"replies":[{"embeddable":true,"href":"https:\/\/blogsaverroes.juntadeandalucia.es\/iesseneca\/wp-json\/wp\/v2\/comments?post=2755"}],"version-history":[{"count":3,"href":"https:\/\/blogsaverroes.juntadeandalucia.es\/iesseneca\/wp-json\/wp\/v2\/pages\/2755\/revisions"}],"predecessor-version":[{"id":5609,"href":"https:\/\/blogsaverroes.juntadeandalucia.es\/iesseneca\/wp-json\/wp\/v2\/pages\/2755\/revisions\/5609"}],"wp:attachment":[{"href":"https:\/\/blogsaverroes.juntadeandalucia.es\/iesseneca\/wp-json\/wp\/v2\/media?parent=2755"}],"curies":[{"name":"wp","href":"https:\/\/api.w.org\/{rel}","templated":true}]}}