{"id":2802,"date":"2020-11-23T12:37:47","date_gmt":"2020-11-23T12:37:47","guid":{"rendered":"https:\/\/blogsaverroes.juntadeandalucia.es\/iesseneca\/?page_id=2802"},"modified":"2022-06-02T16:13:10","modified_gmt":"2022-06-02T16:13:10","slug":"solicitud-de-titulos","status":"publish","type":"page","link":"https:\/\/blogsaverroes.juntadeandalucia.es\/iesseneca\/solicitud-de-titulos\/","title":{"rendered":"Solicitud de T\u00edtulos"},"content":{"rendered":"<p style=\"text-align: justify\">En el documento adjunto se detallan las instrucciones para solicitar la expedici\u00f3n de:<\/p>\n<p style=\"text-align: justify\">T\u00cdTULO DE BACHILLER.<\/p>\n<p style=\"text-align: justify\">T\u00cdTULO DE CICLO FORMATIVO DE GRADO SUPERIOR, seguir las instrucciones (y poner el enlace al documento)<\/p>\n<p style=\"text-align: justify\">La solicitud del&nbsp;T\u00cdTULO DE BACHILLER (B.U.P.)., se hace a trav\u00e9s de la Secretaria del centro, en horario de 10 a 13 h, o escribiendo un correo a&nbsp;<strong><a href=\"mailto:14002972.administracion@g.educaand.es\" target=\"_blank\" rel=\"noopener noreferrer\">14002972.administracion@g.educaand.es<\/a><\/strong><\/p>\n<p style=\"text-align: justify\">T\u00cdTULO DE GRADUADO\/A&nbsp;EN EDUCACI\u00d3N SECUNDARIA (E.S.O.):No es necesario solicitar el t\u00edtulo de la E.S.O. ni realizar ning\u00fan pago de tasa. Los t\u00edtulos de la E.S.O. son gratuitos y se emiten autom\u00e1ticamente por el Centro, una vez finalizada esta etapa educativa.<\/p>\n<p><strong><a href=\"https:\/\/blogsaverroes.juntadeandalucia.es\/iesseneca\/files\/2022\/06\/SOLICITUD-DE-EXPEDICIO\u0301N-DE-TI\u0301TULO-DE-BACHILLER-Y-CICLO-FORMATIVO.pdf\">SOLICITUD DE EXPEDICIO\u0301N DE TI\u0301TULO DE BACHILLER Y CICLO FORMATIVO<\/a><\/strong><\/p>\n","protected":false},"excerpt":{"rendered":"<p>En el documento adjunto se detallan las instrucciones para solicitar la expedici\u00f3n de: T\u00cdTULO DE BACHILLER. T\u00cdTULO DE CICLO FORMATIVO DE GRADO SUPERIOR, seguir las instrucciones (y poner el enlace al documento) La solicitud&#46;&#46;&#46;<\/p>\n","protected":false},"author":11434,"featured_media":0,"parent":0,"menu_order":0,"comment_status":"closed","ping_status":"closed","template":"","meta":{"ngg_post_thumbnail":0,"footnotes":"","_mc_calendar":[]},"aioseo_notices":[],"_links":{"self":[{"href":"https:\/\/blogsaverroes.juntadeandalucia.es\/iesseneca\/wp-json\/wp\/v2\/pages\/2802"}],"collection":[{"href":"https:\/\/blogsaverroes.juntadeandalucia.es\/iesseneca\/wp-json\/wp\/v2\/pages"}],"about":[{"href":"https:\/\/blogsaverroes.juntadeandalucia.es\/iesseneca\/wp-json\/wp\/v2\/types\/page"}],"author":[{"embeddable":true,"href":"https:\/\/blogsaverroes.juntadeandalucia.es\/iesseneca\/wp-json\/wp\/v2\/users\/11434"}],"replies":[{"embeddable":true,"href":"https:\/\/blogsaverroes.juntadeandalucia.es\/iesseneca\/wp-json\/wp\/v2\/comments?post=2802"}],"version-history":[{"count":6,"href":"https:\/\/blogsaverroes.juntadeandalucia.es\/iesseneca\/wp-json\/wp\/v2\/pages\/2802\/revisions"}],"predecessor-version":[{"id":5116,"href":"https:\/\/blogsaverroes.juntadeandalucia.es\/iesseneca\/wp-json\/wp\/v2\/pages\/2802\/revisions\/5116"}],"wp:attachment":[{"href":"https:\/\/blogsaverroes.juntadeandalucia.es\/iesseneca\/wp-json\/wp\/v2\/media?parent=2802"}],"curies":[{"name":"wp","href":"https:\/\/api.w.org\/{rel}","templated":true}]}}