{"id":2817,"date":"2020-11-24T11:58:58","date_gmt":"2020-11-24T11:58:58","guid":{"rendered":"https:\/\/blogsaverroes.juntadeandalucia.es\/iesseneca\/?page_id=2817"},"modified":"2022-02-14T17:26:55","modified_gmt":"2022-02-14T17:26:55","slug":"cfgs-edificacion-y-obra-civil","status":"publish","type":"page","link":"https:\/\/blogsaverroes.juntadeandalucia.es\/iesseneca\/cfgs-edificacion-y-obra-civil\/","title":{"rendered":"CFGS: Edificaci\u00f3n y Obra Civil"},"content":{"rendered":"<p style=\"text-align: justify\"><span style=\"color: #000000\"><strong>COMPOSICI\u00d3N DEL DEPARTAMENTO CURSO 2021\/2022<\/strong><\/span><\/p>\n<p style=\"text-align: justify\"><span style=\"color: #000000\"><br \/>\n<a style=\"color: #000000\" href=\"https:\/\/blogsaverroes.juntadeandalucia.es\/iesseneca\/files\/2020\/12\/logo-ancho-ciclos.jpg\"><img loading=\"lazy\" decoding=\"async\" class=\"alignright\" src=\"https:\/\/blogsaverroes.juntadeandalucia.es\/iesseneca\/files\/2020\/12\/logo-ancho-ciclos-300x250.jpg\" alt=\"\" width=\"300\" height=\"250\"><\/a><\/span>Miguel Alcocer Santaella<\/p>\n<p style=\"text-align: justify\">Eulalio Calder\u00f3n Mu\u00f1oz<\/p>\n<p style=\"text-align: justify\">Victoria de Juan de la Rosa<\/p>\n<p style=\"text-align: justify\">Francisca Villar Moreno<\/p>\n<p style=\"text-align: justify\">Ana Ma Garc\u00eda Sorl\u00f3zano<\/p>\n<p style=\"text-align: justify\">Manuel Parras Linde sustituido por Juli\u00e1n Carneros Aparicio<\/p>\n<p style=\"text-align: justify\">Miguel Jim\u00e9nez Cuesta<\/p>\n<p>&nbsp;<\/p>\n<p style=\"text-align: justify\"><span style=\"color: #000000\"><strong>T\u00c9CNICO SUPERIOR EN PROYECTOS DE EDIFICACI\u00d3N<\/strong><\/span><\/p>\n<p style=\"text-align: justify\"><span style=\"color: #000000\">Si quieres trabajar como:<\/span><\/p>\n<p style=\"text-align: justify\"><span style=\"color: #000000\">Delineante proyectista de edificaci\u00f3n, maquetista.<\/span><\/p>\n<p style=\"text-align: justify\"><span style=\"color: #000000\">T\u00e9cnico en control documental, especialista en replanteos de construcci\u00f3n<\/span><\/p>\n<p style=\"text-align: justify\"><span style=\"color: #000000\">T\u00e9cnico de eficiencia energ\u00e9tica de edificios.<\/span><\/p>\n<p style=\"text-align: justify\"><span style=\"color: #000000\">Este es tu sitio. Puedes encontrar m\u00e1s informaci\u00f3n siguiendo los enlaces:<\/span><\/p>\n<p><a href=\"https:\/\/www.juntadeandalucia.es\/educacion\/portals\/web\/formacion-profesional-andaluza\/fp-grado-superior\/detalle-titulo?idTitulo=60https:\/\/www.boe.es\/eli\/es\/o\/2010\/11\/02\/edu2889\" target=\"_blank\" rel=\"noopener noreferrer\"><strong>FPA: T\u00e9cnico Superior en Proyectos de Edificaci\u00f3n<\/strong><\/a><\/p>\n<p><strong><a href=\"https:\/\/www.boe.es\/eli\/es\/o\/2010\/11\/02\/edu2889\" target=\"_blank\" rel=\"noopener noreferrer\">Orden EDU\/2889\/2010, de 2 de noviembre, por la que se establece el curr\u00edculo del ciclo formativo de Grado Superior correspondiente al t\u00edtulo de T\u00e9cnico Superior en Proyectos de Edificaci\u00f3n<\/a><\/strong><\/p>\n<p style=\"text-align: justify\"><span style=\"color: #000000\">Si te atrae la modalidad DUAL, formarte en un entorno real de trabajo, en contacto con la realidad profesional, de una forma pr\u00e1ctica y mejorando no s\u00f3lo las competencias profesionales, sino tambi\u00e9n las habilidades sociales. Ofertamos plazas en DUAL, para este ciclo formativo. Si quieres conocer en profundidad esta formaci\u00f3n sigue el link.<\/span><\/p>\n<p><strong><a href=\"https:\/\/drive.google.com\/file\/d\/14B0ESAvuUhd2mOWAANeBw-QjS3gKbXsu\/view?usp=sharing\">V\u00eddeo Proyecto de Edificaci\u00f3n DUAL<\/a><\/strong><\/p>\n<p style=\"text-align: justify\"><a href=\"https:\/\/www.juntadeandalucia.es\/educacion\/portals\/web\/formacion-profesional-andaluza\/quiero-formarme\/modalidades\/fp-dual\" target=\"_blank\" rel=\"noopener noreferrer\"><strong>Modalidades FP DUAL<\/strong><\/a><\/p>\n<p><strong><a href=\"https:\/\/blogsaverroes.juntadeandalucia.es\/iesseneca\/files\/2021\/10\/PROYECTOS-DE-EDIFICACIO\u0301N-DUAL-1-1.pdf\">NUESTRO PROYECTO DUAL<\/a><\/strong><\/p>\n<p style=\"text-align: justify\"><span style=\"color: #000000\"><strong>T\u00c9CNICO SUPERIOR EN PROYECTOS DE OBRA CIVIL<\/strong><\/span><\/p>\n<p style=\"text-align: justify\"><span style=\"color: #000000\">Si quieres trabajar como:<\/span><\/p>\n<p style=\"text-align: justify\"><span style=\"color: #000000\">Delineante proyectista de obra civil, maquetista.<\/span><\/p>\n<p style=\"text-align: justify\"><span style=\"color: #000000\">Especialista en levantamiento de terrenos y construcciones.<\/span><\/p>\n<p style=\"text-align: justify\"><span style=\"color: #000000\">T\u00e9cnico de control documental.<\/span><\/p>\n<p style=\"text-align: justify\"><span style=\"color: #000000\">Tu sitio es este. Puedes encontrar m\u00e1s informaci\u00f3n siguiendo los enlace<\/span><\/p>\n<p><a href=\"https:\/\/www.juntadeandalucia.es\/educacion\/portals\/web\/formacion-profesional-andaluza\/fp-grado-superior\/detalle-titulo?idTitulo=77\"><strong>FPA: T\u00e9cnico superior en Proyectos de obra Civil<\/strong><\/a><\/p>\n<p style=\"text-align: justify\"><strong><a href=\"https:\/\/www.boe.es\/eli\/es\/o\/2011\/06\/01\/edu1546\" target=\"_blank\" rel=\"noopener noreferrer\">Orden EDU\/1546\/2011, de 1 de junio, por la que se establece el curr\u00edculo del ciclo formativo de Grado Superior correspondiente al t\u00edtulo de T\u00e9cnico Superior en Proyectos de Obra Civil.<\/a><\/strong><\/p>\n<p style=\"text-align: justify\"><span style=\"color: #000000\">El fomento del pluriling\u00fcismo y la interacci\u00f3n con empresas, del mismo \u00e1mbito profesional en distintos pa\u00edses de la Uni\u00f3n Europea, lo aseguramos mediante el programa Erasmus+ para educaci\u00f3n superior.<\/span><\/p>\n<table style=\"width: 99.226%\" width=\"566\" cellspacing=\"0\" cellpadding=\"7\">\n<colgroup>\n<col width=\"550\"> <\/colgroup>\n<tbody>\n<tr>\n<td style=\"width: 100%\" valign=\"top\" bgcolor=\"#a8d08d\" width=\"550\">\n<p style=\"text-align: justify\"><span style=\"color: #000000\">El aprendizaje que recibe nuestro alumnado se ve reforzado con la desinteresada colaboraci\u00f3n de empresas de C\u00f3rdoba y provincia a trav\u00e9s de la Formaci\u00f3n en Centros de Trabajo y del proyecto DUAL ofertado. Adem\u00e1s, ofrecemos becas Erasmus+ para estudiantes en pr\u00e1cticas. En la actualidad la demanda de trabajo es superior al n\u00famero de titulaciones<\/span><\/p>\n<\/td>\n<\/tr>\n<\/tbody>\n<\/table>\n<p>&nbsp;<\/p>\n<div class=\"pt-cv-wrapper\"><div class=\"pt-cv-view pt-cv-grid pt-cv-colsys\" id=\"pt-cv-view-426ba6e28u\"><div data-id=\"pt-cv-page-1\" class=\"pt-cv-page\" data-cvc=\"2\"><div class=\"col-md-6 col-sm-6 col-xs-12 pt-cv-content-item pt-cv-1-col\" ><div class='pt-cv-ifield'><a href=\"https:\/\/blogsaverroes.juntadeandalucia.es\/iesseneca\/fechas-examenes-finales-fp\/\" class=\"_self pt-cv-href-thumbnail pt-cv-thumb-default\" target=\"_self\" ><img loading=\"lazy\" decoding=\"async\" width=\"300\" height=\"172\" src=\"https:\/\/blogsaverroes.juntadeandalucia.es\/iesseneca\/files\/2021\/09\/escudo-1-300x172.png\" class=\"pt-cv-thumbnail\" alt=\"\" srcset=\"https:\/\/blogsaverroes.juntadeandalucia.es\/iesseneca\/files\/2021\/09\/escudo-1-300x172.png 300w, https:\/\/blogsaverroes.juntadeandalucia.es\/iesseneca\/files\/2021\/09\/escudo-1.png 561w\" sizes=\"(max-width: 300px) 100vw, 300px\" \/><\/a>\n<h4 class=\"pt-cv-title\"><a href=\"https:\/\/blogsaverroes.juntadeandalucia.es\/iesseneca\/fechas-examenes-finales-fp\/\" class=\"_self\" target=\"_self\" >Fechas ex\u00e1menes finales FP<\/a><\/h4>\n<div class=\"pt-cv-content\">Os dejamos una tabla con las fechas de los ex\u00e1menes finales de junio de ciclos: Fechas Ex\u00e1menes Junio 23 ...<br \/><div class=\"pt-cv-rmwrap\"><a href=\"https:\/\/blogsaverroes.juntadeandalucia.es\/iesseneca\/fechas-examenes-finales-fp\/\" class=\"_self pt-cv-readmore btn btn-success\" target=\"_self\">Leer M\u00e1s<\/a><\/div><\/div><\/div><\/div>\n<div class=\"col-md-6 col-sm-6 col-xs-12 pt-cv-content-item pt-cv-1-col\" ><div class='pt-cv-ifield'><a href=\"https:\/\/blogsaverroes.juntadeandalucia.es\/iesseneca\/presentacion-formacion-profesional-edificacion-y-obra-civil\/\" class=\"_self pt-cv-href-thumbnail pt-cv-thumb-default\" target=\"_self\" ><img loading=\"lazy\" decoding=\"async\" width=\"300\" height=\"168\" src=\"https:\/\/blogsaverroes.juntadeandalucia.es\/iesseneca\/files\/2023\/03\/Captura-de-pantalla-2023-03-09-a-las-19.12.05-300x168.png\" class=\"pt-cv-thumbnail\" alt=\"\" srcset=\"https:\/\/blogsaverroes.juntadeandalucia.es\/iesseneca\/files\/2023\/03\/Captura-de-pantalla-2023-03-09-a-las-19.12.05-300x168.png 300w, https:\/\/blogsaverroes.juntadeandalucia.es\/iesseneca\/files\/2023\/03\/Captura-de-pantalla-2023-03-09-a-las-19.12.05-1024x574.png 1024w, https:\/\/blogsaverroes.juntadeandalucia.es\/iesseneca\/files\/2023\/03\/Captura-de-pantalla-2023-03-09-a-las-19.12.05-768x430.png 768w, https:\/\/blogsaverroes.juntadeandalucia.es\/iesseneca\/files\/2023\/03\/Captura-de-pantalla-2023-03-09-a-las-19.12.05.png 1449w\" sizes=\"(max-width: 300px) 100vw, 300px\" \/><\/a>\n<h4 class=\"pt-cv-title\"><a href=\"https:\/\/blogsaverroes.juntadeandalucia.es\/iesseneca\/presentacion-formacion-profesional-edificacion-y-obra-civil\/\" class=\"_self\" target=\"_self\" >Presentaci\u00f3n Formaci\u00f3n Profesional Edificaci\u00f3n y Obra Civil<\/a><\/h4>\n<div class=\"pt-cv-content\">Presentaci\u00f3n con la informaci\u00f3n de la oferta educativa de Formaci\u00f3n Profesional del IES S\u00e9neca. Presentacio\u0301n padres ...<br \/><div class=\"pt-cv-rmwrap\"><a href=\"https:\/\/blogsaverroes.juntadeandalucia.es\/iesseneca\/presentacion-formacion-profesional-edificacion-y-obra-civil\/\" class=\"_self pt-cv-readmore btn btn-success\" target=\"_self\">Leer M\u00e1s<\/a><\/div><\/div><\/div><\/div>\n<div class=\"col-md-6 col-sm-6 col-xs-12 pt-cv-content-item pt-cv-1-col\" ><div class='pt-cv-ifield'><a href=\"https:\/\/blogsaverroes.juntadeandalucia.es\/iesseneca\/video-erasmus-en-malta\/\" class=\"_self pt-cv-href-thumbnail pt-cv-thumb-default\" target=\"_self\" ><img loading=\"lazy\" decoding=\"async\" width=\"300\" height=\"184\" src=\"https:\/\/blogsaverroes.juntadeandalucia.es\/iesseneca\/files\/2021\/06\/fotovideo-300x184.png\" class=\"pt-cv-thumbnail\" alt=\"\" srcset=\"https:\/\/blogsaverroes.juntadeandalucia.es\/iesseneca\/files\/2021\/06\/fotovideo-300x184.png 300w, https:\/\/blogsaverroes.juntadeandalucia.es\/iesseneca\/files\/2021\/06\/fotovideo-768x472.png 768w, https:\/\/blogsaverroes.juntadeandalucia.es\/iesseneca\/files\/2021\/06\/fotovideo.png 1010w\" sizes=\"(max-width: 300px) 100vw, 300px\" \/><\/a>\n<h4 class=\"pt-cv-title\"><a href=\"https:\/\/blogsaverroes.juntadeandalucia.es\/iesseneca\/video-erasmus-en-malta\/\" class=\"_self\" target=\"_self\" >V\u00eddeo Erasmus+ en Malta<\/a><\/h4>\n<div class=\"pt-cv-content\">El IES S\u00e9neca apuesta por la internacionalizaci\u00f3n de la educaci\u00f3n, ofreciendo movilidades de estudiantes para pr\u00e1cticas, en pa\u00edses de la ...<br \/><div class=\"pt-cv-rmwrap\"><a href=\"https:\/\/blogsaverroes.juntadeandalucia.es\/iesseneca\/video-erasmus-en-malta\/\" class=\"_self pt-cv-readmore btn btn-success\" target=\"_self\">Leer M\u00e1s<\/a><\/div><\/div><\/div><\/div><\/div><\/div><\/div>\n","protected":false},"excerpt":{"rendered":"<p>COMPOSICI\u00d3N DEL DEPARTAMENTO CURSO 2021\/2022 Miguel Alcocer Santaella Eulalio Calder\u00f3n Mu\u00f1oz Victoria de Juan de la Rosa Francisca Villar Moreno Ana Ma Garc\u00eda Sorl\u00f3zano Manuel Parras Linde sustituido por Juli\u00e1n Carneros Aparicio Miguel Jim\u00e9nez&#46;&#46;&#46;<\/p>\n","protected":false},"author":11434,"featured_media":0,"parent":0,"menu_order":0,"comment_status":"closed","ping_status":"closed","template":"page-templates\/child-menu.php","meta":{"ngg_post_thumbnail":0,"footnotes":"","_mc_calendar":[]},"aioseo_notices":[],"_links":{"self":[{"href":"https:\/\/blogsaverroes.juntadeandalucia.es\/iesseneca\/wp-json\/wp\/v2\/pages\/2817"}],"collection":[{"href":"https:\/\/blogsaverroes.juntadeandalucia.es\/iesseneca\/wp-json\/wp\/v2\/pages"}],"about":[{"href":"https:\/\/blogsaverroes.juntadeandalucia.es\/iesseneca\/wp-json\/wp\/v2\/types\/page"}],"author":[{"embeddable":true,"href":"https:\/\/blogsaverroes.juntadeandalucia.es\/iesseneca\/wp-json\/wp\/v2\/users\/11434"}],"replies":[{"embeddable":true,"href":"https:\/\/blogsaverroes.juntadeandalucia.es\/iesseneca\/wp-json\/wp\/v2\/comments?post=2817"}],"version-history":[{"count":17,"href":"https:\/\/blogsaverroes.juntadeandalucia.es\/iesseneca\/wp-json\/wp\/v2\/pages\/2817\/revisions"}],"predecessor-version":[{"id":4804,"href":"https:\/\/blogsaverroes.juntadeandalucia.es\/iesseneca\/wp-json\/wp\/v2\/pages\/2817\/revisions\/4804"}],"wp:attachment":[{"href":"https:\/\/blogsaverroes.juntadeandalucia.es\/iesseneca\/wp-json\/wp\/v2\/media?parent=2817"}],"curies":[{"name":"wp","href":"https:\/\/api.w.org\/{rel}","templated":true}]}}