{"id":2825,"date":"2020-11-24T12:01:47","date_gmt":"2020-11-24T12:01:47","guid":{"rendered":"https:\/\/blogsaverroes.juntadeandalucia.es\/iesseneca\/?page_id=2825"},"modified":"2025-03-04T12:24:15","modified_gmt":"2025-03-04T12:24:15","slug":"feie","status":"publish","type":"page","link":"https:\/\/blogsaverroes.juntadeandalucia.es\/iesseneca\/feie\/","title":{"rendered":"FEIE"},"content":{"rendered":"<p><a href=\"https:\/\/blogsaverroes.juntadeandalucia.es\/iesseneca\/files\/2021\/01\/FEIE-color-escalado.png\"><img loading=\"lazy\" decoding=\"async\" class=\"wp-image-3213 alignleft\" src=\"https:\/\/blogsaverroes.juntadeandalucia.es\/iesseneca\/files\/2021\/01\/FEIE-color-escalado.png\" alt=\"\" width=\"450\" height=\"100\" srcset=\"https:\/\/blogsaverroes.juntadeandalucia.es\/iesseneca\/files\/2021\/01\/FEIE-color-escalado.png 1000w, https:\/\/blogsaverroes.juntadeandalucia.es\/iesseneca\/files\/2021\/01\/FEIE-color-escalado-300x67.png 300w, https:\/\/blogsaverroes.juntadeandalucia.es\/iesseneca\/files\/2021\/01\/FEIE-color-escalado-768x170.png 768w, https:\/\/blogsaverroes.juntadeandalucia.es\/iesseneca\/files\/2021\/01\/FEIE-color-escalado-24x5.png 24w, https:\/\/blogsaverroes.juntadeandalucia.es\/iesseneca\/files\/2021\/01\/FEIE-color-escalado-36x8.png 36w, https:\/\/blogsaverroes.juntadeandalucia.es\/iesseneca\/files\/2021\/01\/FEIE-color-escalado-48x11.png 48w\" sizes=\"(max-width: 450px) 100vw, 450px\" \/><\/a><\/p>\n<p>&nbsp;<\/p>\n<p>&nbsp;<\/p>\n<p>&nbsp;<\/p>\n<p>&nbsp;<\/p>\n<p style=\"text-align: justify\"><span style=\"color: #000000\">El FEIE constituye un departamento basado en tres ejes importantes: <strong>FORMACI\u00d3N , EVALUACI\u00d3N E INNOVACI\u00d3N<\/strong>.&nbsp;<\/span><\/p>\n<p style=\"text-align: justify\"><span style=\"color: #000000\"><strong>FORMACI\u00d3N<a href=\"https:\/\/www.juntadeandalucia.es\/educacion\/portals\/web\/cep-cordoba\"><img loading=\"lazy\" decoding=\"async\" class=\"wp-image-3877 alignright\" src=\"https:\/\/blogsaverroes.juntadeandalucia.es\/iesseneca\/files\/2021\/02\/logoCEP-300x300.png\" alt=\"\" width=\"150\" height=\"150\" srcset=\"https:\/\/blogsaverroes.juntadeandalucia.es\/iesseneca\/files\/2021\/02\/logoCEP-300x300.png 300w, https:\/\/blogsaverroes.juntadeandalucia.es\/iesseneca\/files\/2021\/02\/logoCEP-1024x1024.png 1024w, https:\/\/blogsaverroes.juntadeandalucia.es\/iesseneca\/files\/2021\/02\/logoCEP-150x150.png 150w, https:\/\/blogsaverroes.juntadeandalucia.es\/iesseneca\/files\/2021\/02\/logoCEP-768x768.png 768w, https:\/\/blogsaverroes.juntadeandalucia.es\/iesseneca\/files\/2021\/02\/logoCEP-1536x1536.png 1536w, https:\/\/blogsaverroes.juntadeandalucia.es\/iesseneca\/files\/2021\/02\/logoCEP-80x80.png 80w, https:\/\/blogsaverroes.juntadeandalucia.es\/iesseneca\/files\/2021\/02\/logoCEP-320x320.png 320w, https:\/\/blogsaverroes.juntadeandalucia.es\/iesseneca\/files\/2021\/02\/logoCEP.png 1600w\" sizes=\"(max-width: 150px) 100vw, 150px\" \/><\/a><\/strong><\/span><\/p>\n<p style=\"text-align: justify\"><span style=\"color: #000000\">&nbsp;&nbsp;&nbsp;&nbsp; Este curso el&nbsp; Plan de Formaci\u00f3n del Profesorado pretende detectar las necesidades e inquietudes formativas del profesorado del IES S\u00e9neca surgidas durarte el curso 2023\/2024, para la planificaci\u00f3n de las actuaciones del curso 2024\/2025.&nbsp;<\/span><\/p>\n<p><strong><a href=\"https:\/\/blogsaverroes.juntadeandalucia.es\/iesseneca\/files\/2025\/03\/Propuestas-de-Mejora-24_25.pdf\">Propuestas de Mejora 24_25<\/a><\/strong><\/p>\n<p style=\"text-align: justify\"><span style=\"color: #000000\">&nbsp; &nbsp; &nbsp; &nbsp; La demanda de formaci\u00f3n surge de las necesidades manifestadas por el profesorado del centro, teniendo en cuenta el proyecto de mejora del mismo y del que toda la comunidad educativa sale beneficiada.<\/span><\/p>\n<p style=\"text-align: justify\"><span style=\"color: #000000\">&nbsp;&nbsp;&nbsp;&nbsp; Como henos se\u00f1alado,&nbsp; este curso el Plan de Formaci\u00f3n, en colaboraci\u00f3n con la asesor\u00eda del <a href=\"https:\/\/www.juntadeandalucia.es\/educacion\/portals\/web\/cep-cordoba\" target=\"_blank\" rel=\"noopener noreferrer\"><strong>CEP de C\u00f3rdoba \u00abLuisa Revuelta<\/strong><\/a>, se centra en aspectos relacionados con el desarrollo de la competencia digital,&nbsp; la elaboraci\u00f3n de recursos did\u00e1cticos y la incorporaci\u00f3n de nuevas metodolog\u00edas relacionadas con el curr\u00edculo de la LOMLOE.<\/span><\/p>\n<table style=\"width: 98.6602%\" width=\"566\" cellspacing=\"0\" cellpadding=\"7\">\n<colgroup>\n<col width=\"550\"> <\/colgroup>\n<tbody>\n<tr>\n<td style=\"width: 100%\" valign=\"top\" bgcolor=\"#a8d08d\">\n<h3 style=\"text-align: center\"><strong><a href=\"https:\/\/blogsaverroes.juntadeandalucia.es\/iesseneca\/files\/2025\/03\/Plan-de-formacion-24_25.pdf\">PLAN DE FORMACI\u00d3N 24-25<\/a><\/strong><\/h3>\n<\/td>\n<\/tr>\n<\/tbody>\n<\/table>\n<p>&nbsp;<\/p>\n<p><span style=\"color: #000000\"><strong>EVALUACI\u00d3N<\/strong><\/span><\/p>\n<p style=\"text-align: justify\"><span style=\"color: #000000\">&nbsp;&nbsp;&nbsp;&nbsp; Se centra en la puesta en marcha de un Plan de Mejora que ser\u00e1 revisado a final de curso. El Plan de Mejora pretende consolidar los puntos fuertes del Centro y cambiar o los d\u00e9biles, detectados durante un proceso de autoevaluaci\u00f3n previo en el que se han identificado las \u00e1reas sobre las que dirigir nuestras actuaciones. Se han tenido en cuenta la realidad del IES S\u00e9neca, sus necesidades, las propuestas de mejora no conseguidas o en proceso, contenidas en la memoria de autoevaluaci\u00f3n del curso anterior, los indicadores homologados de AGAEVE, la matriz de oportunidades y las debilidades de nuestro centro identificadas por todo el claustro.<\/span><\/p>\n<p align=\"justify\"><span style=\"color: #000000\"><strong>INNOVACI\u00d3N<\/strong><\/span><\/p>\n<p align=\"justify\"><span style=\"color: #000000\">&nbsp;&nbsp;&nbsp;&nbsp; Durante el presente curso este apartado estar\u00e1 vinculado al trabajo encaminado al desarrollo de la TDE (Transformaci\u00f3n Digital Educativa) y de los proyectos de Innovaci\u00f3n Educativa aprobados en el centros (INNICIA, Forma Joven, Vivir y Sentir el Patrimonio, STEAM Rob\u00f3tica aplicada al aula y STEAM Aeroespacial aplicado al aula).<\/span><\/p>\n<p align=\"justify\"><span style=\"color: #000000\">Jefa de departamento FEIE: Elvira M Vivar Pulido<\/span><\/p>\n<p align=\"justify\">P\u00e1gina Web: <a href=\"https:\/\/sites.google.com\/g.educaand.es\/feieiesseneca\/inicio\">https:\/\/sites.google.com\/g.educaand.es\/feieiesseneca\/inicio<\/a><\/p>\n","protected":false},"excerpt":{"rendered":"<p>&nbsp; &nbsp; &nbsp; &nbsp; El FEIE constituye un departamento basado en tres ejes importantes: FORMACI\u00d3N , EVALUACI\u00d3N E INNOVACI\u00d3N.&nbsp; FORMACI\u00d3N &nbsp;&nbsp;&nbsp;&nbsp; Este curso el&nbsp; Plan de Formaci\u00f3n del Profesorado pretende detectar las necesidades e&#46;&#46;&#46;<\/p>\n","protected":false},"author":11434,"featured_media":0,"parent":0,"menu_order":0,"comment_status":"closed","ping_status":"closed","template":"","meta":{"ngg_post_thumbnail":0,"footnotes":"","_mc_calendar":[]},"aioseo_notices":[],"_links":{"self":[{"href":"https:\/\/blogsaverroes.juntadeandalucia.es\/iesseneca\/wp-json\/wp\/v2\/pages\/2825"}],"collection":[{"href":"https:\/\/blogsaverroes.juntadeandalucia.es\/iesseneca\/wp-json\/wp\/v2\/pages"}],"about":[{"href":"https:\/\/blogsaverroes.juntadeandalucia.es\/iesseneca\/wp-json\/wp\/v2\/types\/page"}],"author":[{"embeddable":true,"href":"https:\/\/blogsaverroes.juntadeandalucia.es\/iesseneca\/wp-json\/wp\/v2\/users\/11434"}],"replies":[{"embeddable":true,"href":"https:\/\/blogsaverroes.juntadeandalucia.es\/iesseneca\/wp-json\/wp\/v2\/comments?post=2825"}],"version-history":[{"count":29,"href":"https:\/\/blogsaverroes.juntadeandalucia.es\/iesseneca\/wp-json\/wp\/v2\/pages\/2825\/revisions"}],"predecessor-version":[{"id":6365,"href":"https:\/\/blogsaverroes.juntadeandalucia.es\/iesseneca\/wp-json\/wp\/v2\/pages\/2825\/revisions\/6365"}],"wp:attachment":[{"href":"https:\/\/blogsaverroes.juntadeandalucia.es\/iesseneca\/wp-json\/wp\/v2\/media?parent=2825"}],"curies":[{"name":"wp","href":"https:\/\/api.w.org\/{rel}","templated":true}]}}