{"id":2903,"date":"2020-11-30T09:48:27","date_gmt":"2020-11-30T09:48:27","guid":{"rendered":"https:\/\/blogsaverroes.juntadeandalucia.es\/iesseneca\/?page_id=2903"},"modified":"2025-03-04T13:01:46","modified_gmt":"2025-03-04T13:01:46","slug":"erasmus","status":"publish","type":"page","link":"https:\/\/blogsaverroes.juntadeandalucia.es\/iesseneca\/planes-y-proyectos\/erasmus\/","title":{"rendered":"ERASMUS + Superior"},"content":{"rendered":"<table style=\"border-collapse: collapse;width: 100%\">\n<tbody>\n<tr>\n<td style=\"width: 50%\"><a href=\"https:\/\/blogsaverroes.juntadeandalucia.es\/iesseneca\/files\/2021\/01\/Erasmus-color-escalado.png\"><img loading=\"lazy\" decoding=\"async\" class=\"wp-image-3173 aligncenter\" src=\"https:\/\/blogsaverroes.juntadeandalucia.es\/iesseneca\/files\/2021\/01\/Erasmus-color-escalado.png\" alt=\"\" width=\"424\" height=\"94\" srcset=\"https:\/\/blogsaverroes.juntadeandalucia.es\/iesseneca\/files\/2021\/01\/Erasmus-color-escalado.png 1000w, https:\/\/blogsaverroes.juntadeandalucia.es\/iesseneca\/files\/2021\/01\/Erasmus-color-escalado-300x67.png 300w, https:\/\/blogsaverroes.juntadeandalucia.es\/iesseneca\/files\/2021\/01\/Erasmus-color-escalado-768x170.png 768w, https:\/\/blogsaverroes.juntadeandalucia.es\/iesseneca\/files\/2021\/01\/Erasmus-color-escalado-24x5.png 24w, https:\/\/blogsaverroes.juntadeandalucia.es\/iesseneca\/files\/2021\/01\/Erasmus-color-escalado-36x8.png 36w, https:\/\/blogsaverroes.juntadeandalucia.es\/iesseneca\/files\/2021\/01\/Erasmus-color-escalado-48x11.png 48w\" sizes=\"(max-width: 424px) 100vw, 424px\" \/><\/a><\/td>\n<td style=\"width: 50%\"><a href=\"https:\/\/blogsaverroes.juntadeandalucia.es\/iesseneca\/files\/2021\/02\/logo-erasmus.png\"><img loading=\"lazy\" decoding=\"async\" class=\"aligncenter wp-image-3403\" src=\"https:\/\/blogsaverroes.juntadeandalucia.es\/iesseneca\/files\/2021\/02\/logo-erasmus-150x150.png\" alt=\"\" width=\"234\" height=\"234\" srcset=\"https:\/\/blogsaverroes.juntadeandalucia.es\/iesseneca\/files\/2021\/02\/logo-erasmus-150x150.png 150w, https:\/\/blogsaverroes.juntadeandalucia.es\/iesseneca\/files\/2021\/02\/logo-erasmus-100x100.png 100w, https:\/\/blogsaverroes.juntadeandalucia.es\/iesseneca\/files\/2021\/02\/logo-erasmus-80x80.png 80w, https:\/\/blogsaverroes.juntadeandalucia.es\/iesseneca\/files\/2021\/02\/logo-erasmus-24x24.png 24w, https:\/\/blogsaverroes.juntadeandalucia.es\/iesseneca\/files\/2021\/02\/logo-erasmus-36x36.png 36w, https:\/\/blogsaverroes.juntadeandalucia.es\/iesseneca\/files\/2021\/02\/logo-erasmus-48x48.png 48w, https:\/\/blogsaverroes.juntadeandalucia.es\/iesseneca\/files\/2021\/02\/logo-erasmus.png 225w\" sizes=\"(max-width: 234px) 100vw, 234px\" \/><\/a><\/td>\n<\/tr>\n<\/tbody>\n<\/table>\n<p style=\"text-align: justify\"><span style=\"color: #000000\">Erasmus+ es el programa de la UE en los \u00e1mbitos de la educaci\u00f3n, la formaci\u00f3n, la juventud y el deporte. Combatir los crecientes niveles de desempleo, en particular de desempleo juvenil, se ha convertido en una de las tareas m\u00e1s urgentes de los gobiernos europeos. Dentro del programa se plantean los siguientes temas espec\u00edficos:<\/span><\/p>\n<ul style=\"text-align: justify\">\n<li><span style=\"color: #000000\"><a style=\"color: #000000\" href=\"http:\/\/ec.europa.eu\/youth\/policy\/youth_strategy\/empl_entrepreneurship_en.htm\">Reducir<\/a> el desempleo, especialmente entre los j\u00f3venes.<\/span><\/li>\n<li><span style=\"color: #000000\">Fomentar la educaci\u00f3n de adultos, nuevas competencias y cualificaciones exigidas por el mundo laboral. <\/span><\/li>\n<li><span style=\"color: #000000\"><a style=\"color: #000000\" href=\"http:\/\/ec.europa.eu\/youth\/policy\/implementation\/dialogue_en.htm\">Animar<\/a> a los j\u00f3venes a participar en la vida democr\u00e1tica de Europa.<\/span><\/li>\n<li><span style=\"color: #000000\">Apoyar la innovaci\u00f3n, cooperaci\u00f3n y reformas. <\/span><\/li>\n<li><span style=\"color: #000000\">Reducir el abandono escolar prematuro. <\/span><\/li>\n<li><span style=\"color: #000000\">Promover la cooperaci\u00f3n y la movilidad con los pa\u00edses asociados de la UE.<\/span><\/li>\n<\/ul>\n<p>&nbsp;<\/p>\n<table width=\"566\" cellspacing=\"0\" cellpadding=\"7\">\n<colgroup>\n<col width=\"550\"> <\/colgroup>\n<tbody>\n<tr>\n<td valign=\"top\" bgcolor=\"#a8d08d\">\n<h4 style=\"text-align: center\"><strong><a href=\"https:\/\/blogsaverroes.juntadeandalucia.es\/iesseneca\/files\/2025\/03\/ANEXO-IX-PROGRAMA-ERASMUS-.pdf\">PROGRAMA ERASMUS +<\/a><\/strong><\/h4>\n<\/td>\n<\/tr>\n<\/tbody>\n<\/table>\n<p>&nbsp;<\/p>\n<p>&nbsp;<\/p>\n<p>&nbsp;<\/p>\n<p style=\"text-align: justify\">&nbsp;<\/p>\n","protected":false},"excerpt":{"rendered":"<p>Erasmus+ es el programa de la UE en los \u00e1mbitos de la educaci\u00f3n, la formaci\u00f3n, la juventud y el deporte. Combatir los crecientes niveles de desempleo, en particular de desempleo juvenil, se ha convertido&#46;&#46;&#46;<\/p>\n","protected":false},"author":11434,"featured_media":0,"parent":44,"menu_order":0,"comment_status":"closed","ping_status":"closed","template":"","meta":{"ngg_post_thumbnail":0,"footnotes":"","_mc_calendar":[]},"aioseo_notices":[],"_links":{"self":[{"href":"https:\/\/blogsaverroes.juntadeandalucia.es\/iesseneca\/wp-json\/wp\/v2\/pages\/2903"}],"collection":[{"href":"https:\/\/blogsaverroes.juntadeandalucia.es\/iesseneca\/wp-json\/wp\/v2\/pages"}],"about":[{"href":"https:\/\/blogsaverroes.juntadeandalucia.es\/iesseneca\/wp-json\/wp\/v2\/types\/page"}],"author":[{"embeddable":true,"href":"https:\/\/blogsaverroes.juntadeandalucia.es\/iesseneca\/wp-json\/wp\/v2\/users\/11434"}],"replies":[{"embeddable":true,"href":"https:\/\/blogsaverroes.juntadeandalucia.es\/iesseneca\/wp-json\/wp\/v2\/comments?post=2903"}],"version-history":[{"count":22,"href":"https:\/\/blogsaverroes.juntadeandalucia.es\/iesseneca\/wp-json\/wp\/v2\/pages\/2903\/revisions"}],"predecessor-version":[{"id":6403,"href":"https:\/\/blogsaverroes.juntadeandalucia.es\/iesseneca\/wp-json\/wp\/v2\/pages\/2903\/revisions\/6403"}],"up":[{"embeddable":true,"href":"https:\/\/blogsaverroes.juntadeandalucia.es\/iesseneca\/wp-json\/wp\/v2\/pages\/44"}],"wp:attachment":[{"href":"https:\/\/blogsaverroes.juntadeandalucia.es\/iesseneca\/wp-json\/wp\/v2\/media?parent=2903"}],"curies":[{"name":"wp","href":"https:\/\/api.w.org\/{rel}","templated":true}]}}