{"id":2905,"date":"2020-11-30T09:49:07","date_gmt":"2020-11-30T09:49:07","guid":{"rendered":"https:\/\/blogsaverroes.juntadeandalucia.es\/iesseneca\/?page_id=2905"},"modified":"2025-12-10T15:58:51","modified_gmt":"2025-12-10T15:58:51","slug":"plan-de-igualdad","status":"publish","type":"page","link":"https:\/\/blogsaverroes.juntadeandalucia.es\/iesseneca\/planes-y-proyectos\/plan-de-igualdad\/","title":{"rendered":"Plan de Igualdad"},"content":{"rendered":"<p style=\"text-align: left\" align=\"right\"><span style=\"color: #000000\"><strong><a href=\"https:\/\/blogsaverroes.juntadeandalucia.es\/iesseneca\/files\/2021\/01\/Igualdad-color-escalado.png\"><img loading=\"lazy\" decoding=\"async\" class=\"wp-image-3164 alignleft\" src=\"https:\/\/blogsaverroes.juntadeandalucia.es\/iesseneca\/files\/2021\/01\/Igualdad-color-escalado.png\" alt=\"\" width=\"450\" height=\"100\" srcset=\"https:\/\/blogsaverroes.juntadeandalucia.es\/iesseneca\/files\/2021\/01\/Igualdad-color-escalado.png 1000w, https:\/\/blogsaverroes.juntadeandalucia.es\/iesseneca\/files\/2021\/01\/Igualdad-color-escalado-300x67.png 300w, https:\/\/blogsaverroes.juntadeandalucia.es\/iesseneca\/files\/2021\/01\/Igualdad-color-escalado-768x170.png 768w, https:\/\/blogsaverroes.juntadeandalucia.es\/iesseneca\/files\/2021\/01\/Igualdad-color-escalado-24x5.png 24w, https:\/\/blogsaverroes.juntadeandalucia.es\/iesseneca\/files\/2021\/01\/Igualdad-color-escalado-36x8.png 36w, https:\/\/blogsaverroes.juntadeandalucia.es\/iesseneca\/files\/2021\/01\/Igualdad-color-escalado-48x11.png 48w\" sizes=\"(max-width: 450px) 100vw, 450px\" \/><\/a><\/strong><\/span><\/p>\n<p align=\"right\">&nbsp;<\/p>\n<p align=\"right\">&nbsp;<\/p>\n<p align=\"right\">&nbsp;<\/p>\n<p align=\"right\">&nbsp;<\/p>\n<p style=\"text-align: left\" align=\"right\"><span style=\"color: #000000\">COORDINADORA: Beatriz L\u00f3pez Pastor<\/span><\/p>\n<p style=\"text-align: left\" align=\"right\"><span style=\"color: #000000\">ALUMNADO: ESO y Bachillerato<\/span><\/p>\n<p style=\"text-align: left\" align=\"right\"><span style=\"color: #000000\">PARTICIPANTES: Profesores y Tutores<\/span><\/p>\n<p style=\"text-align: left\" align=\"justify\"><span style=\"color: #000000\">Pretendemos trabajar de forma trasversal<strong> la igualdad de g\u00e9nero <\/strong>en nuestras materias y en nuestras tutor\u00edas.<\/span><\/p>\n<p align=\"justify\"><span style=\"color: #000000\">La<strong> organizaci\u00f3n<\/strong> de gran parte de las actuaciones se canaliza a trav\u00e9s del <strong>Plan de Acci\u00f3n Tutorial<\/strong>. Desde la coordinaci\u00f3n del Plan se selecciona materiales y recursos adecuados para cada uno de los ciclos, que llegan al profesorado para facilitar el trabajo en las aulas. Las <strong>reuniones semanales<\/strong> de tutoras y tutores son un medio para recabar la colaboraci\u00f3n de los mismos y hacerles llegar las actividades propuestas para el alumnado.<\/span><\/p>\n<p align=\"justify\"><span style=\"color: #000000\">Las actividades dise\u00f1adas son pr\u00e1cticas, colaborativas, l\u00fadicas, activas y participativas, buscando que faciliten un aprendizaje significativo.<\/span><\/p>\n<p align=\"justify\"><span style=\"color: #000000\">El uso de la imagen, la representaci\u00f3n simb\u00f3lica, la literatura, el arte, son ejes que gu\u00edan la selecci\u00f3n o dise\u00f1o de muchas actividades ya que es a trav\u00e9s de la creatividad, visual o audiovisual, como mejor reciben los est\u00edmulos del entorno y como m\u00e1s f\u00e1cilmente se expresan, hoy en d\u00eda, la mayor parte de adolescentes y j\u00f3venes.<\/span><\/p>\n<p>&nbsp;<\/p>\n<table width=\"566\" cellspacing=\"0\" cellpadding=\"7\">\n<colgroup>\n<col width=\"550\"> <\/colgroup>\n<tbody>\n<tr>\n<td valign=\"top\" bgcolor=\"#a8d08d\">\n<h4 style=\"text-align: center\"><strong><a href=\"https:\/\/blogsaverroes.juntadeandalucia.es\/iesseneca\/files\/2025\/12\/Plan-de-Igualdad-2025-26-IES-SENECA.pdf\">Plan de Igualdad 2025-26 IES SE\u0301NECA<\/a><\/strong><\/h4>\n<\/td>\n<\/tr>\n<\/tbody>\n<\/table>\n<p align=\"justify\">&nbsp;<\/p>\n","protected":false},"excerpt":{"rendered":"<p>&nbsp; &nbsp; &nbsp; &nbsp; COORDINADORA: Beatriz L\u00f3pez Pastor ALUMNADO: ESO y Bachillerato PARTICIPANTES: Profesores y Tutores Pretendemos trabajar de forma trasversal la igualdad de g\u00e9nero en nuestras materias y en nuestras tutor\u00edas. La organizaci\u00f3n&#46;&#46;&#46;<\/p>\n","protected":false},"author":11434,"featured_media":0,"parent":44,"menu_order":0,"comment_status":"closed","ping_status":"closed","template":"","meta":{"ngg_post_thumbnail":0,"footnotes":"","_mc_calendar":[]},"aioseo_notices":[],"_links":{"self":[{"href":"https:\/\/blogsaverroes.juntadeandalucia.es\/iesseneca\/wp-json\/wp\/v2\/pages\/2905"}],"collection":[{"href":"https:\/\/blogsaverroes.juntadeandalucia.es\/iesseneca\/wp-json\/wp\/v2\/pages"}],"about":[{"href":"https:\/\/blogsaverroes.juntadeandalucia.es\/iesseneca\/wp-json\/wp\/v2\/types\/page"}],"author":[{"embeddable":true,"href":"https:\/\/blogsaverroes.juntadeandalucia.es\/iesseneca\/wp-json\/wp\/v2\/users\/11434"}],"replies":[{"embeddable":true,"href":"https:\/\/blogsaverroes.juntadeandalucia.es\/iesseneca\/wp-json\/wp\/v2\/comments?post=2905"}],"version-history":[{"count":15,"href":"https:\/\/blogsaverroes.juntadeandalucia.es\/iesseneca\/wp-json\/wp\/v2\/pages\/2905\/revisions"}],"predecessor-version":[{"id":6739,"href":"https:\/\/blogsaverroes.juntadeandalucia.es\/iesseneca\/wp-json\/wp\/v2\/pages\/2905\/revisions\/6739"}],"up":[{"embeddable":true,"href":"https:\/\/blogsaverroes.juntadeandalucia.es\/iesseneca\/wp-json\/wp\/v2\/pages\/44"}],"wp:attachment":[{"href":"https:\/\/blogsaverroes.juntadeandalucia.es\/iesseneca\/wp-json\/wp\/v2\/media?parent=2905"}],"curies":[{"name":"wp","href":"https:\/\/api.w.org\/{rel}","templated":true}]}}