{"id":2907,"date":"2020-11-30T09:49:43","date_gmt":"2020-11-30T09:49:43","guid":{"rendered":"https:\/\/blogsaverroes.juntadeandalucia.es\/iesseneca\/?page_id=2907"},"modified":"2025-03-04T12:55:03","modified_gmt":"2025-03-04T12:55:03","slug":"plan-de-bilinguismo","status":"publish","type":"page","link":"https:\/\/blogsaverroes.juntadeandalucia.es\/iesseneca\/planes-y-proyectos\/plan-de-bilinguismo\/","title":{"rendered":"Programa Biling\u00fce de Alem\u00e1n"},"content":{"rendered":"<p style=\"text-align: justify\"><span style=\"color: #000000\"><a href=\"https:\/\/blogsaverroes.juntadeandalucia.es\/iesseneca\/files\/2021\/01\/Biling\u00fcismo-color-escalado.png\"><img loading=\"lazy\" decoding=\"async\" class=\"wp-image-3160 alignleft\" src=\"https:\/\/blogsaverroes.juntadeandalucia.es\/iesseneca\/files\/2021\/01\/Biling\u00fcismo-color-escalado.png\" alt=\"\" width=\"450\" height=\"100\" srcset=\"https:\/\/blogsaverroes.juntadeandalucia.es\/iesseneca\/files\/2021\/01\/Biling\u00fcismo-color-escalado.png 1000w, https:\/\/blogsaverroes.juntadeandalucia.es\/iesseneca\/files\/2021\/01\/Biling\u00fcismo-color-escalado-300x67.png 300w, https:\/\/blogsaverroes.juntadeandalucia.es\/iesseneca\/files\/2021\/01\/Biling\u00fcismo-color-escalado-768x170.png 768w, https:\/\/blogsaverroes.juntadeandalucia.es\/iesseneca\/files\/2021\/01\/Biling\u00fcismo-color-escalado-24x5.png 24w, https:\/\/blogsaverroes.juntadeandalucia.es\/iesseneca\/files\/2021\/01\/Biling\u00fcismo-color-escalado-36x8.png 36w, https:\/\/blogsaverroes.juntadeandalucia.es\/iesseneca\/files\/2021\/01\/Biling\u00fcismo-color-escalado-48x11.png 48w\" sizes=\"(max-width: 450px) 100vw, 450px\" \/><\/a><\/span><\/p>\n<p>&nbsp;<\/p>\n<p>&nbsp;<\/p>\n<p style=\"text-align: justify\">&nbsp;<\/p>\n<p>&nbsp;<\/p>\n<p style=\"text-align: justify\"><span style=\"color: #000000\"><strong>Programa Biling\u00fce de Alem\u00e1n.<\/strong><\/span><\/p>\n<p style=\"text-align: justify\"><span style=\"color: #000000\">Coordinadora:<strong> Rosa Mar\u00eda Gal\u00e1n Molleja.<\/strong><\/span><\/p>\n<p style=\"text-align: justify\"><span style=\"color: #000000\">Alumnado: Alumnos de ESO.<\/span><\/p>\n<p style=\"text-align: justify\"><span style=\"color: #000000\">El <strong>plan biling\u00fce<\/strong> constituye una herramienta que favorece <strong>el conocimiento ling\u00fc\u00edstico y cultural de otras lenguas en concreto del Alem\u00e1n<\/strong>, ofreciendo la oportunidad de participaci\u00f3n en proyectos educativos europeos, intercambios culturales y posibilidades futuras profesionales y laborales.<\/span><\/p>\n<p style=\"text-align: justify\"><span style=\"color: #000000\">El instituto S\u00e9neca lleva desarrollando el actual programa biling\u00fce de Alem\u00e1n desde el curso acad\u00e9mico 2009-2010 con el principal objetivo de que los alumnos adquieran un buen nivel de competencia ling\u00fc\u00edstica y transversal en Alem\u00e1n. Con dicha finalidad,se imparten <strong>Ciencias Naturales, Ciencias Sociales y Matem\u00e1ticas en Alem\u00e1n.<\/strong><\/span><\/p>\n<p style=\"text-align: justify\"><span style=\"color: #000000\">En estas asignaturas se imparten unidades did\u00e1cticas (50% de la unidad impartida en alem\u00e1n y el otro 50% en espa\u00f1ol) , adaptadas al nivel de los alumnos y ci\u00f1\u00e9ndose a los contenidos curriculares del curso en cuesti\u00f3n.<\/span><\/p>\n<p style=\"text-align: justify\"><span style=\"color: #000000\">El centro dispone de un\/a auxiliar de conversaci\u00f3n en alem\u00e1n, cuya funci\u00f3n es reforzar las destrezas orales del alumnado en alem\u00e1n, proporcion\u00e1ndoles un modelo de correcci\u00f3n fon\u00e9tica y gramatical.<\/span><\/p>\n<p style=\"text-align: justify\"><span style=\"color: #000000\">Tambi\u00e9n se realiza todos los a\u00f1os un intercambio con un instituto alem\u00e1n ( Chiemgau-Gymnasium de Traunstein) con los alumnos de 4\u00ba de ESO. El objetivo que perseguimos a la hora de realizar dicho intercambio es practicar y perfeccionar la competencia comunicativa de los alumnos en alem\u00e1n, y conocer la realidad cultural de dicho pa\u00eds.<br \/>\n<\/span><\/p>\n<p><strong><a href=\"https:\/\/docs.google.com\/document\/d\/1r2uKb83MLz_xJrimD4JZsaW35MdvEoxmhAjXom_mqmc\/edit?usp=sharing\">Formulario informativo de los auxiliares<\/a><\/strong><\/p>\n<p>&nbsp;<\/p>\n<table width=\"566\" cellspacing=\"0\" cellpadding=\"7\">\n<colgroup>\n<col width=\"550\"> <\/colgroup>\n<tbody>\n<tr>\n<td valign=\"top\" bgcolor=\"#a8d08d\">\n<h4 style=\"text-align: center\"><strong><a href=\"https:\/\/blogsaverroes.juntadeandalucia.es\/iesseneca\/files\/2025\/03\/Anexo-V-Proyecto-Bilingue.2024-5.pdf\">Proyecto Biling\u00fce.2024-25<\/a><\/strong><\/h4>\n<\/td>\n<\/tr>\n<\/tbody>\n<\/table>\n<div>&nbsp;<\/div>\n<div style=\"width: 100%\">\n<div style=\"padding-bottom: 56.25%;padding-top: 0;height: 0\"><iframe loading=\"lazy\" src=\"https:\/\/view.genial.ly\/64929942de20ab00183b00ce\" width=\"800\" height=\"450\" frameborder=\"0\" scrolling=\"yes\">&lt;span data-mce-type=\u00bbbookmark\u00bb style=\u00bbdisplay: inline-block; width: 0px; overflow: hidden; line-height: 0;\u00bb class=\u00bbmce_SELRES_start\u00bb&gt;\ufeff&lt;\/span&gt;&amp;lt;span data-mce-type=\u00bbbookmark\u00bb style=\u00bbdisplay: inline-block; width: 0px; overflow: hidden; line-height: 0;\u00bb class=\u00bbmce_SELRES_start\u00bb&amp;gt;\ufeff&amp;lt;\/span&amp;gt;&amp;amp;lt;span data-mce-type=\u00bbbookmark\u00bb style=\u00bbdisplay: inline-block; width: 0px; overflow: hidden; line-height: 0;\u00bb class=\u00bbmce_SELRES_start\u00bb&amp;amp;gt;\ufeff&amp;amp;lt;\/span&amp;amp;gt;<\/iframe><\/div>\n<\/div>\n<p>&nbsp;<\/p>\n","protected":false},"excerpt":{"rendered":"<p>&nbsp; &nbsp; &nbsp; &nbsp; Programa Biling\u00fce de Alem\u00e1n. Coordinadora: Rosa Mar\u00eda Gal\u00e1n Molleja. Alumnado: Alumnos de ESO. El plan biling\u00fce constituye una herramienta que favorece el conocimiento ling\u00fc\u00edstico y cultural de otras lenguas en&#46;&#46;&#46;<\/p>\n","protected":false},"author":11434,"featured_media":0,"parent":44,"menu_order":0,"comment_status":"closed","ping_status":"closed","template":"","meta":{"ngg_post_thumbnail":0,"footnotes":"","_mc_calendar":[]},"aioseo_notices":[],"_links":{"self":[{"href":"https:\/\/blogsaverroes.juntadeandalucia.es\/iesseneca\/wp-json\/wp\/v2\/pages\/2907"}],"collection":[{"href":"https:\/\/blogsaverroes.juntadeandalucia.es\/iesseneca\/wp-json\/wp\/v2\/pages"}],"about":[{"href":"https:\/\/blogsaverroes.juntadeandalucia.es\/iesseneca\/wp-json\/wp\/v2\/types\/page"}],"author":[{"embeddable":true,"href":"https:\/\/blogsaverroes.juntadeandalucia.es\/iesseneca\/wp-json\/wp\/v2\/users\/11434"}],"replies":[{"embeddable":true,"href":"https:\/\/blogsaverroes.juntadeandalucia.es\/iesseneca\/wp-json\/wp\/v2\/comments?post=2907"}],"version-history":[{"count":15,"href":"https:\/\/blogsaverroes.juntadeandalucia.es\/iesseneca\/wp-json\/wp\/v2\/pages\/2907\/revisions"}],"predecessor-version":[{"id":6398,"href":"https:\/\/blogsaverroes.juntadeandalucia.es\/iesseneca\/wp-json\/wp\/v2\/pages\/2907\/revisions\/6398"}],"up":[{"embeddable":true,"href":"https:\/\/blogsaverroes.juntadeandalucia.es\/iesseneca\/wp-json\/wp\/v2\/pages\/44"}],"wp:attachment":[{"href":"https:\/\/blogsaverroes.juntadeandalucia.es\/iesseneca\/wp-json\/wp\/v2\/media?parent=2907"}],"curies":[{"name":"wp","href":"https:\/\/api.w.org\/{rel}","templated":true}]}}