{"id":2909,"date":"2020-11-30T09:50:21","date_gmt":"2020-11-30T09:50:21","guid":{"rendered":"https:\/\/blogsaverroes.juntadeandalucia.es\/iesseneca\/?page_id=2909"},"modified":"2025-03-04T12:30:57","modified_gmt":"2025-03-04T12:30:57","slug":"plan-tde","status":"publish","type":"page","link":"https:\/\/blogsaverroes.juntadeandalucia.es\/iesseneca\/planes-y-proyectos\/plan-tde\/","title":{"rendered":"Plan TDE"},"content":{"rendered":"<p style=\"text-align: justify\"><a href=\"https:\/\/blogsaverroes.juntadeandalucia.es\/iesseneca\/files\/2021\/01\/TDE-color-escalado.png\"><img loading=\"lazy\" decoding=\"async\" class=\"wp-image-3171 alignleft\" src=\"https:\/\/blogsaverroes.juntadeandalucia.es\/iesseneca\/files\/2021\/01\/TDE-color-escalado.png\" alt=\"\" width=\"450\" height=\"100\" srcset=\"https:\/\/blogsaverroes.juntadeandalucia.es\/iesseneca\/files\/2021\/01\/TDE-color-escalado.png 1000w, https:\/\/blogsaverroes.juntadeandalucia.es\/iesseneca\/files\/2021\/01\/TDE-color-escalado-300x67.png 300w, https:\/\/blogsaverroes.juntadeandalucia.es\/iesseneca\/files\/2021\/01\/TDE-color-escalado-768x170.png 768w, https:\/\/blogsaverroes.juntadeandalucia.es\/iesseneca\/files\/2021\/01\/TDE-color-escalado-24x5.png 24w, https:\/\/blogsaverroes.juntadeandalucia.es\/iesseneca\/files\/2021\/01\/TDE-color-escalado-36x8.png 36w, https:\/\/blogsaverroes.juntadeandalucia.es\/iesseneca\/files\/2021\/01\/TDE-color-escalado-48x11.png 48w\" sizes=\"(max-width: 450px) 100vw, 450px\" \/><\/a><\/p>\n<p>&nbsp;<\/p>\n<p>&nbsp;<\/p>\n<p>&nbsp;<\/p>\n<p>&nbsp;<\/p>\n<p><span style=\"color: #000000\">Equipo de Coordinaci\u00f3n TDE<\/span><\/p>\n<p><span style=\"color: #000000\">Coordinaci\u00f3n: Julio Clementson<\/span><\/p>\n<p><span style=\"color: #000000\">Miembros: Ana Jim\u00e9nez y Elvira Vivar<\/span><\/p>\n<p style=\"text-align: justify\"><span style=\"color: #000000\">Se hace indispensable que toda la comunidad educativa extienda las aulas a espacios virtuales donde se pueda dar continuidad a la actividad educativa que se desarrolla en los centros.<\/span><\/p>\n<p style=\"text-align: justify\"><span style=\"color: #000000\">Tras realizar la detecci\u00f3n de las necesidades formativas, organizativas y materiales de nuestro centro, planteamos un Plan de Transformaci\u00f3n Digital en el que todos los sectores de la comunidad educativa est\u00e1n implicados. Sus principales objetivos son:<\/span><\/p>\n<div class=\"page\" title=\"Page 10\">\n<div class=\"layoutArea\">\n<div class=\"column\">\n<ul>\n<li>\n<p style=\"text-align: justify\"><span style=\"color: #000000\">Impulsar la innovacio\u0301n educativa a trave\u0301s del aprendizaje digital.<\/span><\/p>\n<\/li>\n<li>\n<p style=\"text-align: justify\"><span style=\"color: #000000\">Fomentar el buen uso de las nuevas tecnologi\u0301as para el desarrollo de las capacidades del alumnado.<\/span><\/p>\n<\/li>\n<li>\n<p style=\"text-align: justify\"><span style=\"color: #000000\">Promover el empleo de los recursos educativos abiertos.<\/span><\/p>\n<\/li>\n<li>\n<p style=\"text-align: justify\"><span style=\"color: #000000\">Fomentar y ampliar el uso de iPasen.<\/span><\/p>\n<\/li>\n<li>\n<p style=\"text-align: justify\"><span style=\"color: #000000\">Mejorar y realizar mantenimiento de la dotacio\u0301n de recursos informa\u0301ticos.<\/span><\/p>\n<\/li>\n<li>\n<p style=\"text-align: justify\"><span style=\"color: #000000\">Incentivar la formacio\u0301n del profesorado para mejorar la competencia digital docente.<\/span><\/p>\n<\/li>\n<li>\n<p style=\"text-align: justify\"><span style=\"color: #000000\">Mantener una presencia digital destacada del centro en internet.<\/span><\/p>\n<\/li>\n<li>\n<p style=\"text-align: justify\"><span style=\"color: #000000\">Disminuir la utilizacio\u0301n de documentos en papel.<\/span><\/p>\n<\/li>\n<li>\n<p style=\"text-align: justify\"><span style=\"color: #000000\">Mejorar la comunicacio\u0301n interna del profesorado asi\u0301 como la comunicacio\u0301n con el alumnado.<\/span><\/p>\n<\/li>\n<\/ul>\n<\/div>\n<\/div>\n<\/div>\n<p style=\"text-align: justify\"><span style=\"color: #000000\">Con la finalidad de impulsar la transformaci\u00f3n digital, en el IES S\u00e9neca hemos decidido definir distintas l\u00edneas de actuaci\u00f3n dirigidas a la mejora y modernizaci\u00f3n de los procesos y los procedimientos que implican el uso de las tecnolog\u00edas digitales. Para ello se han puesto en marcha medidas centradas en trabajar los tres \u00e1mbitos siguientes:&nbsp;<\/span><\/p>\n<ul style=\"text-align: justify\">\n<li style=\"text-align: justify\"><span style=\"color: #000000\"><span style=\"color: #000000\">Organizaci\u00f3n del centro: adaptaci\u00f3n progresiva de las aulas para posibilitar su transformaci\u00f3n en espacios polivalentes que puedan ser empleados para&nbsp; utilizar las TIC durante el proceso de ense\u00f1anza-aprendizaje. Puesta a disposici\u00f3n de la comunidad educativa de las plataformas GSuite y Moodle y desarrollo de un plan de formaci\u00f3n interna destinado a <\/span>faciltar la transicio\u0301n al correo corporativo g.educaand.es.<\/span><\/li>\n<li style=\"text-align: justify\"><span style=\"color: #000000\">Informaci\u00f3n y comunicaci\u00f3n entre todos los miembros de la Comunidad educativa mediante la p\u00e1gina web, iPasen y los correos corporativos.<\/span><\/li>\n<li style=\"text-align: justify\"><span style=\"color: #000000\">Procesos de ense\u00f1anza aprendizaje: la formaci\u00f3n del profesorado es un aspecto esencial para el fomento de nuevas metodolog\u00edas de trabajo empleando las nuevas tecnolog\u00edas.<\/span><\/li>\n<\/ul>\n<p>&nbsp;<\/p>\n<table width=\"566\" cellspacing=\"0\" cellpadding=\"7\">\n<colgroup>\n<col width=\"550\"> <\/colgroup>\n<tbody>\n<tr>\n<td valign=\"top\" bgcolor=\"#a8d08d\">\n<h4 style=\"text-align: center\"><strong><a href=\"https:\/\/blogsaverroes.juntadeandalucia.es\/iesseneca\/files\/2025\/03\/anexo-IV-PAD.pdf\">PLAN DE ACTUACI\u00d3N DIGITAL<\/a><\/strong><\/h4>\n<\/td>\n<\/tr>\n<\/tbody>\n<\/table>\n<p style=\"text-align: justify\"><span style=\"color: #000000\">Legislaci\u00f3n<\/span><\/p>\n<p style=\"text-align: justify\"><a href=\"https:\/\/blogsaverroes.juntadeandalucia.es\/iesseneca\/files\/2021\/04\/Orden29marzo2021MarcoCompetenciaDigital.pdf\"><strong>Orden de 29 de marzo de 2021, por la que se establecen los marcos de la Competencia Digital en el sistema educativo no universitario de la Comunidad Aut\u00f3noma de Andaluc\u00eda<\/strong><\/a><\/p>\n","protected":false},"excerpt":{"rendered":"<p>&nbsp; &nbsp; &nbsp; &nbsp; Equipo de Coordinaci\u00f3n TDE Coordinaci\u00f3n: Julio Clementson Miembros: Ana Jim\u00e9nez y Elvira Vivar Se hace indispensable que toda la comunidad educativa extienda las aulas a espacios virtuales donde se pueda&#46;&#46;&#46;<\/p>\n","protected":false},"author":11434,"featured_media":0,"parent":44,"menu_order":0,"comment_status":"closed","ping_status":"closed","template":"","meta":{"ngg_post_thumbnail":0,"footnotes":"","_mc_calendar":[]},"aioseo_notices":[],"_links":{"self":[{"href":"https:\/\/blogsaverroes.juntadeandalucia.es\/iesseneca\/wp-json\/wp\/v2\/pages\/2909"}],"collection":[{"href":"https:\/\/blogsaverroes.juntadeandalucia.es\/iesseneca\/wp-json\/wp\/v2\/pages"}],"about":[{"href":"https:\/\/blogsaverroes.juntadeandalucia.es\/iesseneca\/wp-json\/wp\/v2\/types\/page"}],"author":[{"embeddable":true,"href":"https:\/\/blogsaverroes.juntadeandalucia.es\/iesseneca\/wp-json\/wp\/v2\/users\/11434"}],"replies":[{"embeddable":true,"href":"https:\/\/blogsaverroes.juntadeandalucia.es\/iesseneca\/wp-json\/wp\/v2\/comments?post=2909"}],"version-history":[{"count":17,"href":"https:\/\/blogsaverroes.juntadeandalucia.es\/iesseneca\/wp-json\/wp\/v2\/pages\/2909\/revisions"}],"predecessor-version":[{"id":6375,"href":"https:\/\/blogsaverroes.juntadeandalucia.es\/iesseneca\/wp-json\/wp\/v2\/pages\/2909\/revisions\/6375"}],"up":[{"embeddable":true,"href":"https:\/\/blogsaverroes.juntadeandalucia.es\/iesseneca\/wp-json\/wp\/v2\/pages\/44"}],"wp:attachment":[{"href":"https:\/\/blogsaverroes.juntadeandalucia.es\/iesseneca\/wp-json\/wp\/v2\/media?parent=2909"}],"curies":[{"name":"wp","href":"https:\/\/api.w.org\/{rel}","templated":true}]}}