{"id":2911,"date":"2020-11-30T09:51:20","date_gmt":"2020-11-30T09:51:20","guid":{"rendered":"https:\/\/blogsaverroes.juntadeandalucia.es\/iesseneca\/?page_id=2911"},"modified":"2023-09-25T17:43:50","modified_gmt":"2023-09-25T17:43:50","slug":"plan-forma-joven","status":"publish","type":"page","link":"https:\/\/blogsaverroes.juntadeandalucia.es\/iesseneca\/planes-y-proyectos\/plan-forma-joven\/","title":{"rendered":"Plan Forma Joven"},"content":{"rendered":"<p align=\"justify\"><a href=\"https:\/\/blogsaverroes.juntadeandalucia.es\/iesseneca\/files\/2021\/01\/Forma-Joven-color-escalado.png\"><img loading=\"lazy\" decoding=\"async\" class=\"wp-image-3167 alignleft\" src=\"https:\/\/blogsaverroes.juntadeandalucia.es\/iesseneca\/files\/2021\/01\/Forma-Joven-color-escalado.png\" alt=\"\" width=\"450\" height=\"100\" srcset=\"https:\/\/blogsaverroes.juntadeandalucia.es\/iesseneca\/files\/2021\/01\/Forma-Joven-color-escalado.png 1000w, https:\/\/blogsaverroes.juntadeandalucia.es\/iesseneca\/files\/2021\/01\/Forma-Joven-color-escalado-300x67.png 300w, https:\/\/blogsaverroes.juntadeandalucia.es\/iesseneca\/files\/2021\/01\/Forma-Joven-color-escalado-768x170.png 768w, https:\/\/blogsaverroes.juntadeandalucia.es\/iesseneca\/files\/2021\/01\/Forma-Joven-color-escalado-24x5.png 24w, https:\/\/blogsaverroes.juntadeandalucia.es\/iesseneca\/files\/2021\/01\/Forma-Joven-color-escalado-36x8.png 36w, https:\/\/blogsaverroes.juntadeandalucia.es\/iesseneca\/files\/2021\/01\/Forma-Joven-color-escalado-48x11.png 48w\" sizes=\"(max-width: 450px) 100vw, 450px\" \/><\/a><\/p>\n<p align=\"justify\">&nbsp;<\/p>\n<p align=\"justify\">&nbsp;<\/p>\n<p>&nbsp;<\/p>\n<p>&nbsp;<\/p>\n<p><span style=\"color: #000000\">Coordinadora: <strong>Montserrat Marabotto Agudo<\/strong><\/span><\/p>\n<p><span style=\"color: #000000\">Participantes: 79 profesores\/as<\/span><\/p>\n<p><span style=\"color: #000000\">Alumnado: ESO y Bachillerato<\/span><\/p>\n<p><span style=\"color: #000000\">Asesor\u00eda individual: Paco Mont\u00e1vez<\/span><\/p>\n<p align=\"justify\"><span style=\"color: #000000\">El <strong>Programa para la Innovaci\u00f3n Educativa H\u00e1bitos de Vida Saludable<\/strong> (HHVS), desarrollado por la Consejer\u00eda de Educaci\u00f3n y Deporte en colaboraci\u00f3n con la Consejer\u00eda de Salud y Familias y la Consejer\u00eda de Agricultura, Ganader\u00eda, Pesca y Desarrollo Sostenible de la Junta de Andaluc\u00eda, constituye una herramienta para el desarrollo de las competencias clave del alumnado, el intercambio de experiencias, el trabajo en equipo, la creaci\u00f3n de redes interprofesionales y el desarrollo de metodolog\u00edas innovadoras en materia de promoci\u00f3n de la salud, facilitando el tratamiento de los contenidos curriculares relacionados con el bienestar emocional, la alimentaci\u00f3n y la actividad f\u00edsica, la higiene y el autocuidado, la educaci\u00f3n vial, el uso responsable de las tecnolog\u00edas, la sexualidad y las relaciones igualitarias, o la prevenci\u00f3n de drogodependencias, incluidos en el Proyecto Educativo del Centro.<\/span><\/p>\n<p align=\"justify\">&nbsp;<\/p>\n<div style=\"width: 1920px;\" class=\"wp-video\"><!--[if lt IE 9]><script>document.createElement('video');<\/script><![endif]-->\n<video class=\"wp-video-shortcode\" id=\"video-2911-1\" width=\"1920\" height=\"1080\" preload=\"metadata\" controls=\"controls\"><source type=\"video\/mp4\" src=\"https:\/\/blogsaverroes.juntadeandalucia.es\/iesseneca\/files\/2023\/09\/V_1-1-1.mp4?_=1\" \/><a href=\"https:\/\/blogsaverroes.juntadeandalucia.es\/iesseneca\/files\/2023\/09\/V_1-1-1.mp4\">https:\/\/blogsaverroes.juntadeandalucia.es\/iesseneca\/files\/2023\/09\/V_1-1-1.mp4<\/a><\/video><\/div>\n<p>&nbsp;<\/p>\n<table width=\"566\" cellspacing=\"0\" cellpadding=\"7\">\n<colgroup>\n<col width=\"550\"> <\/colgroup>\n<tbody>\n<tr>\n<td valign=\"top\" bgcolor=\"#a8d08d\">\n<h4 style=\"text-align: center\"><strong><a href=\"https:\/\/blogsaverroes.juntadeandalucia.es\/iesseneca\/files\/2022\/10\/planactuacion2223.pdf\">PLAN FORMA JOVEN 22-23<\/a><\/strong><\/h4>\n<\/td>\n<\/tr>\n<\/tbody>\n<\/table>\n<p align=\"justify\">&nbsp;<\/p>\n","protected":false},"excerpt":{"rendered":"<p>&nbsp; &nbsp; &nbsp; &nbsp; Coordinadora: Montserrat Marabotto Agudo Participantes: 79 profesores\/as Alumnado: ESO y Bachillerato Asesor\u00eda individual: Paco Mont\u00e1vez El Programa para la Innovaci\u00f3n Educativa H\u00e1bitos de Vida Saludable (HHVS), desarrollado por la Consejer\u00eda&#46;&#46;&#46;<\/p>\n","protected":false},"author":11434,"featured_media":0,"parent":44,"menu_order":0,"comment_status":"closed","ping_status":"closed","template":"","meta":{"ngg_post_thumbnail":0,"footnotes":"","_mc_calendar":[]},"aioseo_notices":[],"_links":{"self":[{"href":"https:\/\/blogsaverroes.juntadeandalucia.es\/iesseneca\/wp-json\/wp\/v2\/pages\/2911"}],"collection":[{"href":"https:\/\/blogsaverroes.juntadeandalucia.es\/iesseneca\/wp-json\/wp\/v2\/pages"}],"about":[{"href":"https:\/\/blogsaverroes.juntadeandalucia.es\/iesseneca\/wp-json\/wp\/v2\/types\/page"}],"author":[{"embeddable":true,"href":"https:\/\/blogsaverroes.juntadeandalucia.es\/iesseneca\/wp-json\/wp\/v2\/users\/11434"}],"replies":[{"embeddable":true,"href":"https:\/\/blogsaverroes.juntadeandalucia.es\/iesseneca\/wp-json\/wp\/v2\/comments?post=2911"}],"version-history":[{"count":15,"href":"https:\/\/blogsaverroes.juntadeandalucia.es\/iesseneca\/wp-json\/wp\/v2\/pages\/2911\/revisions"}],"predecessor-version":[{"id":5803,"href":"https:\/\/blogsaverroes.juntadeandalucia.es\/iesseneca\/wp-json\/wp\/v2\/pages\/2911\/revisions\/5803"}],"up":[{"embeddable":true,"href":"https:\/\/blogsaverroes.juntadeandalucia.es\/iesseneca\/wp-json\/wp\/v2\/pages\/44"}],"wp:attachment":[{"href":"https:\/\/blogsaverroes.juntadeandalucia.es\/iesseneca\/wp-json\/wp\/v2\/media?parent=2911"}],"curies":[{"name":"wp","href":"https:\/\/api.w.org\/{rel}","templated":true}]}}