{"id":3300,"date":"2021-01-27T11:25:50","date_gmt":"2021-01-27T11:25:50","guid":{"rendered":"https:\/\/blogsaverroes.juntadeandalucia.es\/iesseneca\/?page_id=3300"},"modified":"2022-09-19T11:13:57","modified_gmt":"2022-09-19T11:13:57","slug":"covid-19","status":"publish","type":"page","link":"https:\/\/blogsaverroes.juntadeandalucia.es\/iesseneca\/covid-19\/","title":{"rendered":"Protocolo de salud"},"content":{"rendered":"<p><a href=\"https:\/\/blogsaverroes.juntadeandalucia.es\/iesseneca\/files\/2022\/09\/protocolo_salud.png\"><img loading=\"lazy\" decoding=\"async\" class=\"size-full wp-image-5214 aligncenter\" src=\"https:\/\/blogsaverroes.juntadeandalucia.es\/iesseneca\/files\/2022\/09\/protocolo_salud.png\" alt=\"\" width=\"300\" height=\"85\"><\/a><\/p>\n<p style=\"text-align: justify\">En esta secci\u00f3n se recoge el plan de actuaci\u00f3n es salud. Este Plan es heredero del Protocolo COVID desarrollado en el curso 2020-2021 y 2021-2022 con el objetivo de hacer frente a las situaciones cambiantes generadas por la pandemia, vista su eficacia para hacer los centros lugares seguros, y reconociendo la necesidad de promocionar al alumnado h\u00e1bitos y estilos de vida saludables, as\u00ed como directrices para la prevenci\u00f3n de enfermedades y vigilancia de la salud.<\/p>\n<p style=\"text-align: justify\">Como consecuencia este documento responde a las circunstancias propias del centro y de las ense\u00f1anzas que en \u00e9l se imparten \u2013 grupos de alumnos y alumnas, caracter\u00edsticas y disposiciones espaciales, personal, aulas, las distintas actividades docentes, etc, y contempla de forma concreta medidas, agrup\u00e1ndolas en tres \u00e1mbitos de actuaci\u00f3n:<\/p>\n<ul>\n<li style=\"text-align: justify\">Promoci\u00f3n de la salud<\/li>\n<li style=\"text-align: justify\">Prevenci\u00f3n y vigilancia de la salud<\/li>\n<li style=\"text-align: justify\">Gesti\u00f3n de casos de enfermedades cr\u00f3nicas<\/li>\n<\/ul>\n<p>Puedes consultar el Plan aqu\u00ed:<\/p>\n<p><strong><a href=\"https:\/\/blogsaverroes.juntadeandalucia.es\/iesseneca\/files\/2022\/09\/PROTOCOLO-COORDINACI\u00d3N-SALUD-CURSO-2022-2023.pdf\">Protocolo coordinaci\u00f3n salud curso 2022-2023<\/a><\/strong><\/p>\n<p>&nbsp;<\/p>\n<div class=\"pt-cv-wrapper\"><div class=\"pt-cv-view pt-cv-grid pt-cv-colsys\" id=\"pt-cv-view-a483bd50jc\"><div data-id=\"pt-cv-page-1\" class=\"pt-cv-page\" data-cvc=\"2\"><div class=\"col-md-6 col-sm-6 col-xs-12 pt-cv-content-item pt-cv-1-col\" ><div class='pt-cv-ifield'><a href=\"https:\/\/blogsaverroes.juntadeandalucia.es\/iesseneca\/uso-de-mascarilla-en-los-centros-educativos-andaluces\/\" class=\"_self pt-cv-href-thumbnail pt-cv-thumb-default\" target=\"_self\" ><img loading=\"lazy\" decoding=\"async\" width=\"300\" height=\"240\" src=\"https:\/\/blogsaverroes.juntadeandalucia.es\/iesseneca\/files\/2022\/01\/Captura-de-pantalla-2022-01-12-a-las-20.26.59-300x240.png\" class=\"pt-cv-thumbnail\" alt=\"\" srcset=\"https:\/\/blogsaverroes.juntadeandalucia.es\/iesseneca\/files\/2022\/01\/Captura-de-pantalla-2022-01-12-a-las-20.26.59-300x240.png 300w, https:\/\/blogsaverroes.juntadeandalucia.es\/iesseneca\/files\/2022\/01\/Captura-de-pantalla-2022-01-12-a-las-20.26.59.png 654w\" sizes=\"(max-width: 300px) 100vw, 300px\" \/><\/a>\n<h4 class=\"pt-cv-title\"><a href=\"https:\/\/blogsaverroes.juntadeandalucia.es\/iesseneca\/uso-de-mascarilla-en-los-centros-educativos-andaluces\/\" class=\"_self\" target=\"_self\" >Uso de mascarilla en los centros educativos andaluces<\/a><\/h4>\n<div class=\"pt-cv-content\">En el siguiente documento de 10 de febrero de 2022 se especifica la normativa respecto al uso de la mascarilla ...<br \/><div class=\"pt-cv-rmwrap\"><a href=\"https:\/\/blogsaverroes.juntadeandalucia.es\/iesseneca\/uso-de-mascarilla-en-los-centros-educativos-andaluces\/\" class=\"_self pt-cv-readmore btn btn-success\" target=\"_self\">Leer M\u00e1s<\/a><\/div><\/div><\/div><\/div>\n<div class=\"col-md-6 col-sm-6 col-xs-12 pt-cv-content-item pt-cv-1-col\" ><div class='pt-cv-ifield'><a href=\"https:\/\/blogsaverroes.juntadeandalucia.es\/iesseneca\/instrucciones-covid-para-las-familias\/\" class=\"_self pt-cv-href-thumbnail pt-cv-thumb-default\" target=\"_self\" ><img loading=\"lazy\" decoding=\"async\" width=\"300\" height=\"211\" src=\"https:\/\/blogsaverroes.juntadeandalucia.es\/iesseneca\/files\/2022\/01\/Captura-de-pantalla-2022-01-12-a-las-20.35.59-300x211.png\" class=\"pt-cv-thumbnail\" alt=\"\" srcset=\"https:\/\/blogsaverroes.juntadeandalucia.es\/iesseneca\/files\/2022\/01\/Captura-de-pantalla-2022-01-12-a-las-20.35.59-300x211.png 300w, https:\/\/blogsaverroes.juntadeandalucia.es\/iesseneca\/files\/2022\/01\/Captura-de-pantalla-2022-01-12-a-las-20.35.59.png 440w\" sizes=\"(max-width: 300px) 100vw, 300px\" \/><\/a>\n<h4 class=\"pt-cv-title\"><a href=\"https:\/\/blogsaverroes.juntadeandalucia.es\/iesseneca\/instrucciones-covid-para-las-familias\/\" class=\"_self\" target=\"_self\" >Instrucciones COVID para las familias<\/a><\/h4>\n<div class=\"pt-cv-content\">Recomendaciones sobre c\u00f3mo actuar en caso de s\u00edntomas compatibles con COVID: Instrucciones de actuaci\u00f3n ...<br \/><div class=\"pt-cv-rmwrap\"><a href=\"https:\/\/blogsaverroes.juntadeandalucia.es\/iesseneca\/instrucciones-covid-para-las-familias\/\" class=\"_self pt-cv-readmore btn btn-success\" target=\"_self\">Leer M\u00e1s<\/a><\/div><\/div><\/div><\/div><\/div><\/div><\/div>\n","protected":false},"excerpt":{"rendered":"<p>En esta secci\u00f3n se recoge el plan de actuaci\u00f3n es salud. Este Plan es heredero del Protocolo COVID desarrollado en el curso 2020-2021 y 2021-2022 con el objetivo de hacer frente a las situaciones&#46;&#46;&#46;<\/p>\n","protected":false},"author":11434,"featured_media":0,"parent":0,"menu_order":0,"comment_status":"closed","ping_status":"closed","template":"","meta":{"ngg_post_thumbnail":0,"footnotes":"","_mc_calendar":[]},"aioseo_notices":[],"_links":{"self":[{"href":"https:\/\/blogsaverroes.juntadeandalucia.es\/iesseneca\/wp-json\/wp\/v2\/pages\/3300"}],"collection":[{"href":"https:\/\/blogsaverroes.juntadeandalucia.es\/iesseneca\/wp-json\/wp\/v2\/pages"}],"about":[{"href":"https:\/\/blogsaverroes.juntadeandalucia.es\/iesseneca\/wp-json\/wp\/v2\/types\/page"}],"author":[{"embeddable":true,"href":"https:\/\/blogsaverroes.juntadeandalucia.es\/iesseneca\/wp-json\/wp\/v2\/users\/11434"}],"replies":[{"embeddable":true,"href":"https:\/\/blogsaverroes.juntadeandalucia.es\/iesseneca\/wp-json\/wp\/v2\/comments?post=3300"}],"version-history":[{"count":18,"href":"https:\/\/blogsaverroes.juntadeandalucia.es\/iesseneca\/wp-json\/wp\/v2\/pages\/3300\/revisions"}],"predecessor-version":[{"id":5216,"href":"https:\/\/blogsaverroes.juntadeandalucia.es\/iesseneca\/wp-json\/wp\/v2\/pages\/3300\/revisions\/5216"}],"wp:attachment":[{"href":"https:\/\/blogsaverroes.juntadeandalucia.es\/iesseneca\/wp-json\/wp\/v2\/media?parent=3300"}],"curies":[{"name":"wp","href":"https:\/\/api.w.org\/{rel}","templated":true}]}}