{"id":35,"date":"2015-03-13T08:21:43","date_gmt":"2015-03-13T08:21:43","guid":{"rendered":"http:\/\/blogsaverroes.juntadeandalucia.es\/pre\/ceip\/?page_id=35"},"modified":"2025-09-22T18:15:59","modified_gmt":"2025-09-22T18:15:59","slug":"el-centro-2","status":"publish","type":"page","link":"https:\/\/blogsaverroes.juntadeandalucia.es\/iesseneca\/el-centro-2\/","title":{"rendered":"Localizaci\u00f3n"},"content":{"rendered":"<h4><a href=\"https:\/\/blogsaverroes.juntadeandalucia.es\/iesseneca\/files\/2020\/11\/localizacion.png\"><img loading=\"lazy\" decoding=\"async\" class=\"aligncenter size-full wp-image-2784\" src=\"https:\/\/blogsaverroes.juntadeandalucia.es\/iesseneca\/files\/2020\/11\/localizacion.png\" alt=\"Localizaci\u00f3n\" width=\"665\" height=\"483\" srcset=\"https:\/\/blogsaverroes.juntadeandalucia.es\/iesseneca\/files\/2020\/11\/localizacion.png 665w, https:\/\/blogsaverroes.juntadeandalucia.es\/iesseneca\/files\/2020\/11\/localizacion-300x218.png 300w, https:\/\/blogsaverroes.juntadeandalucia.es\/iesseneca\/files\/2020\/11\/localizacion-24x17.png 24w, https:\/\/blogsaverroes.juntadeandalucia.es\/iesseneca\/files\/2020\/11\/localizacion-36x26.png 36w, https:\/\/blogsaverroes.juntadeandalucia.es\/iesseneca\/files\/2020\/11\/localizacion-48x35.png 48w\" sizes=\"(max-width: 665px) 100vw, 665px\" \/><\/a><\/h4>\n<h4><span style=\"color: #000000\">Datos de contacto<\/span><\/h4>\n<p><span style=\"color: #000000\">I.E.S. S\u00e9neca<\/span><\/p>\n<p><span style=\"color: #000000\"><strong>Direcci\u00f3n:<\/strong><\/span><\/p>\n<p><span style=\"color: #000000\">Avda. Men\u00e9ndez Pidal, s\/n<\/span><\/p>\n<p><span style=\"color: #000000\">14004 C\u00f3rdoba<\/span><\/p>\n<p><span style=\"color: #000000\"><strong>Tel\u00e9fono:<\/strong> 957734806<\/span><\/p>\n<p><span style=\"color: #000000\"><strong>Correo de contacto:<\/strong><\/span> <a href=\"mailto:14002972.administracion@g.educaand.es\" target=\"_blank\" rel=\"noopener\">14002972.administracion@g.educaand.es<\/a><\/p>\n<p><span style=\"color: #000000\"><strong> FAX:<\/strong> 957734811<\/span><\/p>\n","protected":false},"excerpt":{"rendered":"<p>Datos de contacto I.E.S. S\u00e9neca Direcci\u00f3n: Avda. Men\u00e9ndez Pidal, s\/n 14004 C\u00f3rdoba Tel\u00e9fono: 957734806 Correo de contacto: 14002972.administracion@g.educaand.es FAX: 957734811<\/p>\n","protected":false},"author":1,"featured_media":0,"parent":0,"menu_order":0,"comment_status":"open","ping_status":"open","template":"","meta":{"ngg_post_thumbnail":0,"footnotes":"","_mc_calendar":[]},"aioseo_notices":[],"_links":{"self":[{"href":"https:\/\/blogsaverroes.juntadeandalucia.es\/iesseneca\/wp-json\/wp\/v2\/pages\/35"}],"collection":[{"href":"https:\/\/blogsaverroes.juntadeandalucia.es\/iesseneca\/wp-json\/wp\/v2\/pages"}],"about":[{"href":"https:\/\/blogsaverroes.juntadeandalucia.es\/iesseneca\/wp-json\/wp\/v2\/types\/page"}],"author":[{"embeddable":true,"href":"https:\/\/blogsaverroes.juntadeandalucia.es\/iesseneca\/wp-json\/wp\/v2\/users\/1"}],"replies":[{"embeddable":true,"href":"https:\/\/blogsaverroes.juntadeandalucia.es\/iesseneca\/wp-json\/wp\/v2\/comments?post=35"}],"version-history":[{"count":32,"href":"https:\/\/blogsaverroes.juntadeandalucia.es\/iesseneca\/wp-json\/wp\/v2\/pages\/35\/revisions"}],"predecessor-version":[{"id":6538,"href":"https:\/\/blogsaverroes.juntadeandalucia.es\/iesseneca\/wp-json\/wp\/v2\/pages\/35\/revisions\/6538"}],"wp:attachment":[{"href":"https:\/\/blogsaverroes.juntadeandalucia.es\/iesseneca\/wp-json\/wp\/v2\/media?parent=35"}],"curies":[{"name":"wp","href":"https:\/\/api.w.org\/{rel}","templated":true}]}}