{"id":42,"date":"2015-03-13T08:40:47","date_gmt":"2015-03-13T08:40:47","guid":{"rendered":"http:\/\/blogsaverroes.juntadeandalucia.es\/pre\/ceip\/?page_id=42"},"modified":"2025-10-31T07:12:17","modified_gmt":"2025-10-31T07:12:17","slug":"equipo-directivo","status":"publish","type":"page","link":"https:\/\/blogsaverroes.juntadeandalucia.es\/iesseneca\/equipo-directivo\/","title":{"rendered":"Equipo Directivo"},"content":{"rendered":"<div>\n<p><span style=\"color: #000000\"><strong>Director<\/strong><\/span><br class=\"manualbr\"><span style=\"color: #000000\">D. RAFAEL MOLINA VALIENTE<\/span><br class=\"manualbr\"><span style=\"color: #000000\">Profesor de Matem\u00e1ticas<\/span><\/p>\n<p><span style=\"color: #000000\"><strong>Vicedirectora<\/strong><\/span><br class=\"manualbr\"><span style=\"color: #000000\">D\u00aa. MAR\u00cdA DEL CAMPO RELA\u00d1O OLMO<\/span><br class=\"manualbr\"><span style=\"color: #000000\">Profesora de Tecnolog\u00eda<\/span><\/p>\n<p><span style=\"color: #000000\"><strong>Jefa de Estudios<\/strong><\/span><br class=\"manualbr\"><span style=\"color: #000000\">D\u00aa. RAQUEL CARBONERO RUZ<\/span><br class=\"manualbr\"><span style=\"color: #000000\">Profesora de Matem\u00e1ticas<\/span><\/p>\n<p><span style=\"color: #000000\"><strong>Jefa de Estudios Adjunta<\/strong><\/span><br class=\"manualbr\"><span style=\"color: #000000\">D\u00aa. ESTHER MADERA LASTRA<\/span><br class=\"manualbr\"><span style=\"color: #000000\">Profesora de Matem\u00e1ticas<\/span><\/p>\n<\/div>\n<p><span style=\"color: #000000\"><strong>Jefa de Estudios Adjunta<\/strong><\/span><br class=\"manualbr\"><span style=\"color: #000000\">D\u00aa. MONTSERRAT ALONSO CU\u00c9LLAR<\/span><br class=\"manualbr\"><span style=\"color: #000000\">Profesora de Biolog\u00eda y Geolog\u00eda<\/span><\/p>\n<div>\n<p><span style=\"color: #000000\"><strong>Jefe de Estudios de Adultos<\/strong><\/span><br class=\"manualbr\"><span style=\"color: #000000\">D. IGNACIO TER\u00c9 P\u00c9REZ<\/span><br class=\"manualbr\"><span style=\"color: #000000\">Profesor de Geograf\u00eda e Historia<\/span><\/p>\n<p><span style=\"color: #000000\"><strong>Secretario<\/strong><\/span><br class=\"manualbr\"><span style=\"color: #000000\">D. EULALIO CALDER\u00d3N MU\u00d1OZ<\/span><br class=\"manualbr\"><span style=\"color: #000000\">Profesor de Ciclos<\/span><\/p>\n<\/div>\n","protected":false},"excerpt":{"rendered":"<p>DirectorD. RAFAEL MOLINA VALIENTEProfesor de Matem\u00e1ticas VicedirectoraD\u00aa. MAR\u00cdA DEL CAMPO RELA\u00d1O OLMOProfesora de Tecnolog\u00eda Jefa de EstudiosD\u00aa. RAQUEL CARBONERO RUZProfesora de Matem\u00e1ticas Jefa de Estudios AdjuntaD\u00aa. ESTHER MADERA LASTRAProfesora de Matem\u00e1ticas Jefa de Estudios&#46;&#46;&#46;<\/p>\n","protected":false},"author":1,"featured_media":0,"parent":0,"menu_order":0,"comment_status":"open","ping_status":"open","template":"page-templates\/child-menu.php","meta":{"ngg_post_thumbnail":0,"footnotes":"","_mc_calendar":[]},"aioseo_notices":[],"_links":{"self":[{"href":"https:\/\/blogsaverroes.juntadeandalucia.es\/iesseneca\/wp-json\/wp\/v2\/pages\/42"}],"collection":[{"href":"https:\/\/blogsaverroes.juntadeandalucia.es\/iesseneca\/wp-json\/wp\/v2\/pages"}],"about":[{"href":"https:\/\/blogsaverroes.juntadeandalucia.es\/iesseneca\/wp-json\/wp\/v2\/types\/page"}],"author":[{"embeddable":true,"href":"https:\/\/blogsaverroes.juntadeandalucia.es\/iesseneca\/wp-json\/wp\/v2\/users\/1"}],"replies":[{"embeddable":true,"href":"https:\/\/blogsaverroes.juntadeandalucia.es\/iesseneca\/wp-json\/wp\/v2\/comments?post=42"}],"version-history":[{"count":10,"href":"https:\/\/blogsaverroes.juntadeandalucia.es\/iesseneca\/wp-json\/wp\/v2\/pages\/42\/revisions"}],"predecessor-version":[{"id":6716,"href":"https:\/\/blogsaverroes.juntadeandalucia.es\/iesseneca\/wp-json\/wp\/v2\/pages\/42\/revisions\/6716"}],"wp:attachment":[{"href":"https:\/\/blogsaverroes.juntadeandalucia.es\/iesseneca\/wp-json\/wp\/v2\/media?parent=42"}],"curies":[{"name":"wp","href":"https:\/\/api.w.org\/{rel}","templated":true}]}}