{"id":49,"date":"2015-03-13T08:47:05","date_gmt":"2015-03-13T08:47:05","guid":{"rendered":"http:\/\/blogsaverroes.juntadeandalucia.es\/pre\/ceip\/?page_id=49"},"modified":"2025-12-10T15:31:29","modified_gmt":"2025-12-10T15:31:29","slug":"proyecto-educativo","status":"publish","type":"page","link":"https:\/\/blogsaverroes.juntadeandalucia.es\/iesseneca\/proyecto-educativo\/","title":{"rendered":"Proyecto Educativo"},"content":{"rendered":"<table style=\"border-collapse: collapse;width: 100%\">\n<tbody>\n<tr>\n<td style=\"width: 50%\"><a href=\"https:\/\/blogsaverroes.juntadeandalucia.es\/iesseneca\/files\/2021\/02\/proyectoeducativo.png\"><img loading=\"lazy\" decoding=\"async\" class=\"aligncenter wp-image-3565\" src=\"https:\/\/blogsaverroes.juntadeandalucia.es\/iesseneca\/files\/2021\/02\/proyectoeducativo-300x209.png\" alt=\"\" width=\"301\" height=\"210\" srcset=\"https:\/\/blogsaverroes.juntadeandalucia.es\/iesseneca\/files\/2021\/02\/proyectoeducativo-300x209.png 300w, https:\/\/blogsaverroes.juntadeandalucia.es\/iesseneca\/files\/2021\/02\/proyectoeducativo-768x536.png 768w, https:\/\/blogsaverroes.juntadeandalucia.es\/iesseneca\/files\/2021\/02\/proyectoeducativo.png 958w\" sizes=\"(max-width: 301px) 100vw, 301px\" \/><\/a><\/td>\n<td style=\"width: 50%\">\n<p align=\"right\"><span style=\"color: #000000\">\u201c<em><span style=\"font-family: Arial, serif\"><span style=\"font-size: small\">Educar es lo mismo que poner motor a una barca\u2026<\/span><\/span><\/em><span style=\"font-family: Arial, serif\"><span style=\"font-size: small\"><br \/>\n<\/span><\/span><em><span style=\"font-family: Arial, serif\"><span style=\"font-size: small\">hay que medir, pesar, equilibrar\u2026<\/span><\/span><\/em><span style=\"font-family: Arial, serif\"><span style=\"font-size: small\"><br \/>\n<\/span><\/span><em><span style=\"font-family: Arial, serif\"><span style=\"font-size: small\">\u2026 y poner todo en marcha.<\/span><\/span><\/em><\/span><\/p>\n<p align=\"right\"><span style=\"color: #000000\"><em><span style=\"font-family: Arial, serif\"><span style=\"font-size: small\">Para eso, uno tiene que llevar en el alma<\/span><\/span><\/em><span style=\"font-family: Arial, serif\"><span style=\"font-size: small\"><br \/>\n<\/span><\/span><em><span style=\"font-family: Arial, serif\"><span style=\"font-size: small\">un poco de marino\u2026un poco de pirata\u2026<\/span><\/span><\/em><span style=\"font-family: Arial, serif\"><span style=\"font-size: small\"><br \/>\n<\/span><\/span><em><span style=\"font-family: Arial, serif\"><span style=\"font-size: small\">un poco de poeta\u2026<\/span><\/span><\/em><span style=\"font-family: Arial, serif\"><span style=\"font-size: small\"><br \/>\n<\/span><\/span><em><span style=\"font-family: Arial, serif\"><span style=\"font-size: small\">y un kilo y medio de paciencia concentrada.<\/span><\/span><\/em><\/span><\/p>\n<p align=\"right\"><a name=\"_GoBack\"><\/a><span style=\"color: #000000\"> <em><span style=\"font-family: Arial, serif\"><span style=\"font-size: small\">Pero es consolador so\u00f1ar mientras uno trabaja,<\/span><\/span><\/em><span style=\"font-family: Arial, serif\"><span style=\"font-size: small\"><br \/>\n<\/span><\/span><em><span style=\"font-family: Arial, serif\"><span style=\"font-size: small\">que ese barco, ese ni\u00f1o ir\u00e1 muy lejos por el agua.<\/span><\/span><\/em><span style=\"font-family: Arial, serif\"><span style=\"font-size: small\"><br \/>\n<\/span><\/span><em><span style=\"font-family: Arial, serif\"><span style=\"font-size: small\">So\u00f1ar que ese nav\u00edo llevar\u00e1 nuestra carga de palabras<\/span><\/span><\/em><span style=\"font-family: Arial, serif\"><span style=\"font-size: small\"><br \/>\n<\/span><\/span><em><span style=\"font-family: Arial, serif\"><span style=\"font-size: small\">hacia puertos distantes, hacia islas lejanas.<\/span><\/span><\/em><\/span><\/p>\n<p align=\"right\"><span style=\"color: #000000\"><em><span style=\"font-family: Arial, serif\"><span style=\"font-size: small\">So\u00f1ar que cuando un d\u00eda<\/span><\/span><\/em><\/span><\/p>\n<p align=\"right\"><span style=\"color: #000000\"><em> <span style=\"font-family: Arial, serif\"><span style=\"font-size: small\">est\u00e9 durmiendo nuestra propia barca,<\/span><\/span><\/em><\/span><span style=\"color: #003300\"><span style=\"font-family: Arial, serif\"><span style=\"font-size: small\"><br \/>\n<\/span><\/span><\/span><span style=\"color: #000000\"><em><span style=\"font-family: Arial, serif\"><span style=\"font-size: small\">en barcos nuevos seguir\u00e1 nuestra bandera enarbolada<\/span><\/span><\/em><span style=\"font-family: Arial, serif\"><span style=\"font-size: small\">.<\/span><\/span><\/span><\/p>\n<p class=\"western\" align=\"right\"><span style=\"color: #000000\"><span style=\"font-family: Arial, serif\"><b>Gabriel Celaya<\/b><\/span><\/span><\/p>\n<\/td>\n<\/tr>\n<\/tbody>\n<\/table>\n<p align=\"justify\"><span style=\"color: #000000\">El<strong> Proyecto Educativo<\/strong> constituye las se\u00f1as de identidad del Instituto y expresa la educaci\u00f3n que desea y va a desarrollar en unas condiciones concretas, por lo que contempla los valores, los objetivos y las prioridades de actuaci\u00f3n, no limit\u00e1ndose s\u00f3lo a los aspectos curriculares, sino tambi\u00e9n a aquellos otros que, desde un punto de vista cultural, hacen del centro un elemento dinamizador de la zona donde est\u00e1 ubicado.<\/span><\/p>\n<p align=\"justify\"><span style=\"color: #000000\">El<strong> Proyecto Educativo del Instituto \u201cS\u00e9neca\u201d<\/strong> define los objetivos particulares que el instituto se propone alcanzar, partiendo de su realidad y tomando como referencia la L.O.E., la L.E.A y la L.O.M.C.E., acerca de los principios que orientan las distintas etapas educativas que se imparten en el centro y del curr\u00edculo de cada una de ellas.<\/span><\/p>\n<p align=\"justify\"><span style=\"color: #000000\">De gran importancia es el <strong>Plan de Convivencia,<\/strong> pues las normas que contiene constituyen un instrumento necesario para el buen desarrollo del trabajo del alumnado y del profesorado, reconociendo el papel de las familias y canalizando su esfuerzo mediante el establecimiento de compromisos educativos y de convivencia, como forma de asunci\u00f3n de responsabilidades compartidas en la tarea de educar a sus hijos e hijas.<\/span><\/p>\n<table width=\"566\" cellspacing=\"0\" cellpadding=\"7\">\n<colgroup>\n<col width=\"550\"> <\/colgroup>\n<tbody>\n<tr>\n<td valign=\"top\" bgcolor=\"#a8d08d\">\n<h4 style=\"text-align: center\"><strong><a href=\"https:\/\/blogsaverroes.juntadeandalucia.es\/iesseneca\/files\/2025\/12\/Proyecto-educativo-25-26.pdf\">Proyecto educativo 25-26<\/a><\/strong><\/h4>\n<\/td>\n<\/tr>\n<\/tbody>\n<\/table>\n<p>&nbsp;<\/p>\n","protected":false},"excerpt":{"rendered":"<p>\u201cEducar es lo mismo que poner motor a una barca\u2026 hay que medir, pesar, equilibrar\u2026 \u2026 y poner todo en marcha. Para eso, uno tiene que llevar en el alma un poco de marino\u2026un&#46;&#46;&#46;<\/p>\n","protected":false},"author":1,"featured_media":0,"parent":0,"menu_order":0,"comment_status":"open","ping_status":"open","template":"","meta":{"ngg_post_thumbnail":0,"footnotes":"","_mc_calendar":[]},"aioseo_notices":[],"_links":{"self":[{"href":"https:\/\/blogsaverroes.juntadeandalucia.es\/iesseneca\/wp-json\/wp\/v2\/pages\/49"}],"collection":[{"href":"https:\/\/blogsaverroes.juntadeandalucia.es\/iesseneca\/wp-json\/wp\/v2\/pages"}],"about":[{"href":"https:\/\/blogsaverroes.juntadeandalucia.es\/iesseneca\/wp-json\/wp\/v2\/types\/page"}],"author":[{"embeddable":true,"href":"https:\/\/blogsaverroes.juntadeandalucia.es\/iesseneca\/wp-json\/wp\/v2\/users\/1"}],"replies":[{"embeddable":true,"href":"https:\/\/blogsaverroes.juntadeandalucia.es\/iesseneca\/wp-json\/wp\/v2\/comments?post=49"}],"version-history":[{"count":17,"href":"https:\/\/blogsaverroes.juntadeandalucia.es\/iesseneca\/wp-json\/wp\/v2\/pages\/49\/revisions"}],"predecessor-version":[{"id":6723,"href":"https:\/\/blogsaverroes.juntadeandalucia.es\/iesseneca\/wp-json\/wp\/v2\/pages\/49\/revisions\/6723"}],"wp:attachment":[{"href":"https:\/\/blogsaverroes.juntadeandalucia.es\/iesseneca\/wp-json\/wp\/v2\/media?parent=49"}],"curies":[{"name":"wp","href":"https:\/\/api.w.org\/{rel}","templated":true}]}}