{"id":4908,"date":"2022-03-12T21:01:16","date_gmt":"2022-03-12T21:01:16","guid":{"rendered":"https:\/\/blogsaverroes.juntadeandalucia.es\/iesseneca\/?page_id=4908"},"modified":"2022-03-12T21:24:48","modified_gmt":"2022-03-12T21:24:48","slug":"accion-tutorial","status":"publish","type":"page","link":"https:\/\/blogsaverroes.juntadeandalucia.es\/iesseneca\/orientacion-2\/accion-tutorial\/","title":{"rendered":"Acci\u00f3n tutorial"},"content":{"rendered":"<div class=\"pt-cv-wrapper\"><div class=\"pt-cv-view pt-cv-grid pt-cv-colsys\" id=\"pt-cv-view-da70d72slk\"><div data-id=\"pt-cv-page-1\" class=\"pt-cv-page\" data-cvc=\"2\"><div class=\"col-md-6 col-sm-6 col-xs-12 pt-cv-content-item pt-cv-1-col\" ><div class='pt-cv-ifield'><a href=\"https:\/\/blogsaverroes.juntadeandalucia.es\/iesseneca\/charla-sobre-la-alimentacion-durante-la-adolescencia\/\" class=\"_self pt-cv-href-thumbnail pt-cv-thumb-default\" target=\"_self\" ><img loading=\"lazy\" decoding=\"async\" width=\"300\" height=\"185\" src=\"https:\/\/blogsaverroes.juntadeandalucia.es\/iesseneca\/files\/2025\/06\/Captura-de-pantalla-2025-06-17-a-las-15.27.11-300x185.png\" class=\"pt-cv-thumbnail\" alt=\"\" srcset=\"https:\/\/blogsaverroes.juntadeandalucia.es\/iesseneca\/files\/2025\/06\/Captura-de-pantalla-2025-06-17-a-las-15.27.11-300x185.png 300w, https:\/\/blogsaverroes.juntadeandalucia.es\/iesseneca\/files\/2025\/06\/Captura-de-pantalla-2025-06-17-a-las-15.27.11-768x475.png 768w, https:\/\/blogsaverroes.juntadeandalucia.es\/iesseneca\/files\/2025\/06\/Captura-de-pantalla-2025-06-17-a-las-15.27.11.png 867w\" sizes=\"(max-width: 300px) 100vw, 300px\" \/><\/a>\n<h4 class=\"pt-cv-title\"><a href=\"https:\/\/blogsaverroes.juntadeandalucia.es\/iesseneca\/charla-sobre-la-alimentacion-durante-la-adolescencia\/\" class=\"_self\" target=\"_self\" >Charla sobre la Alimentaci\u00f3n durante la Adolescencia<\/a><\/h4>\n<div class=\"pt-cv-content\">Charla sobre los requerimientos nutricionales del adolescente para favorecer el crecimiento y desarrollo en esta etapa. Presentaci\u00f3n sobre la alimentacion ...<br \/><div class=\"pt-cv-rmwrap\"><a href=\"https:\/\/blogsaverroes.juntadeandalucia.es\/iesseneca\/charla-sobre-la-alimentacion-durante-la-adolescencia\/\" class=\"_self pt-cv-readmore btn btn-success\" target=\"_self\">Leer M\u00e1s<\/a><\/div><\/div><\/div><\/div>\n<div class=\"col-md-6 col-sm-6 col-xs-12 pt-cv-content-item pt-cv-1-col\" ><div class='pt-cv-ifield'><a href=\"https:\/\/blogsaverroes.juntadeandalucia.es\/iesseneca\/descubre-campamento-digital-para-tu-centro-educativo\/\" class=\"_self pt-cv-href-thumbnail pt-cv-thumb-default\" target=\"_self\" ><img loading=\"lazy\" decoding=\"async\" width=\"300\" height=\"133\" src=\"https:\/\/blogsaverroes.juntadeandalucia.es\/iesseneca\/files\/2024\/05\/Captura-de-pantalla-2024-05-08-a-las-18.22.55-300x133.png\" class=\"pt-cv-thumbnail\" alt=\"\" srcset=\"https:\/\/blogsaverroes.juntadeandalucia.es\/iesseneca\/files\/2024\/05\/Captura-de-pantalla-2024-05-08-a-las-18.22.55-300x133.png 300w, https:\/\/blogsaverroes.juntadeandalucia.es\/iesseneca\/files\/2024\/05\/Captura-de-pantalla-2024-05-08-a-las-18.22.55-1024x455.png 1024w, https:\/\/blogsaverroes.juntadeandalucia.es\/iesseneca\/files\/2024\/05\/Captura-de-pantalla-2024-05-08-a-las-18.22.55-768x341.png 768w, https:\/\/blogsaverroes.juntadeandalucia.es\/iesseneca\/files\/2024\/05\/Captura-de-pantalla-2024-05-08-a-las-18.22.55.png 1148w\" sizes=\"(max-width: 300px) 100vw, 300px\" \/><\/a>\n<h4 class=\"pt-cv-title\"><a href=\"https:\/\/blogsaverroes.juntadeandalucia.es\/iesseneca\/descubre-campamento-digital-para-tu-centro-educativo\/\" class=\"_self\" target=\"_self\" >\u00a1Descubre Campamento Digital para tu centro educativo!<\/a><\/h4>\n<div class=\"pt-cv-content\">\u00bfTe gustar\u00eda programar en tu centro educativo actividades gratuitas en competencias digitales para ni\u00f1os\/as y j\u00f3venes entre 9 a 17 ...<br \/><div class=\"pt-cv-rmwrap\"><a href=\"https:\/\/blogsaverroes.juntadeandalucia.es\/iesseneca\/descubre-campamento-digital-para-tu-centro-educativo\/\" class=\"_self pt-cv-readmore btn btn-success\" target=\"_self\">Leer M\u00e1s<\/a><\/div><\/div><\/div><\/div>\n<div class=\"col-md-6 col-sm-6 col-xs-12 pt-cv-content-item pt-cv-1-col\" ><div class='pt-cv-ifield'><a href=\"https:\/\/blogsaverroes.juntadeandalucia.es\/iesseneca\/taller-forma-joven-para-mediadores-de-salud\/\" class=\"_self pt-cv-href-thumbnail pt-cv-thumb-default\" target=\"_self\" ><img loading=\"lazy\" decoding=\"async\" width=\"300\" height=\"225\" src=\"https:\/\/blogsaverroes.juntadeandalucia.es\/iesseneca\/files\/2023\/04\/1681117936073-300x225.jpg\" class=\"pt-cv-thumbnail\" alt=\"\" srcset=\"https:\/\/blogsaverroes.juntadeandalucia.es\/iesseneca\/files\/2023\/04\/1681117936073-300x225.jpg 300w, https:\/\/blogsaverroes.juntadeandalucia.es\/iesseneca\/files\/2023\/04\/1681117936073-1024x769.jpg 1024w, https:\/\/blogsaverroes.juntadeandalucia.es\/iesseneca\/files\/2023\/04\/1681117936073-768x577.jpg 768w, https:\/\/blogsaverroes.juntadeandalucia.es\/iesseneca\/files\/2023\/04\/1681117936073-1536x1153.jpg 1536w, https:\/\/blogsaverroes.juntadeandalucia.es\/iesseneca\/files\/2023\/04\/1681117936073-2048x1538.jpg 2048w, https:\/\/blogsaverroes.juntadeandalucia.es\/iesseneca\/files\/2023\/04\/1681117936073-scaled.jpg 1600w\" sizes=\"(max-width: 300px) 100vw, 300px\" \/><\/a>\n<h4 class=\"pt-cv-title\"><a href=\"https:\/\/blogsaverroes.juntadeandalucia.es\/iesseneca\/taller-forma-joven-para-mediadores-de-salud\/\" class=\"_self\" target=\"_self\" >Taller Forma Joven para mediadores de salud<\/a><\/h4>\n<div class=\"pt-cv-content\">Taller de forma joven dirigido a los mediadores de salud de 4\u00ba de ESO realizado por el psic\u00f3logo Pablo Gordillo ...<br \/><div class=\"pt-cv-rmwrap\"><a href=\"https:\/\/blogsaverroes.juntadeandalucia.es\/iesseneca\/taller-forma-joven-para-mediadores-de-salud\/\" class=\"_self pt-cv-readmore btn btn-success\" target=\"_self\">Leer M\u00e1s<\/a><\/div><\/div><\/div><\/div>\n<div class=\"col-md-6 col-sm-6 col-xs-12 pt-cv-content-item pt-cv-1-col\" ><div class='pt-cv-ifield'><a href=\"https:\/\/blogsaverroes.juntadeandalucia.es\/iesseneca\/talleres-de-educacion-emocional-de-voades\/\" class=\"_self pt-cv-href-thumbnail pt-cv-thumb-default\" target=\"_self\" ><img loading=\"lazy\" decoding=\"async\" width=\"300\" height=\"225\" src=\"https:\/\/blogsaverroes.juntadeandalucia.es\/iesseneca\/files\/2023\/03\/IMG-20230328-WA0003-300x225.jpg\" class=\"pt-cv-thumbnail\" alt=\"\" srcset=\"https:\/\/blogsaverroes.juntadeandalucia.es\/iesseneca\/files\/2023\/03\/IMG-20230328-WA0003-300x225.jpg 300w, https:\/\/blogsaverroes.juntadeandalucia.es\/iesseneca\/files\/2023\/03\/IMG-20230328-WA0003-1024x769.jpg 1024w, https:\/\/blogsaverroes.juntadeandalucia.es\/iesseneca\/files\/2023\/03\/IMG-20230328-WA0003-768x576.jpg 768w, https:\/\/blogsaverroes.juntadeandalucia.es\/iesseneca\/files\/2023\/03\/IMG-20230328-WA0003-1536x1153.jpg 1536w, https:\/\/blogsaverroes.juntadeandalucia.es\/iesseneca\/files\/2023\/03\/IMG-20230328-WA0003.jpg 1600w\" sizes=\"(max-width: 300px) 100vw, 300px\" \/><\/a>\n<h4 class=\"pt-cv-title\"><a href=\"https:\/\/blogsaverroes.juntadeandalucia.es\/iesseneca\/talleres-de-educacion-emocional-de-voades\/\" class=\"_self\" target=\"_self\" >Talleres de educaci\u00f3n emocional de VOADES<\/a><\/h4>\n<div class=\"pt-cv-content\">Talleres de VOADES sobre educaci\u00f3n emocional para el alumnado de todos los grupos de 2\u00ba y 3\u00ba de ESO ...<br \/><div class=\"pt-cv-rmwrap\"><a href=\"https:\/\/blogsaverroes.juntadeandalucia.es\/iesseneca\/talleres-de-educacion-emocional-de-voades\/\" class=\"_self pt-cv-readmore btn btn-success\" target=\"_self\">Leer M\u00e1s<\/a><\/div><\/div><\/div><\/div>\n<div class=\"col-md-6 col-sm-6 col-xs-12 pt-cv-content-item pt-cv-1-col\" ><div class='pt-cv-ifield'><a href=\"https:\/\/blogsaverroes.juntadeandalucia.es\/iesseneca\/talleres-de-rcp-del-programa-forma-joven\/\" class=\"_self pt-cv-href-thumbnail pt-cv-thumb-default\" target=\"_self\" ><img loading=\"lazy\" decoding=\"async\" width=\"300\" height=\"225\" src=\"https:\/\/blogsaverroes.juntadeandalucia.es\/iesseneca\/files\/2023\/01\/IMG-20230124-WA0006-300x225.jpg\" class=\"pt-cv-thumbnail\" alt=\"\" srcset=\"https:\/\/blogsaverroes.juntadeandalucia.es\/iesseneca\/files\/2023\/01\/IMG-20230124-WA0006-300x225.jpg 300w, https:\/\/blogsaverroes.juntadeandalucia.es\/iesseneca\/files\/2023\/01\/IMG-20230124-WA0006-1024x768.jpg 1024w, https:\/\/blogsaverroes.juntadeandalucia.es\/iesseneca\/files\/2023\/01\/IMG-20230124-WA0006-768x576.jpg 768w, https:\/\/blogsaverroes.juntadeandalucia.es\/iesseneca\/files\/2023\/01\/IMG-20230124-WA0006-1536x1152.jpg 1536w, https:\/\/blogsaverroes.juntadeandalucia.es\/iesseneca\/files\/2023\/01\/IMG-20230124-WA0006.jpg 1600w\" sizes=\"(max-width: 300px) 100vw, 300px\" \/><\/a>\n<h4 class=\"pt-cv-title\"><a href=\"https:\/\/blogsaverroes.juntadeandalucia.es\/iesseneca\/talleres-de-rcp-del-programa-forma-joven\/\" class=\"_self\" target=\"_self\" >Talleres de RCP del Programa Forma Joven<\/a><\/h4>\n<div class=\"pt-cv-content\">Desde el Programa Forma Joven se han realizado unos talleres de reanimaci\u00f3n cardio-pulmonar para los grupos de 4\u00ba de ESO ...<br \/><div class=\"pt-cv-rmwrap\"><a href=\"https:\/\/blogsaverroes.juntadeandalucia.es\/iesseneca\/talleres-de-rcp-del-programa-forma-joven\/\" class=\"_self pt-cv-readmore btn btn-success\" target=\"_self\">Leer M\u00e1s<\/a><\/div><\/div><\/div><\/div>\n<div class=\"col-md-6 col-sm-6 col-xs-12 pt-cv-content-item pt-cv-1-col\" ><div class='pt-cv-ifield'><a href=\"https:\/\/blogsaverroes.juntadeandalucia.es\/iesseneca\/forma-joven\/\" class=\"_self pt-cv-href-thumbnail pt-cv-thumb-default\" target=\"_self\" ><img loading=\"lazy\" decoding=\"async\" width=\"300\" height=\"169\" src=\"https:\/\/blogsaverroes.juntadeandalucia.es\/iesseneca\/files\/2023\/01\/IMG-20230111-WA0011-300x169.jpg\" class=\"pt-cv-thumbnail\" alt=\"\" srcset=\"https:\/\/blogsaverroes.juntadeandalucia.es\/iesseneca\/files\/2023\/01\/IMG-20230111-WA0011-300x169.jpg 300w, https:\/\/blogsaverroes.juntadeandalucia.es\/iesseneca\/files\/2023\/01\/IMG-20230111-WA0011-1024x576.jpg 1024w, https:\/\/blogsaverroes.juntadeandalucia.es\/iesseneca\/files\/2023\/01\/IMG-20230111-WA0011-768x432.jpg 768w, https:\/\/blogsaverroes.juntadeandalucia.es\/iesseneca\/files\/2023\/01\/IMG-20230111-WA0011-1536x864.jpg 1536w, https:\/\/blogsaverroes.juntadeandalucia.es\/iesseneca\/files\/2023\/01\/IMG-20230111-WA0011.jpg 1600w\" sizes=\"(max-width: 300px) 100vw, 300px\" \/><\/a>\n<h4 class=\"pt-cv-title\"><a href=\"https:\/\/blogsaverroes.juntadeandalucia.es\/iesseneca\/forma-joven\/\" class=\"_self\" target=\"_self\" >Forma Joven<\/a><\/h4>\n<div class=\"pt-cv-content\">Actividades del plan Forma Joven: Taller prevenci\u00f3n riesgos de internet y Charla prevenci\u00f3n accidentes de tr\u00e1fico ...<br \/><div class=\"pt-cv-rmwrap\"><a href=\"https:\/\/blogsaverroes.juntadeandalucia.es\/iesseneca\/forma-joven\/\" class=\"_self pt-cv-readmore btn btn-success\" target=\"_self\">Leer M\u00e1s<\/a><\/div><\/div><\/div><\/div>\n<div class=\"col-md-6 col-sm-6 col-xs-12 pt-cv-content-item pt-cv-1-col\" ><div class='pt-cv-ifield'><a href=\"https:\/\/blogsaverroes.juntadeandalucia.es\/iesseneca\/taller-uso-y-abuso-de-las-nuevas-tecnologias-ante-el-auge-que-hay-del-uso-desmedido-de-las-mismas\/\" class=\"_self pt-cv-href-thumbnail pt-cv-thumb-default\" target=\"_self\" ><img loading=\"lazy\" decoding=\"async\" width=\"300\" height=\"148\" src=\"https:\/\/blogsaverroes.juntadeandalucia.es\/iesseneca\/files\/2022\/03\/Captura-de-pantalla-2022-03-23-a-las-18.50.58-300x148.png\" class=\"pt-cv-thumbnail\" alt=\"\" srcset=\"https:\/\/blogsaverroes.juntadeandalucia.es\/iesseneca\/files\/2022\/03\/Captura-de-pantalla-2022-03-23-a-las-18.50.58-300x148.png 300w, https:\/\/blogsaverroes.juntadeandalucia.es\/iesseneca\/files\/2022\/03\/Captura-de-pantalla-2022-03-23-a-las-18.50.58-1024x506.png 1024w, https:\/\/blogsaverroes.juntadeandalucia.es\/iesseneca\/files\/2022\/03\/Captura-de-pantalla-2022-03-23-a-las-18.50.58-768x380.png 768w, https:\/\/blogsaverroes.juntadeandalucia.es\/iesseneca\/files\/2022\/03\/Captura-de-pantalla-2022-03-23-a-las-18.50.58-1536x760.png 1536w, https:\/\/blogsaverroes.juntadeandalucia.es\/iesseneca\/files\/2022\/03\/Captura-de-pantalla-2022-03-23-a-las-18.50.58.png 1565w\" sizes=\"(max-width: 300px) 100vw, 300px\" \/><\/a>\n<h4 class=\"pt-cv-title\"><a href=\"https:\/\/blogsaverroes.juntadeandalucia.es\/iesseneca\/taller-uso-y-abuso-de-las-nuevas-tecnologias-ante-el-auge-que-hay-del-uso-desmedido-de-las-mismas\/\" class=\"_self\" target=\"_self\" >Taller \u00abUso y abuso\u00a0 de las nuevas tecnolog\u00edas ante el auge que hay del uso desmedido de las mismas\u00bb<\/a><\/h4>\n<div class=\"pt-cv-content\">El pasado 22 de marzo, el psic\u00f3logo Pablo Gordillo del Instituto Andaluz de la Juventud ha realizado un taller de ...<br \/><div class=\"pt-cv-rmwrap\"><a href=\"https:\/\/blogsaverroes.juntadeandalucia.es\/iesseneca\/taller-uso-y-abuso-de-las-nuevas-tecnologias-ante-el-auge-que-hay-del-uso-desmedido-de-las-mismas\/\" class=\"_self pt-cv-readmore btn btn-success\" target=\"_self\">Leer M\u00e1s<\/a><\/div><\/div><\/div><\/div>\n<div class=\"col-md-6 col-sm-6 col-xs-12 pt-cv-content-item pt-cv-1-col\" ><div class='pt-cv-ifield'><a href=\"https:\/\/blogsaverroes.juntadeandalucia.es\/iesseneca\/servicio-de-asesoramiento-y-orientacion-psicologica-para-jovenes\/\" class=\"_self pt-cv-href-thumbnail pt-cv-thumb-default\" target=\"_self\" ><img loading=\"lazy\" decoding=\"async\" width=\"300\" height=\"155\" src=\"https:\/\/blogsaverroes.juntadeandalucia.es\/iesseneca\/files\/2022\/03\/Captura-de-pantalla-2022-03-12-a-las-22.33.36-300x155.png\" class=\"pt-cv-thumbnail\" alt=\"\" srcset=\"https:\/\/blogsaverroes.juntadeandalucia.es\/iesseneca\/files\/2022\/03\/Captura-de-pantalla-2022-03-12-a-las-22.33.36-300x155.png 300w, https:\/\/blogsaverroes.juntadeandalucia.es\/iesseneca\/files\/2022\/03\/Captura-de-pantalla-2022-03-12-a-las-22.33.36-1024x528.png 1024w, https:\/\/blogsaverroes.juntadeandalucia.es\/iesseneca\/files\/2022\/03\/Captura-de-pantalla-2022-03-12-a-las-22.33.36-768x396.png 768w, https:\/\/blogsaverroes.juntadeandalucia.es\/iesseneca\/files\/2022\/03\/Captura-de-pantalla-2022-03-12-a-las-22.33.36.png 1409w\" sizes=\"(max-width: 300px) 100vw, 300px\" \/><\/a>\n<h4 class=\"pt-cv-title\"><a href=\"https:\/\/blogsaverroes.juntadeandalucia.es\/iesseneca\/servicio-de-asesoramiento-y-orientacion-psicologica-para-jovenes\/\" class=\"_self\" target=\"_self\" >Servicio de asesoramiento y orientaci\u00f3n psicol\u00f3gica para j\u00f3venes<\/a><\/h4>\n<div class=\"pt-cv-content\">El Colegio Oficial de Psicolog\u00eda de Andaluc\u00eda Occidental, a trav\u00e9s de su Delegaci\u00f3n de C\u00f3rdoba, ha renovado su proyecto con ...<br \/><div class=\"pt-cv-rmwrap\"><a href=\"https:\/\/blogsaverroes.juntadeandalucia.es\/iesseneca\/servicio-de-asesoramiento-y-orientacion-psicologica-para-jovenes\/\" class=\"_self pt-cv-readmore btn btn-success\" target=\"_self\">Leer M\u00e1s<\/a><\/div><\/div><\/div><\/div>\n<div class=\"col-md-6 col-sm-6 col-xs-12 pt-cv-content-item pt-cv-1-col\" ><div class='pt-cv-ifield'><a href=\"https:\/\/blogsaverroes.juntadeandalucia.es\/iesseneca\/guia-de-buenas-practicas-para-el-uso-de-las-nuevas-tecnologias-en-la-familia\/\" class=\"_self pt-cv-href-thumbnail pt-cv-thumb-default\" target=\"_self\" ><img loading=\"lazy\" decoding=\"async\" width=\"300\" height=\"183\" src=\"https:\/\/blogsaverroes.juntadeandalucia.es\/iesseneca\/files\/2022\/02\/Captura-de-pantalla-2022-02-01-a-las-20.51.55-300x183.png\" class=\"pt-cv-thumbnail\" alt=\"\" srcset=\"https:\/\/blogsaverroes.juntadeandalucia.es\/iesseneca\/files\/2022\/02\/Captura-de-pantalla-2022-02-01-a-las-20.51.55-300x183.png 300w, https:\/\/blogsaverroes.juntadeandalucia.es\/iesseneca\/files\/2022\/02\/Captura-de-pantalla-2022-02-01-a-las-20.51.55-768x469.png 768w, https:\/\/blogsaverroes.juntadeandalucia.es\/iesseneca\/files\/2022\/02\/Captura-de-pantalla-2022-02-01-a-las-20.51.55.png 917w\" sizes=\"(max-width: 300px) 100vw, 300px\" \/><\/a>\n<h4 class=\"pt-cv-title\"><a href=\"https:\/\/blogsaverroes.juntadeandalucia.es\/iesseneca\/guia-de-buenas-practicas-para-el-uso-de-las-nuevas-tecnologias-en-la-familia\/\" class=\"_self\" target=\"_self\" >Gu\u00eda de buenas pr\u00e1cticas para el uso de las nuevas tecnolog\u00edas en la familia<\/a><\/h4>\n<div class=\"pt-cv-content\">La Junta de Andaluc\u00eda junto con el Gobierno de Espa\u00f1a, la Universidad de Almer\u00eda y el Hospital Torrec\u00e1rdenas de Almer\u00eda, ...<br \/><div class=\"pt-cv-rmwrap\"><a href=\"https:\/\/blogsaverroes.juntadeandalucia.es\/iesseneca\/guia-de-buenas-practicas-para-el-uso-de-las-nuevas-tecnologias-en-la-familia\/\" class=\"_self pt-cv-readmore btn btn-success\" target=\"_self\">Leer M\u00e1s<\/a><\/div><\/div><\/div><\/div>\n<div class=\"col-md-6 col-sm-6 col-xs-12 pt-cv-content-item pt-cv-1-col\" ><div class='pt-cv-ifield'><a href=\"https:\/\/blogsaverroes.juntadeandalucia.es\/iesseneca\/entrega-de-premios-del-concurso-el-arbol-de-los-deseos\/\" class=\"_self pt-cv-href-thumbnail pt-cv-thumb-default\" target=\"_self\" ><img loading=\"lazy\" decoding=\"async\" width=\"300\" height=\"199\" src=\"https:\/\/blogsaverroes.juntadeandalucia.es\/iesseneca\/files\/2021\/02\/fotopaz1-300x199.jpg\" class=\"pt-cv-thumbnail\" alt=\"\" srcset=\"https:\/\/blogsaverroes.juntadeandalucia.es\/iesseneca\/files\/2021\/02\/fotopaz1-300x199.jpg 300w, https:\/\/blogsaverroes.juntadeandalucia.es\/iesseneca\/files\/2021\/02\/fotopaz1-1024x678.jpg 1024w, https:\/\/blogsaverroes.juntadeandalucia.es\/iesseneca\/files\/2021\/02\/fotopaz1-768x509.jpg 768w, https:\/\/blogsaverroes.juntadeandalucia.es\/iesseneca\/files\/2021\/02\/fotopaz1-1536x1017.jpg 1536w, https:\/\/blogsaverroes.juntadeandalucia.es\/iesseneca\/files\/2021\/02\/fotopaz1.jpg 1600w\" sizes=\"(max-width: 300px) 100vw, 300px\" \/><\/a>\n<h4 class=\"pt-cv-title\"><a href=\"https:\/\/blogsaverroes.juntadeandalucia.es\/iesseneca\/entrega-de-premios-del-concurso-el-arbol-de-los-deseos\/\" class=\"_self\" target=\"_self\" >Entrega de premios del concurso \u00bb El \u00e1rbol de los deseos\u00bb<\/a><\/h4>\n<div class=\"pt-cv-content\">Esta ma\u00f1ana el director de nuestro centro, Rafael Molina, ha entregado los premios del concurso \" El \u00e1rbol de los ...<br \/><div class=\"pt-cv-rmwrap\"><a href=\"https:\/\/blogsaverroes.juntadeandalucia.es\/iesseneca\/entrega-de-premios-del-concurso-el-arbol-de-los-deseos\/\" class=\"_self pt-cv-readmore btn btn-success\" target=\"_self\">Leer M\u00e1s<\/a><\/div><\/div><\/div><\/div><\/div><\/div><\/div>\n","protected":false},"excerpt":{"rendered":"","protected":false},"author":11434,"featured_media":0,"parent":1806,"menu_order":0,"comment_status":"closed","ping_status":"closed","template":"","meta":{"ngg_post_thumbnail":0,"footnotes":"","_mc_calendar":[]},"aioseo_notices":[],"_links":{"self":[{"href":"https:\/\/blogsaverroes.juntadeandalucia.es\/iesseneca\/wp-json\/wp\/v2\/pages\/4908"}],"collection":[{"href":"https:\/\/blogsaverroes.juntadeandalucia.es\/iesseneca\/wp-json\/wp\/v2\/pages"}],"about":[{"href":"https:\/\/blogsaverroes.juntadeandalucia.es\/iesseneca\/wp-json\/wp\/v2\/types\/page"}],"author":[{"embeddable":true,"href":"https:\/\/blogsaverroes.juntadeandalucia.es\/iesseneca\/wp-json\/wp\/v2\/users\/11434"}],"replies":[{"embeddable":true,"href":"https:\/\/blogsaverroes.juntadeandalucia.es\/iesseneca\/wp-json\/wp\/v2\/comments?post=4908"}],"version-history":[{"count":2,"href":"https:\/\/blogsaverroes.juntadeandalucia.es\/iesseneca\/wp-json\/wp\/v2\/pages\/4908\/revisions"}],"predecessor-version":[{"id":4919,"href":"https:\/\/blogsaverroes.juntadeandalucia.es\/iesseneca\/wp-json\/wp\/v2\/pages\/4908\/revisions\/4919"}],"up":[{"embeddable":true,"href":"https:\/\/blogsaverroes.juntadeandalucia.es\/iesseneca\/wp-json\/wp\/v2\/pages\/1806"}],"wp:attachment":[{"href":"https:\/\/blogsaverroes.juntadeandalucia.es\/iesseneca\/wp-json\/wp\/v2\/media?parent=4908"}],"curies":[{"name":"wp","href":"https:\/\/api.w.org\/{rel}","templated":true}]}}