{"id":5553,"date":"2023-03-08T10:31:36","date_gmt":"2023-03-08T10:31:36","guid":{"rendered":"https:\/\/blogsaverroes.juntadeandalucia.es\/iesseneca\/?page_id=5553"},"modified":"2024-06-03T16:30:00","modified_gmt":"2024-06-03T16:30:00","slug":"informacion-general","status":"publish","type":"page","link":"https:\/\/blogsaverroes.juntadeandalucia.es\/iesseneca\/informacion-general\/","title":{"rendered":"Informaci\u00f3n General"},"content":{"rendered":"<p><strong>COMPOSICI\u00d3N DEL DEPARTAMENTO&nbsp;<\/strong><\/p>\n<p><a href=\"https:\/\/blogsaverroes.juntadeandalucia.es\/iesseneca\/files\/2020\/12\/logo-ancho-ciclos.jpg\"><img loading=\"lazy\" decoding=\"async\" class=\"alignright\" src=\"https:\/\/blogsaverroes.juntadeandalucia.es\/iesseneca\/files\/2020\/12\/logo-ancho-ciclos-300x250.jpg\" alt=\"\" width=\"300\" height=\"250\"><\/a>Miguel Alcocer Santaella<\/p>\n<p>Eulalio Calder\u00f3n Mu\u00f1oz<\/p>\n<p>Victoria de Juan de la Rosa<\/p>\n<p>Fernando Osorio Mart\u00ednez<\/p>\n<p>Ana M\u00aa Garc\u00eda Sorl\u00f3zano<\/p>\n<p>Encarnaci\u00f3n Nieto Monta\u00f1o<\/p>\n<p>Mar\u00eda Dolores S\u00e1nchez Gim\u00e9nez<\/p>\n<p>Mar\u00eda Esperanza G\u00f3mez Hoyo<\/p>\n<div class=\"gmail_default\">Antonio Garc\u00eda Lovera<\/div>\n<div class=\"gmail_default\">&nbsp;<\/div>\n<div><strong><a href=\"https:\/\/blogsaverroes.juntadeandalucia.es\/iesseneca\/files\/2024\/06\/CALENDARIO-EXAMES-JUNIO-2024.pdf\">CALENDARIO EX\u00c1MES JUNIO 2024<\/a><\/strong><\/div>\n<p><strong><a href=\"https:\/\/blogsaverroes.juntadeandalucia.es\/iesseneca\/files\/2023\/03\/Presentacio\u0301n-padres.pdf\">Presentacio\u0301n padres: Formaci\u00f3n profesional. Departamento de Edificaci\u00f3n y Obra Civil<\/a><\/strong><\/p>\n<p><strong><a href=\"https:\/\/blogsaverroes.juntadeandalucia.es\/iesseneca\/files\/2024\/06\/Diptico-Acredita-C20I1-PRTR.pdf\">D\u00edptico Acredita -C20I1 PRTR<\/a><\/strong><\/p>\n","protected":false},"excerpt":{"rendered":"<p>COMPOSICI\u00d3N DEL DEPARTAMENTO&nbsp; Miguel Alcocer Santaella Eulalio Calder\u00f3n Mu\u00f1oz Victoria de Juan de la Rosa Fernando Osorio Mart\u00ednez Ana M\u00aa Garc\u00eda Sorl\u00f3zano Encarnaci\u00f3n Nieto Monta\u00f1o Mar\u00eda Dolores S\u00e1nchez Gim\u00e9nez Mar\u00eda Esperanza G\u00f3mez Hoyo Antonio&#46;&#46;&#46;<\/p>\n","protected":false},"author":11434,"featured_media":0,"parent":0,"menu_order":0,"comment_status":"closed","ping_status":"closed","template":"","meta":{"ngg_post_thumbnail":0,"footnotes":"","_mc_calendar":[]},"aioseo_notices":[],"_links":{"self":[{"href":"https:\/\/blogsaverroes.juntadeandalucia.es\/iesseneca\/wp-json\/wp\/v2\/pages\/5553"}],"collection":[{"href":"https:\/\/blogsaverroes.juntadeandalucia.es\/iesseneca\/wp-json\/wp\/v2\/pages"}],"about":[{"href":"https:\/\/blogsaverroes.juntadeandalucia.es\/iesseneca\/wp-json\/wp\/v2\/types\/page"}],"author":[{"embeddable":true,"href":"https:\/\/blogsaverroes.juntadeandalucia.es\/iesseneca\/wp-json\/wp\/v2\/users\/11434"}],"replies":[{"embeddable":true,"href":"https:\/\/blogsaverroes.juntadeandalucia.es\/iesseneca\/wp-json\/wp\/v2\/comments?post=5553"}],"version-history":[{"count":6,"href":"https:\/\/blogsaverroes.juntadeandalucia.es\/iesseneca\/wp-json\/wp\/v2\/pages\/5553\/revisions"}],"predecessor-version":[{"id":6110,"href":"https:\/\/blogsaverroes.juntadeandalucia.es\/iesseneca\/wp-json\/wp\/v2\/pages\/5553\/revisions\/6110"}],"wp:attachment":[{"href":"https:\/\/blogsaverroes.juntadeandalucia.es\/iesseneca\/wp-json\/wp\/v2\/media?parent=5553"}],"curies":[{"name":"wp","href":"https:\/\/api.w.org\/{rel}","templated":true}]}}