{"id":5560,"date":"2023-03-08T10:42:01","date_gmt":"2023-03-08T10:42:01","guid":{"rendered":"https:\/\/blogsaverroes.juntadeandalucia.es\/iesseneca\/?page_id=5560"},"modified":"2024-10-29T13:50:42","modified_gmt":"2024-10-29T13:50:42","slug":"tecnico-superior-en-proyectos-de-edificacion","status":"publish","type":"page","link":"https:\/\/blogsaverroes.juntadeandalucia.es\/iesseneca\/tecnico-superior-en-proyectos-de-edificacion\/","title":{"rendered":"T\u00e9cnico Superior en Proyectos de Edificaci\u00f3n"},"content":{"rendered":"<p style=\"text-align: justify\">Si quieres trabajar como:<\/p>\n<p style=\"text-align: justify\">Delineante proyectista de edificaci\u00f3n, maquetista.<\/p>\n<p style=\"text-align: justify\">T\u00e9cnico en control documental, especialista en replanteos de construcci\u00f3n<\/p>\n<p style=\"text-align: justify\">T\u00e9cnico de eficiencia energ\u00e9tica de edificios.<\/p>\n<p style=\"text-align: justify\">Este es tu sitio. Puedes encontrar m\u00e1s informaci\u00f3n siguiendo los enlaces:<\/p>\n<p style=\"text-align: justify\"><a href=\"https:\/\/www.juntadeandalucia.es\/educacion\/portals\/web\/formacion-profesional-andaluza\/fp-grado-superior\/detalle-titulo?idTitulo=60https:\/\/www.boe.es\/eli\/es\/o\/2010\/11\/02\/edu2889\" target=\"_blank\" rel=\"noopener noreferrer\"><strong>FPA: T\u00e9cnico Superior en Proyectos de Edificaci\u00f3n<\/strong><\/a><\/p>\n<p style=\"text-align: justify\"><strong><a href=\"https:\/\/www.boe.es\/eli\/es\/o\/2010\/11\/02\/edu2889\" target=\"_blank\" rel=\"noopener noreferrer\">Orden EDU\/2889\/2010, de 2 de noviembre, por la que se establece el curr\u00edculo del ciclo formativo de Grado Superior correspondiente al t\u00edtulo de T\u00e9cnico Superior en Proyectos de Edificaci\u00f3n<\/a><\/strong><\/p>\n<p style=\"text-align: justify\">Si te atrae la modalidad DUAL, formarte en un entorno real de trabajo, en contacto con la realidad profesional, de una forma pr\u00e1ctica y mejorando no s\u00f3lo las competencias profesionales, sino tambi\u00e9n las habilidades sociales. Ofertamos plazas en DUAL, para este ciclo formativo. Si quieres conocer en profundidad esta formaci\u00f3n sigue el link.<\/p>\n<p style=\"text-align: justify\"><strong><a href=\"https:\/\/drive.google.com\/file\/d\/14B0ESAvuUhd2mOWAANeBw-QjS3gKbXsu\/view?usp=sharing\">V\u00eddeo Proyecto de Edificaci\u00f3n DUAL<\/a><\/strong><\/p>\n<p style=\"text-align: justify\"><a href=\"https:\/\/www.juntadeandalucia.es\/educacion\/portals\/web\/formacion-profesional-andaluza\/quiero-formarme\/modalidades\/fp-dual\" target=\"_blank\" rel=\"noopener noreferrer\"><strong>Modalidades FP DUAL<\/strong><\/a><\/p>\n<p style=\"text-align: justify\"><strong><a href=\"https:\/\/blogsaverroes.juntadeandalucia.es\/iesseneca\/files\/2021\/10\/PROYECTOS-DE-EDIFICACIO%CC%81N-DUAL-1-1.pdf\">NUESTRO PROYECTO DUAL<\/a><\/strong><\/p>\n","protected":false},"excerpt":{"rendered":"<p>Si quieres trabajar como: Delineante proyectista de edificaci\u00f3n, maquetista. T\u00e9cnico en control documental, especialista en replanteos de construcci\u00f3n T\u00e9cnico de eficiencia energ\u00e9tica de edificios. Este es tu sitio. Puedes encontrar m\u00e1s informaci\u00f3n siguiendo los&#46;&#46;&#46;<\/p>\n","protected":false},"author":11434,"featured_media":0,"parent":0,"menu_order":0,"comment_status":"closed","ping_status":"closed","template":"page-templates\/child-menu.php","meta":{"ngg_post_thumbnail":0,"footnotes":"","_mc_calendar":[]},"aioseo_notices":[],"_links":{"self":[{"href":"https:\/\/blogsaverroes.juntadeandalucia.es\/iesseneca\/wp-json\/wp\/v2\/pages\/5560"}],"collection":[{"href":"https:\/\/blogsaverroes.juntadeandalucia.es\/iesseneca\/wp-json\/wp\/v2\/pages"}],"about":[{"href":"https:\/\/blogsaverroes.juntadeandalucia.es\/iesseneca\/wp-json\/wp\/v2\/types\/page"}],"author":[{"embeddable":true,"href":"https:\/\/blogsaverroes.juntadeandalucia.es\/iesseneca\/wp-json\/wp\/v2\/users\/11434"}],"replies":[{"embeddable":true,"href":"https:\/\/blogsaverroes.juntadeandalucia.es\/iesseneca\/wp-json\/wp\/v2\/comments?post=5560"}],"version-history":[{"count":1,"href":"https:\/\/blogsaverroes.juntadeandalucia.es\/iesseneca\/wp-json\/wp\/v2\/pages\/5560\/revisions"}],"predecessor-version":[{"id":5561,"href":"https:\/\/blogsaverroes.juntadeandalucia.es\/iesseneca\/wp-json\/wp\/v2\/pages\/5560\/revisions\/5561"}],"wp:attachment":[{"href":"https:\/\/blogsaverroes.juntadeandalucia.es\/iesseneca\/wp-json\/wp\/v2\/media?parent=5560"}],"curies":[{"name":"wp","href":"https:\/\/api.w.org\/{rel}","templated":true}]}}