{"id":6730,"date":"2025-12-10T15:41:47","date_gmt":"2025-12-10T15:41:47","guid":{"rendered":"https:\/\/blogsaverroes.juntadeandalucia.es\/iesseneca\/?page_id=6730"},"modified":"2025-12-10T15:46:14","modified_gmt":"2025-12-10T15:46:14","slug":"introduccion-al-proyecto-educativo-el-centro-y-su-contexto","status":"publish","type":"page","link":"https:\/\/blogsaverroes.juntadeandalucia.es\/iesseneca\/introduccion-al-proyecto-educativo-el-centro-y-su-contexto\/","title":{"rendered":"Introducci\u00f3n al PE: el Centro y su Contexto"},"content":{"rendered":"<p style=\"text-align: justify\">El Plan de Centro del Instituto \u201cS\u00e9neca\u201d, fruto del trabajo en equipo de la Junta Directiva y el profesorado, que han contado con la participaci\u00f3n del alumnado, de los padres y de los dem\u00e1s componentes de la comunidad<br \/>\neducativa, contempla aspectos formativos, de convivencia y de organizaci\u00f3n del Centro, para dar respuesta a sus intenciones educativas de acuerdo con sus peculiaridades y sus necesidades espec\u00edficas, como Centro de una gran tradici\u00f3n docente en la ciudad de C\u00f3rdoba.<\/p>\n<p style=\"text-align: justify\">Parte del an\u00e1lisis de la realidad y, aunque tiene car\u00e1cter plurianual, se podr\u00e1 actualizar o modificar anualmente tras los procesos de autoevaluaci\u00f3n de la pr\u00e1ctica pedag\u00f3gica y dem\u00e1s aspectos del Plan, por lo que funcionar\u00e1<br \/>\ncomo instrumento de mejora.<\/p>\n<p style=\"text-align: justify\">La finalidad primordial es conseguir un Centro donde se garantice una convivencia cordial y se imparta una ense\u00f1anza de calidad, que permita a nuestros j\u00f3venes desarrollar al m\u00e1ximo sus competencias, construir su<br \/>\npersonalidad y configurar su comprensi\u00f3n de la realidad, fomentar la convivencia democr\u00e1tica y el respeto a las diferencias individuales, promover la solidaridad y evitar la discriminaci\u00f3n, fundamentos esenciales de una<br \/>\nsociedad avanzada, din\u00e1mica y justa.<\/p>\n<table width=\"566\" cellspacing=\"0\" cellpadding=\"7\">\n<colgroup>\n<col width=\"550\"> <\/colgroup>\n<tbody>\n<tr>\n<td valign=\"top\" bgcolor=\"#a8d08d\">\n<h4 style=\"text-align: center\"><strong><a href=\"https:\/\/blogsaverroes.juntadeandalucia.es\/iesseneca\/files\/2025\/12\/Introduc.-EL-CENTRO-Y-SU-CONTEXTO-2025-2026.pdf\">Introducci\u00f3n al PE: EL CENTRO Y SU CONTEXTO 2025-2026<\/a><\/strong><\/h4>\n<\/td>\n<\/tr>\n<\/tbody>\n<\/table>\n","protected":false},"excerpt":{"rendered":"<p>El Plan de Centro del Instituto \u201cS\u00e9neca\u201d, fruto del trabajo en equipo de la Junta Directiva y el profesorado, que han contado con la participaci\u00f3n del alumnado, de los padres y de los dem\u00e1s&#46;&#46;&#46;<\/p>\n","protected":false},"author":11434,"featured_media":0,"parent":0,"menu_order":0,"comment_status":"closed","ping_status":"closed","template":"","meta":{"ngg_post_thumbnail":0,"footnotes":"","_mc_calendar":[]},"aioseo_notices":[],"_links":{"self":[{"href":"https:\/\/blogsaverroes.juntadeandalucia.es\/iesseneca\/wp-json\/wp\/v2\/pages\/6730"}],"collection":[{"href":"https:\/\/blogsaverroes.juntadeandalucia.es\/iesseneca\/wp-json\/wp\/v2\/pages"}],"about":[{"href":"https:\/\/blogsaverroes.juntadeandalucia.es\/iesseneca\/wp-json\/wp\/v2\/types\/page"}],"author":[{"embeddable":true,"href":"https:\/\/blogsaverroes.juntadeandalucia.es\/iesseneca\/wp-json\/wp\/v2\/users\/11434"}],"replies":[{"embeddable":true,"href":"https:\/\/blogsaverroes.juntadeandalucia.es\/iesseneca\/wp-json\/wp\/v2\/comments?post=6730"}],"version-history":[{"count":4,"href":"https:\/\/blogsaverroes.juntadeandalucia.es\/iesseneca\/wp-json\/wp\/v2\/pages\/6730\/revisions"}],"predecessor-version":[{"id":6736,"href":"https:\/\/blogsaverroes.juntadeandalucia.es\/iesseneca\/wp-json\/wp\/v2\/pages\/6730\/revisions\/6736"}],"wp:attachment":[{"href":"https:\/\/blogsaverroes.juntadeandalucia.es\/iesseneca\/wp-json\/wp\/v2\/media?parent=6730"}],"curies":[{"name":"wp","href":"https:\/\/api.w.org\/{rel}","templated":true}]}}