{"id":6754,"date":"2025-12-10T16:18:18","date_gmt":"2025-12-10T16:18:18","guid":{"rendered":"https:\/\/blogsaverroes.juntadeandalucia.es\/iesseneca\/?page_id=6754"},"modified":"2025-12-10T16:18:34","modified_gmt":"2025-12-10T16:18:34","slug":"plan-de-orientacion-y-accion-tutorial","status":"publish","type":"page","link":"https:\/\/blogsaverroes.juntadeandalucia.es\/iesseneca\/plan-de-orientacion-y-accion-tutorial\/","title":{"rendered":"Plan de Orientaci\u00f3n y Acci\u00f3n Tutorial"},"content":{"rendered":"<p lang=\"es-ES-u-co-trad\" style=\"text-align: justify\"><span style=\"color: #000000\">El POAT es el documento que gu\u00eda la actividad del departamento de orientaci\u00f3n. Tiene tres grandes l\u00edneas de actuaci\u00f3n: Acci\u00f3n Tutorial, Orientaci\u00f3n Acad\u00e9mica y Atenci\u00f3n a la Diversidad; dentro de esta \u00faltima l\u00ednea de actuaci\u00f3n se enmarcan las actividades del Aula de Pedagog\u00eda Terap\u00e9utica. Todo el trabajo est\u00e1 basado en los principios de globalidad, prevenci\u00f3n, inclusi\u00f3n y personalizaci\u00f3n.<\/span><\/p>\n<table width=\"566\" cellspacing=\"0\" cellpadding=\"7\">\n<colgroup>\n<col width=\"550\"> <\/colgroup>\n<tbody>\n<tr>\n<td valign=\"top\" bgcolor=\"#a8d08d\">\n<h4 style=\"text-align: center\"><strong><a href=\"https:\/\/blogsaverroes.juntadeandalucia.es\/iesseneca\/files\/2025\/12\/POAT-2025-26.pdf\">POAT 2025-26<\/a><\/strong><\/h4>\n<\/td>\n<\/tr>\n<\/tbody>\n<\/table>\n<p lang=\"es-ES-u-co-trad\">&nbsp;<\/p>\n","protected":false},"excerpt":{"rendered":"<p>El POAT es el documento que gu\u00eda la actividad del departamento de orientaci\u00f3n. Tiene tres grandes l\u00edneas de actuaci\u00f3n: Acci\u00f3n Tutorial, Orientaci\u00f3n Acad\u00e9mica y Atenci\u00f3n a la Diversidad; dentro de esta \u00faltima l\u00ednea de&#46;&#46;&#46;<\/p>\n","protected":false},"author":11434,"featured_media":0,"parent":0,"menu_order":0,"comment_status":"closed","ping_status":"closed","template":"","meta":{"ngg_post_thumbnail":0,"footnotes":"","_mc_calendar":[]},"aioseo_notices":[],"_links":{"self":[{"href":"https:\/\/blogsaverroes.juntadeandalucia.es\/iesseneca\/wp-json\/wp\/v2\/pages\/6754"}],"collection":[{"href":"https:\/\/blogsaverroes.juntadeandalucia.es\/iesseneca\/wp-json\/wp\/v2\/pages"}],"about":[{"href":"https:\/\/blogsaverroes.juntadeandalucia.es\/iesseneca\/wp-json\/wp\/v2\/types\/page"}],"author":[{"embeddable":true,"href":"https:\/\/blogsaverroes.juntadeandalucia.es\/iesseneca\/wp-json\/wp\/v2\/users\/11434"}],"replies":[{"embeddable":true,"href":"https:\/\/blogsaverroes.juntadeandalucia.es\/iesseneca\/wp-json\/wp\/v2\/comments?post=6754"}],"version-history":[{"count":2,"href":"https:\/\/blogsaverroes.juntadeandalucia.es\/iesseneca\/wp-json\/wp\/v2\/pages\/6754\/revisions"}],"predecessor-version":[{"id":6756,"href":"https:\/\/blogsaverroes.juntadeandalucia.es\/iesseneca\/wp-json\/wp\/v2\/pages\/6754\/revisions\/6756"}],"wp:attachment":[{"href":"https:\/\/blogsaverroes.juntadeandalucia.es\/iesseneca\/wp-json\/wp\/v2\/media?parent=6754"}],"curies":[{"name":"wp","href":"https:\/\/api.w.org\/{rel}","templated":true}]}}