{"id":82,"date":"2015-03-16T06:59:55","date_gmt":"2015-03-16T06:59:55","guid":{"rendered":"http:\/\/blogsaverroes.juntadeandalucia.es\/pre\/ceip\/?page_id=82"},"modified":"2025-10-21T18:20:58","modified_gmt":"2025-10-21T18:20:58","slug":"horarios","status":"publish","type":"page","link":"https:\/\/blogsaverroes.juntadeandalucia.es\/iesseneca\/curso-escolar\/horarios\/","title":{"rendered":"Horarios"},"content":{"rendered":"<p style=\"text-align: justify\"><span style=\"color: #000000\">Nuestro Centro imparte ense\u00f1anzas en r\u00e9gimen diurno: E.S.O. y Bachillerato y nocturno: E.S.P.A. Tambi\u00e9n se imparten el Ciclo Formativo de Grado Medio de Obra Interior, el ciclo formativo de Grado Medio de Construcci\u00f3n, T\u00e9cnico Superior en Proyectos de Edificaci\u00f3n y T\u00e9cnico Superior en Proyectos de Obra Civil.<\/span><\/p>\n<p><a href=\"https:\/\/blogsaverroes.juntadeandalucia.es\/iesseneca\/files\/2025\/10\/Horarios-de-grupos-1.pdf\">Horarios de grupos<\/a><\/p>\n","protected":false},"excerpt":{"rendered":"<p>Nuestro Centro imparte ense\u00f1anzas en r\u00e9gimen diurno: E.S.O. y Bachillerato y nocturno: E.S.P.A. Tambi\u00e9n se imparten el Ciclo Formativo de Grado Medio de Obra Interior, el ciclo formativo de Grado Medio de Construcci\u00f3n, T\u00e9cnico&#46;&#46;&#46;<\/p>\n","protected":false},"author":1,"featured_media":0,"parent":80,"menu_order":0,"comment_status":"open","ping_status":"open","template":"page-templates\/child-menu.php","meta":{"ngg_post_thumbnail":0,"footnotes":"","_mc_calendar":[]},"aioseo_notices":[],"_links":{"self":[{"href":"https:\/\/blogsaverroes.juntadeandalucia.es\/iesseneca\/wp-json\/wp\/v2\/pages\/82"}],"collection":[{"href":"https:\/\/blogsaverroes.juntadeandalucia.es\/iesseneca\/wp-json\/wp\/v2\/pages"}],"about":[{"href":"https:\/\/blogsaverroes.juntadeandalucia.es\/iesseneca\/wp-json\/wp\/v2\/types\/page"}],"author":[{"embeddable":true,"href":"https:\/\/blogsaverroes.juntadeandalucia.es\/iesseneca\/wp-json\/wp\/v2\/users\/1"}],"replies":[{"embeddable":true,"href":"https:\/\/blogsaverroes.juntadeandalucia.es\/iesseneca\/wp-json\/wp\/v2\/comments?post=82"}],"version-history":[{"count":12,"href":"https:\/\/blogsaverroes.juntadeandalucia.es\/iesseneca\/wp-json\/wp\/v2\/pages\/82\/revisions"}],"predecessor-version":[{"id":6655,"href":"https:\/\/blogsaverroes.juntadeandalucia.es\/iesseneca\/wp-json\/wp\/v2\/pages\/82\/revisions\/6655"}],"up":[{"embeddable":true,"href":"https:\/\/blogsaverroes.juntadeandalucia.es\/iesseneca\/wp-json\/wp\/v2\/pages\/80"}],"wp:attachment":[{"href":"https:\/\/blogsaverroes.juntadeandalucia.es\/iesseneca\/wp-json\/wp\/v2\/media?parent=82"}],"curies":[{"name":"wp","href":"https:\/\/api.w.org\/{rel}","templated":true}]}}