{"id":1036,"date":"2023-11-21T20:26:24","date_gmt":"2023-11-21T19:26:24","guid":{"rendered":"https:\/\/blogsaverroes.juntadeandalucia.es\/iessierraalmenara\/?page_id=1036"},"modified":"2024-04-28T19:50:16","modified_gmt":"2024-04-28T18:50:16","slug":"matematicas","status":"publish","type":"page","link":"https:\/\/blogsaverroes.juntadeandalucia.es\/iessierraalmenara\/matematicas\/","title":{"rendered":"Matem\u00e1ticas"},"content":{"rendered":"<p>[et_pb_section fb_built=&#8221;1&#8243; _builder_version=&#8221;4.16&#8243; _module_preset=&#8221;default&#8221; global_colors_info=&#8221;{}&#8221;][et_pb_row _builder_version=&#8221;4.16&#8243; _module_preset=&#8221;default&#8221; background_color=&#8221;RGBA(255,255,255,0)&#8221; background_image=&#8221;https:\/\/blogsaverroes.juntadeandalucia.es\/iessierraalmenara\/files\/2023\/11\/Foto-Instituto-scaled.jpg&#8221; parallax=&#8221;on&#8221; min_height=&#8221;6px&#8221; custom_padding=&#8221;4px||0px|||&#8221; animation_style=&#8221;bounce&#8221; box_shadow_style=&#8221;preset2&#8243; global_colors_info=&#8221;{}&#8221;][et_pb_column type=&#8221;4_4&#8243; _builder_version=&#8221;4.16&#8243; _module_preset=&#8221;default&#8221; background_color=&#8221;RGBA(255,255,255,0)&#8221; background_enable_image=&#8221;off&#8221; global_colors_info=&#8221;{}&#8221;][et_pb_text _builder_version=&#8221;4.24.2&#8243; _module_preset=&#8221;default&#8221; text_font=&#8221;Acme|700|||||||&#8221; text_text_color=&#8221;#E09900&#8243; text_letter_spacing=&#8221;10px&#8221; header_font_size=&#8221;16px&#8221; header_letter_spacing=&#8221;5px&#8221; background_color=&#8221;RGBA(255,255,255,0)&#8221; background_enable_image=&#8221;off&#8221; text_orientation=&#8221;center&#8221; min_height=&#8221;126px&#8221; custom_margin=&#8221;2px||-7px|||&#8221; custom_padding=&#8221;5px|||||&#8221; animation_style=&#8221;zoom&#8221; animation_duration=&#8221;1350ms&#8221; hover_enabled=&#8221;0&#8243; text_text_shadow_style=&#8221;preset5&#8243; text_text_shadow_horizontal_length=&#8221;0.17em&#8221; text_text_shadow_vertical_length=&#8221;0.14em&#8221; text_text_shadow_color=&#8221;#000000&#8243; header_text_shadow_style=&#8221;preset5&#8243; header_text_shadow_color=&#8221;#000000&#8243; global_colors_info=&#8221;{}&#8221; sticky_enabled=&#8221;0&#8243;]<\/p>\n<p style=\"text-align: center\"><span style=\"font-size: 14pt;color: #ffcc00\"><strong><span style=\"font-family: 'comic sans ms', sans-serif\">DEPARTAMENTO<\/span><\/strong><\/span><\/p>\n<p style=\"text-align: center\"><span style=\"font-size: 14pt;color: #ffcc00\"><strong><span style=\"font-family: 'comic sans ms', sans-serif\"> DE<\/span><\/strong><\/span><\/p>\n<p style=\"text-align: center\"><span style=\"font-size: 14pt;color: #ffcc00\"><strong><span style=\"font-family: 'comic sans ms', sans-serif\"> MATEM\u00c1TICAS<\/span><\/strong><\/span><\/p>\n<p>[\/et_pb_text][\/et_pb_column][\/et_pb_row][et_pb_row column_structure=&#8221;3_4,1_4&#8243; _builder_version=&#8221;4.16&#8243; _module_preset=&#8221;default&#8221; background_color=&#8221;RGBA(255,255,255,0)&#8221; global_colors_info=&#8221;{}&#8221;][et_pb_column type=&#8221;3_4&#8243; _builder_version=&#8221;4.16&#8243; _module_preset=&#8221;default&#8221; global_colors_info=&#8221;{}&#8221;][et_pb_text _builder_version=&#8221;4.24.2&#8243; _module_preset=&#8221;default&#8221; global_colors_info=&#8221;{}&#8221;]<\/p>\n<h3>&nbsp;<\/h3>\n<h3 style=\"text-align: center\"><span style=\"text-decoration: underline;font-family: 'comic sans ms', sans-serif;font-size: 14pt\"><strong>ASIGNATURAS DEPENDIENTES DEL <\/strong><\/span><\/h3>\n<h3 style=\"text-align: center\"><span style=\"text-decoration: underline;font-family: 'comic sans ms', sans-serif;font-size: 14pt\"><strong>DEPARTAMENTO DE MATEM\u00c1TICAS<\/strong><\/span><\/h3>\n<p>&nbsp;<\/p>\n<ul>\n<li style=\"list-style-type: none\">\n<ul>\n<li style=\"list-style-type: none\">\n<ul>\n<li><span style=\"font-family: 'courier new', courier, monospace\">Matem\u00e1ticas de 1\u00baESO (4h\/sem)<\/span><\/li>\n<li><span style=\"font-family: 'courier new', courier, monospace\">Matem\u00e1ticas de 2\u00baESO (4h\/sem)<\/span><\/li>\n<li><span style=\"font-family: 'courier new', courier, monospace\">Matem\u00e1ticas de 3\u00baESO (4h\/sem)<\/span><\/li>\n<li><span style=\"font-family: 'courier new', courier, monospace\">Matem\u00e1ticas A de 4\u00baESO (4h\/sem)<\/span><\/li>\n<li><span style=\"font-family: 'courier new', courier, monospace\">Matem\u00e1ticas B de 4\u00baESO (4h\/sem)<\/span><\/li>\n<li><span style=\"font-family: 'courier new', courier, monospace\">Econom\u00eda y Emprendimiento de 4\u00baESO(3h\/sem)<\/span><\/li>\n<\/ul>\n<\/li>\n<\/ul>\n<\/li>\n<\/ul>\n<p>[\/et_pb_text][et_pb_text _builder_version=&#8221;4.16&#8243; _module_preset=&#8221;default&#8221; custom_margin=&#8221;94px|||||&#8221; global_colors_info=&#8221;{}&#8221;]<\/p>\n<p><span style=\"text-decoration: underline\"><span style=\"font-size: 14pt;font-family: 'comic sans ms', sans-serif\">Orientaci\u00f3n para 4\u00baESO:<\/span><\/span><\/p>\n<ul>\n<li>La asignatura de <span style=\"color: #0000ff\"><strong>Matem\u00e1ticas A<\/strong><\/span> est\u00e1 destinada al alumnado que quiera cursar un <strong><span style=\"color: #0000ff\">Ciclo Formativo de Grado Medio<\/span><\/strong> al finalizar sus estudios de secundaria.<\/li>\n<li>La asignatura de <strong><span style=\"color: #008000\">Matem\u00e1ticas B<\/span><\/strong> est\u00e1 destinada al alumnado que quiera cursar cualquier modalidad de <strong><span style=\"color: #008000\">Bachillerato<\/span><\/strong> al finalizar sus estudios de secundaria.<\/li>\n<\/ul>\n<p>Si tienes dudas, consulta a tu profesor o profesora.<\/p>\n<p>[\/et_pb_text][\/et_pb_column][et_pb_column type=&#8221;1_4&#8243; _builder_version=&#8221;4.16&#8243; _module_preset=&#8221;default&#8221; background_color=&#8221;#e0b964&#8243; parallax=&#8221;on&#8221; box_shadow_style=&#8221;preset2&#8243; global_colors_info=&#8221;{}&#8221;][et_pb_text _builder_version=&#8221;4.16&#8243; _module_preset=&#8221;default&#8221; background_color=&#8221;RGBA(255,255,255,0)&#8221; custom_margin=&#8221;23px|25px|23px|25px|true|true&#8221; custom_padding=&#8221;0px|0px|0px|0px|true|true&#8221; animation_style=&#8221;fade&#8221; animation_delay=&#8221;300ms&#8221; box_shadow_style=&#8221;preset6&#8243; global_colors_info=&#8221;{}&#8221;]<\/p>\n<p>&nbsp;<\/p>\n<p style=\"text-align: center\"><span style=\"font-family: 'comic sans ms', sans-serif\"><strong>ENLACES DE INTER\u00c9S<\/strong><\/span><\/p>\n<p>&nbsp;<\/p>\n<p>[\/et_pb_text][et_pb_text _builder_version=&#8221;4.16&#8243; _module_preset=&#8221;default&#8221; custom_margin=&#8221;||3px|||&#8221; animation_style=&#8221;zoom&#8221; animation_delay=&#8221;1000ms&#8221; global_colors_info=&#8221;{}&#8221;]<\/p>\n<h4>&nbsp;<\/h4>\n<h4>&nbsp;<\/h4>\n<h4>&nbsp;<\/h4>\n<h4 class=\"style-scope ytd-watch-metadata\" style=\"text-align: center\"><span style=\"font-size: 12pt\"><strong>Las mujeres matem\u00e1ticas m\u00e1s importantes de la historia:<\/strong><\/span><\/h4>\n<p>[\/et_pb_text][et_pb_video src=&#8221;https:\/\/www.youtube.com\/watch?v=LnKEo8th77g&amp;list=PLAwxV1Mq_-2EL4Pau72ytg8_acSNNiTFY&amp;index=2&#8243; _builder_version=&#8221;4.16&#8243; _module_preset=&#8221;default&#8221; animation_style=&#8221;zoom&#8221; animation_delay=&#8221;1000ms&#8221; global_colors_info=&#8221;{}&#8221;][\/et_pb_video][et_pb_text _builder_version=&#8221;4.16&#8243; _module_preset=&#8221;default&#8221; custom_margin=&#8221;||3px|||&#8221; animation_style=&#8221;zoom&#8221; animation_delay=&#8221;1000ms&#8221; global_colors_info=&#8221;{}&#8221;]<\/p>\n<h4>&nbsp;<\/h4>\n<h4>&nbsp;<\/h4>\n<h4>&nbsp;<\/h4>\n<h4 class=\"style-scope ytd-watch-metadata\" style=\"text-align: center\">&nbsp;<\/h4>\n<p>[\/et_pb_text][\/et_pb_column][\/et_pb_row][\/et_pb_section]<\/p>\n","protected":false},"excerpt":{"rendered":"<p>DEPARTAMENTO DE MATEM\u00c1TICAS&nbsp; ASIGNATURAS DEPENDIENTES DEL DEPARTAMENTO DE MATEM\u00c1TICAS &nbsp; Matem\u00e1ticas de 1\u00baESO (4h\/sem) Matem\u00e1ticas de 2\u00baESO (4h\/sem) Matem\u00e1ticas de 3\u00baESO (4h\/sem) Matem\u00e1ticas A de 4\u00baESO (4h\/sem) Matem\u00e1ticas B de 4\u00baESO (4h\/sem) Econom\u00eda y Emprendimiento de 4\u00baESO(3h\/sem) Orientaci\u00f3n para 4\u00baESO: La asignatura de Matem\u00e1ticas A est\u00e1 destinada al alumnado que quiera cursar un Ciclo Formativo [&hellip;]<\/p>\n","protected":false},"author":18748,"featured_media":0,"parent":0,"menu_order":0,"comment_status":"closed","ping_status":"closed","template":"","meta":{"_et_pb_use_builder":"on","_et_pb_old_content":"","_et_gb_content_width":"","ngg_post_thumbnail":0,"footnotes":""},"aioseo_notices":[],"_links":{"self":[{"href":"https:\/\/blogsaverroes.juntadeandalucia.es\/iessierraalmenara\/wp-json\/wp\/v2\/pages\/1036"}],"collection":[{"href":"https:\/\/blogsaverroes.juntadeandalucia.es\/iessierraalmenara\/wp-json\/wp\/v2\/pages"}],"about":[{"href":"https:\/\/blogsaverroes.juntadeandalucia.es\/iessierraalmenara\/wp-json\/wp\/v2\/types\/page"}],"author":[{"embeddable":true,"href":"https:\/\/blogsaverroes.juntadeandalucia.es\/iessierraalmenara\/wp-json\/wp\/v2\/users\/18748"}],"replies":[{"embeddable":true,"href":"https:\/\/blogsaverroes.juntadeandalucia.es\/iessierraalmenara\/wp-json\/wp\/v2\/comments?post=1036"}],"version-history":[{"count":41,"href":"https:\/\/blogsaverroes.juntadeandalucia.es\/iessierraalmenara\/wp-json\/wp\/v2\/pages\/1036\/revisions"}],"predecessor-version":[{"id":1664,"href":"https:\/\/blogsaverroes.juntadeandalucia.es\/iessierraalmenara\/wp-json\/wp\/v2\/pages\/1036\/revisions\/1664"}],"wp:attachment":[{"href":"https:\/\/blogsaverroes.juntadeandalucia.es\/iessierraalmenara\/wp-json\/wp\/v2\/media?parent=1036"}],"curies":[{"name":"wp","href":"https:\/\/api.w.org\/{rel}","templated":true}]}}