{"id":1041,"date":"2023-11-21T20:26:29","date_gmt":"2023-11-21T19:26:29","guid":{"rendered":"https:\/\/blogsaverroes.juntadeandalucia.es\/iessierraalmenara\/?page_id=1041"},"modified":"2024-04-28T20:00:44","modified_gmt":"2024-04-28T19:00:44","slug":"educacion-fisica","status":"publish","type":"page","link":"https:\/\/blogsaverroes.juntadeandalucia.es\/iessierraalmenara\/educacion-fisica\/","title":{"rendered":"Educaci\u00f3n F\u00edsica"},"content":{"rendered":"<p>[et_pb_section fb_built=&#8221;1&#8243; _builder_version=&#8221;4.16&#8243; _module_preset=&#8221;default&#8221; global_colors_info=&#8221;{}&#8221;][et_pb_row _builder_version=&#8221;4.16&#8243; _module_preset=&#8221;default&#8221; background_color=&#8221;RGBA(255,255,255,0)&#8221; background_image=&#8221;https:\/\/blogsaverroes.juntadeandalucia.es\/iessierraalmenara\/files\/2023\/11\/Foto-Instituto-scaled.jpg&#8221; parallax=&#8221;on&#8221; min_height=&#8221;6px&#8221; custom_padding=&#8221;4px||0px|||&#8221; animation_style=&#8221;bounce&#8221; box_shadow_style=&#8221;preset2&#8243; global_colors_info=&#8221;{}&#8221;][et_pb_column type=&#8221;4_4&#8243; _builder_version=&#8221;4.16&#8243; _module_preset=&#8221;default&#8221; background_color=&#8221;RGBA(255,255,255,0)&#8221; background_enable_image=&#8221;off&#8221; global_colors_info=&#8221;{}&#8221;][et_pb_text _builder_version=&#8221;4.16&#8243; _module_preset=&#8221;default&#8221; text_font=&#8221;Acme|700|||||||&#8221; text_text_color=&#8221;#E09900&#8243; text_letter_spacing=&#8221;10px&#8221; header_font_size=&#8221;16px&#8221; header_letter_spacing=&#8221;5px&#8221; background_color=&#8221;RGBA(255,255,255,0)&#8221; background_enable_image=&#8221;off&#8221; text_orientation=&#8221;center&#8221; min_height=&#8221;126px&#8221; custom_margin=&#8221;2px||-7px|||&#8221; custom_padding=&#8221;4px|||||&#8221; animation_style=&#8221;zoom&#8221; animation_duration=&#8221;1350ms&#8221; text_text_shadow_style=&#8221;preset5&#8243; text_text_shadow_horizontal_length=&#8221;0.17em&#8221; text_text_shadow_vertical_length=&#8221;0.14em&#8221; text_text_shadow_color=&#8221;#000000&#8243; header_text_shadow_style=&#8221;preset5&#8243; header_text_shadow_color=&#8221;#000000&#8243; global_colors_info=&#8221;{}&#8221;]<\/p>\n<p style=\"text-align: center\"><span style=\"font-size: 14pt;color: #e09000\"><strong><span style=\"font-family: 'comic sans ms', sans-serif\">DEPARTAMENTO<\/span><\/strong><\/span><\/p>\n<p style=\"text-align: center\"><span style=\"font-size: 14pt;color: #e09000\"><strong><span style=\"font-family: 'comic sans ms', sans-serif\"> DE<\/span><\/strong><\/span><\/p>\n<p style=\"text-align: center\"><span style=\"font-size: 14pt;color: #e09000\"><strong><span style=\"font-family: 'comic sans ms', sans-serif\"> EDUCACI\u00d3N F\u00cdSICA<\/span><\/strong><\/span><\/p>\n<p>[\/et_pb_text][\/et_pb_column][\/et_pb_row][et_pb_row column_structure=&#8221;3_4,1_4&#8243; _builder_version=&#8221;4.16&#8243; _module_preset=&#8221;default&#8221; background_color=&#8221;RGBA(255,255,255,0)&#8221; global_colors_info=&#8221;{}&#8221;][et_pb_column type=&#8221;3_4&#8243; _builder_version=&#8221;4.16&#8243; _module_preset=&#8221;default&#8221; global_colors_info=&#8221;{}&#8221;][et_pb_text _builder_version=&#8221;4.16&#8243; _module_preset=&#8221;default&#8221; global_colors_info=&#8221;{}&#8221;]<\/p>\n<h3>\u00a0<\/h3>\n<h3 style=\"text-align: center\"><span style=\"text-decoration: underline;font-family: 'comic sans ms', sans-serif;font-size: 14pt;color: #000000\"><strong>ASIGNATURAS DEPENDIENTES DEL <\/strong><\/span><\/h3>\n<h3 style=\"text-align: center\"><span style=\"text-decoration: underline;font-family: 'comic sans ms', sans-serif;font-size: 14pt;color: #000000\"><strong>DEPARTAMENTO DE EDUCACI\u00d3N F\u00cdSICA<\/strong><\/span><\/h3>\n<p>&nbsp;<\/p>\n<ul>\n<li style=\"list-style-type: none\">\n<ul>\n<li style=\"list-style-type: none\">\n<ul>\n<li><span style=\"font-family: 'courier new', courier, monospace\">Educaci\u00f3n F\u00edsica de 1\u00baESO (3h\/sem)<\/span><\/li>\n<li><span style=\"font-family: 'courier new', courier, monospace\">Educaci\u00f3n F\u00edsica de 2\u00baESO (2h\/sem)<\/span><\/li>\n<li><span style=\"font-family: 'courier new', courier, monospace\">Educaci\u00f3n F\u00edsica de 3\u00baESO (2h\/sem)<\/span><\/li>\n<li><span style=\"font-family: 'courier new', courier, monospace\">Educaci\u00f3n F\u00edsica de 4\u00baESO (2h\/sem)<\/span><\/li>\n<\/ul>\n<\/li>\n<\/ul>\n<\/li>\n<\/ul>\n<p>[\/et_pb_text][\/et_pb_column][et_pb_column type=&#8221;1_4&#8243; _builder_version=&#8221;4.16&#8243; _module_preset=&#8221;default&#8221; background_color=&#8221;#e0b964&#8243; parallax=&#8221;on&#8221; box_shadow_style=&#8221;preset2&#8243; global_colors_info=&#8221;{}&#8221;][et_pb_text _builder_version=&#8221;4.16&#8243; _module_preset=&#8221;default&#8221; background_color=&#8221;RGBA(255,255,255,0)&#8221; custom_margin=&#8221;23px|25px|23px|25px|true|true&#8221; custom_padding=&#8221;0px|0px|0px|0px|true|true&#8221; animation_style=&#8221;fade&#8221; animation_delay=&#8221;300ms&#8221; box_shadow_style=&#8221;preset6&#8243; global_colors_info=&#8221;{}&#8221;]<\/p>\n<p>&nbsp;<\/p>\n<p style=\"text-align: center\"><span style=\"font-family: 'comic sans ms', sans-serif\"><strong>ENLACES DE INTER\u00c9S<\/strong><\/span><\/p>\n<p>&nbsp;<\/p>\n<p>[\/et_pb_text][et_pb_text _builder_version=&#8221;4.16&#8243; _module_preset=&#8221;default&#8221; custom_margin=&#8221;||3px|||&#8221; animation_style=&#8221;zoom&#8221; animation_delay=&#8221;1000ms&#8221; global_colors_info=&#8221;{}&#8221;]<\/p>\n<h4>\u00a0<\/h4>\n<h4>\u00a0<\/h4>\n<h4>\u00a0<\/h4>\n<h4 class=\"style-scope ytd-watch-metadata\" style=\"text-align: center\"><\/h4>\n<p>[\/et_pb_text][et_pb_text _builder_version=&#8221;4.16&#8243; _module_preset=&#8221;default&#8221; custom_margin=&#8221;||3px|||&#8221; animation_style=&#8221;zoom&#8221; animation_delay=&#8221;1000ms&#8221; global_colors_info=&#8221;{}&#8221;]<\/p>\n<h4>&nbsp;<\/h4>\n<h4>&nbsp;<\/h4>\n<h4>&nbsp;<\/h4>\n<h4 class=\"style-scope ytd-watch-metadata\" style=\"text-align: center\">&nbsp;<\/h4>\n<p>[\/et_pb_text][\/et_pb_column][\/et_pb_row][\/et_pb_section]<\/p>\n","protected":false},"excerpt":{"rendered":"<p>DEPARTAMENTO DE EDUCACI\u00d3N F\u00cdSICA\u00a0 ASIGNATURAS DEPENDIENTES DEL DEPARTAMENTO DE EDUCACI\u00d3N F\u00cdSICA &nbsp; Educaci\u00f3n F\u00edsica de 1\u00baESO (3h\/sem) Educaci\u00f3n F\u00edsica de 2\u00baESO (2h\/sem) Educaci\u00f3n F\u00edsica de 3\u00baESO (2h\/sem) Educaci\u00f3n F\u00edsica de 4\u00baESO (2h\/sem) &nbsp; ENLACES DE INTER\u00c9S &nbsp;\u00a0 \u00a0 \u00a0 &nbsp; &nbsp; &nbsp; &nbsp;<\/p>\n","protected":false},"author":18748,"featured_media":0,"parent":0,"menu_order":0,"comment_status":"closed","ping_status":"closed","template":"","meta":{"_et_pb_use_builder":"on","_et_pb_old_content":"","_et_gb_content_width":"","ngg_post_thumbnail":0,"footnotes":""},"aioseo_notices":[],"_links":{"self":[{"href":"https:\/\/blogsaverroes.juntadeandalucia.es\/iessierraalmenara\/wp-json\/wp\/v2\/pages\/1041"}],"collection":[{"href":"https:\/\/blogsaverroes.juntadeandalucia.es\/iessierraalmenara\/wp-json\/wp\/v2\/pages"}],"about":[{"href":"https:\/\/blogsaverroes.juntadeandalucia.es\/iessierraalmenara\/wp-json\/wp\/v2\/types\/page"}],"author":[{"embeddable":true,"href":"https:\/\/blogsaverroes.juntadeandalucia.es\/iessierraalmenara\/wp-json\/wp\/v2\/users\/18748"}],"replies":[{"embeddable":true,"href":"https:\/\/blogsaverroes.juntadeandalucia.es\/iessierraalmenara\/wp-json\/wp\/v2\/comments?post=1041"}],"version-history":[{"count":5,"href":"https:\/\/blogsaverroes.juntadeandalucia.es\/iessierraalmenara\/wp-json\/wp\/v2\/pages\/1041\/revisions"}],"predecessor-version":[{"id":1671,"href":"https:\/\/blogsaverroes.juntadeandalucia.es\/iessierraalmenara\/wp-json\/wp\/v2\/pages\/1041\/revisions\/1671"}],"wp:attachment":[{"href":"https:\/\/blogsaverroes.juntadeandalucia.es\/iessierraalmenara\/wp-json\/wp\/v2\/media?parent=1041"}],"curies":[{"name":"wp","href":"https:\/\/api.w.org\/{rel}","templated":true}]}}