{"id":1074,"date":"2023-11-21T20:30:20","date_gmt":"2023-11-21T19:30:20","guid":{"rendered":"https:\/\/blogsaverroes.juntadeandalucia.es\/iessierraalmenara\/?page_id=1074"},"modified":"2024-01-30T00:11:22","modified_gmt":"2024-01-29T23:11:22","slug":"atal","status":"publish","type":"page","link":"https:\/\/blogsaverroes.juntadeandalucia.es\/iessierraalmenara\/atal\/","title":{"rendered":"ATAL"},"content":{"rendered":"<p>[et_pb_section fb_built=&#8221;1&#8243; _builder_version=&#8221;4.14.5&#8243; _module_preset=&#8221;default&#8221; global_colors_info=&#8221;{}&#8221;][et_pb_row _builder_version=&#8221;4.14.5&#8243; _module_preset=&#8221;default&#8221; global_colors_info=&#8221;{}&#8221;][et_pb_column type=&#8221;4_4&#8243; _builder_version=&#8221;4.14.5&#8243; _module_preset=&#8221;default&#8221; global_colors_info=&#8221;{}&#8221;][et_pb_text _builder_version=&#8221;4.14.5&#8243; _module_preset=&#8221;default&#8221; global_colors_info=&#8221;{}&#8221;]<\/p>\n<p>Las <strong>Aulas Temporales de Adaptaci\u00f3n Ling\u00fc\u00edstica<\/strong> (ATAL) desarrollan un programa de ense\u00f1anza de espa\u00f1ol dirigido al alumnado extranjero con desconocimiento de la lengua, impartido en horario escolar por profesorado espec\u00edfico. Se lleva a cabo en centros docentes de educaci\u00f3n primaria y secundaria.<\/p>\n<p>Al principio de cada curso, las delegaciones territoriales de la Consejer\u00eda de Desarrollo Educativo y Formaci\u00f3n Profesional determinan qu\u00e9 centros contar\u00e1n con ese programa.<\/p>\n<p>[\/et_pb_text][\/et_pb_column][\/et_pb_row][\/et_pb_section]<\/p>\n","protected":false},"excerpt":{"rendered":"<p>Las Aulas Temporales de Adaptaci\u00f3n Ling\u00fc\u00edstica (ATAL) desarrollan un programa de ense\u00f1anza de espa\u00f1ol dirigido al alumnado extranjero con desconocimiento de la lengua, impartido en horario escolar por profesorado espec\u00edfico. Se lleva a cabo en centros docentes de educaci\u00f3n primaria y secundaria. Al principio de cada curso, las delegaciones territoriales de la Consejer\u00eda de Desarrollo [&hellip;]<\/p>\n","protected":false},"author":18748,"featured_media":0,"parent":0,"menu_order":0,"comment_status":"closed","ping_status":"closed","template":"","meta":{"_et_pb_use_builder":"on","_et_pb_old_content":"","_et_gb_content_width":"","ngg_post_thumbnail":0,"footnotes":""},"aioseo_notices":[],"_links":{"self":[{"href":"https:\/\/blogsaverroes.juntadeandalucia.es\/iessierraalmenara\/wp-json\/wp\/v2\/pages\/1074"}],"collection":[{"href":"https:\/\/blogsaverroes.juntadeandalucia.es\/iessierraalmenara\/wp-json\/wp\/v2\/pages"}],"about":[{"href":"https:\/\/blogsaverroes.juntadeandalucia.es\/iessierraalmenara\/wp-json\/wp\/v2\/types\/page"}],"author":[{"embeddable":true,"href":"https:\/\/blogsaverroes.juntadeandalucia.es\/iessierraalmenara\/wp-json\/wp\/v2\/users\/18748"}],"replies":[{"embeddable":true,"href":"https:\/\/blogsaverroes.juntadeandalucia.es\/iessierraalmenara\/wp-json\/wp\/v2\/comments?post=1074"}],"version-history":[{"count":8,"href":"https:\/\/blogsaverroes.juntadeandalucia.es\/iessierraalmenara\/wp-json\/wp\/v2\/pages\/1074\/revisions"}],"predecessor-version":[{"id":1307,"href":"https:\/\/blogsaverroes.juntadeandalucia.es\/iessierraalmenara\/wp-json\/wp\/v2\/pages\/1074\/revisions\/1307"}],"wp:attachment":[{"href":"https:\/\/blogsaverroes.juntadeandalucia.es\/iessierraalmenara\/wp-json\/wp\/v2\/media?parent=1074"}],"curies":[{"name":"wp","href":"https:\/\/api.w.org\/{rel}","templated":true}]}}