{"id":2375,"date":"2025-11-05T19:54:34","date_gmt":"2025-11-05T18:54:34","guid":{"rendered":"https:\/\/blogsaverroes.juntadeandalucia.es\/iessierraalmenara\/?page_id=2375"},"modified":"2025-11-10T22:13:44","modified_gmt":"2025-11-10T21:13:44","slug":"radio-almenara-podcast","status":"publish","type":"page","link":"https:\/\/blogsaverroes.juntadeandalucia.es\/iessierraalmenara\/radio-almenara-podcast\/","title":{"rendered":"Radio Almenara Podcast"},"content":{"rendered":"<p>[et_pb_section fb_built=&#8221;1&#8243; _builder_version=&#8221;4.16&#8243; custom_padding=&#8221;||15px|||&#8221; global_colors_info=&#8221;{}&#8221;][et_pb_row _builder_version=&#8221;4.16&#8243; background_size=&#8221;initial&#8221; background_position=&#8221;top_left&#8221; background_repeat=&#8221;repeat&#8221; global_colors_info=&#8221;{}&#8221;][et_pb_column type=&#8221;4_4&#8243; _builder_version=&#8221;4.16&#8243; custom_padding=&#8221;|||&#8221; global_colors_info=&#8221;{}&#8221; custom_padding__hover=&#8221;|||&#8221;][et_pb_text _builder_version=&#8221;4.24.2&#8243; background_size=&#8221;initial&#8221; background_position=&#8221;top_left&#8221; background_repeat=&#8221;repeat&#8221; min_height=&#8221;0px&#8221; custom_padding=&#8221;0px|||||&#8221; global_colors_info=&#8221;{}&#8221;]<\/p>\n<p><img loading=\"lazy\" decoding=\"async\" class=\"alignnone size-full wp-image-1853\" src=\"https:\/\/blogsaverroes.juntadeandalucia.es\/iessierraalmenara\/files\/2024\/10\/icono-podcast.png\" alt=\"\" width=\"119\" height=\"115\" style=\"margin-left: auto;margin-right: auto\" \/><img loading=\"lazy\" decoding=\"async\" src=\"https:\/\/blogsaverroes.juntadeandalucia.es\/iessierraalmenara\/files\/2024\/01\/webenconstruccion-e1611830084574-300x212.jpg\" width=\"300\" height=\"212\" alt=\"\" class=\"wp-image-1287 aligncenter size-medium\" \/><\/p>\n<p>[\/et_pb_text][\/et_pb_column][\/et_pb_row][\/et_pb_section][et_pb_section fb_built=&#8221;1&#8243; _builder_version=&#8221;4.24.2&#8243; _module_preset=&#8221;default&#8221; custom_padding=&#8221;0px|||||&#8221; global_colors_info=&#8221;{}&#8221;][et_pb_row _builder_version=&#8221;4.24.2&#8243; _module_preset=&#8221;default&#8221; hover_enabled=&#8221;0&#8243; global_colors_info=&#8221;{}&#8221; background_color=&#8221;#d6b3dd&#8221; sticky_enabled=&#8221;0&#8243;][et_pb_column type=&#8221;4_4&#8243; _builder_version=&#8221;4.24.2&#8243; _module_preset=&#8221;default&#8221; global_colors_info=&#8221;{}&#8221;][et_pb_text _builder_version=&#8221;4.24.2&#8243; _module_preset=&#8221;default&#8221; global_colors_info=&#8221;{}&#8221;]<\/p>\n<h1 style=\"text-align: left\"><span style=\"text-decoration: underline;color: #ff00ff\"><strong>curso 2024\/25<\/strong><\/span><\/h1>\n<p style=\"text-align: left\"><span style=\"text-decoration: underline\"><strong>Este a\u00f1o estrenamos esta nueva secci\u00f3n con los siguientes podcasts:<\/strong><\/span><\/p>\n<ul>\n<li style=\"text-align: left\"><span style=\"text-decoration: underline\"><strong>Presentaci\u00f3n<\/strong><\/span><\/li>\n<li style=\"text-align: left\"><span style=\"text-decoration: underline\"><strong><\/strong><\/span><\/li>\n<\/ul>\n<p>[\/et_pb_text][et_pb_video_slider _builder_version=&#8221;4.24.2&#8243; _module_preset=&#8221;default&#8221; global_colors_info=&#8221;{}&#8221;][et_pb_video_slider_item src=&#8221;https:\/\/blogsaverroes.juntadeandalucia.es\/iessierraalmenara\/files\/2024\/10\/Video-de-WhatsApp-2024-10-28-a-las-16.51.15_fb60f0af.mp4&#8243; _builder_version=&#8221;4.24.2&#8243; _module_preset=&#8221;default&#8221; global_colors_info=&#8221;{}&#8221; show_image_overlay=&#8221;off&#8221;][\/et_pb_video_slider_item][et_pb_video_slider_item src=&#8221;https:\/\/blogsaverroes.juntadeandalucia.es\/iessierraalmenara\/files\/2024\/10\/Video-de-WhatsApp-2024-10-28-a-las-16.51.15_fb60f0af.mp4&#8243; _builder_version=&#8221;4.24.2&#8243; _module_preset=&#8221;default&#8221; global_colors_info=&#8221;{}&#8221; show_image_overlay=&#8221;off&#8221;][\/et_pb_video_slider_item][\/et_pb_video_slider][\/et_pb_column][\/et_pb_row][et_pb_row _builder_version=&#8221;4.24.2&#8243; _module_preset=&#8221;default&#8221; hover_enabled=&#8221;0&#8243; global_colors_info=&#8221;{}&#8221; background_color=&#8221;#b1f9cd&#8221; sticky_enabled=&#8221;0&#8243;][et_pb_column type=&#8221;4_4&#8243; _builder_version=&#8221;4.24.2&#8243; _module_preset=&#8221;default&#8221; global_colors_info=&#8221;{}&#8221;][et_pb_text _builder_version=&#8221;4.24.2&#8243; _module_preset=&#8221;default&#8221; global_colors_info=&#8221;{}&#8221;]<\/p>\n<h1 style=\"text-align: left\"><span style=\"text-decoration: underline;color: #ff00ff\"><strong>curso 2025\/26<\/strong><\/span><\/h1>\n<ul>\n<li style=\"text-align: left\"><\/li>\n<\/ul>\n<p>[\/et_pb_text][et_pb_video_slider _builder_version=&#8221;4.24.2&#8243; _module_preset=&#8221;default&#8221; global_colors_info=&#8221;{}&#8221;][\/et_pb_video_slider][\/et_pb_column][\/et_pb_row][\/et_pb_section]<\/p>\n","protected":false},"excerpt":{"rendered":"<p>curso 2024\/25 Este a\u00f1o estrenamos esta nueva secci\u00f3n con los siguientes podcasts: Presentaci\u00f3n curso 2025\/26<\/p>\n","protected":false},"author":20349,"featured_media":0,"parent":0,"menu_order":0,"comment_status":"closed","ping_status":"closed","template":"","meta":{"_et_pb_use_builder":"on","_et_pb_old_content":"<p><img class=\"alignnone size-full wp-image-1853\" src=\"https:\/\/blogsaverroes.juntadeandalucia.es\/iessierraalmenara\/files\/2024\/10\/icono-podcast.png\" alt=\"\" width=\"226\" height=\"218\"><\/p>","_et_gb_content_width":"","ngg_post_thumbnail":0,"footnotes":""},"aioseo_notices":[],"_links":{"self":[{"href":"https:\/\/blogsaverroes.juntadeandalucia.es\/iessierraalmenara\/wp-json\/wp\/v2\/pages\/2375"}],"collection":[{"href":"https:\/\/blogsaverroes.juntadeandalucia.es\/iessierraalmenara\/wp-json\/wp\/v2\/pages"}],"about":[{"href":"https:\/\/blogsaverroes.juntadeandalucia.es\/iessierraalmenara\/wp-json\/wp\/v2\/types\/page"}],"author":[{"embeddable":true,"href":"https:\/\/blogsaverroes.juntadeandalucia.es\/iessierraalmenara\/wp-json\/wp\/v2\/users\/20349"}],"replies":[{"embeddable":true,"href":"https:\/\/blogsaverroes.juntadeandalucia.es\/iessierraalmenara\/wp-json\/wp\/v2\/comments?post=2375"}],"version-history":[{"count":10,"href":"https:\/\/blogsaverroes.juntadeandalucia.es\/iessierraalmenara\/wp-json\/wp\/v2\/pages\/2375\/revisions"}],"predecessor-version":[{"id":2393,"href":"https:\/\/blogsaverroes.juntadeandalucia.es\/iessierraalmenara\/wp-json\/wp\/v2\/pages\/2375\/revisions\/2393"}],"wp:attachment":[{"href":"https:\/\/blogsaverroes.juntadeandalucia.es\/iessierraalmenara\/wp-json\/wp\/v2\/media?parent=2375"}],"curies":[{"name":"wp","href":"https:\/\/api.w.org\/{rel}","templated":true}]}}