{"id":999,"date":"2023-11-21T18:50:09","date_gmt":"2023-11-21T17:50:09","guid":{"rendered":"https:\/\/blogsaverroes.juntadeandalucia.es\/iessierraalmenara\/?page_id=999"},"modified":"2024-01-30T18:39:54","modified_gmt":"2024-01-30T17:39:54","slug":"2oeso","status":"publish","type":"page","link":"https:\/\/blogsaverroes.juntadeandalucia.es\/iessierraalmenara\/2oeso\/","title":{"rendered":"2\u00baESO"},"content":{"rendered":"<p>[et_pb_section fb_built=&#8221;1&#8243; _builder_version=&#8221;4.14.5&#8243; _module_preset=&#8221;default&#8221; global_colors_info=&#8221;{}&#8221;][et_pb_row _builder_version=&#8221;4.14.5&#8243; _module_preset=&#8221;default&#8221; global_colors_info=&#8221;{}&#8221;][et_pb_column type=&#8221;4_4&#8243; _builder_version=&#8221;4.14.5&#8243; _module_preset=&#8221;default&#8221; global_colors_info=&#8221;{}&#8221;][et_pb_text _builder_version=&#8221;4.14.5&#8243; _module_preset=&#8221;default&#8221; hover_enabled=&#8221;0&#8243; sticky_enabled=&#8221;0&#8243;]<\/p>\n<h1 style=\"text-align: center\"><span style=\"text-decoration: underline\"><strong>2\u00baESO<\/strong><\/span><\/h1>\n<p>[\/et_pb_text][et_pb_text _builder_version=&#8221;4.14.5&#8243; _module_preset=&#8221;default&#8221; hover_enabled=&#8221;0&#8243; sticky_enabled=&#8221;0&#8243;]<\/p>\n<p>MATERIAS a cursar:<\/p>\n<ul>\n<li>Educaci\u00f3n F\u00edsica.<\/li>\n<li>Geograf\u00eda e Historia.<\/li>\n<li>Lengua Castellana y Literatura.<\/li>\n<li>Primera Lengua Extranjera (INGL\u00c9S).<\/li>\n<li>Matem\u00e1ticas.<\/li>\n<li>Religi\u00f3n o Atenci\u00f3n Educativa.<\/li>\n<li>Segunda Lengua Extranjera (FRANC\u00c9S).<\/li>\n<li>Educaci\u00f3n en Valores C\u00edvicos y \u00c9ticos<\/li>\n<\/ul>\n<p>&nbsp;<\/p>\n<p>Tambi\u00e9n, el alumnado cursar\u00e1 adem\u00e1s <strong>UNA<\/strong> materia optativa propia de la Comunidad Andaluza de entre las siguientes:<\/p>\n<ul>\n<li>Cultura Cl\u00e1sica.<\/li>\n<li>Computaci\u00f3n y Rob\u00f3tica.<\/li>\n<li>Oratoria y Debate.<\/li>\n<li>Proyecto de Educaci\u00f3n Pl\u00e1stica y Audiovisual<\/li>\n<\/ul>\n<p>[\/et_pb_text][\/et_pb_column][\/et_pb_row][\/et_pb_section]<\/p>\n","protected":false},"excerpt":{"rendered":"<p>2\u00baESOMATERIAS a cursar: Educaci\u00f3n F\u00edsica. Geograf\u00eda e Historia. Lengua Castellana y Literatura. Primera Lengua Extranjera (INGL\u00c9S). Matem\u00e1ticas. Religi\u00f3n o Atenci\u00f3n Educativa. Segunda Lengua Extranjera (FRANC\u00c9S). Educaci\u00f3n en Valores C\u00edvicos y \u00c9ticos &nbsp; Tambi\u00e9n, el alumnado cursar\u00e1 adem\u00e1s UNA materia optativa propia de la Comunidad Andaluza de entre las siguientes: Cultura Cl\u00e1sica. Computaci\u00f3n y Rob\u00f3tica. Oratoria [&hellip;]<\/p>\n","protected":false},"author":18748,"featured_media":0,"parent":0,"menu_order":0,"comment_status":"closed","ping_status":"closed","template":"","meta":{"_et_pb_use_builder":"on","_et_pb_old_content":"","_et_gb_content_width":"","ngg_post_thumbnail":0,"footnotes":""},"aioseo_notices":[],"_links":{"self":[{"href":"https:\/\/blogsaverroes.juntadeandalucia.es\/iessierraalmenara\/wp-json\/wp\/v2\/pages\/999"}],"collection":[{"href":"https:\/\/blogsaverroes.juntadeandalucia.es\/iessierraalmenara\/wp-json\/wp\/v2\/pages"}],"about":[{"href":"https:\/\/blogsaverroes.juntadeandalucia.es\/iessierraalmenara\/wp-json\/wp\/v2\/types\/page"}],"author":[{"embeddable":true,"href":"https:\/\/blogsaverroes.juntadeandalucia.es\/iessierraalmenara\/wp-json\/wp\/v2\/users\/18748"}],"replies":[{"embeddable":true,"href":"https:\/\/blogsaverroes.juntadeandalucia.es\/iessierraalmenara\/wp-json\/wp\/v2\/comments?post=999"}],"version-history":[{"count":6,"href":"https:\/\/blogsaverroes.juntadeandalucia.es\/iessierraalmenara\/wp-json\/wp\/v2\/pages\/999\/revisions"}],"predecessor-version":[{"id":1367,"href":"https:\/\/blogsaverroes.juntadeandalucia.es\/iessierraalmenara\/wp-json\/wp\/v2\/pages\/999\/revisions\/1367"}],"wp:attachment":[{"href":"https:\/\/blogsaverroes.juntadeandalucia.es\/iessierraalmenara\/wp-json\/wp\/v2\/media?parent=999"}],"curies":[{"name":"wp","href":"https:\/\/api.w.org\/{rel}","templated":true}]}}