{"id":272,"date":"2019-12-21T00:14:27","date_gmt":"2019-12-20T23:14:27","guid":{"rendered":"https:\/\/blogsaverroes.juntadeandalucia.es\/iessierradegrazalema\/?page_id=272"},"modified":"2025-02-06T23:51:36","modified_gmt":"2025-02-06T22:51:36","slug":"contacto","status":"publish","type":"page","link":"https:\/\/blogsaverroes.juntadeandalucia.es\/iessierradegrazalema\/centro-2\/contacto\/","title":{"rendered":"Contacto"},"content":{"rendered":"<table style=\"border-collapse: collapse;width: 100%\">\n<tbody>\n<tr>\n<td style=\"width: 100%;background-color: #f6cece;text-align: center\"><strong><span style=\"font-size: 18pt;font-family: arial, helvetica, sans-serif\"><span style=\"color: #339966\">Direcci\u00f3n<\/span><\/span><\/strong><\/td>\n<\/tr>\n<tr>\n<td style=\"width: 100%;text-align: center;background-color: #f8effb\"><span style=\"color: #339966;font-size: 14pt;font-family: arial, helvetica, sans-serif\">Instituto de Ense\u00f1anza Secundaria <em>Sierra de Grazalema<\/em><\/span><\/td>\n<\/tr>\n<tr>\n<td style=\"width: 100%;text-align: center;background-color: #f8effb\"><span style=\"color: #339966;font-size: 14pt;font-family: arial, helvetica, sans-serif\">Santa Clara s\/n<\/span><\/td>\n<\/tr>\n<tr>\n<td style=\"width: 100%;text-align: center;background-color: #f8effb\"><span style=\"color: #339966;font-size: 14pt;font-family: arial, helvetica, sans-serif\">11610 &#8211; GRAZALEMA (C\u00e1diz)<\/span><\/td>\n<\/tr>\n<\/tbody>\n<\/table>\n<table style=\"border-collapse: collapse;width: 100%;height: 306px\">\n<tbody>\n<tr style=\"height: 36px\">\n<td style=\"width: 100%;background-color: #f6cece;text-align: center;height: 36px\"><span style=\"font-size: 18pt\"><strong><span style=\"font-family: arial, helvetica, sans-serif\"><span style=\"color: #339966\">Tel\u00e9fonos<\/span><\/span><\/strong><\/span><\/td>\n<\/tr>\n<tr style=\"height: 27px\">\n<td style=\"width: 100%;height: 27px;background-color: #effbef;text-align: center\"><span style=\"color: #339966;font-size: 14pt;font-family: arial, helvetica, sans-serif\"><strong>Secretar\u00eda<\/strong><\/span><\/td>\n<\/tr>\n<tr style=\"height: 27px\">\n<td style=\"width: 100%;text-align: center;height: 27px;background-color: #f8effb\"><span style=\"color: #339966;font-size: 14pt;font-family: arial, helvetica, sans-serif\">956132396 &#8211; Corporativo: 408396<br \/>\n<\/span><\/td>\n<\/tr>\n<tr style=\"height: 24px\">\n<td style=\"width: 100%;height: 24px;text-align: center;background-color: #f8effb\"><span style=\"color: #339966;font-size: 14pt;font-family: arial, helvetica, sans-serif\">671531587 &#8211; Corporativo: 631587<\/span><\/td>\n<\/tr>\n<tr style=\"height: 24px\">\n<td style=\"width: 100%;height: 24px;background-color: #effbef;text-align: center\"><span style=\"color: #339966;font-size: 14pt;font-family: arial, helvetica, sans-serif\"><strong>Conserjer\u00eda<\/strong><\/span><\/td>\n<\/tr>\n<tr style=\"height: 24px\">\n<td style=\"width: 100%;height: 24px;background-color: #f8effb;text-align: center\"><span style=\"color: #339966;font-size: 14pt;font-family: arial, helvetica, sans-serif\">956709520 &#8211; Corporativo: 493520<\/span><\/td>\n<\/tr>\n<tr>\n<td style=\"width: 100%;background-color: #f8effb;text-align: center\"><span style=\"color: #339966;font-size: 14pt;font-family: arial, helvetica, sans-serif\">671531585 &#8211; Corporativo: 631585<br \/>\n<\/span><\/td>\n<\/tr>\n<tr style=\"height: 24px\">\n<td style=\"width: 100%;height: 24px;background-color: #effbef;text-align: center\"><span style=\"color: #339966;font-size: 14pt;font-family: arial, helvetica, sans-serif\"><strong>Direcci\u00f3n<\/strong><\/span><\/td>\n<\/tr>\n<tr style=\"height: 24px\">\n<td style=\"width: 100%;height: 24px;background-color: #f8effb;text-align: center\"><span style=\"color: #339966;font-size: 14pt;font-family: arial, helvetica, sans-serif\">671531586 &#8211; Corporativo: 631586<\/span><\/td>\n<\/tr>\n<tr style=\"height: 24px\">\n<td style=\"width: 100%;height: 24px;background-color: #effbef;text-align: center\"><span style=\"color: #339966;font-size: 14pt;font-family: arial, helvetica, sans-serif\"><strong>Jefatura de Estudios<\/strong><\/span><\/td>\n<\/tr>\n<tr style=\"height: 24px\">\n<td style=\"width: 100%;height: 24px;background-color: #f8effb;text-align: center\"><span style=\"color: #339966;font-size: 14pt;font-family: arial, helvetica, sans-serif\">671531584 &#8211; Corporativo: 631584<\/span><\/td>\n<\/tr>\n<tr style=\"height: 24px\">\n<td style=\"width: 100%;height: 24px;background-color: #effbef;text-align: center\"><span style=\"color: #339966;font-size: 14pt;font-family: arial, helvetica, sans-serif\"><strong>Orientaci\u00f3n<\/strong><\/span><\/td>\n<\/tr>\n<tr style=\"height: 24px\">\n<td style=\"width: 100%;height: 24px;background-color: #f8effb;text-align: center\"><span style=\"color: #339966;font-size: 14pt;font-family: arial, helvetica, sans-serif\">671531584 &#8211; Corporativo: 631584<\/span><\/td>\n<\/tr>\n<\/tbody>\n<\/table>\n<table style=\"border-collapse: collapse;width: 100%\">\n<tbody>\n<tr>\n<td style=\"width: 100%;background-color: #f6cece;text-align: center\"><span style=\"font-size: 18pt\"><strong><span style=\"font-family: arial, helvetica, sans-serif\"><span style=\"color: #339966\">Fax<\/span><\/span><\/strong><\/span><\/td>\n<\/tr>\n<tr>\n<td style=\"width: 100%;background-color: #f8effb;text-align: center\"><span style=\"color: #339966;font-size: 14pt;font-family: arial, helvetica, sans-serif\">956132396<\/span><\/td>\n<\/tr>\n<\/tbody>\n<\/table>\n<table style=\"border-collapse: collapse;width: 100%\">\n<tbody>\n<tr>\n<td style=\"width: 100%;background-color: #f6cece;text-align: center\"><span style=\"font-size: 18pt\"><strong><span style=\"font-family: arial, helvetica, sans-serif\"><span style=\"color: #339966\">Correo electr\u00f3nico<\/span><\/span><\/strong><\/span><\/td>\n<\/tr>\n<tr>\n<td style=\"width: 100%;background-color: #f8effb;text-align: center\"><span style=\"color: #339966;font-size: 14pt;font-family: arial, helvetica, sans-serif\"><a style=\"color: #339966\" href=\"mailto:11700998.edu@juntadeandalucia.es\" target=\"_blank\" rel=\"noopener noreferrer\">11700998.edu@juntadeandalucia.es<\/a><\/span><\/td>\n<\/tr>\n<\/tbody>\n<\/table>\n<table style=\"border-collapse: collapse;width: 100%\">\n<tbody>\n<tr>\n<td style=\"width: 100%;background-color: #f6cece;text-align: center\"><span style=\"font-family: arial, helvetica, sans-serif;font-size: 18pt\"><strong><span style=\"color: #339966\">Web<\/span><\/strong><\/span><\/td>\n<\/tr>\n<tr>\n<td style=\"width: 100%;background-color: #f8effb;text-align: center\"><span style=\"color: #339966;font-size: 14pt\"><a style=\"color: #339966\" href=\"https:\/\/blogsaverroes.juntadeandalucia.es\/iessierradegrazalema\/\" target=\"_blank\" rel=\"noopener\"><span style=\"color: #339966\">IES Sierra de Grazalema Blog<\/span><\/a><\/span><\/td>\n<\/tr>\n<\/tbody>\n<\/table>\n<p>Contacto by <a href=\"https:\/\/blogsaverroes.juntadeandalucia.es\/iessierradegrazalema\/\" target=\"_blank\" rel=\"cc:attributionURL noopener noreferrer\">IES Sierra de Grazalema <\/a>is licensed under <a href=\"https:\/\/creativecommons.org\/licenses\/by-sa\/4.0\/?ref=chooser-v1\" target=\"_blank\" rel=\"license noopener noreferrer\">CC BY-SA 4.0 <span class=\"icon\" data-v-a0d4e8a8=\"\"><img loading=\"lazy\" decoding=\"async\" src=\"https:\/\/chooser-beta.creativecommons.org\/img\/cc-logo.f0ab4ebe.svg\" width=\"20\" height=\"20\" data-v-a0d4e8a8=\"\"><img loading=\"lazy\" decoding=\"async\" src=\"https:\/\/chooser-beta.creativecommons.org\/img\/cc-by.21b728bb.svg\" width=\"20\" height=\"20\" data-v-a0d4e8a8=\"\"><img loading=\"lazy\" decoding=\"async\" src=\"https:\/\/chooser-beta.creativecommons.org\/img\/cc-sa.d1572b71.svg\" width=\"20\" height=\"20\" data-v-a0d4e8a8=\"\"><\/span><\/a><\/p>\n","protected":false},"excerpt":{"rendered":"<p>Direcci\u00f3n Instituto de Ense\u00f1anza Secundaria Sierra de Grazalema Santa Clara s\/n 11610 &#8211; GRAZALEMA (C\u00e1diz) Tel\u00e9fonos Secretar\u00eda 956132396 &#8211; Corporativo: 408396 671531587 &#8211; Corporativo: 631587 Conserjer\u00eda 956709520 &#8211; Corporativo: 493520 671531585 &#8211; Corporativo: 631585&#46;&#46;&#46;<\/p>\n","protected":false},"author":2162,"featured_media":9991,"parent":266,"menu_order":1,"comment_status":"closed","ping_status":"closed","template":"page-templates\/child-menu.php","meta":{"ngg_post_thumbnail":0,"footnotes":""},"aioseo_notices":[],"_links":{"self":[{"href":"https:\/\/blogsaverroes.juntadeandalucia.es\/iessierradegrazalema\/wp-json\/wp\/v2\/pages\/272"}],"collection":[{"href":"https:\/\/blogsaverroes.juntadeandalucia.es\/iessierradegrazalema\/wp-json\/wp\/v2\/pages"}],"about":[{"href":"https:\/\/blogsaverroes.juntadeandalucia.es\/iessierradegrazalema\/wp-json\/wp\/v2\/types\/page"}],"author":[{"embeddable":true,"href":"https:\/\/blogsaverroes.juntadeandalucia.es\/iessierradegrazalema\/wp-json\/wp\/v2\/users\/2162"}],"replies":[{"embeddable":true,"href":"https:\/\/blogsaverroes.juntadeandalucia.es\/iessierradegrazalema\/wp-json\/wp\/v2\/comments?post=272"}],"version-history":[{"count":67,"href":"https:\/\/blogsaverroes.juntadeandalucia.es\/iessierradegrazalema\/wp-json\/wp\/v2\/pages\/272\/revisions"}],"predecessor-version":[{"id":9992,"href":"https:\/\/blogsaverroes.juntadeandalucia.es\/iessierradegrazalema\/wp-json\/wp\/v2\/pages\/272\/revisions\/9992"}],"up":[{"embeddable":true,"href":"https:\/\/blogsaverroes.juntadeandalucia.es\/iessierradegrazalema\/wp-json\/wp\/v2\/pages\/266"}],"wp:featuredmedia":[{"embeddable":true,"href":"https:\/\/blogsaverroes.juntadeandalucia.es\/iessierradegrazalema\/wp-json\/wp\/v2\/media\/9991"}],"wp:attachment":[{"href":"https:\/\/blogsaverroes.juntadeandalucia.es\/iessierradegrazalema\/wp-json\/wp\/v2\/media?parent=272"}],"curies":[{"name":"wp","href":"https:\/\/api.w.org\/{rel}","templated":true}]}}