{"id":381,"date":"2019-12-23T22:37:20","date_gmt":"2019-12-23T21:37:20","guid":{"rendered":"https:\/\/blogsaverroes.juntadeandalucia.es\/iessierradegrazalema\/?page_id=381"},"modified":"2025-02-07T00:01:51","modified_gmt":"2025-02-06T23:01:51","slug":"direccion","status":"publish","type":"page","link":"https:\/\/blogsaverroes.juntadeandalucia.es\/iessierradegrazalema\/centro-2\/direccion\/","title":{"rendered":"Direcci\u00f3n"},"content":{"rendered":"<table style=\"border-collapse: collapse;width: 100%\">\n<tbody>\n<tr>\n<td style=\"width: 100%;background-color: #e0f2f7;text-align: center\"><span style=\"color: #339966\"><a style=\"color: #339966\" title=\"Evaluaci\u00f3n de diagn\u00f3stico\" href=\"https:\/\/blogsaverroes.juntadeandalucia.es\/iessierradegrazalema\/centro-2\/direccion\/documentos-del-centro\/\" target=\"_blank\" rel=\"noopener\"><span style=\"font-size: 18pt\"><strong>Evaluaci\u00f3n de diagn\u00f3stico<\/strong><\/span><\/a><\/span><\/td>\n<\/tr>\n<tr>\n<td style=\"width: 100%;background-color: #fbf5ef\"><a href=\"https:\/\/blogsaverroes.juntadeandalucia.es\/iessierradegrazalema\/centro-2\/direccion\/documentos-del-centro\/\" target=\"_blank\" rel=\"noopener\"><img loading=\"lazy\" decoding=\"async\" class=\"aligncenter wp-image-9923\" title=\"Evaluaci\u00f3n de diagnostico\" src=\"https:\/\/blogsaverroes.juntadeandalucia.es\/iessierradegrazalema\/files\/2025\/02\/Imagen-destacada-1.png\" alt=\"\" width=\"600\" height=\"368\" srcset=\"https:\/\/blogsaverroes.juntadeandalucia.es\/iessierradegrazalema\/files\/2025\/02\/Imagen-destacada-1.png 2040w, https:\/\/blogsaverroes.juntadeandalucia.es\/iessierradegrazalema\/files\/2025\/02\/Imagen-destacada-1-300x184.png 300w, https:\/\/blogsaverroes.juntadeandalucia.es\/iessierradegrazalema\/files\/2025\/02\/Imagen-destacada-1-1024x627.png 1024w, https:\/\/blogsaverroes.juntadeandalucia.es\/iessierradegrazalema\/files\/2025\/02\/Imagen-destacada-1-768x471.png 768w, https:\/\/blogsaverroes.juntadeandalucia.es\/iessierradegrazalema\/files\/2025\/02\/Imagen-destacada-1-1536x941.png 1536w\" sizes=\"(max-width: 600px) 100vw, 600px\" \/><\/a><\/td>\n<\/tr>\n<\/tbody>\n<\/table>\n<p>Direcci\u00f3n by <a href=\"https:\/\/blogsaverroes.juntadeandalucia.es\/iessierradegrazalema\/\" target=\"_blank\" rel=\"cc:attributionURL noopener noreferrer\">IES Sierra de Grazalema <\/a>is licensed under <a href=\"https:\/\/creativecommons.org\/licenses\/by-sa\/4.0\/?ref=chooser-v1\" target=\"_blank\" rel=\"license noopener noreferrer\">CC BY-SA 4.0 <span class=\"icon\" data-v-a0d4e8a8=\"\"><img loading=\"lazy\" decoding=\"async\" src=\"https:\/\/chooser-beta.creativecommons.org\/img\/cc-logo.f0ab4ebe.svg\" width=\"20\" height=\"20\" data-v-a0d4e8a8=\"\"><img loading=\"lazy\" decoding=\"async\" src=\"https:\/\/chooser-beta.creativecommons.org\/img\/cc-by.21b728bb.svg\" width=\"20\" height=\"20\" data-v-a0d4e8a8=\"\"><img loading=\"lazy\" decoding=\"async\" src=\"https:\/\/chooser-beta.creativecommons.org\/img\/cc-sa.d1572b71.svg\" width=\"20\" height=\"20\" data-v-a0d4e8a8=\"\"><\/span><\/a><\/p>\n","protected":false},"excerpt":{"rendered":"<p>Evaluaci\u00f3n de diagn\u00f3stico Direcci\u00f3n by IES Sierra de Grazalema is licensed under CC BY-SA 4.0<\/p>\n","protected":false},"author":2162,"featured_media":9945,"parent":266,"menu_order":3,"comment_status":"closed","ping_status":"closed","template":"page-templates\/child-menu.php","meta":{"ngg_post_thumbnail":0,"footnotes":""},"aioseo_notices":[],"_links":{"self":[{"href":"https:\/\/blogsaverroes.juntadeandalucia.es\/iessierradegrazalema\/wp-json\/wp\/v2\/pages\/381"}],"collection":[{"href":"https:\/\/blogsaverroes.juntadeandalucia.es\/iessierradegrazalema\/wp-json\/wp\/v2\/pages"}],"about":[{"href":"https:\/\/blogsaverroes.juntadeandalucia.es\/iessierradegrazalema\/wp-json\/wp\/v2\/types\/page"}],"author":[{"embeddable":true,"href":"https:\/\/blogsaverroes.juntadeandalucia.es\/iessierradegrazalema\/wp-json\/wp\/v2\/users\/2162"}],"replies":[{"embeddable":true,"href":"https:\/\/blogsaverroes.juntadeandalucia.es\/iessierradegrazalema\/wp-json\/wp\/v2\/comments?post=381"}],"version-history":[{"count":8,"href":"https:\/\/blogsaverroes.juntadeandalucia.es\/iessierradegrazalema\/wp-json\/wp\/v2\/pages\/381\/revisions"}],"predecessor-version":[{"id":9936,"href":"https:\/\/blogsaverroes.juntadeandalucia.es\/iessierradegrazalema\/wp-json\/wp\/v2\/pages\/381\/revisions\/9936"}],"up":[{"embeddable":true,"href":"https:\/\/blogsaverroes.juntadeandalucia.es\/iessierradegrazalema\/wp-json\/wp\/v2\/pages\/266"}],"wp:featuredmedia":[{"embeddable":true,"href":"https:\/\/blogsaverroes.juntadeandalucia.es\/iessierradegrazalema\/wp-json\/wp\/v2\/media\/9945"}],"wp:attachment":[{"href":"https:\/\/blogsaverroes.juntadeandalucia.es\/iessierradegrazalema\/wp-json\/wp\/v2\/media?parent=381"}],"curies":[{"name":"wp","href":"https:\/\/api.w.org\/{rel}","templated":true}]}}