{"id":393,"date":"2019-12-23T22:51:31","date_gmt":"2019-12-23T21:51:31","guid":{"rendered":"https:\/\/blogsaverroes.juntadeandalucia.es\/iessierradegrazalema\/?page_id=393"},"modified":"2025-02-06T00:13:08","modified_gmt":"2025-02-05T23:13:08","slug":"departamentos","status":"publish","type":"page","link":"https:\/\/blogsaverroes.juntadeandalucia.es\/iessierradegrazalema\/departamentos\/","title":{"rendered":"Departamentos 1"},"content":{"rendered":"<table style=\"border-collapse: collapse;width: 100%\">\n<tbody>\n<tr>\n<td style=\"width: 100%;background-color: #fbeff5;text-align: center\"><span style=\"color: #339966\"><a style=\"color: #339966\" href=\"https:\/\/blogsaverroes.juntadeandalucia.es\/iessierradegrazalema\/departamentos\/matematicas\/\" target=\"_blank\" rel=\"noopener\"><span style=\"font-size: 18pt\">Matem\u00e1ticas<\/span><\/a><\/span><\/td>\n<\/tr>\n<tr>\n<td style=\"width: 100%;background-color: #ffffff\">&nbsp;<\/td>\n<\/tr>\n<tr>\n<td style=\"width: 100%;background-color: #fbeff5;text-align: center\"><span style=\"color: #339966\"><a style=\"color: #339966\" href=\"https:\/\/blogsaverroes.juntadeandalucia.es\/iessierradegrazalema\/departamentos\/fisica-y-quimica\/\" target=\"_blank\" rel=\"noopener\"><span style=\"font-size: 18pt\">F\u00edsica y Qu\u00edmica<\/span><\/a><\/span><\/td>\n<\/tr>\n<tr>\n<td style=\"width: 100%;background-color: #ffffff\">&nbsp;<\/td>\n<\/tr>\n<tr>\n<td style=\"width: 100%;background-color: #fbeff5;text-align: center\"><span style=\"color: #339966\"><a style=\"color: #339966\" href=\"https:\/\/blogsaverroes.juntadeandalucia.es\/iessierradegrazalema\/departamentos\/biologia-y-geologia\/\" target=\"_blank\" rel=\"noopener\"><span style=\"font-size: 18pt\">Biolog\u00eda y Geolog\u00eda<\/span><\/a><\/span><\/td>\n<\/tr>\n<tr>\n<td style=\"width: 100%;background-color: #ffffff\">&nbsp;<\/td>\n<\/tr>\n<tr>\n<td style=\"width: 100%;background-color: #fbeff5;text-align: center\"><span style=\"color: #339966\"><a style=\"color: #339966\" href=\"https:\/\/blogsaverroes.juntadeandalucia.es\/iessierradegrazalema\/departamentos\/educacion-fisica\/\" target=\"_blank\" rel=\"noopener\"><span style=\"font-size: 18pt\">Educaci\u00f3n F\u00edsica<\/span><\/a><\/span><\/td>\n<\/tr>\n<tr>\n<td style=\"width: 100%;background-color: #ffffff\">&nbsp;<\/td>\n<\/tr>\n<tr>\n<td style=\"width: 100%;background-color: #fbeff5;text-align: center\"><span style=\"color: #339966\"><a style=\"color: #339966\" href=\"https:\/\/blogsaverroes.juntadeandalucia.es\/iessierradegrazalema\/departamentos\/tecnologia\/\" target=\"_blank\" rel=\"noopener\"><span style=\"font-size: 18pt\">Tecnologia<\/span><\/a><\/span><\/td>\n<\/tr>\n<tr>\n<td style=\"width: 100%;background-color: #ffffff\">&nbsp;<\/td>\n<\/tr>\n<tr>\n<td style=\"width: 100%;background-color: #fbeff5;text-align: center\"><span style=\"color: #339966\"><a style=\"color: #339966\" href=\"https:\/\/blogsaverroes.juntadeandalucia.es\/iessierradegrazalema\/departamentos\/educacion-plastica-y-audiovisual\/\" target=\"_blank\" rel=\"noopener\"><span style=\"font-size: 18pt\">Educaci\u00f3n Pl\u00e1stica y Audiovisual<\/span><\/a><\/span><\/td>\n<\/tr>\n<tr>\n<td style=\"width: 100%;background-color: #ffffff\">&nbsp;<\/td>\n<\/tr>\n<tr>\n<td style=\"width: 100%;background-color: #fbeff5;text-align: center\"><span style=\"color: #339966\"><a style=\"color: #339966\" href=\"https:\/\/blogsaverroes.juntadeandalucia.es\/iessierradegrazalema\/departamentos\/geografia-e-historia\/\" target=\"_blank\" rel=\"noopener\"><span style=\"font-size: 18pt\">Geografia e Historia<\/span><\/a><\/span><\/td>\n<\/tr>\n<tr>\n<td style=\"width: 100%;background-color: #ffffff\">&nbsp;<\/td>\n<\/tr>\n<tr>\n<td style=\"width: 100%;background-color: #fbeff5;text-align: center\"><span style=\"color: #339966\"><a style=\"color: #339966\" href=\"https:\/\/blogsaverroes.juntadeandalucia.es\/iessierradegrazalema\/departamentos\/informatica\/\" target=\"_blank\" rel=\"noopener\"><span style=\"font-size: 18pt\">Inform\u00e1tica<\/span><\/a><\/span><\/td>\n<\/tr>\n<tr>\n<td style=\"width: 100%;background-color: #ffffff\">&nbsp;<\/td>\n<\/tr>\n<\/tbody>\n<\/table>\n<p>Departamentos 1 by <a href=\"https:\/\/blogsaverroes.juntadeandalucia.es\/iessierradegrazalema\/\" target=\"_blank\" rel=\"cc:attributionURL noopener noreferrer\">IES Sierra de Grazalema <\/a>is licensed under <a href=\"https:\/\/creativecommons.org\/licenses\/by-sa\/4.0\/?ref=chooser-v1\" target=\"_blank\" rel=\"license noopener noreferrer\">CC BY-SA 4.0 <span class=\"icon\" data-v-a0d4e8a8=\"\"><img loading=\"lazy\" decoding=\"async\" src=\"https:\/\/chooser-beta.creativecommons.org\/img\/cc-logo.f0ab4ebe.svg\" width=\"20\" height=\"20\" data-v-a0d4e8a8=\"\"><img loading=\"lazy\" decoding=\"async\" src=\"https:\/\/chooser-beta.creativecommons.org\/img\/cc-by.21b728bb.svg\" width=\"20\" height=\"20\" data-v-a0d4e8a8=\"\"><img loading=\"lazy\" decoding=\"async\" src=\"https:\/\/chooser-beta.creativecommons.org\/img\/cc-sa.d1572b71.svg\" width=\"20\" height=\"20\" data-v-a0d4e8a8=\"\"><\/span><\/a><\/p>\n","protected":false},"excerpt":{"rendered":"<p>Matem\u00e1ticas &nbsp; F\u00edsica y Qu\u00edmica &nbsp; Biolog\u00eda y Geolog\u00eda &nbsp; Educaci\u00f3n F\u00edsica &nbsp; Tecnologia &nbsp; Educaci\u00f3n Pl\u00e1stica y Audiovisual &nbsp; Geografia e Historia &nbsp; Inform\u00e1tica &nbsp; Departamentos 1 by IES Sierra de Grazalema is&#46;&#46;&#46;<\/p>\n","protected":false},"author":2162,"featured_media":9965,"parent":0,"menu_order":0,"comment_status":"closed","ping_status":"closed","template":"","meta":{"ngg_post_thumbnail":0,"footnotes":""},"aioseo_notices":[],"_links":{"self":[{"href":"https:\/\/blogsaverroes.juntadeandalucia.es\/iessierradegrazalema\/wp-json\/wp\/v2\/pages\/393"}],"collection":[{"href":"https:\/\/blogsaverroes.juntadeandalucia.es\/iessierradegrazalema\/wp-json\/wp\/v2\/pages"}],"about":[{"href":"https:\/\/blogsaverroes.juntadeandalucia.es\/iessierradegrazalema\/wp-json\/wp\/v2\/types\/page"}],"author":[{"embeddable":true,"href":"https:\/\/blogsaverroes.juntadeandalucia.es\/iessierradegrazalema\/wp-json\/wp\/v2\/users\/2162"}],"replies":[{"embeddable":true,"href":"https:\/\/blogsaverroes.juntadeandalucia.es\/iessierradegrazalema\/wp-json\/wp\/v2\/comments?post=393"}],"version-history":[{"count":8,"href":"https:\/\/blogsaverroes.juntadeandalucia.es\/iessierradegrazalema\/wp-json\/wp\/v2\/pages\/393\/revisions"}],"predecessor-version":[{"id":9964,"href":"https:\/\/blogsaverroes.juntadeandalucia.es\/iessierradegrazalema\/wp-json\/wp\/v2\/pages\/393\/revisions\/9964"}],"wp:featuredmedia":[{"embeddable":true,"href":"https:\/\/blogsaverroes.juntadeandalucia.es\/iessierradegrazalema\/wp-json\/wp\/v2\/media\/9965"}],"wp:attachment":[{"href":"https:\/\/blogsaverroes.juntadeandalucia.es\/iessierradegrazalema\/wp-json\/wp\/v2\/media?parent=393"}],"curies":[{"name":"wp","href":"https:\/\/api.w.org\/{rel}","templated":true}]}}