{"id":397,"date":"2019-12-23T22:58:30","date_gmt":"2019-12-23T21:58:30","guid":{"rendered":"https:\/\/blogsaverroes.juntadeandalucia.es\/iessierradegrazalema\/?page_id=397"},"modified":"2025-07-30T14:36:05","modified_gmt":"2025-07-30T12:36:05","slug":"coordinacion","status":"publish","type":"page","link":"https:\/\/blogsaverroes.juntadeandalucia.es\/iessierradegrazalema\/coordinacion\/","title":{"rendered":"Coordinaci\u00f3n"},"content":{"rendered":"<table style=\"border-collapse: collapse;width: 100%\">\n<tbody>\n<tr>\n<td style=\"width: 100%;background-color: #fbf8ef;text-align: center\"><span style=\"color: #339966\"><a style=\"color: #339966\" href=\"https:\/\/blogsaverroes.juntadeandalucia.es\/iessierradegrazalema\/coordinacion\/social-linguistica\/\" target=\"_blank\" rel=\"noopener\"><strong><span style=\"font-size: 18pt\">Socio-Ling\u00fa\u00edstica<\/span><\/strong><\/a><\/span><\/td>\n<\/tr>\n<\/tbody>\n<\/table>\n<table style=\"border-collapse: collapse;width: 100%\">\n<tbody>\n<tr>\n<td style=\"width: 100%;background-color: #f5fbef;text-align: center\"><span style=\"color: #339966\"><a style=\"color: #339966\" href=\"https:\/\/blogsaverroes.juntadeandalucia.es\/iessierradegrazalema\/coordinacion\/cientifico-tecnologica\/\" target=\"_blank\" rel=\"noopener\"><strong><span style=\"font-size: 18pt\">Cient\u00edfico-Tecnol\u00f3gica<\/span><\/strong><\/a><\/span><\/td>\n<\/tr>\n<\/tbody>\n<\/table>\n<table style=\"border-collapse: collapse;width: 100%\">\n<tbody>\n<tr>\n<td style=\"width: 100%;background-color: #effbfb;text-align: center\"><span style=\"color: #339966\"><a style=\"color: #339966\" href=\"https:\/\/blogsaverroes.juntadeandalucia.es\/iessierradegrazalema\/coordinacion\/artistica\/\" target=\"_blank\" rel=\"noopener\"><strong><span style=\"font-size: 18pt\">Art\u00edstica<\/span><\/strong><\/a><\/span><\/td>\n<\/tr>\n<\/tbody>\n<\/table>\n<p><a href=\"https:\/\/blogsaverroes.juntadeandalucia.es\/iessierradegrazalema\/coordinacion\/\">Coordinaci\u00f3n<\/a> \u00a9 2025 by <a href=\"https:\/\/blogsaverroes.juntadeandalucia.es\/iessierradegrazalema\/\">IES Sierra de Grazalema<\/a> is licensed under <a href=\"https:\/\/creativecommons.org\/licenses\/by-sa\/4.0\/\">CC BY-SA 4.0<\/a><img decoding=\"async\" style=\"max-width: 1em;max-height: 1em;margin-left: .2em\" src=\"https:\/\/mirrors.creativecommons.org\/presskit\/icons\/cc.svg\" alt=\"\"><img decoding=\"async\" style=\"max-width: 1em;max-height: 1em;margin-left: .2em\" src=\"https:\/\/mirrors.creativecommons.org\/presskit\/icons\/by.svg\" alt=\"\"><img decoding=\"async\" style=\"max-width: 1em;max-height: 1em;margin-left: .2em\" src=\"https:\/\/mirrors.creativecommons.org\/presskit\/icons\/sa.svg\" alt=\"\">&nbsp;<\/p>\n","protected":false},"excerpt":{"rendered":"<p>Socio-Ling\u00fa\u00edstica Cient\u00edfico-Tecnol\u00f3gica Art\u00edstica Coordinaci\u00f3n \u00a9 2025 by IES Sierra de Grazalema is licensed under CC BY-SA 4.0&nbsp;<\/p>\n","protected":false},"author":2162,"featured_media":5162,"parent":0,"menu_order":0,"comment_status":"closed","ping_status":"closed","template":"","meta":{"ngg_post_thumbnail":0,"footnotes":""},"aioseo_notices":[],"_links":{"self":[{"href":"https:\/\/blogsaverroes.juntadeandalucia.es\/iessierradegrazalema\/wp-json\/wp\/v2\/pages\/397"}],"collection":[{"href":"https:\/\/blogsaverroes.juntadeandalucia.es\/iessierradegrazalema\/wp-json\/wp\/v2\/pages"}],"about":[{"href":"https:\/\/blogsaverroes.juntadeandalucia.es\/iessierradegrazalema\/wp-json\/wp\/v2\/types\/page"}],"author":[{"embeddable":true,"href":"https:\/\/blogsaverroes.juntadeandalucia.es\/iessierradegrazalema\/wp-json\/wp\/v2\/users\/2162"}],"replies":[{"embeddable":true,"href":"https:\/\/blogsaverroes.juntadeandalucia.es\/iessierradegrazalema\/wp-json\/wp\/v2\/comments?post=397"}],"version-history":[{"count":3,"href":"https:\/\/blogsaverroes.juntadeandalucia.es\/iessierradegrazalema\/wp-json\/wp\/v2\/pages\/397\/revisions"}],"predecessor-version":[{"id":11107,"href":"https:\/\/blogsaverroes.juntadeandalucia.es\/iessierradegrazalema\/wp-json\/wp\/v2\/pages\/397\/revisions\/11107"}],"wp:featuredmedia":[{"embeddable":true,"href":"https:\/\/blogsaverroes.juntadeandalucia.es\/iessierradegrazalema\/wp-json\/wp\/v2\/media\/5162"}],"wp:attachment":[{"href":"https:\/\/blogsaverroes.juntadeandalucia.es\/iessierradegrazalema\/wp-json\/wp\/v2\/media?parent=397"}],"curies":[{"name":"wp","href":"https:\/\/api.w.org\/{rel}","templated":true}]}}