{"id":584,"date":"2019-12-28T22:46:44","date_gmt":"2019-12-28T21:46:44","guid":{"rendered":"https:\/\/blogsaverroes.juntadeandalucia.es\/iessierradegrazalema\/?page_id=584"},"modified":"2025-01-28T23:53:26","modified_gmt":"2025-01-28T22:53:26","slug":"matematicas-2o-eso","status":"publish","type":"page","link":"https:\/\/blogsaverroes.juntadeandalucia.es\/iessierradegrazalema\/departamentos\/matematicas\/matematicas-2o-eso\/","title":{"rendered":"Matem\u00e1ticas 2\u00ba ESO"},"content":{"rendered":"<table style=\"border-collapse: collapse;width: 100%;height: 231px\">\n<tbody>\n<tr style=\"height: 36px\">\n<td style=\"width: 50%;height: 36px;text-align: center;background-color: #fbeffb\"><span style=\"color: #339966\"><span style=\"text-decoration: underline\"><strong><span style=\"font-size: 18pt\"><span style=\"color: #339966\"><a style=\"color: #339966;text-decoration: underline\" href=\"https:\/\/elzurrondgs.com\/matematicas-2o-eso\/\" target=\"_blank\" rel=\"noopener\">Matem\u00e1ticas 2\u00ba ESO<\/a><\/span><\/span><\/strong><\/span><\/span><\/td>\n<td style=\"width: 50%;height: 36px;text-align: center;background-color: #fbeffb\"><span style=\"text-decoration: underline;font-size: 18pt\"><strong><span style=\"color: #339966\"><a style=\"color: #339966;text-decoration: underline\" href=\"https:\/\/elzurrondgs.com\/matematicas-2-online\/\" target=\"_blank\" rel=\"noopener noreferrer\">Matem\u00e1ticas 2. Online<\/a><\/span><\/strong><\/span><\/td>\n<\/tr>\n<tr style=\"height: 27px\">\n<td style=\"width: 50%;height: 27px;text-align: center;background-color: #fbeffb\"><span style=\"color: #339966\"><a style=\"color: #339966\" href=\"https:\/\/elzurrondgs.com\/matematicas-2o-eso\/numeros-enteros-2\/\" target=\"_blank\" rel=\"noopener\"><span style=\"font-size: 14pt\">N\u00fameros enteros 2<\/span><\/a><\/span><\/td>\n<td style=\"width: 50%;height: 27px;text-align: center;background-color: #fbeffb\"><span style=\"color: #339966\"><a style=\"color: #339966\" href=\"https:\/\/elzurrondgs.com\/matematicas-2-online\/numeros-enteros-2-online\/\" target=\"_blank\" rel=\"noopener\"><span style=\"font-size: 14pt\">N\u00fameros enteros 2. Online<\/span><\/a><\/span><\/td>\n<\/tr>\n<tr style=\"height: 24px\">\n<td style=\"width: 50%;height: 24px;text-align: center;background-color: #fbeffb\"><span style=\"color: #339966\"><a style=\"color: #339966\" href=\"https:\/\/elzurrondgs.com\/matematicas-2o-eso\/fracciones-2\/\" target=\"_blank\" rel=\"noopener\"><span style=\"font-size: 14pt\">Fracciones 2<\/span><\/a><\/span><\/td>\n<td style=\"width: 50%;height: 24px;text-align: center;background-color: #fbeffb\"><span style=\"color: #339966\"><a style=\"color: #339966\" href=\"https:\/\/elzurrondgs.com\/matematicas-2-online\/fracciones-2-online\/\" target=\"_blank\" rel=\"noopener\"><span style=\"font-size: 14pt\">Fracciones 2. Online<\/span><\/a><\/span><\/td>\n<\/tr>\n<tr style=\"height: 24px\">\n<td style=\"width: 50%;height: 24px;text-align: center;background-color: #fbeffb\"><span style=\"color: #339966\"><a style=\"color: #339966\" href=\"https:\/\/elzurrondgs.com\/matematicas-2o-eso\/numeros-decimales-2\/\" target=\"_blank\" rel=\"noopener\"><span style=\"font-size: 14pt\">N\u00fameros decimales 2<\/span><\/a><\/span><\/td>\n<td style=\"width: 50%;height: 24px;text-align: center;background-color: #fbeffb\"><span style=\"color: #339966\"><a style=\"color: #339966\" href=\"https:\/\/elzurrondgs.com\/matematicas-2-online\/numero-decimales-2-online\/\" target=\"_blank\" rel=\"noopener\"><span style=\"font-size: 14pt\">N\u00fameros decimales 2. Online<\/span><\/a><\/span><\/td>\n<\/tr>\n<tr style=\"height: 24px\">\n<td style=\"width: 50%;height: 24px;text-align: center;background-color: #fbeffb\"><span style=\"color: #339966\"><a style=\"color: #339966\" href=\"https:\/\/elzurrondgs.com\/matematicas-2o-eso\/potencias-y-raices-cuadradas\/\" target=\"_blank\" rel=\"noopener\"><span style=\"font-size: 14pt\">Potencias y ra\u00edces cuadradas<\/span><\/a><\/span><\/td>\n<td style=\"width: 50%;height: 24px;text-align: center;background-color: #fbeffb\"><span style=\"color: #339966\"><a style=\"color: #339966\" href=\"https:\/\/elzurrondgs.com\/matematicas-2-online\/potencias-y-raices-cuadradas-online\/\" target=\"_blank\" rel=\"noopener\"><span style=\"font-size: 14pt\">Potencias y ra\u00edces cuadradas. Online<\/span><\/a><\/span><\/td>\n<\/tr>\n<tr style=\"height: 24px\">\n<td style=\"width: 50%;height: 24px;text-align: center;background-color: #fbeffb\"><span style=\"color: #339966\"><a style=\"color: #339966\" href=\"https:\/\/elzurrondgs.com\/matematicas-2o-eso\/expresiones-algebraicas\/\" target=\"_blank\" rel=\"noopener\"><span style=\"font-size: 14pt\">Expresiones algebraicas<\/span><\/a><\/span><\/td>\n<td style=\"width: 50%;height: 24px;text-align: center;background-color: #fbeffb\"><span style=\"color: #339966\"><a style=\"color: #339966\" href=\"https:\/\/elzurrondgs.com\/matematicas-2-online\/expresiones-algebraicas-online\/\" target=\"_blank\" rel=\"noopener\"><span style=\"font-size: 14pt\">Expresiones algebraicas. Online<\/span><\/a><\/span><\/td>\n<\/tr>\n<tr style=\"height: 24px\">\n<td style=\"width: 50%;height: 24px;text-align: center;background-color: #fbeffb\"><span style=\"color: #339966\"><a style=\"color: #339966\" href=\"https:\/\/elzurrondgs.com\/matematicas-2o-eso\/ecuaciones\/\" target=\"_blank\" rel=\"noopener\"><span style=\"font-size: 14pt\">Ecuaciones 2<\/span><\/a><\/span><\/td>\n<td style=\"width: 50%;height: 24px;text-align: center;background-color: #fbeffb\"><span style=\"color: #339966\"><a style=\"color: #339966\" href=\"https:\/\/elzurrondgs.com\/matematicas-2-online\/ecuaciones-online\/\" target=\"_blank\" rel=\"noopener\"><span style=\"font-size: 14pt\">Ecuaciones 2. Online<\/span><\/a><\/span><\/td>\n<\/tr>\n<tr style=\"height: 24px\">\n<td style=\"width: 50%;height: 24px;text-align: center;background-color: #fbeffb\"><span style=\"color: #339966\"><a style=\"color: #339966\" href=\"https:\/\/elzurrondgs.com\/matematicas-2o-eso\/sistemas-de-ecuaciones\/\" target=\"_blank\" rel=\"noopener\"><span style=\"font-size: 14pt\">Sistemas de ecuaciones<\/span><\/a><\/span><\/td>\n<td style=\"width: 50%;height: 24px;text-align: center;background-color: #fbeffb\"><span style=\"color: #339966\"><a style=\"color: #339966\" href=\"https:\/\/elzurrondgs.com\/matematicas-2-online\/sistemas-de-ecuaciones-online\/\" target=\"_blank\" rel=\"noopener\"><span style=\"font-size: 14pt\">Sistemas de ecuaciones. Online<\/span><\/a><\/span><\/td>\n<\/tr>\n<tr style=\"height: 24px\">\n<td style=\"width: 50%;height: 24px;text-align: center;background-color: #fbeffb\"><span style=\"color: #339966\"><a style=\"color: #339966\" href=\"https:\/\/elzurrondgs.com\/matematicas-2o-eso\/estadistica\/\" target=\"_blank\" rel=\"noopener\"><span style=\"font-size: 14pt\">Estad\u00edstica<\/span><\/a><\/span><\/td>\n<td style=\"width: 50%;height: 24px;text-align: center;background-color: #fbeffb\"><span style=\"color: #339966\"><a style=\"color: #339966\" href=\"https:\/\/elzurrondgs.com\/matematicas-2-online\/estadistica-online\/\" target=\"_blank\" rel=\"noopener\"><span style=\"font-size: 14pt\">Estad\u00edstica. Online<\/span><\/a><\/span><\/td>\n<\/tr>\n<\/tbody>\n<\/table>\n<p>Matem\u00e1ticas 2\u00ba ESO by <a href=\"https:\/\/elzurrondgs.com\/\" target=\"_blank\" rel=\"cc:attributionURL noopener noreferrer\">Dami\u00e1n G\u00f3mez Sarmiento <\/a>is licensed under <a href=\"https:\/\/creativecommons.org\/licenses\/by-sa\/4.0\/?ref=chooser-v1\" target=\"_blank\" rel=\"license noopener noreferrer\">CC BY-SA 4.0 <span class=\"icon\" data-v-a0d4e8a8=\"\"><img loading=\"lazy\" decoding=\"async\" src=\"https:\/\/chooser-beta.creativecommons.org\/img\/cc-logo.f0ab4ebe.svg\" width=\"20\" height=\"20\" data-v-a0d4e8a8=\"\"><img loading=\"lazy\" decoding=\"async\" src=\"https:\/\/chooser-beta.creativecommons.org\/img\/cc-by.21b728bb.svg\" width=\"20\" height=\"20\" data-v-a0d4e8a8=\"\"><img loading=\"lazy\" decoding=\"async\" src=\"https:\/\/chooser-beta.creativecommons.org\/img\/cc-sa.d1572b71.svg\" width=\"20\" height=\"20\" data-v-a0d4e8a8=\"\"><\/span><\/a><\/p>\n","protected":false},"excerpt":{"rendered":"<p>Matem\u00e1ticas 2\u00ba ESO Matem\u00e1ticas 2. Online N\u00fameros enteros 2 N\u00fameros enteros 2. Online Fracciones 2 Fracciones 2. Online N\u00fameros decimales 2 N\u00fameros decimales 2. Online Potencias y ra\u00edces cuadradas Potencias y ra\u00edces cuadradas. Online&#46;&#46;&#46;<\/p>\n","protected":false},"author":2162,"featured_media":9866,"parent":541,"menu_order":2,"comment_status":"closed","ping_status":"closed","template":"page-templates\/child-menu.php","meta":{"ngg_post_thumbnail":0,"footnotes":""},"aioseo_notices":[],"_links":{"self":[{"href":"https:\/\/blogsaverroes.juntadeandalucia.es\/iessierradegrazalema\/wp-json\/wp\/v2\/pages\/584"}],"collection":[{"href":"https:\/\/blogsaverroes.juntadeandalucia.es\/iessierradegrazalema\/wp-json\/wp\/v2\/pages"}],"about":[{"href":"https:\/\/blogsaverroes.juntadeandalucia.es\/iessierradegrazalema\/wp-json\/wp\/v2\/types\/page"}],"author":[{"embeddable":true,"href":"https:\/\/blogsaverroes.juntadeandalucia.es\/iessierradegrazalema\/wp-json\/wp\/v2\/users\/2162"}],"replies":[{"embeddable":true,"href":"https:\/\/blogsaverroes.juntadeandalucia.es\/iessierradegrazalema\/wp-json\/wp\/v2\/comments?post=584"}],"version-history":[{"count":18,"href":"https:\/\/blogsaverroes.juntadeandalucia.es\/iessierradegrazalema\/wp-json\/wp\/v2\/pages\/584\/revisions"}],"predecessor-version":[{"id":9856,"href":"https:\/\/blogsaverroes.juntadeandalucia.es\/iessierradegrazalema\/wp-json\/wp\/v2\/pages\/584\/revisions\/9856"}],"up":[{"embeddable":true,"href":"https:\/\/blogsaverroes.juntadeandalucia.es\/iessierradegrazalema\/wp-json\/wp\/v2\/pages\/541"}],"wp:featuredmedia":[{"embeddable":true,"href":"https:\/\/blogsaverroes.juntadeandalucia.es\/iessierradegrazalema\/wp-json\/wp\/v2\/media\/9866"}],"wp:attachment":[{"href":"https:\/\/blogsaverroes.juntadeandalucia.es\/iessierradegrazalema\/wp-json\/wp\/v2\/media?parent=584"}],"curies":[{"name":"wp","href":"https:\/\/api.w.org\/{rel}","templated":true}]}}