{"id":5845,"date":"2021-12-23T23:51:25","date_gmt":"2021-12-23T22:51:25","guid":{"rendered":"https:\/\/blogsaverroes.juntadeandalucia.es\/iessierradegrazalema\/?page_id=5845"},"modified":"2025-01-27T00:15:47","modified_gmt":"2025-01-26T23:15:47","slug":"estadistica","status":"publish","type":"page","link":"https:\/\/blogsaverroes.juntadeandalucia.es\/iessierradegrazalema\/departamentos\/matematicas\/matematicas-2o-eso\/estadistica\/","title":{"rendered":"Estad\u00edstica"},"content":{"rendered":"<table style=\"border-collapse: collapse;width: 100%\">\n<tbody>\n<tr>\n<td style=\"width: 100%;background-color: #ceecf5;text-align: center\"><strong><span style=\"color: #339966;font-size: 14pt\"><a style=\"color: #339966\" href=\"https:\/\/elzurrondgs.com\/matematicas-2o-eso\/estadistica\/\" target=\"_blank\" rel=\"noopener noreferrer\">Estad\u00edstica<\/a><\/span><\/strong><\/td>\n<\/tr>\n<tr>\n<td style=\"width: 100%;background-color: #ceecf5;text-align: center\"><strong><span style=\"color: #339966;font-size: 14pt\"><a style=\"color: #339966\" href=\"https:\/\/elzurrondgs.com\/matematicas-2-online\/estadistica-online\/\" target=\"_blank\" rel=\"noopener\">Estad\u00edstica. Online<\/a><\/span><\/strong><\/td>\n<\/tr>\n<tr>\n<td style=\"width: 100%;background-color: #ceecf5\"><a href=\"https:\/\/blogsaverroes.juntadeandalucia.es\/iessierradegrazalema\/files\/2021\/12\/Portada.-Estadi\u0301stica.png\" target=\"_blank\" rel=\"noopener noreferrer\"><img loading=\"lazy\" decoding=\"async\" class=\"aligncenter wp-image-5846\" title=\"Estad\u00edstica\" src=\"https:\/\/blogsaverroes.juntadeandalucia.es\/iessierradegrazalema\/files\/2021\/12\/Portada.-Estadi\u0301stica.png\" alt=\"\" width=\"800\" height=\"342\" srcset=\"https:\/\/blogsaverroes.juntadeandalucia.es\/iessierradegrazalema\/files\/2021\/12\/Portada.-Estadi\u0301stica.png 1470w, https:\/\/blogsaverroes.juntadeandalucia.es\/iessierradegrazalema\/files\/2021\/12\/Portada.-Estadi\u0301stica-300x128.png 300w, https:\/\/blogsaverroes.juntadeandalucia.es\/iessierradegrazalema\/files\/2021\/12\/Portada.-Estadi\u0301stica-1024x437.png 1024w, https:\/\/blogsaverroes.juntadeandalucia.es\/iessierradegrazalema\/files\/2021\/12\/Portada.-Estadi\u0301stica-768x328.png 768w\" sizes=\"(max-width: 800px) 100vw, 800px\" \/><\/a><\/td>\n<\/tr>\n<\/tbody>\n<\/table>\n<p>Estad\u00edstica by <a href=\"https:\/\/elzurrondgs.com\/\" target=\"_blank\" rel=\"cc:attributionURL noopener noreferrer\">Dami\u00e1n G\u00f3mez Sarmiento <\/a>is licensed under <a href=\"https:\/\/creativecommons.org\/licenses\/by-sa\/4.0\/?ref=chooser-v1\" target=\"_blank\" rel=\"license noopener noreferrer\">CC BY-SA 4.0 <span class=\"icon\" data-v-a0d4e8a8=\"\"><img loading=\"lazy\" decoding=\"async\" src=\"https:\/\/chooser-beta.creativecommons.org\/img\/cc-logo.f0ab4ebe.svg\" width=\"20\" height=\"20\" data-v-a0d4e8a8=\"\"><img loading=\"lazy\" decoding=\"async\" src=\"https:\/\/chooser-beta.creativecommons.org\/img\/cc-by.21b728bb.svg\" width=\"20\" height=\"20\" data-v-a0d4e8a8=\"\"><img loading=\"lazy\" decoding=\"async\" src=\"https:\/\/chooser-beta.creativecommons.org\/img\/cc-sa.d1572b71.svg\" width=\"20\" height=\"20\" data-v-a0d4e8a8=\"\"><\/span><\/a><\/p>\n","protected":false},"excerpt":{"rendered":"<p>Estad\u00edstica Estad\u00edstica. Online Estad\u00edstica by Dami\u00e1n G\u00f3mez Sarmiento is licensed under CC BY-SA 4.0<\/p>\n","protected":false},"author":2162,"featured_media":9834,"parent":584,"menu_order":8,"comment_status":"closed","ping_status":"closed","template":"page-templates\/child-menu.php","meta":{"ngg_post_thumbnail":0,"footnotes":""},"aioseo_notices":[],"_links":{"self":[{"href":"https:\/\/blogsaverroes.juntadeandalucia.es\/iessierradegrazalema\/wp-json\/wp\/v2\/pages\/5845"}],"collection":[{"href":"https:\/\/blogsaverroes.juntadeandalucia.es\/iessierradegrazalema\/wp-json\/wp\/v2\/pages"}],"about":[{"href":"https:\/\/blogsaverroes.juntadeandalucia.es\/iessierradegrazalema\/wp-json\/wp\/v2\/types\/page"}],"author":[{"embeddable":true,"href":"https:\/\/blogsaverroes.juntadeandalucia.es\/iessierradegrazalema\/wp-json\/wp\/v2\/users\/2162"}],"replies":[{"embeddable":true,"href":"https:\/\/blogsaverroes.juntadeandalucia.es\/iessierradegrazalema\/wp-json\/wp\/v2\/comments?post=5845"}],"version-history":[{"count":5,"href":"https:\/\/blogsaverroes.juntadeandalucia.es\/iessierradegrazalema\/wp-json\/wp\/v2\/pages\/5845\/revisions"}],"predecessor-version":[{"id":5848,"href":"https:\/\/blogsaverroes.juntadeandalucia.es\/iessierradegrazalema\/wp-json\/wp\/v2\/pages\/5845\/revisions\/5848"}],"up":[{"embeddable":true,"href":"https:\/\/blogsaverroes.juntadeandalucia.es\/iessierradegrazalema\/wp-json\/wp\/v2\/pages\/584"}],"wp:featuredmedia":[{"embeddable":true,"href":"https:\/\/blogsaverroes.juntadeandalucia.es\/iessierradegrazalema\/wp-json\/wp\/v2\/media\/9834"}],"wp:attachment":[{"href":"https:\/\/blogsaverroes.juntadeandalucia.es\/iessierradegrazalema\/wp-json\/wp\/v2\/media?parent=5845"}],"curies":[{"name":"wp","href":"https:\/\/api.w.org\/{rel}","templated":true}]}}