{"id":6980,"date":"2022-09-24T22:33:40","date_gmt":"2022-09-24T20:33:40","guid":{"rendered":"https:\/\/blogsaverroes.juntadeandalucia.es\/iessierradegrazalema\/?page_id=6980"},"modified":"2025-02-06T23:39:42","modified_gmt":"2025-02-06T22:39:42","slug":"elementos-geometricos","status":"publish","type":"page","link":"https:\/\/blogsaverroes.juntadeandalucia.es\/iessierradegrazalema\/departamentos\/matematicas\/matematicas-1o-eso\/elementos-geometricos\/","title":{"rendered":"Elementos geom\u00e9tricos"},"content":{"rendered":"<table style=\"border-collapse: collapse;width: 100%\">\n<tbody>\n<tr>\n<td style=\"width: 100%;background-color: #e0f8f1;text-align: center\"><span style=\"font-size: 14pt\"><strong><span style=\"color: #339966\"><a style=\"color: #339966\" title=\"Elementos geom\u00e9tricos\" href=\"https:\/\/elzurrondgs.com\/matematicas-1o-eso\/elementos-geometricos\/\" target=\"_blank\" rel=\"noopener\">Elementos geom\u00e9tricos<\/a><\/span><\/strong><\/span><\/td>\n<\/tr>\n<tr>\n<td style=\"width: 100%;background-color: #e0f8f1;text-align: center\"><span style=\"color: #339966\"><a style=\"color: #339966\" title=\"Elementos geom\u00e9tricos. Online\" href=\"https:\/\/elzurrondgs.com\/matematicas-1-online\/elementos-geometricos-online\/\" target=\"_blank\" rel=\"noopener\"><strong><span style=\"font-size: 14pt\">Elementos geom\u00e9tricos. Online<\/span><\/strong><\/a><\/span><\/td>\n<\/tr>\n<tr>\n<td style=\"width: 100%;background-color: #e0f8f1\"><a href=\"https:\/\/blogsaverroes.juntadeandalucia.es\/iessierradegrazalema\/files\/2022\/09\/Portada.png\" target=\"_blank\" rel=\"noopener noreferrer\"><img loading=\"lazy\" decoding=\"async\" class=\"aligncenter wp-image-6982\" title=\"Elementos geom\u00e9tricos\" src=\"https:\/\/blogsaverroes.juntadeandalucia.es\/iessierradegrazalema\/files\/2022\/09\/Portada.png\" alt=\"\" width=\"800\" height=\"563\" srcset=\"https:\/\/blogsaverroes.juntadeandalucia.es\/iessierradegrazalema\/files\/2022\/09\/Portada.png 1468w, https:\/\/blogsaverroes.juntadeandalucia.es\/iessierradegrazalema\/files\/2022\/09\/Portada-300x211.png 300w, https:\/\/blogsaverroes.juntadeandalucia.es\/iessierradegrazalema\/files\/2022\/09\/Portada-1024x721.png 1024w, https:\/\/blogsaverroes.juntadeandalucia.es\/iessierradegrazalema\/files\/2022\/09\/Portada-768x541.png 768w\" sizes=\"(max-width: 800px) 100vw, 800px\" \/><\/a><\/td>\n<\/tr>\n<\/tbody>\n<\/table>\n<p>Elementos geom\u00e9tricos by <a href=\"https:\/\/elzurrondgs.com\/\" target=\"_blank\" rel=\"cc:attributionURL noopener noreferrer\">Dami\u00e1n G\u00f3mez Sarmiento <\/a>is licensed under <a href=\"https:\/\/creativecommons.org\/licenses\/by-sa\/4.0\/?ref=chooser-v1\" target=\"_blank\" rel=\"license noopener noreferrer\">CC BY-SA 4.0 <span class=\"icon\" data-v-a0d4e8a8=\"\"><img loading=\"lazy\" decoding=\"async\" src=\"https:\/\/chooser-beta.creativecommons.org\/img\/cc-logo.f0ab4ebe.svg\" width=\"20\" height=\"20\" data-v-a0d4e8a8=\"\"><img loading=\"lazy\" decoding=\"async\" src=\"https:\/\/chooser-beta.creativecommons.org\/img\/cc-by.21b728bb.svg\" width=\"20\" height=\"20\" data-v-a0d4e8a8=\"\"><img loading=\"lazy\" decoding=\"async\" src=\"https:\/\/chooser-beta.creativecommons.org\/img\/cc-sa.d1572b71.svg\" width=\"20\" height=\"20\" data-v-a0d4e8a8=\"\"><\/span><\/a><\/p>\n","protected":false},"excerpt":{"rendered":"<p>Elementos geom\u00e9tricos Elementos geom\u00e9tricos. Online Elementos geom\u00e9tricos by Dami\u00e1n G\u00f3mez Sarmiento is licensed under CC BY-SA 4.0<\/p>\n","protected":false},"author":2162,"featured_media":9987,"parent":582,"menu_order":9,"comment_status":"closed","ping_status":"closed","template":"page-templates\/child-menu.php","meta":{"ngg_post_thumbnail":0,"footnotes":""},"aioseo_notices":[],"_links":{"self":[{"href":"https:\/\/blogsaverroes.juntadeandalucia.es\/iessierradegrazalema\/wp-json\/wp\/v2\/pages\/6980"}],"collection":[{"href":"https:\/\/blogsaverroes.juntadeandalucia.es\/iessierradegrazalema\/wp-json\/wp\/v2\/pages"}],"about":[{"href":"https:\/\/blogsaverroes.juntadeandalucia.es\/iessierradegrazalema\/wp-json\/wp\/v2\/types\/page"}],"author":[{"embeddable":true,"href":"https:\/\/blogsaverroes.juntadeandalucia.es\/iessierradegrazalema\/wp-json\/wp\/v2\/users\/2162"}],"replies":[{"embeddable":true,"href":"https:\/\/blogsaverroes.juntadeandalucia.es\/iessierradegrazalema\/wp-json\/wp\/v2\/comments?post=6980"}],"version-history":[{"count":6,"href":"https:\/\/blogsaverroes.juntadeandalucia.es\/iessierradegrazalema\/wp-json\/wp\/v2\/pages\/6980\/revisions"}],"predecessor-version":[{"id":9988,"href":"https:\/\/blogsaverroes.juntadeandalucia.es\/iessierradegrazalema\/wp-json\/wp\/v2\/pages\/6980\/revisions\/9988"}],"up":[{"embeddable":true,"href":"https:\/\/blogsaverroes.juntadeandalucia.es\/iessierradegrazalema\/wp-json\/wp\/v2\/pages\/582"}],"wp:featuredmedia":[{"embeddable":true,"href":"https:\/\/blogsaverroes.juntadeandalucia.es\/iessierradegrazalema\/wp-json\/wp\/v2\/media\/9987"}],"wp:attachment":[{"href":"https:\/\/blogsaverroes.juntadeandalucia.es\/iessierradegrazalema\/wp-json\/wp\/v2\/media?parent=6980"}],"curies":[{"name":"wp","href":"https:\/\/api.w.org\/{rel}","templated":true}]}}