{"id":938,"date":"2020-01-08T12:45:32","date_gmt":"2020-01-08T11:45:32","guid":{"rendered":"https:\/\/blogsaverroes.juntadeandalucia.es\/iessierradegrazalema\/?page_id=938"},"modified":"2025-02-03T00:01:49","modified_gmt":"2025-02-02T23:01:49","slug":"documentos-del-centro","status":"publish","type":"page","link":"https:\/\/blogsaverroes.juntadeandalucia.es\/iessierradegrazalema\/centro-2\/direccion\/documentos-del-centro\/","title":{"rendered":"Evaluaci\u00f3n de diagn\u00f3stico"},"content":{"rendered":"<p><a href=\"https:\/\/www.educacionfpydeportes.gob.es\/inee\/evaluaciones-nacionales\/evaluaciones-de-diagnostico.html\" target=\"_blank\" rel=\"noopener\"><img loading=\"lazy\" decoding=\"async\" class=\"aligncenter wp-image-9923\" title=\"Evaluaciones de diagnostico\" src=\"https:\/\/blogsaverroes.juntadeandalucia.es\/iessierradegrazalema\/files\/2025\/02\/Imagen-destacada-1.png\" alt=\"\" width=\"600\" height=\"368\" srcset=\"https:\/\/blogsaverroes.juntadeandalucia.es\/iessierradegrazalema\/files\/2025\/02\/Imagen-destacada-1.png 2040w, https:\/\/blogsaverroes.juntadeandalucia.es\/iessierradegrazalema\/files\/2025\/02\/Imagen-destacada-1-300x184.png 300w, https:\/\/blogsaverroes.juntadeandalucia.es\/iessierradegrazalema\/files\/2025\/02\/Imagen-destacada-1-1024x627.png 1024w, https:\/\/blogsaverroes.juntadeandalucia.es\/iessierradegrazalema\/files\/2025\/02\/Imagen-destacada-1-768x471.png 768w, https:\/\/blogsaverroes.juntadeandalucia.es\/iessierradegrazalema\/files\/2025\/02\/Imagen-destacada-1-1536x941.png 1536w\" sizes=\"(max-width: 600px) 100vw, 600px\" \/><\/a><\/p>\n<table style=\"border-collapse: collapse;width: 100%\">\n<tbody>\n<tr>\n<td style=\"width: 100%;background-color: #fbeff2;text-align: center\"><span style=\"color: #339966\"><a style=\"color: #339966\" title=\"Evaluaci\u00f3n de diagn\u00f3stico 2024\/2025\" href=\"https:\/\/blogsaverroes.juntadeandalucia.es\/iessierradegrazalema\/files\/2025\/02\/Imagen-destacada-1.png\" target=\"_blank\" rel=\"noopener\"><strong><span style=\"color: #339966;font-size: large\">Evaluaci\u00f3n de diagnostico 2024\/2025<\/span><\/strong><\/a><\/span><\/td>\n<\/tr>\n<tr>\n<td style=\"width: 100%;background-color: #fbf5ef;text-align: left\"><span style=\"color: #339966\"><a style=\"color: #339966\" title=\"Evaluaci\u00f3n de diagn\u00f3stico 2024\/2025. Instrucciones\" href=\"https:\/\/blogsaverroes.juntadeandalucia.es\/iessierradegrazalema\/files\/2025\/02\/Evaluacion-de-diagnostico-20242025.-Instrucciones.pdf\" target=\"_blank\" rel=\"noopener\">Instrucciones de 30 de enero de 2025, de la Direcci\u00f3n General de Ordenaci\u00f3n y Evaluaci\u00f3n Educativa, por las que se concretan determinados aspectos relacionados con la realizaci\u00f3n de la evaluaci\u00f3n de diagn\u00f3stico para el curso acad\u00e9mico 2024\/2025<\/a><\/span><\/td>\n<\/tr>\n<\/tbody>\n<\/table>\n<p>Evaluaci\u00f3n de diagn\u00f3stico by <a href=\"https:\/\/blogsaverroes.juntadeandalucia.es\/iessierradegrazalema\/\" target=\"_blank\" rel=\"cc:attributionURL noopener noreferrer\">IES Sierra de Grazalema <\/a>is licensed under <a href=\"https:\/\/creativecommons.org\/licenses\/by-sa\/4.0\/?ref=chooser-v1\" target=\"_blank\" rel=\"license noopener noreferrer\">CC BY-SA 4.0 <span class=\"icon\" data-v-a0d4e8a8=\"\"><img loading=\"lazy\" decoding=\"async\" src=\"https:\/\/chooser-beta.creativecommons.org\/img\/cc-logo.f0ab4ebe.svg\" width=\"20\" height=\"20\" data-v-a0d4e8a8=\"\"><img loading=\"lazy\" decoding=\"async\" src=\"https:\/\/chooser-beta.creativecommons.org\/img\/cc-by.21b728bb.svg\" width=\"20\" height=\"20\" data-v-a0d4e8a8=\"\"><img loading=\"lazy\" decoding=\"async\" src=\"https:\/\/chooser-beta.creativecommons.org\/img\/cc-sa.d1572b71.svg\" width=\"20\" height=\"20\" data-v-a0d4e8a8=\"\"><\/span><\/a><\/p>\n","protected":false},"excerpt":{"rendered":"<p>Evaluaci\u00f3n de diagnostico 2024\/2025 Instrucciones de 30 de enero de 2025, de la Direcci\u00f3n General de Ordenaci\u00f3n y Evaluaci\u00f3n Educativa, por las que se concretan determinados aspectos relacionados con la realizaci\u00f3n de la evaluaci\u00f3n&#46;&#46;&#46;<\/p>\n","protected":false},"author":2162,"featured_media":9929,"parent":381,"menu_order":1,"comment_status":"closed","ping_status":"closed","template":"page-templates\/child-menu.php","meta":{"ngg_post_thumbnail":0,"footnotes":""},"aioseo_notices":[],"_links":{"self":[{"href":"https:\/\/blogsaverroes.juntadeandalucia.es\/iessierradegrazalema\/wp-json\/wp\/v2\/pages\/938"}],"collection":[{"href":"https:\/\/blogsaverroes.juntadeandalucia.es\/iessierradegrazalema\/wp-json\/wp\/v2\/pages"}],"about":[{"href":"https:\/\/blogsaverroes.juntadeandalucia.es\/iessierradegrazalema\/wp-json\/wp\/v2\/types\/page"}],"author":[{"embeddable":true,"href":"https:\/\/blogsaverroes.juntadeandalucia.es\/iessierradegrazalema\/wp-json\/wp\/v2\/users\/2162"}],"replies":[{"embeddable":true,"href":"https:\/\/blogsaverroes.juntadeandalucia.es\/iessierradegrazalema\/wp-json\/wp\/v2\/comments?post=938"}],"version-history":[{"count":9,"href":"https:\/\/blogsaverroes.juntadeandalucia.es\/iessierradegrazalema\/wp-json\/wp\/v2\/pages\/938\/revisions"}],"predecessor-version":[{"id":9935,"href":"https:\/\/blogsaverroes.juntadeandalucia.es\/iessierradegrazalema\/wp-json\/wp\/v2\/pages\/938\/revisions\/9935"}],"up":[{"embeddable":true,"href":"https:\/\/blogsaverroes.juntadeandalucia.es\/iessierradegrazalema\/wp-json\/wp\/v2\/pages\/381"}],"wp:featuredmedia":[{"embeddable":true,"href":"https:\/\/blogsaverroes.juntadeandalucia.es\/iessierradegrazalema\/wp-json\/wp\/v2\/media\/9929"}],"wp:attachment":[{"href":"https:\/\/blogsaverroes.juntadeandalucia.es\/iessierradegrazalema\/wp-json\/wp\/v2\/media?parent=938"}],"curies":[{"name":"wp","href":"https:\/\/api.w.org\/{rel}","templated":true}]}}