{"id":975,"date":"2020-01-11T20:55:26","date_gmt":"2020-01-11T19:55:26","guid":{"rendered":"https:\/\/blogsaverroes.juntadeandalucia.es\/iessierradegrazalema\/?page_id=975"},"modified":"2025-02-06T00:04:32","modified_gmt":"2025-02-05T23:04:32","slug":"departamentos-2","status":"publish","type":"page","link":"https:\/\/blogsaverroes.juntadeandalucia.es\/iessierradegrazalema\/departamentos-2\/","title":{"rendered":"Departamentos 2"},"content":{"rendered":"<table style=\"border-collapse: collapse;width: 100%\">\n<tbody>\n<tr>\n<td style=\"width: 100%;background-color: #eff2fb;text-align: center\"><span style=\"color: #339966\"><a style=\"color: #339966\" title=\"Lengua Castellana y Literatura\" href=\"https:\/\/blogsaverroes.juntadeandalucia.es\/iessierradegrazalema\/departamentos-2\/lengua-castellana-y-literatura\/\" target=\"_blank\" rel=\"noopener\"><span style=\"font-size: 18pt\">Lengua Castellana y Literatura<\/span><\/a><\/span><\/td>\n<\/tr>\n<tr>\n<td style=\"width: 100%;background-color: #ffffff\">&nbsp;<\/td>\n<\/tr>\n<tr>\n<td style=\"width: 100%;background-color: #eff2fb;text-align: center\"><span style=\"color: #339966\"><a style=\"color: #339966\" title=\"Ingl\u00e9s\" href=\"https:\/\/blogsaverroes.juntadeandalucia.es\/iessierradegrazalema\/departamentos-2\/ingles\/\" target=\"_blank\" rel=\"noopener\"><span style=\"font-size: 18pt\">Ingl\u00e9s<\/span><\/a><\/span><\/td>\n<\/tr>\n<tr>\n<td style=\"width: 100%;background-color: #ffffff\">&nbsp;<\/td>\n<\/tr>\n<tr>\n<td style=\"width: 100%;background-color: #eff2fb;text-align: center\"><span style=\"color: #339966\"><a style=\"color: #339966\" title=\"Franc\u00e9s\" href=\"https:\/\/blogsaverroes.juntadeandalucia.es\/iessierradegrazalema\/departamentos-2\/frances\/\" target=\"_blank\" rel=\"noopener\"><span style=\"font-size: 18pt\">Franc\u00e9s<\/span><\/a><\/span><\/td>\n<\/tr>\n<tr>\n<td style=\"width: 100%;background-color: #ffffff\">&nbsp;<\/td>\n<\/tr>\n<tr>\n<td style=\"width: 100%;background-color: #eff2fb;text-align: center\"><span style=\"color: #339966\"><a style=\"color: #339966\" title=\"M\u00fasica\" href=\"https:\/\/blogsaverroes.juntadeandalucia.es\/iessierradegrazalema\/departamentos-2\/musica\/\" target=\"_blank\" rel=\"noopener\"><span style=\"font-size: 18pt\">M\u00fasica<\/span><\/a><\/span><\/td>\n<\/tr>\n<tr>\n<td style=\"width: 100%;background-color: #ffffff\">&nbsp;<\/td>\n<\/tr>\n<tr>\n<td style=\"width: 100%;background-color: #eff2fb;text-align: center\"><span style=\"color: #339966\"><a style=\"color: #339966\" title=\"Orientaci\u00f3n\" href=\"https:\/\/blogsaverroes.juntadeandalucia.es\/iessierradegrazalema\/departamentos-2\/orientacion\/\" target=\"_blank\" rel=\"noopener\"><span style=\"font-size: 18pt\">Orientaci\u00f3n<\/span><\/a><\/span><\/td>\n<\/tr>\n<tr>\n<td style=\"width: 100%;background-color: #ffffff\">&nbsp;<\/td>\n<\/tr>\n<tr>\n<td style=\"width: 100%;background-color: #eff2fb;text-align: center\"><span style=\"color: #339966\"><a style=\"color: #339966\" title=\"Actividades Extraescolares y Complementarias\" href=\"https:\/\/blogsaverroes.juntadeandalucia.es\/iessierradegrazalema\/departamentos-2\/actividades-complementarias-y-extraescolares\/\" target=\"_blank\" rel=\"noopener\"><span style=\"font-size: 18pt\">Actividades Complementarias y Extraescolares<\/span><\/a><\/span><\/td>\n<\/tr>\n<tr>\n<td style=\"width: 100%;background-color: #ffffff\">&nbsp;<\/td>\n<\/tr>\n<tr>\n<td style=\"width: 100%;background-color: #eff2fb;text-align: center\"><span style=\"color: #339966\"><a style=\"color: #339966\" title=\"Religi\u00f3n\" href=\"https:\/\/blogsaverroes.juntadeandalucia.es\/iessierradegrazalema\/departamentos-2\/religion\/\" target=\"_blank\" rel=\"noopener\"><span style=\"font-size: 18pt\">Religi\u00f3n<\/span><\/a><\/span><\/td>\n<\/tr>\n<tr>\n<td style=\"width: 100%;background-color: #ffffff\">&nbsp;<\/td>\n<\/tr>\n<\/tbody>\n<\/table>\n<p>Departamentos 2 by <a href=\"https:\/\/blogsaverroes.juntadeandalucia.es\/iessierradegrazalema\/\" target=\"_blank\" rel=\"cc:attributionURL noopener noreferrer\">IES Sierra de Grazalema <\/a>is licensed under <a href=\"https:\/\/creativecommons.org\/licenses\/by-sa\/4.0\/?ref=chooser-v1\" target=\"_blank\" rel=\"license noopener noreferrer\">CC BY-SA 4.0 <span class=\"icon\" data-v-a0d4e8a8=\"\"><img loading=\"lazy\" decoding=\"async\" src=\"https:\/\/chooser-beta.creativecommons.org\/img\/cc-logo.f0ab4ebe.svg\" width=\"20\" height=\"20\" data-v-a0d4e8a8=\"\"><img loading=\"lazy\" decoding=\"async\" src=\"https:\/\/chooser-beta.creativecommons.org\/img\/cc-by.21b728bb.svg\" width=\"20\" height=\"20\" data-v-a0d4e8a8=\"\"><img loading=\"lazy\" decoding=\"async\" src=\"https:\/\/chooser-beta.creativecommons.org\/img\/cc-sa.d1572b71.svg\" width=\"20\" height=\"20\" data-v-a0d4e8a8=\"\"><\/span><\/a><\/p>\n","protected":false},"excerpt":{"rendered":"<p>Lengua Castellana y Literatura &nbsp; Ingl\u00e9s &nbsp; Franc\u00e9s &nbsp; M\u00fasica &nbsp; Orientaci\u00f3n &nbsp; Actividades Complementarias y Extraescolares &nbsp; Religi\u00f3n &nbsp; Departamentos 2 by IES Sierra de Grazalema is licensed under CC BY-SA 4.0<\/p>\n","protected":false},"author":2162,"featured_media":9962,"parent":0,"menu_order":0,"comment_status":"closed","ping_status":"closed","template":"","meta":{"ngg_post_thumbnail":0,"footnotes":""},"aioseo_notices":[],"_links":{"self":[{"href":"https:\/\/blogsaverroes.juntadeandalucia.es\/iessierradegrazalema\/wp-json\/wp\/v2\/pages\/975"}],"collection":[{"href":"https:\/\/blogsaverroes.juntadeandalucia.es\/iessierradegrazalema\/wp-json\/wp\/v2\/pages"}],"about":[{"href":"https:\/\/blogsaverroes.juntadeandalucia.es\/iessierradegrazalema\/wp-json\/wp\/v2\/types\/page"}],"author":[{"embeddable":true,"href":"https:\/\/blogsaverroes.juntadeandalucia.es\/iessierradegrazalema\/wp-json\/wp\/v2\/users\/2162"}],"replies":[{"embeddable":true,"href":"https:\/\/blogsaverroes.juntadeandalucia.es\/iessierradegrazalema\/wp-json\/wp\/v2\/comments?post=975"}],"version-history":[{"count":2,"href":"https:\/\/blogsaverroes.juntadeandalucia.es\/iessierradegrazalema\/wp-json\/wp\/v2\/pages\/975\/revisions"}],"predecessor-version":[{"id":9961,"href":"https:\/\/blogsaverroes.juntadeandalucia.es\/iessierradegrazalema\/wp-json\/wp\/v2\/pages\/975\/revisions\/9961"}],"wp:featuredmedia":[{"embeddable":true,"href":"https:\/\/blogsaverroes.juntadeandalucia.es\/iessierradegrazalema\/wp-json\/wp\/v2\/media\/9962"}],"wp:attachment":[{"href":"https:\/\/blogsaverroes.juntadeandalucia.es\/iessierradegrazalema\/wp-json\/wp\/v2\/media?parent=975"}],"curies":[{"name":"wp","href":"https:\/\/api.w.org\/{rel}","templated":true}]}}