{"id":2340,"date":"2017-01-16T10:12:42","date_gmt":"2017-01-16T09:12:42","guid":{"rendered":"http:\/\/blogsaverroes.juntadeandalucia.es\/iessierrasur\/?page_id=2340"},"modified":"2019-10-17T22:18:45","modified_gmt":"2019-10-17T21:18:45","slug":"automocion","status":"publish","type":"page","link":"https:\/\/blogsaverroes.juntadeandalucia.es\/iessierrasur\/automocion\/","title":{"rendered":"Automoci\u00f3n"},"content":{"rendered":"<p><strong>Los contenidos de esta p\u00e1gina pronto estar\u00e1n disponibles, disculpen las molestias.<\/strong><\/p>\n","protected":false},"excerpt":{"rendered":"<p>Los contenidos de esta p\u00e1gina pronto estar\u00e1n disponibles, disculpen las molestias.<\/p>\n","protected":false},"author":3820,"featured_media":0,"parent":0,"menu_order":0,"comment_status":"open","ping_status":"open","template":"","meta":{"ngg_post_thumbnail":0,"footnotes":"","_mc_calendar":[]},"aioseo_notices":[],"_links":{"self":[{"href":"https:\/\/blogsaverroes.juntadeandalucia.es\/iessierrasur\/wp-json\/wp\/v2\/pages\/2340"}],"collection":[{"href":"https:\/\/blogsaverroes.juntadeandalucia.es\/iessierrasur\/wp-json\/wp\/v2\/pages"}],"about":[{"href":"https:\/\/blogsaverroes.juntadeandalucia.es\/iessierrasur\/wp-json\/wp\/v2\/types\/page"}],"author":[{"embeddable":true,"href":"https:\/\/blogsaverroes.juntadeandalucia.es\/iessierrasur\/wp-json\/wp\/v2\/users\/3820"}],"replies":[{"embeddable":true,"href":"https:\/\/blogsaverroes.juntadeandalucia.es\/iessierrasur\/wp-json\/wp\/v2\/comments?post=2340"}],"version-history":[{"count":86,"href":"https:\/\/blogsaverroes.juntadeandalucia.es\/iessierrasur\/wp-json\/wp\/v2\/pages\/2340\/revisions"}],"predecessor-version":[{"id":4427,"href":"https:\/\/blogsaverroes.juntadeandalucia.es\/iessierrasur\/wp-json\/wp\/v2\/pages\/2340\/revisions\/4427"}],"wp:attachment":[{"href":"https:\/\/blogsaverroes.juntadeandalucia.es\/iessierrasur\/wp-json\/wp\/v2\/media?parent=2340"}],"curies":[{"name":"wp","href":"https:\/\/api.w.org\/{rel}","templated":true}]}}