{"id":2414,"date":"2021-11-08T08:28:01","date_gmt":"2021-11-08T07:28:01","guid":{"rendered":"http:\/\/blogsaverroes.juntadeandalucia.es\/iessierrasur\/?page_id=2414"},"modified":"2025-12-26T09:40:35","modified_gmt":"2025-12-26T08:40:35","slug":"erasmus","status":"publish","type":"page","link":"https:\/\/blogsaverroes.juntadeandalucia.es\/iessierrasur\/erasmus\/","title":{"rendered":"ERASMUS +"},"content":{"rendered":"<p>Este curso acad\u00e9mico 2024\/2025, nuestro instituto participa una vez m\u00e1s en el programa&nbsp;<strong>Erasmus+<\/strong>, brindando a nuestros estudiantes la oportunidad de realizar&nbsp;<strong>movilidades de 90 d\u00edas<\/strong>&nbsp;para pr\u00e1cticas profesionales en distintos pa\u00edses de Europa. Esta iniciativa tiene como objetivo no solo el enriquecimiento personal y profesional de los alumnos, sino tambi\u00e9n fomentar su integraci\u00f3n en el mercado laboral europeo.<\/p>\n<h3 class=\"wp-block-heading\">\u00bfQu\u00e9 es el programa Erasmus+?<\/h3>\n<p>El programa Erasmus+ es una iniciativa de la Uni\u00f3n Europea que promueve actividades de movilidad para el aprendizaje y el desarrollo de competencias profesionales en un entorno internacional. A trav\u00e9s de este programa, nuestros estudiantes tienen la oportunidad de:<\/p>\n<ul>\n<li>Realizar pr\u00e1cticas laborales en empresas europeas.<\/li>\n<li>Mejorar sus habilidades profesionales en un entorno internacional.<\/li>\n<li>Desarrollar competencias interculturales.<\/li>\n<li>Adquirir una experiencia laboral que enriquece su curr\u00edculo y mejora sus oportunidades de empleabilidad.<\/li>\n<\/ul>\n<h3 class=\"wp-block-heading\">Movilidad \u201cNext Stop Europe\u201d&nbsp;<\/h3>\n<p>En el marco del&nbsp;<strong>proyecto \u201cNext Stop Europe\u201d<\/strong>, nuestro instituto, como miembro del consorcio Erasmus, ofrece a los estudiantes la posibilidad de realizar movilidades financiadas, con una duraci\u00f3n de 90 d\u00edas, en diversas empresas europeas. Este proyecto es parte de un esfuerzo continuo para internacionalizar nuestros programas de formaci\u00f3n profesional y apoyar el desarrollo integral de nuestros estudiantes.<\/p>\n<h3 class=\"wp-block-heading\">Requisitos y condiciones de participaci\u00f3n<\/h3>\n<p>Para poder participar en este programa, los estudiantes deben cumplir con los requisitos establecidos por el consorcio y las normativas del programa Erasmus+. Entre estos requisitos se encuentran:<\/p>\n<ul>\n<li>Cumplir con los objetivos de las estancias y las normativas del C\u00f3digo de Disciplina.<\/li>\n<li>Comprometerse a seguir las reglas del programa, que incluyen la firma del&nbsp;<strong>Documento de Aceptaci\u00f3n de Beca<\/strong>&nbsp;y el&nbsp;<strong>Convenio de Subvenci\u00f3n<\/strong>.<\/li>\n<li>Asistir a las sesiones informativas previas, que se organizar\u00e1n tanto para los estudiantes como para sus tutores legales.<\/li>\n<\/ul>\n<h3 class=\"wp-block-heading\">\u00bfQu\u00e9 beneficios obtienen los estudiantes?<\/h3>\n<p>Los alumnos que participen en esta convocatoria no solo ampliar\u00e1n su experiencia laboral, sino que tambi\u00e9n recibir\u00e1n una serie de beneficios que incluyen:<\/p>\n<ul>\n<li>Subvenciones econ\u00f3micas para cubrir gastos de alojamiento, transporte y manutenci\u00f3n.<\/li>\n<li>Asistencia en la organizaci\u00f3n de la estancia y apoyo durante el proceso de adaptaci\u00f3n al nuevo entorno.<\/li>\n<li>Un certificado de pr\u00e1cticas al final de la movilidad, reconocido a nivel europeo.<\/li>\n<\/ul>\n<h3 class=\"wp-block-heading\">\u00bfC\u00f3mo participar?<\/h3>\n<p>Si est\u00e1s interesado en formar parte de esta experiencia \u00fanica, debes estar pendiente de las convocatorias que se abrir\u00e1n cada a\u00f1o y que adjuntamos en este enlace. El coordinador Erasmus del centro es el vicedirector Jos\u00e9 Manuel Torrej\u00f3n a quien puedes acudir ante cualquier cuesti\u00f3n que te surja.<\/p>\n<p>\u00a1No dejes pasar esta oportunidad de formarte y vivir una experiencia internacional que marcar\u00e1 la diferencia en tu futuro profesional!<\/p>\n<p>&nbsp;<\/p>\n","protected":false},"excerpt":{"rendered":"<p>Este curso acad\u00e9mico 2024\/2025, nuestro instituto participa una vez m\u00e1s en el programa&nbsp;Erasmus+, brindando a nuestros estudiantes la oportunidad de realizar&nbsp;movilidades de 90 d\u00edas&nbsp;para pr\u00e1cticas profesionales en distintos pa\u00edses de Europa. Esta iniciativa tiene como objetivo no solo el enriquecimiento personal y profesional de los alumnos, sino tambi\u00e9n fomentar su integraci\u00f3n en el mercado laboral europeo. \u00bfQu\u00e9 es el programa Erasmus+? El programa Erasmus+ es una iniciativa de la Uni\u00f3n Europea que promueve actividades de movilidad para el aprendizaje y el desarrollo de competencias profesionales en un entorno internacional. A trav\u00e9s de este programa, nuestros estudiantes tienen la oportunidad de:&#46;&#46;&#46;<\/p>\n","protected":false},"author":3820,"featured_media":0,"parent":0,"menu_order":0,"comment_status":"open","ping_status":"open","template":"","meta":{"ngg_post_thumbnail":0,"footnotes":"","_mc_calendar":[]},"aioseo_notices":[],"_links":{"self":[{"href":"https:\/\/blogsaverroes.juntadeandalucia.es\/iessierrasur\/wp-json\/wp\/v2\/pages\/2414"}],"collection":[{"href":"https:\/\/blogsaverroes.juntadeandalucia.es\/iessierrasur\/wp-json\/wp\/v2\/pages"}],"about":[{"href":"https:\/\/blogsaverroes.juntadeandalucia.es\/iessierrasur\/wp-json\/wp\/v2\/types\/page"}],"author":[{"embeddable":true,"href":"https:\/\/blogsaverroes.juntadeandalucia.es\/iessierrasur\/wp-json\/wp\/v2\/users\/3820"}],"replies":[{"embeddable":true,"href":"https:\/\/blogsaverroes.juntadeandalucia.es\/iessierrasur\/wp-json\/wp\/v2\/comments?post=2414"}],"version-history":[{"count":49,"href":"https:\/\/blogsaverroes.juntadeandalucia.es\/iessierrasur\/wp-json\/wp\/v2\/pages\/2414\/revisions"}],"predecessor-version":[{"id":7703,"href":"https:\/\/blogsaverroes.juntadeandalucia.es\/iessierrasur\/wp-json\/wp\/v2\/pages\/2414\/revisions\/7703"}],"wp:attachment":[{"href":"https:\/\/blogsaverroes.juntadeandalucia.es\/iessierrasur\/wp-json\/wp\/v2\/media?parent=2414"}],"curies":[{"name":"wp","href":"https:\/\/api.w.org\/{rel}","templated":true}]}}