{"id":2822,"date":"2017-03-03T18:28:37","date_gmt":"2017-03-03T17:28:37","guid":{"rendered":"http:\/\/blogsaverroes.juntadeandalucia.es\/iessierrasur\/?page_id=2822"},"modified":"2019-10-17T22:27:16","modified_gmt":"2019-10-17T21:27:16","slug":"orientacion-3","status":"publish","type":"page","link":"https:\/\/blogsaverroes.juntadeandalucia.es\/iessierrasur\/orientacion-3\/","title":{"rendered":"Orientaci\u00f3n"},"content":{"rendered":"<p><strong>Los contenidos de esta p\u00e1gina pronto estar\u00e1n disponibles, disculpen las molestias.<\/strong><\/p>\n","protected":false},"excerpt":{"rendered":"<p>Los contenidos de esta p\u00e1gina pronto estar\u00e1n disponibles, disculpen las molestias.<\/p>\n","protected":false},"author":3820,"featured_media":0,"parent":0,"menu_order":0,"comment_status":"closed","ping_status":"closed","template":"","meta":{"ngg_post_thumbnail":0,"footnotes":"","_mc_calendar":[]},"aioseo_notices":[],"_links":{"self":[{"href":"https:\/\/blogsaverroes.juntadeandalucia.es\/iessierrasur\/wp-json\/wp\/v2\/pages\/2822"}],"collection":[{"href":"https:\/\/blogsaverroes.juntadeandalucia.es\/iessierrasur\/wp-json\/wp\/v2\/pages"}],"about":[{"href":"https:\/\/blogsaverroes.juntadeandalucia.es\/iessierrasur\/wp-json\/wp\/v2\/types\/page"}],"author":[{"embeddable":true,"href":"https:\/\/blogsaverroes.juntadeandalucia.es\/iessierrasur\/wp-json\/wp\/v2\/users\/3820"}],"replies":[{"embeddable":true,"href":"https:\/\/blogsaverroes.juntadeandalucia.es\/iessierrasur\/wp-json\/wp\/v2\/comments?post=2822"}],"version-history":[{"count":5,"href":"https:\/\/blogsaverroes.juntadeandalucia.es\/iessierrasur\/wp-json\/wp\/v2\/pages\/2822\/revisions"}],"predecessor-version":[{"id":4442,"href":"https:\/\/blogsaverroes.juntadeandalucia.es\/iessierrasur\/wp-json\/wp\/v2\/pages\/2822\/revisions\/4442"}],"wp:attachment":[{"href":"https:\/\/blogsaverroes.juntadeandalucia.es\/iessierrasur\/wp-json\/wp\/v2\/media?parent=2822"}],"curies":[{"name":"wp","href":"https:\/\/api.w.org\/{rel}","templated":true}]}}