{"id":330,"date":"2015-03-18T07:11:43","date_gmt":"2015-03-18T07:11:43","guid":{"rendered":"http:\/\/blogsaverroes.juntadeandalucia.es\/pre\/ceip\/?page_id=330"},"modified":"2017-02-26T18:59:30","modified_gmt":"2017-02-26T17:59:30","slug":"bibliop","status":"publish","type":"page","link":"https:\/\/blogsaverroes.juntadeandalucia.es\/iessierrasur\/biblioteca\/bibliop\/","title":{"rendered":"Cat\u00e1logo"},"content":{"rendered":"<p><img loading=\"lazy\" decoding=\"async\" class=\"alignnone size-medium wp-image-551 aligncenter\" src=\"http:\/\/blogsaverroes.juntadeandalucia.es\/iessierrasur\/files\/2014\/12\/libros1-300x246.png\" alt=\"libros1\" width=\"300\" height=\"246\" srcset=\"https:\/\/blogsaverroes.juntadeandalucia.es\/iessierrasur\/files\/2014\/12\/libros1-300x246.png 300w, https:\/\/blogsaverroes.juntadeandalucia.es\/iessierrasur\/files\/2014\/12\/libros1.png 640w\" sizes=\"(max-width: 300px) 100vw, 300px\" \/><\/p>\n<blockquote>\n<p style=\"text-align: center\"><strong>Esta secci\u00f3n est\u00e1 en desarrollo, disculpen las molestias y gracias por su inter\u00e9s en nuestra biblioteca.<\/strong><\/p>\n<\/blockquote>\n<p>&nbsp;<\/p>\n","protected":false},"excerpt":{"rendered":"<p>Esta secci\u00f3n est\u00e1 en desarrollo, disculpen las molestias y gracias por su inter\u00e9s en nuestra biblioteca. &nbsp;<\/p>\n","protected":false},"author":1,"featured_media":0,"parent":113,"menu_order":0,"comment_status":"open","ping_status":"open","template":"page-templates\/child-menu.php","meta":{"ngg_post_thumbnail":0,"footnotes":"","_mc_calendar":[]},"aioseo_notices":[],"_links":{"self":[{"href":"https:\/\/blogsaverroes.juntadeandalucia.es\/iessierrasur\/wp-json\/wp\/v2\/pages\/330"}],"collection":[{"href":"https:\/\/blogsaverroes.juntadeandalucia.es\/iessierrasur\/wp-json\/wp\/v2\/pages"}],"about":[{"href":"https:\/\/blogsaverroes.juntadeandalucia.es\/iessierrasur\/wp-json\/wp\/v2\/types\/page"}],"author":[{"embeddable":true,"href":"https:\/\/blogsaverroes.juntadeandalucia.es\/iessierrasur\/wp-json\/wp\/v2\/users\/1"}],"replies":[{"embeddable":true,"href":"https:\/\/blogsaverroes.juntadeandalucia.es\/iessierrasur\/wp-json\/wp\/v2\/comments?post=330"}],"version-history":[{"count":6,"href":"https:\/\/blogsaverroes.juntadeandalucia.es\/iessierrasur\/wp-json\/wp\/v2\/pages\/330\/revisions"}],"predecessor-version":[{"id":2444,"href":"https:\/\/blogsaverroes.juntadeandalucia.es\/iessierrasur\/wp-json\/wp\/v2\/pages\/330\/revisions\/2444"}],"up":[{"embeddable":true,"href":"https:\/\/blogsaverroes.juntadeandalucia.es\/iessierrasur\/wp-json\/wp\/v2\/pages\/113"}],"wp:attachment":[{"href":"https:\/\/blogsaverroes.juntadeandalucia.es\/iessierrasur\/wp-json\/wp\/v2\/media?parent=330"}],"curies":[{"name":"wp","href":"https:\/\/api.w.org\/{rel}","templated":true}]}}